{"id":10873,"date":"2023-07-11T13:00:24","date_gmt":"2023-07-11T11:00:24","guid":{"rendered":"https:\/\/www.laboratoire-diamex.com\/catalogue\/diamex-kolyok-sampon\/"},"modified":"2024-07-03T10:42:31","modified_gmt":"2024-07-03T08:42:31","slug":"diamex-kolyok-sampon","status":"publish","type":"product","link":"https:\/\/www.laboratoire-diamex.com\/hu\/katalogus\/diamex-kolyok-sampon\/","title":{"rendered":"Diamex Puppy sampon"},"content":{"rendered":"<h2>Le\u00edr\u00e1s<\/h2>\n<p>Nagyon k\u00edm\u00e9letes sampon fiatal kuty\u00e1k sz\u00e1m\u00e1ra. Nem irrit\u00e1lja a b\u0151rt vagy a szemet. PH-egyens\u00faly\u00e1nak k\u00f6sz\u00f6nhet\u0151en \u00fagy tiszt\u00edtja a sz\u0151rzetet, hogy nem k\u00e1ros\u00edtja a fiatal \u00e1llat b\u0151r\u00e9t.<\/p>\n<h2>Csomagol\u00e1s<\/h2>\n<p>250 milliliter, 1 liter, 5 liter \u00e9s 25 liter.<\/p>\n<h2>Haszn\u00e1lati utas\u00edt\u00e1s<\/h2>\n<p>Alaposan nedves\u00edtse be \u00e9s massz\u00edrozza be a sampont az eg\u00e9sz sz\u0151rzetbe, majd alaposan \u00f6bl\u00edtse le. Ker\u00fclje a szemmel val\u00f3 \u00e9rintkez\u00e9st.<\/p>\n<h2>H\u00edg\u00edt\u00e1s<\/h2>\n<p>125 milliliter sampon 1 liter v\u00edzhez.<\/p>\n<h2>Tulajdons\u00e1gok<\/h2>\n<p>&#8211;<\/p>\n<h2>Haszn\u00e1lati utas\u00edt\u00e1s<\/h2>\n<p>&#8211;<\/p>\n<h2>\u00d6sszet\u00e9tel<\/h2>\n<p>V\u00edz, n\u00e1trium-lauret-szulf\u00e1t, k\u00f3kuszamidopropil-b\u00e9tain, glicerin, cocamid dea \u00e9s glicerin, tea-lauril-szulf\u00e1t, n\u00e1trium-klorid, parf\u00fcm, citromsav, sz\u00ednez\u00e9k, n\u00e1trium-benzo\u00e1t, k\u00e1lium-szorb\u00e1t.<\/p>\n<h2>EAN-k\u00f3dok<\/h2>\n<ul>\n<li>250 milliliter: 54 250 1685 001 5<\/li>\n<li>1 liter: 54 250 1685 236 1<\/li>\n<li>5 liter: 54 250 1685 237 8<\/li>\n<li>25 liter: 54 250 1685 341 2<\/li>\n<\/ul>\n<h2>Referenci\u00e1k<\/h2>\n<ul>\n<li>250 milliliter: 020035<\/li>\n<li>1 liter : 020036<\/li>\n<li>5 literes : 020037<\/li>\n<li>25 literes : 020038<\/li>\n<\/ul>\n","protected":false},"excerpt":{"rendered":"<p>Nagyon k\u00edm\u00e9letes sampon fiatal kuty\u00e1k sz\u00e1m\u00e1ra.<\/p>\n","protected":false},"featured_media":10881,"template":"","meta":{"site-sidebar-layout":"default","site-content-layout":"default","ast-site-content-layout":"default","site-content-style":"default","site-sidebar-style":"default","ast-global-header-display":"","ast-banner-title-visibility":"","ast-main-header-display":"","ast-hfb-above-header-display":"","ast-hfb-below-header-display":"","ast-hfb-mobile-header-display":"","site-post-title":"","ast-breadcrumbs-content":"","ast-featured-img":"","footer-sml-layout":"","ast-disable-related-posts":"","theme-transparent-header-meta":"default","adv-header-id-meta":"","stick-header-meta":"default","header-above-stick-meta":"","header-main-stick-meta":"","header-below-stick-meta":"","astra-migrate-meta-layouts":"default","ast-page-background-enabled":"default","ast-page-background-meta":{"desktop":{"background-color":"var(--ast-global-color-4)","background-image":"","background-repeat":"repeat","background-position":"center center","background-size":"auto","background-attachment":"scroll","background-type":"","background-media":"","overlay-type":"","overlay-color":"","overlay-opacity":"","overlay-gradient":""},"tablet":{"background-color":"","background-image":"","background-repeat":"repeat","background-position":"center center","background-size":"auto","background-attachment":"scroll","background-type":"","background-media":"","overlay-type":"","overlay-color":"","overlay-opacity":"","overlay-gradient":""},"mobile":{"background-color":"","background-image":"","background-repeat":"repeat","background-position":"center center","background-size":"auto","background-attachment":"scroll","background-type":"","background-media":"","overlay-type":"","overlay-color":"","overlay-opacity":"","overlay-gradient":""}},"ast-content-background-meta":{"desktop":{"background-color":"var(--ast-global-color-5)","background-image":"","background-repeat":"repeat","background-position":"center center","background-size":"auto","background-attachment":"scroll","background-type":"","background-media":"","overlay-type":"","overlay-color":"","overlay-opacity":"","overlay-gradient":""},"tablet":{"background-color":"var(--ast-global-color-5)","background-image":"","background-repeat":"repeat","background-position":"center center","background-size":"auto","background-attachment":"scroll","background-type":"","background-media":"","overlay-type":"","overlay-color":"","overlay-opacity":"","overlay-gradient":""},"mobile":{"background-color":"var(--ast-global-color-5)","background-image":"","background-repeat":"repeat","background-position":"center center","background-size":"auto","background-attachment":"scroll","background-type":"","background-media":"","overlay-type":"","overlay-color":"","overlay-opacity":"","overlay-gradient":""}}},"product_brand":[],"product_cat":[755],"product_tag":[],"class_list":{"0":"post-10873","1":"product","2":"type-product","3":"status-publish","4":"has-post-thumbnail","6":"product_cat-classique-hu","7":"pa_animal-kutya","8":"pa_proprietes-tisztito","9":"pa_specificites-kolyokkutya-szamara","10":"pa_type-de-poils-hosszu-haj","11":"pa_type-de-poils-minden-tipus","12":"pa_type-de-poils-rovid-haj","13":"desktop-align-left","14":"tablet-align-left","15":"mobile-align-left","16":"ast-product-gallery-layout-horizontal-slider","17":"ast-product-gallery-with-no-image","18":"ast-product-tabs-layout-horizontal","20":"first","21":"instock","22":"shipping-taxable","23":"product-type-simple"},"_links":{"self":[{"href":"https:\/\/www.laboratoire-diamex.com\/hu\/wp-json\/wp\/v2\/product\/10873","targetHints":{"allow":["GET"]}}],"collection":[{"href":"https:\/\/www.laboratoire-diamex.com\/hu\/wp-json\/wp\/v2\/product"}],"about":[{"href":"https:\/\/www.laboratoire-diamex.com\/hu\/wp-json\/wp\/v2\/types\/product"}],"version-history":[{"count":0,"href":"https:\/\/www.laboratoire-diamex.com\/hu\/wp-json\/wp\/v2\/product\/10873\/revisions"}],"wp:featuredmedia":[{"embeddable":true,"href":"https:\/\/www.laboratoire-diamex.com\/hu\/wp-json\/wp\/v2\/media\/10881"}],"wp:attachment":[{"href":"https:\/\/www.laboratoire-diamex.com\/hu\/wp-json\/wp\/v2\/media?parent=10873"}],"wp:term":[{"taxonomy":"product_brand","embeddable":true,"href":"https:\/\/www.laboratoire-diamex.com\/hu\/wp-json\/wp\/v2\/product_brand?post=10873"},{"taxonomy":"product_cat","embeddable":true,"href":"https:\/\/www.laboratoire-diamex.com\/hu\/wp-json\/wp\/v2\/product_cat?post=10873"},{"taxonomy":"product_tag","embeddable":true,"href":"https:\/\/www.laboratoire-diamex.com\/hu\/wp-json\/wp\/v2\/product_tag?post=10873"}],"curies":[{"name":"wp","href":"https:\/\/api.w.org\/{rel}","templated":true}]}}