{"id":10899,"date":"2023-07-11T13:00:23","date_gmt":"2023-07-11T11:00:23","guid":{"rendered":"https:\/\/www.laboratoire-diamex.com\/catalogue\/diamex-tahiti-dog-sampon\/"},"modified":"2024-07-03T10:44:29","modified_gmt":"2024-07-03T08:44:29","slug":"diamex-tahiti-dog-sampon","status":"publish","type":"product","link":"https:\/\/www.laboratoire-diamex.com\/hu\/katalogus\/diamex-tahiti-dog-sampon\/","title":{"rendered":"Diamex TAHITI DOG Monoi sampon"},"content":{"rendered":"<h2>Le\u00edr\u00e1s<\/h2>\n<p>A Tahiti Dog sampon a Tahiti Dog term\u00e9kcsal\u00e1db\u00f3l minden sz\u0151rt\u00edpusra alkalmas. A sz\u0151rzetet selymess\u00e9 \u00e9s f\u00e9nyess\u00e9 teszi, mik\u00f6zben finom Monoi illatot hagy maga ut\u00e1n, amely a legszebb egzotikus tengerpartokra eml\u00e9keztet.<\/p>\n<h2>Csomagol\u00e1s<\/h2>\n<p>250 milliliter, 1 liter \u00e9s 5 liter.<\/p>\n<h2>Haszn\u00e1lati utas\u00edt\u00e1s<\/h2>\n<p>Alaposan nedves\u00edtse be \u00e9s massz\u00edrozza be a sampont az eg\u00e9sz sz\u0151rzetbe, majd alaposan \u00f6bl\u00edtse le. Ker\u00fclje a szemmel val\u00f3 \u00e9rintkez\u00e9st<\/p>\n<h2>H\u00edg\u00edt\u00e1s<\/h2>\n<p>125 milliliter sampon 1 liter v\u00edzhez.<\/p>\n<h2>Tulajdons\u00e1gok<\/h2>\n<p>&#8211;<\/p>\n<h2>Haszn\u00e1lati utas\u00edt\u00e1s<\/h2>\n<p>&#8211;<\/p>\n<h2>\u00d6sszet\u00e9tel<\/h2>\n<p>V\u00edz, n\u00e1trium-lauret-szulf\u00e1t, n\u00e1trium-klorid, cocamide dea \u00e9s glicerin, tea-lauril-szulf\u00e1t, glicerin, parf\u00fcm, citromsav, n\u00e1trium-benzo\u00e1t, k\u00e1lium-szorb\u00e1t.<\/p>\n<h2>EAN-k\u00f3dok<\/h2>\n<ul>\n<li>250 milliliter: 54 250 1685 294 1<\/li>\n<li>1 liter: 54 250 1685 298 9<\/li>\n<li>5 liter: 54 250 1685 299 6<\/li>\n<\/ul>\n<h2>Referenci\u00e1k<\/h2>\n<ul>\n<li>250 milliliter: 020250<\/li>\n<li>1 liter : 020251<\/li>\n<li>5 literes : 020252<\/li>\n<\/ul>\n","protected":false},"excerpt":{"rendered":"<p>A Tahiti Dog sampon a Tahiti Dog term\u00e9kcsal\u00e1db\u00f3l minden sz\u0151rt\u00edpusra alkalmas.<\/p>\n","protected":false},"featured_media":10907,"template":"","meta":{"site-sidebar-layout":"default","site-content-layout":"default","ast-site-content-layout":"default","site-content-style":"default","site-sidebar-style":"default","ast-global-header-display":"","ast-banner-title-visibility":"","ast-main-header-display":"","ast-hfb-above-header-display":"","ast-hfb-below-header-display":"","ast-hfb-mobile-header-display":"","site-post-title":"","ast-breadcrumbs-content":"","ast-featured-img":"","footer-sml-layout":"","ast-disable-related-posts":"","theme-transparent-header-meta":"default","adv-header-id-meta":"","stick-header-meta":"default","header-above-stick-meta":"","header-main-stick-meta":"","header-below-stick-meta":"","astra-migrate-meta-layouts":"default","ast-page-background-enabled":"default","ast-page-background-meta":{"desktop":{"background-color":"var(--ast-global-color-4)","background-image":"","background-repeat":"repeat","background-position":"center center","background-size":"auto","background-attachment":"scroll","background-type":"","background-media":"","overlay-type":"","overlay-color":"","overlay-opacity":"","overlay-gradient":""},"tablet":{"background-color":"","background-image":"","background-repeat":"repeat","background-position":"center center","background-size":"auto","background-attachment":"scroll","background-type":"","background-media":"","overlay-type":"","overlay-color":"","overlay-opacity":"","overlay-gradient":""},"mobile":{"background-color":"","background-image":"","background-repeat":"repeat","background-position":"center center","background-size":"auto","background-attachment":"scroll","background-type":"","background-media":"","overlay-type":"","overlay-color":"","overlay-opacity":"","overlay-gradient":""}},"ast-content-background-meta":{"desktop":{"background-color":"var(--ast-global-color-5)","background-image":"","background-repeat":"repeat","background-position":"center center","background-size":"auto","background-attachment":"scroll","background-type":"","background-media":"","overlay-type":"","overlay-color":"","overlay-opacity":"","overlay-gradient":""},"tablet":{"background-color":"var(--ast-global-color-5)","background-image":"","background-repeat":"repeat","background-position":"center center","background-size":"auto","background-attachment":"scroll","background-type":"","background-media":"","overlay-type":"","overlay-color":"","overlay-opacity":"","overlay-gradient":""},"mobile":{"background-color":"var(--ast-global-color-5)","background-image":"","background-repeat":"repeat","background-position":"center center","background-size":"auto","background-attachment":"scroll","background-type":"","background-media":"","overlay-type":"","overlay-color":"","overlay-opacity":"","overlay-gradient":""}}},"product_brand":[],"product_cat":[794],"product_tag":[],"class_list":{"0":"post-10899","1":"product","2":"type-product","3":"status-publish","4":"has-post-thumbnail","6":"product_cat-tahiti-dog-hu","7":"pa_animal-kutya","8":"pa_proprietes-hidratalo-krem","9":"pa_type-de-poils-hosszu-haj","10":"pa_type-de-poils-minden-tipus","11":"pa_type-de-poils-rovid-haj","12":"desktop-align-left","13":"tablet-align-left","14":"mobile-align-left","15":"ast-product-gallery-layout-horizontal-slider","16":"ast-product-tabs-layout-horizontal","18":"first","19":"instock","20":"shipping-taxable","21":"product-type-simple"},"_links":{"self":[{"href":"https:\/\/www.laboratoire-diamex.com\/hu\/wp-json\/wp\/v2\/product\/10899","targetHints":{"allow":["GET"]}}],"collection":[{"href":"https:\/\/www.laboratoire-diamex.com\/hu\/wp-json\/wp\/v2\/product"}],"about":[{"href":"https:\/\/www.laboratoire-diamex.com\/hu\/wp-json\/wp\/v2\/types\/product"}],"version-history":[{"count":0,"href":"https:\/\/www.laboratoire-diamex.com\/hu\/wp-json\/wp\/v2\/product\/10899\/revisions"}],"wp:featuredmedia":[{"embeddable":true,"href":"https:\/\/www.laboratoire-diamex.com\/hu\/wp-json\/wp\/v2\/media\/10907"}],"wp:attachment":[{"href":"https:\/\/www.laboratoire-diamex.com\/hu\/wp-json\/wp\/v2\/media?parent=10899"}],"wp:term":[{"taxonomy":"product_brand","embeddable":true,"href":"https:\/\/www.laboratoire-diamex.com\/hu\/wp-json\/wp\/v2\/product_brand?post=10899"},{"taxonomy":"product_cat","embeddable":true,"href":"https:\/\/www.laboratoire-diamex.com\/hu\/wp-json\/wp\/v2\/product_cat?post=10899"},{"taxonomy":"product_tag","embeddable":true,"href":"https:\/\/www.laboratoire-diamex.com\/hu\/wp-json\/wp\/v2\/product_tag?post=10899"}],"curies":[{"name":"wp","href":"https:\/\/api.w.org\/{rel}","templated":true}]}}