{"id":10930,"date":"2023-07-11T13:00:23","date_gmt":"2023-07-11T11:00:23","guid":{"rendered":"https:\/\/www.laboratoire-diamex.com\/catalogue\/diamex-super-white-sampon\/"},"modified":"2024-07-03T10:44:15","modified_gmt":"2024-07-03T08:44:15","slug":"diamex-super-white-sampon","status":"publish","type":"product","link":"https:\/\/www.laboratoire-diamex.com\/hu\/katalogus\/diamex-super-white-sampon\/","title":{"rendered":"Diamex Super White sampon"},"content":{"rendered":"<h2>Le\u00edr\u00e1s<\/h2>\n<p>Speci\u00e1lis sampon feh\u00e9r \u00e9s ez\u00fcst kuty\u00e1knak: \u00e9desmandulaolajjal d\u00fas\u00edtva. Sok \u00e9ven \u00e1t haszn\u00e1lt\u00e1k a bichon teny\u00e9szt\u0151k. Vissza\u00e1ll\u00edtja a haj term\u00e9szetes sz\u00edn\u00e9t \u00e9s f\u00e9ny\u00e9t, cs\u00f6kkenti a s\u00e1rgul\u00e1st.<\/p>\n<h2>Csomagol\u00e1s<\/h2>\n<p>250 milliliter, 1 liter, 5 liter \u00e9s 25 liter.<\/p>\n<h2>Haszn\u00e1lati utas\u00edt\u00e1s<\/h2>\n<p>Alaposan nedves\u00edtse be, \u00e9s a sampont finoman massz\u00edrozva vigye fel a teljes sz\u0151rzetre. 2-3 percig hagyja hatni, majd alaposan \u00f6bl\u00edtse le. Ker\u00fclje a szemmel val\u00f3 \u00e9rintkez\u00e9st<\/p>\n<h2>H\u00edg\u00edt\u00e1s<\/h2>\n<p>75 milliliter sampon 1 liter v\u00edzhez.<\/p>\n<h2>Tulajdons\u00e1gok<\/h2>\n<p>Haszn\u00e1lati utas\u00edt\u00e1s<\/p>\n<h2>\u00d6sszet\u00e9tel<\/h2>\n<p>V\u00edz, n\u00e1trium-lauret-szulf\u00e1t, glicerin, n\u00e1trium-klorid, glikol-disztear\u00e1t (\u00e9s) n\u00e1trium-lauret-szulf\u00e1t (\u00e9s) cocamide mea, cocamide dea \u00e9s glicerin, tea-lauril-szulf\u00e1t, kokamidopropil-b\u00e9tain, sz\u00ednez\u00e9k, citromsav, parf\u00fcm, n\u00e1trium-benzo\u00e1t, k\u00e1lium-szorb\u00e1t.<br \/>\nKieg\u00e9sz\u00edt\u0151 term\u00e9kek<\/p>\n<h2>EAN-k\u00f3dok<\/h2>\n<ul>\n<li>250 milliliter: 54 250 1685 008 4<\/li>\n<li>1 liter: 54 250 1685 201 9<\/li>\n<li>5 liter: 54 250 1685 242 2<\/li>\n<li>25 liter: 54 250 1685 345 0<\/li>\n<\/ul>\n<h2>Referenci\u00e1k<\/h2>\n<ul>\n<li>250 milliliter: 020023<\/li>\n<li>1 liter : 020024<\/li>\n<li>5 literes : 020025<\/li>\n<li>25 literes : 020026<\/li>\n<\/ul>\n","protected":false},"excerpt":{"rendered":"<p>Speci\u00e1lis sampon feh\u00e9r \u00e9s ez\u00fcst kuty\u00e1knak: \u00e9desmandulaolajjal d\u00fas\u00edtva. Sok \u00e9ven \u00e1t haszn\u00e1lt\u00e1k a bichon teny\u00e9szt\u0151k.<\/p>\n","protected":false},"featured_media":10945,"template":"","meta":{"site-sidebar-layout":"default","site-content-layout":"default","ast-site-content-layout":"default","site-content-style":"default","site-sidebar-style":"default","ast-global-header-display":"","ast-banner-title-visibility":"","ast-main-header-display":"","ast-hfb-above-header-display":"","ast-hfb-below-header-display":"","ast-hfb-mobile-header-display":"","site-post-title":"","ast-breadcrumbs-content":"","ast-featured-img":"","footer-sml-layout":"","ast-disable-related-posts":"","theme-transparent-header-meta":"default","adv-header-id-meta":"","stick-header-meta":"default","header-above-stick-meta":"","header-main-stick-meta":"","header-below-stick-meta":"","astra-migrate-meta-layouts":"default","ast-page-background-enabled":"default","ast-page-background-meta":{"desktop":{"background-color":"var(--ast-global-color-4)","background-image":"","background-repeat":"repeat","background-position":"center center","background-size":"auto","background-attachment":"scroll","background-type":"","background-media":"","overlay-type":"","overlay-color":"","overlay-opacity":"","overlay-gradient":""},"tablet":{"background-color":"","background-image":"","background-repeat":"repeat","background-position":"center center","background-size":"auto","background-attachment":"scroll","background-type":"","background-media":"","overlay-type":"","overlay-color":"","overlay-opacity":"","overlay-gradient":""},"mobile":{"background-color":"","background-image":"","background-repeat":"repeat","background-position":"center center","background-size":"auto","background-attachment":"scroll","background-type":"","background-media":"","overlay-type":"","overlay-color":"","overlay-opacity":"","overlay-gradient":""}},"ast-content-background-meta":{"desktop":{"background-color":"var(--ast-global-color-5)","background-image":"","background-repeat":"repeat","background-position":"center center","background-size":"auto","background-attachment":"scroll","background-type":"","background-media":"","overlay-type":"","overlay-color":"","overlay-opacity":"","overlay-gradient":""},"tablet":{"background-color":"var(--ast-global-color-5)","background-image":"","background-repeat":"repeat","background-position":"center center","background-size":"auto","background-attachment":"scroll","background-type":"","background-media":"","overlay-type":"","overlay-color":"","overlay-opacity":"","overlay-gradient":""},"mobile":{"background-color":"var(--ast-global-color-5)","background-image":"","background-repeat":"repeat","background-position":"center center","background-size":"auto","background-attachment":"scroll","background-type":"","background-media":"","overlay-type":"","overlay-color":"","overlay-opacity":"","overlay-gradient":""}}},"product_brand":[],"product_cat":[755],"product_tag":[],"class_list":{"0":"post-10930","1":"product","2":"type-product","3":"status-publish","4":"has-post-thumbnail","6":"product_cat-classique-hu","7":"pa_animal-kutya","8":"pa_proprietes-szinelenkito","9":"pa_type-de-poils-hosszu-haj","10":"pa_type-de-poils-minden-tipus","11":"pa_type-de-poils-rovid-haj","12":"desktop-align-left","13":"tablet-align-left","14":"mobile-align-left","15":"ast-product-gallery-layout-horizontal-slider","16":"ast-product-gallery-with-no-image","17":"ast-product-tabs-layout-horizontal","19":"first","20":"instock","21":"shipping-taxable","22":"product-type-simple"},"_links":{"self":[{"href":"https:\/\/www.laboratoire-diamex.com\/hu\/wp-json\/wp\/v2\/product\/10930","targetHints":{"allow":["GET"]}}],"collection":[{"href":"https:\/\/www.laboratoire-diamex.com\/hu\/wp-json\/wp\/v2\/product"}],"about":[{"href":"https:\/\/www.laboratoire-diamex.com\/hu\/wp-json\/wp\/v2\/types\/product"}],"version-history":[{"count":0,"href":"https:\/\/www.laboratoire-diamex.com\/hu\/wp-json\/wp\/v2\/product\/10930\/revisions"}],"wp:featuredmedia":[{"embeddable":true,"href":"https:\/\/www.laboratoire-diamex.com\/hu\/wp-json\/wp\/v2\/media\/10945"}],"wp:attachment":[{"href":"https:\/\/www.laboratoire-diamex.com\/hu\/wp-json\/wp\/v2\/media?parent=10930"}],"wp:term":[{"taxonomy":"product_brand","embeddable":true,"href":"https:\/\/www.laboratoire-diamex.com\/hu\/wp-json\/wp\/v2\/product_brand?post=10930"},{"taxonomy":"product_cat","embeddable":true,"href":"https:\/\/www.laboratoire-diamex.com\/hu\/wp-json\/wp\/v2\/product_cat?post=10930"},{"taxonomy":"product_tag","embeddable":true,"href":"https:\/\/www.laboratoire-diamex.com\/hu\/wp-json\/wp\/v2\/product_tag?post=10930"}],"curies":[{"name":"wp","href":"https:\/\/api.w.org\/{rel}","templated":true}]}}