{"id":11075,"date":"2023-07-11T13:00:20","date_gmt":"2023-07-11T11:00:20","guid":{"rendered":"https:\/\/www.laboratoire-diamex.com\/catalogue\/diamex-pure-hidratalo-es-javito-sampon\/"},"modified":"2024-07-03T10:52:12","modified_gmt":"2024-07-03T08:52:12","slug":"diamex-pure-hidratalo-es-javito-sampon","status":"publish","type":"product","link":"https:\/\/www.laboratoire-diamex.com\/hu\/katalogus\/diamex-pure-hidratalo-es-javito-sampon\/","title":{"rendered":"Diamex PURE Hidrat\u00e1l\u00f3 &amp; Jav\u00edt\u00f3 sampon"},"content":{"rendered":"<h2>Le\u00edr\u00e1s<\/h2>\n<p>A <strong>HIDRAT\u00c1L\u00d3 &amp; JAV\u00cdT\u00d3<\/strong> sampon hialuronsavval \u00e9s Aloe Ver\u00e1val gazdag\u00edtva m\u00e9lyen hidrat\u00e1lja \u00e9s helyre\u00e1ll\u00edtja a s\u00e9r\u00fclt hajat.<\/p>\n<p>A <strong>hialuronsav<\/strong> er\u0151teljes hidrat\u00e1l\u00f3, amely a haj \u00e9s a b\u0151r sz\u00e1m\u00e1ra egyar\u00e1nt el\u0151ny\u00f6s. Meg\u0151rzi a nedvess\u00e9get a b\u0151rben, jav\u00edtja a b\u0151r rugalmass\u00e1g\u00e1t \u00e9s \u00f6szt\u00f6nzi a kollag\u00e9ntermel\u00e9st. Megakad\u00e1lyozza a kisz\u00e1rad\u00e1st \u00e9s az irrit\u00e1ci\u00f3t. Sz\u00e1mos el\u0151ny\u00e9nek k\u00f6sz\u00f6nhet\u0151en a hialuronsav m\u00e9lyen hidrat\u00e1lja, jav\u00edtja \u00e9s er\u0151s\u00edti a hajat, rugalmass\u00e1, f\u00e9nyess\u00e9, puh\u00e1v\u00e1 \u00e9s selymess\u00e9 teszi azt.<\/p>\n<p>Az A-, B6- \u00e9s B9-vitaminban gazdag <strong>Aloe Vera<\/strong> intenz\u00edven hidrat\u00e1lja a sz\u0151rzetet \u00e9s a b\u0151rt. Gyullad\u00e1scs\u00f6kkent\u0151 tulajdons\u00e1gainak k\u00f6sz\u00f6nhet\u0151en enyh\u00edti a b\u0151rirrit\u00e1ci\u00f3kat, cs\u00f6kkenti a korp\u00e1sod\u00e1st \u00e9s el\u0151seg\u00edti az eg\u00e9szs\u00e9ges hajn\u00f6veked\u00e9st. Er\u0151s\u00edti a hajat, f\u00e9nyess\u00e9 \u00e9s puh\u00e1v\u00e1 teszi, \u00e9s k\u00f6nnyen form\u00e1zhat\u00f3v\u00e1.<\/p>\n<p><strong>Alkohol, szilikon, sz\u00ednez\u0151anyagok \u00e9s szulf\u00e1tok n\u00e9lk\u00fcl k\u00e9sz\u00fclt. <\/strong><\/p>\n<h2>Csomagol\u00e1s<\/h2>\n<p>300 milliliter, 1 liter \u00e9s 5 liter.<\/p>\n<h2>Haszn\u00e1lati utas\u00edt\u00e1s<\/h2>\n<p>Nedves\u00edtse be a sz\u0151rzetet, a sampont h\u00edg\u00edtva vagy h\u00edg\u00edtatlanul vigye fel az eg\u00e9sz testre, finoman massz\u00edrozva, majd alaposan \u00f6bl\u00edtse le. Ker\u00fclje a szemmel val\u00f3 \u00e9rintkez\u00e9st.<\/p>\n<h2>H\u00edg\u00edt\u00e1s<\/h2>\n<p>125 milliliter sampon 1 liter v\u00edzhez.<br \/>\n*Csak tiszt\u00e1n vagy h\u00edg\u00edtva haszn\u00e1lhat\u00f3.<\/p>\n<h2>Tulajdons\u00e1gok<\/h2>\n<p><strong>Hidrat\u00e1l:<\/strong> humekt\u00e1nsokat tartalmaz, amelyek m\u00e9lyen \u00e9s tart\u00f3san hidrat\u00e1lj\u00e1k a hajat \u00e9s a b\u0151rt.<br \/>\n<strong>Jav\u00edtja: <\/strong> seg\u00edt helyre\u00e1ll\u00edtani a s\u00e9r\u00fclt hajsz\u00e1lakat, er\u0151s\u00edti a hajat \u00e9s cs\u00f6kkenti a t\u00f6redez\u00e9s kock\u00e1zat\u00e1t.<br \/>\n<strong>V\u00e9d:<\/strong> v\u00e9d\u0151g\u00e1tat k\u00e9pez a k\u00fcls\u0151 behat\u00e1sok, p\u00e9ld\u00e1ul a h\u0151 \u00e9s a szennyez\u00e9s ellen.<span style=\"font-size: 16px;\"> <\/span><br \/>\n<strong>Nyugtatja: <\/strong> cs\u00f6kkenti a b\u0151rirrit\u00e1ci\u00f3t, fenntartja a nedvess\u00e9g egyens\u00faly\u00e1t \u00e9s hozz\u00e1j\u00e1rul a b\u0151r eg\u00e9szs\u00e9g\u00e9hez.<br \/>\n<strong>F\u00e9nyt ad:<\/strong> f\u00e9nyt ad a sz\u0151rzetnek.<\/p>\n<h2>Term\u00e9ktan\u00e1csad\u00e1s<\/h2>\n<p>A PURE term\u00e9kcsal\u00e1d <strong>HIDRAT\u00c1L\u00d3 &amp; JAV\u00cdT\u00d3<\/strong> samponja egy pr\u00e9mium term\u00e9k, amelyet kifejezetten olyan ki\u00e1ll\u00edt\u00e1si kuty\u00e1k sz\u00e1m\u00e1ra fejlesztettek ki, amelyek sz\u0151rzete k\u00fcl\u00f6nleges figyelmet ig\u00e9nyel. Hat\u00e9konyan \u00e9s hosszantart\u00f3an hidrat\u00e1lja, jav\u00edtja \u00e9s v\u00e9di az elit kuty\u00e1k sz\u0151rzet\u00e9t.<\/p>\n<h2>\u00d6sszet\u00e9tel<\/h2>\n<p>&#8211;<\/p>\n<h2>EAN-k\u00f3dok<\/h2>\n<ul>\n<li>300 milliliter: 54 250 1685 659 8<\/li>\n<li>1 liter: 54 250 1685 678 9<\/li>\n<li>5 liter: 54 250 1685 679 6<\/li>\n<\/ul>\n<h2>Referenci\u00e1k<\/h2>\n<ul>\n<li>300 milliliter: 5301620<\/li>\n<li>1 liter: 5301610<\/li>\n<li>5 liter: 5301630<\/li>\n<\/ul>\n","protected":false},"excerpt":{"rendered":"<p>A <strong>HIDRAT\u00c1L\u00d3 &amp; JAV\u00cdT\u00d3<\/strong> sampon hialuronsavval \u00e9s Aloe Ver\u00e1val gazdag\u00edtva m\u00e9lyen hidrat\u00e1lja \u00e9s helyre\u00e1ll\u00edtja a s\u00e9r\u00fclt hajat.<\/p>\n<p><strong>Alkohol, szilikon, sz\u00ednez\u0151anyagok \u00e9s szulf\u00e1tok n\u00e9lk\u00fcl k\u00e9sz\u00fclt. <\/strong><\/p>\n","protected":false},"featured_media":13523,"template":"","meta":{"site-sidebar-layout":"default","site-content-layout":"default","ast-site-content-layout":"default","site-content-style":"default","site-sidebar-style":"default","ast-global-header-display":"","ast-banner-title-visibility":"","ast-main-header-display":"","ast-hfb-above-header-display":"","ast-hfb-below-header-display":"","ast-hfb-mobile-header-display":"","site-post-title":"","ast-breadcrumbs-content":"","ast-featured-img":"","footer-sml-layout":"","ast-disable-related-posts":"","theme-transparent-header-meta":"default","adv-header-id-meta":"","stick-header-meta":"default","header-above-stick-meta":"","header-main-stick-meta":"","header-below-stick-meta":"","astra-migrate-meta-layouts":"default","ast-page-background-enabled":"default","ast-page-background-meta":{"desktop":{"background-color":"var(--ast-global-color-4)","background-image":"","background-repeat":"repeat","background-position":"center center","background-size":"auto","background-attachment":"scroll","background-type":"","background-media":"","overlay-type":"","overlay-color":"","overlay-opacity":"","overlay-gradient":""},"tablet":{"background-color":"","background-image":"","background-repeat":"repeat","background-position":"center center","background-size":"auto","background-attachment":"scroll","background-type":"","background-media":"","overlay-type":"","overlay-color":"","overlay-opacity":"","overlay-gradient":""},"mobile":{"background-color":"","background-image":"","background-repeat":"repeat","background-position":"center center","background-size":"auto","background-attachment":"scroll","background-type":"","background-media":"","overlay-type":"","overlay-color":"","overlay-opacity":"","overlay-gradient":""}},"ast-content-background-meta":{"desktop":{"background-color":"var(--ast-global-color-5)","background-image":"","background-repeat":"repeat","background-position":"center center","background-size":"auto","background-attachment":"scroll","background-type":"","background-media":"","overlay-type":"","overlay-color":"","overlay-opacity":"","overlay-gradient":""},"tablet":{"background-color":"var(--ast-global-color-5)","background-image":"","background-repeat":"repeat","background-position":"center center","background-size":"auto","background-attachment":"scroll","background-type":"","background-media":"","overlay-type":"","overlay-color":"","overlay-opacity":"","overlay-gradient":""},"mobile":{"background-color":"var(--ast-global-color-5)","background-image":"","background-repeat":"repeat","background-position":"center center","background-size":"auto","background-attachment":"scroll","background-type":"","background-media":"","overlay-type":"","overlay-color":"","overlay-opacity":"","overlay-gradient":""}}},"product_brand":[],"product_cat":[787],"product_tag":[],"class_list":{"0":"post-11075","1":"product","2":"type-product","3":"status-publish","4":"has-post-thumbnail","6":"product_cat-pure-hu","7":"pa_animal-kutya","8":"pa_proprietes-erosito","9":"pa_proprietes-hajjavito","10":"pa_proprietes-hidratalo-krem","11":"pa_proprietes-regeneralo","12":"pa_proprietes-vedo","13":"pa_proprietes-volumennovelo","14":"pa_type-de-poils-minden-tipus","15":"desktop-align-left","16":"tablet-align-left","17":"mobile-align-left","18":"ast-product-gallery-layout-horizontal-slider","19":"ast-product-gallery-with-no-image","20":"ast-product-tabs-layout-horizontal","22":"first","23":"instock","24":"shipping-taxable","25":"product-type-simple"},"_links":{"self":[{"href":"https:\/\/www.laboratoire-diamex.com\/hu\/wp-json\/wp\/v2\/product\/11075","targetHints":{"allow":["GET"]}}],"collection":[{"href":"https:\/\/www.laboratoire-diamex.com\/hu\/wp-json\/wp\/v2\/product"}],"about":[{"href":"https:\/\/www.laboratoire-diamex.com\/hu\/wp-json\/wp\/v2\/types\/product"}],"version-history":[{"count":0,"href":"https:\/\/www.laboratoire-diamex.com\/hu\/wp-json\/wp\/v2\/product\/11075\/revisions"}],"wp:featuredmedia":[{"embeddable":true,"href":"https:\/\/www.laboratoire-diamex.com\/hu\/wp-json\/wp\/v2\/media\/13523"}],"wp:attachment":[{"href":"https:\/\/www.laboratoire-diamex.com\/hu\/wp-json\/wp\/v2\/media?parent=11075"}],"wp:term":[{"taxonomy":"product_brand","embeddable":true,"href":"https:\/\/www.laboratoire-diamex.com\/hu\/wp-json\/wp\/v2\/product_brand?post=11075"},{"taxonomy":"product_cat","embeddable":true,"href":"https:\/\/www.laboratoire-diamex.com\/hu\/wp-json\/wp\/v2\/product_cat?post=11075"},{"taxonomy":"product_tag","embeddable":true,"href":"https:\/\/www.laboratoire-diamex.com\/hu\/wp-json\/wp\/v2\/product_tag?post=11075"}],"curies":[{"name":"wp","href":"https:\/\/api.w.org\/{rel}","templated":true}]}}