{"id":11193,"date":"2023-07-11T13:00:17","date_gmt":"2023-07-11T11:00:17","guid":{"rendered":"https:\/\/www.laboratoire-diamex.com\/catalogue\/diamex-bio-technic-mancs-orr-borapolo\/"},"modified":"2024-07-03T11:03:33","modified_gmt":"2024-07-03T09:03:33","slug":"diamex-bio-technic-mancs-orr-borapolo","status":"publish","type":"product","link":"https:\/\/www.laboratoire-diamex.com\/hu\/katalogus\/diamex-bio-technic-mancs-orr-borapolo\/","title":{"rendered":"Diamex BIO-TECHNIC Mancs &amp; Sz\u00e1jkos\u00e1r balzsam"},"content":{"rendered":"<h2>Le\u00edr\u00e1s<\/h2>\n<p>A BIO-TECHNIC szarvasgomba \u00e9s mancsp\u00e1rna balzsam hidrat\u00e1lja a b\u0151rt \u00e9s seg\u00edti a regener\u00e1l\u00f3d\u00e1s\u00e1t.<\/p>\n<h2>Csomagol\u00e1s<\/h2>\n<p>50 gramm.<\/p>\n<h2>Haszn\u00e1lati utas\u00edt\u00e1s<\/h2>\n<p>Eg\u00e9sz \u00e9vben, hetente 2-3 alkalommal alkalmazza.<\/p>\n<h2>Tulajdons\u00e1gok<\/h2>\n<p>&#8211;<\/p>\n<h2>Haszn\u00e1lati utas\u00edt\u00e1s<\/h2>\n<p>&#8211;<\/p>\n<h2>\u00d6sszet\u00e9tel<\/h2>\n<p>Cocos nucifera olaj, lanolin, butyrospermim parkii vaj, cacao cera, cera alba, candelilla cera, tokoferol.<\/p>\n<h2>EAN-k\u00f3d<\/h2>\n<p>50 gramm: 54 250 1685 667 3<\/p>\n<h2>Referencia<\/h2>\n<p>50 gramm : 5301440<\/p>\n","protected":false},"excerpt":{"rendered":"<p>A BIO-TECHNIC szarvasgomba \u00e9s mancsp\u00e1rna balzsam hidrat\u00e1lja a b\u0151rt \u00e9s seg\u00edti a regener\u00e1l\u00f3d\u00e1s\u00e1t.<\/p>\n","protected":false},"featured_media":11205,"template":"","meta":{"site-sidebar-layout":"default","site-content-layout":"default","ast-site-content-layout":"default","site-content-style":"default","site-sidebar-style":"default","ast-global-header-display":"","ast-banner-title-visibility":"","ast-main-header-display":"","ast-hfb-above-header-display":"","ast-hfb-below-header-display":"","ast-hfb-mobile-header-display":"","site-post-title":"","ast-breadcrumbs-content":"","ast-featured-img":"","footer-sml-layout":"","ast-disable-related-posts":"","theme-transparent-header-meta":"default","adv-header-id-meta":"","stick-header-meta":"default","header-above-stick-meta":"","header-main-stick-meta":"","header-below-stick-meta":"","astra-migrate-meta-layouts":"default","ast-page-background-enabled":"default","ast-page-background-meta":{"desktop":{"background-color":"var(--ast-global-color-4)","background-image":"","background-repeat":"repeat","background-position":"center center","background-size":"auto","background-attachment":"scroll","background-type":"","background-media":"","overlay-type":"","overlay-color":"","overlay-opacity":"","overlay-gradient":""},"tablet":{"background-color":"","background-image":"","background-repeat":"repeat","background-position":"center center","background-size":"auto","background-attachment":"scroll","background-type":"","background-media":"","overlay-type":"","overlay-color":"","overlay-opacity":"","overlay-gradient":""},"mobile":{"background-color":"","background-image":"","background-repeat":"repeat","background-position":"center center","background-size":"auto","background-attachment":"scroll","background-type":"","background-media":"","overlay-type":"","overlay-color":"","overlay-opacity":"","overlay-gradient":""}},"ast-content-background-meta":{"desktop":{"background-color":"var(--ast-global-color-5)","background-image":"","background-repeat":"repeat","background-position":"center center","background-size":"auto","background-attachment":"scroll","background-type":"","background-media":"","overlay-type":"","overlay-color":"","overlay-opacity":"","overlay-gradient":""},"tablet":{"background-color":"var(--ast-global-color-5)","background-image":"","background-repeat":"repeat","background-position":"center center","background-size":"auto","background-attachment":"scroll","background-type":"","background-media":"","overlay-type":"","overlay-color":"","overlay-opacity":"","overlay-gradient":""},"mobile":{"background-color":"var(--ast-global-color-5)","background-image":"","background-repeat":"repeat","background-position":"center center","background-size":"auto","background-attachment":"scroll","background-type":"","background-media":"","overlay-type":"","overlay-color":"","overlay-opacity":"","overlay-gradient":""}}},"product_brand":[],"product_cat":[823],"product_tag":[],"class_list":{"0":"post-11193","1":"product","2":"type-product","3":"status-publish","4":"has-post-thumbnail","6":"product_cat-vegetale-hu","7":"pa_animal-kutya","8":"pa_animal-macska","9":"pa_proprietes-hajjavito","10":"pa_proprietes-hidratalo-krem","11":"pa_proprietes-nyugtato","12":"pa_proprietes-taplalas","13":"pa_specificites-erzekeny-borre","14":"pa_specificites-novenyi","15":"desktop-align-left","16":"tablet-align-left","17":"mobile-align-left","18":"ast-product-gallery-layout-horizontal-slider","19":"ast-product-tabs-layout-horizontal","21":"first","22":"instock","23":"shipping-taxable","24":"product-type-simple"},"_links":{"self":[{"href":"https:\/\/www.laboratoire-diamex.com\/hu\/wp-json\/wp\/v2\/product\/11193","targetHints":{"allow":["GET"]}}],"collection":[{"href":"https:\/\/www.laboratoire-diamex.com\/hu\/wp-json\/wp\/v2\/product"}],"about":[{"href":"https:\/\/www.laboratoire-diamex.com\/hu\/wp-json\/wp\/v2\/types\/product"}],"version-history":[{"count":0,"href":"https:\/\/www.laboratoire-diamex.com\/hu\/wp-json\/wp\/v2\/product\/11193\/revisions"}],"wp:featuredmedia":[{"embeddable":true,"href":"https:\/\/www.laboratoire-diamex.com\/hu\/wp-json\/wp\/v2\/media\/11205"}],"wp:attachment":[{"href":"https:\/\/www.laboratoire-diamex.com\/hu\/wp-json\/wp\/v2\/media?parent=11193"}],"wp:term":[{"taxonomy":"product_brand","embeddable":true,"href":"https:\/\/www.laboratoire-diamex.com\/hu\/wp-json\/wp\/v2\/product_brand?post=11193"},{"taxonomy":"product_cat","embeddable":true,"href":"https:\/\/www.laboratoire-diamex.com\/hu\/wp-json\/wp\/v2\/product_cat?post=11193"},{"taxonomy":"product_tag","embeddable":true,"href":"https:\/\/www.laboratoire-diamex.com\/hu\/wp-json\/wp\/v2\/product_tag?post=11193"}],"curies":[{"name":"wp","href":"https:\/\/api.w.org\/{rel}","templated":true}]}}