{"id":11300,"date":"2023-07-11T13:00:16","date_gmt":"2023-07-11T11:00:16","guid":{"rendered":"https:\/\/www.laboratoire-diamex.com\/catalogue\/diamex-delicate-spray-borapolo-spray\/"},"modified":"2024-07-03T11:03:47","modified_gmt":"2024-07-03T09:03:47","slug":"diamex-delicate-spray-borapolo-spray","status":"publish","type":"product","link":"https:\/\/www.laboratoire-diamex.com\/hu\/katalogus\/diamex-delicate-spray-borapolo-spray\/","title":{"rendered":"Diamex Delicat Spray lotion"},"content":{"rendered":"<h2>Le\u00edr\u00e1s<\/h2>\n<p>Ez a finom spray teafaolajat tartalmaz. J\u00f3t\u00e9kony hat\u00e1sa enyh\u00edti a b\u0151r irrit\u00e1ci\u00f3j\u00e1t \u00e9s viszket\u00e9s\u00e9t. Haszn\u00e1lhat\u00f3 ny\u00edr\u00e1s ut\u00e1n a t\u00f6r\u00e9keny b\u0151r\u00f6n.<\/p>\n<h2>Csomagol\u00e1s<\/h2>\n<p>200 milliliter, 1 liter \u00e9s 5 liter.<\/p>\n<h2>Haszn\u00e1lati utas\u00edt\u00e1s<\/h2>\n<p>Permetezze az irrit\u00e1lt ter\u00fcletekre, \u00e9s hagyja megsz\u00e1radni.<\/p>\n<h2>H\u00edg\u00edt\u00e1s<\/h2>\n<p>&#8211;<\/p>\n<h2>Tulajdons\u00e1gok<\/h2>\n<p>&#8211;<\/p>\n<h2>Haszn\u00e1lati utas\u00edt\u00e1s<\/h2>\n<p>&#8211;<\/p>\n<h2>\u00d6sszet\u00e9tel<\/h2>\n<p>V\u00edz, allantoin, melaleuca alternifolia lev\u00e9lolaj, sz\u00ednez\u00e9k.<\/p>\n<h2>EAN-k\u00f3dok<\/h2>\n<p>200 milliliter: 54 250 1685 026 8<\/p>\n<ul>\n<li>1 liter : 54 250 1685 314 6<\/li>\n<li>5 liter: 54 250 1685 352 8<\/li>\n<\/ul>\n<h2>Referenci\u00e1k<\/h2>\n<p>200 milliliter : 020197<\/p>\n<p>1 liter : 020198<\/p>\n<p>5 literes : 020199<\/p>\n","protected":false},"excerpt":{"rendered":"<p>J\u00f3t\u00e9kony hat\u00e1sa enyh\u00edti a b\u0151r irrit\u00e1ci\u00f3j\u00e1t \u00e9s viszket\u00e9s\u00e9t.<\/p>\n","protected":false},"featured_media":11311,"template":"","meta":{"site-sidebar-layout":"default","site-content-layout":"default","ast-site-content-layout":"default","site-content-style":"default","site-sidebar-style":"default","ast-global-header-display":"","ast-banner-title-visibility":"","ast-main-header-display":"","ast-hfb-above-header-display":"","ast-hfb-below-header-display":"","ast-hfb-mobile-header-display":"","site-post-title":"","ast-breadcrumbs-content":"","ast-featured-img":"","footer-sml-layout":"","ast-disable-related-posts":"","theme-transparent-header-meta":"default","adv-header-id-meta":"","stick-header-meta":"default","header-above-stick-meta":"","header-main-stick-meta":"","header-below-stick-meta":"","astra-migrate-meta-layouts":"default","ast-page-background-enabled":"default","ast-page-background-meta":{"desktop":{"background-color":"var(--ast-global-color-4)","background-image":"","background-repeat":"repeat","background-position":"center center","background-size":"auto","background-attachment":"scroll","background-type":"","background-media":"","overlay-type":"","overlay-color":"","overlay-opacity":"","overlay-gradient":""},"tablet":{"background-color":"","background-image":"","background-repeat":"repeat","background-position":"center center","background-size":"auto","background-attachment":"scroll","background-type":"","background-media":"","overlay-type":"","overlay-color":"","overlay-opacity":"","overlay-gradient":""},"mobile":{"background-color":"","background-image":"","background-repeat":"repeat","background-position":"center center","background-size":"auto","background-attachment":"scroll","background-type":"","background-media":"","overlay-type":"","overlay-color":"","overlay-opacity":"","overlay-gradient":""}},"ast-content-background-meta":{"desktop":{"background-color":"var(--ast-global-color-5)","background-image":"","background-repeat":"repeat","background-position":"center center","background-size":"auto","background-attachment":"scroll","background-type":"","background-media":"","overlay-type":"","overlay-color":"","overlay-opacity":"","overlay-gradient":""},"tablet":{"background-color":"var(--ast-global-color-5)","background-image":"","background-repeat":"repeat","background-position":"center center","background-size":"auto","background-attachment":"scroll","background-type":"","background-media":"","overlay-type":"","overlay-color":"","overlay-opacity":"","overlay-gradient":""},"mobile":{"background-color":"var(--ast-global-color-5)","background-image":"","background-repeat":"repeat","background-position":"center center","background-size":"auto","background-attachment":"scroll","background-type":"","background-media":"","overlay-type":"","overlay-color":"","overlay-opacity":"","overlay-gradient":""}}},"product_brand":[],"product_cat":[755],"product_tag":[],"class_list":{"0":"post-11300","1":"product","2":"type-product","3":"status-publish","4":"has-post-thumbnail","6":"product_cat-classique-hu","7":"pa_animal-kutya","8":"pa_proprietes-nyugtato","9":"pa_specificites-erzekeny-borre","10":"pa_type-de-poils-hosszu-haj","11":"pa_type-de-poils-kemeny-haj","12":"pa_type-de-poils-minden-tipus","13":"pa_type-de-poils-rovid-haj","14":"desktop-align-left","15":"tablet-align-left","16":"mobile-align-left","17":"ast-product-gallery-layout-horizontal-slider","18":"ast-product-tabs-layout-horizontal","20":"first","21":"instock","22":"shipping-taxable","23":"product-type-simple"},"_links":{"self":[{"href":"https:\/\/www.laboratoire-diamex.com\/hu\/wp-json\/wp\/v2\/product\/11300","targetHints":{"allow":["GET"]}}],"collection":[{"href":"https:\/\/www.laboratoire-diamex.com\/hu\/wp-json\/wp\/v2\/product"}],"about":[{"href":"https:\/\/www.laboratoire-diamex.com\/hu\/wp-json\/wp\/v2\/types\/product"}],"version-history":[{"count":0,"href":"https:\/\/www.laboratoire-diamex.com\/hu\/wp-json\/wp\/v2\/product\/11300\/revisions"}],"wp:featuredmedia":[{"embeddable":true,"href":"https:\/\/www.laboratoire-diamex.com\/hu\/wp-json\/wp\/v2\/media\/11311"}],"wp:attachment":[{"href":"https:\/\/www.laboratoire-diamex.com\/hu\/wp-json\/wp\/v2\/media?parent=11300"}],"wp:term":[{"taxonomy":"product_brand","embeddable":true,"href":"https:\/\/www.laboratoire-diamex.com\/hu\/wp-json\/wp\/v2\/product_brand?post=11300"},{"taxonomy":"product_cat","embeddable":true,"href":"https:\/\/www.laboratoire-diamex.com\/hu\/wp-json\/wp\/v2\/product_cat?post=11300"},{"taxonomy":"product_tag","embeddable":true,"href":"https:\/\/www.laboratoire-diamex.com\/hu\/wp-json\/wp\/v2\/product_tag?post=11300"}],"curies":[{"name":"wp","href":"https:\/\/api.w.org\/{rel}","templated":true}]}}