{"id":11382,"date":"2023-07-11T13:00:15","date_gmt":"2023-07-11T11:00:15","guid":{"rendered":"https:\/\/www.laboratoire-diamex.com\/catalogue\/diamex-ear-fresh-fulapolo\/"},"modified":"2024-07-03T11:05:17","modified_gmt":"2024-07-03T09:05:17","slug":"diamex-ear-fresh-fulapolo","status":"publish","type":"product","link":"https:\/\/www.laboratoire-diamex.com\/hu\/katalogus\/diamex-ear-fresh-fulapolo\/","title":{"rendered":"Diamex Ear Fresh f\u00fcl\u00e1pol\u00e1s"},"content":{"rendered":"<h2>Le\u00edr\u00e1s<\/h2>\n<p>A f\u00fclfriss\u00edt\u0151 f\u00fclpor sz\u00e1razon tartja a f\u00fclet, megk\u00f6nny\u00edti a sz\u0151rtelen\u00edt\u00e9st \u00e9s cs\u00f6kkenti a kellemetlen szagokat.<\/p>\n<h2>Csomagol\u00e1s<\/h2>\n<p>24 gramm \u00e9s 85 gramm.<\/p>\n<h2>Haszn\u00e1lati utas\u00edt\u00e1s<\/h2>\n<p>Egyszer\u0171en nyomja meg a k\u00fapos hegyet, hogy a port az \u00e1llat hall\u00f3j\u00e1rat\u00e1ba juttassa.<\/p>\n<h2>H\u00edg\u00edt\u00e1s<\/h2>\n<p>&#8211;<\/p>\n<h2>Tulajdons\u00e1gok<\/h2>\n<p>&#8211;<\/p>\n<h2>Haszn\u00e1lati utas\u00edt\u00e1s<\/h2>\n<p>&#8211;<\/p>\n<h2>\u00d6sszet\u00e9tel<\/h2>\n<p>Talkum, magn\u00e9zium-karbon\u00e1t, szil\u00edcium-dioxid, b\u00f3rsav, parf\u00fcm.<\/p>\n<h2>EAN-k\u00f3dok<\/h2>\n<ul>\n<li>24 gramm: 54 250 1685 101 2<\/li>\n<li>85 gramm: 54 250 1685 102 9<\/li>\n<\/ul>\n<h2>Referenci\u00e1k<\/h2>\n<ul>\n<li>24 gramm : 020116<\/li>\n<li>85 gramm : 020117<\/li>\n<\/ul>\n","protected":false},"excerpt":{"rendered":"<p>A f\u00fclfriss\u00edt\u0151 f\u00fclpor sz\u00e1razon tartja a f\u00fclet, megk\u00f6nny\u00edti a sz\u0151rtelen\u00edt\u00e9st \u00e9s cs\u00f6kkenti a kellemetlen szagokat.<\/p>\n","protected":false},"featured_media":11392,"template":"","meta":{"site-sidebar-layout":"default","site-content-layout":"default","ast-site-content-layout":"default","site-content-style":"default","site-sidebar-style":"default","ast-global-header-display":"","ast-banner-title-visibility":"","ast-main-header-display":"","ast-hfb-above-header-display":"","ast-hfb-below-header-display":"","ast-hfb-mobile-header-display":"","site-post-title":"","ast-breadcrumbs-content":"","ast-featured-img":"","footer-sml-layout":"","ast-disable-related-posts":"","theme-transparent-header-meta":"default","adv-header-id-meta":"","stick-header-meta":"default","header-above-stick-meta":"","header-main-stick-meta":"","header-below-stick-meta":"","astra-migrate-meta-layouts":"default","ast-page-background-enabled":"default","ast-page-background-meta":{"desktop":{"background-color":"var(--ast-global-color-4)","background-image":"","background-repeat":"repeat","background-position":"center center","background-size":"auto","background-attachment":"scroll","background-type":"","background-media":"","overlay-type":"","overlay-color":"","overlay-opacity":"","overlay-gradient":""},"tablet":{"background-color":"","background-image":"","background-repeat":"repeat","background-position":"center center","background-size":"auto","background-attachment":"scroll","background-type":"","background-media":"","overlay-type":"","overlay-color":"","overlay-opacity":"","overlay-gradient":""},"mobile":{"background-color":"","background-image":"","background-repeat":"repeat","background-position":"center center","background-size":"auto","background-attachment":"scroll","background-type":"","background-media":"","overlay-type":"","overlay-color":"","overlay-opacity":"","overlay-gradient":""}},"ast-content-background-meta":{"desktop":{"background-color":"var(--ast-global-color-5)","background-image":"","background-repeat":"repeat","background-position":"center center","background-size":"auto","background-attachment":"scroll","background-type":"","background-media":"","overlay-type":"","overlay-color":"","overlay-opacity":"","overlay-gradient":""},"tablet":{"background-color":"var(--ast-global-color-5)","background-image":"","background-repeat":"repeat","background-position":"center center","background-size":"auto","background-attachment":"scroll","background-type":"","background-media":"","overlay-type":"","overlay-color":"","overlay-opacity":"","overlay-gradient":""},"mobile":{"background-color":"var(--ast-global-color-5)","background-image":"","background-repeat":"repeat","background-position":"center center","background-size":"auto","background-attachment":"scroll","background-type":"","background-media":"","overlay-type":"","overlay-color":"","overlay-opacity":"","overlay-gradient":""}}},"product_brand":[],"product_cat":[755],"product_tag":[],"class_list":{"0":"post-11382","1":"product","2":"type-product","3":"status-publish","4":"has-post-thumbnail","6":"product_cat-classique-hu","7":"pa_animal-kutya","8":"pa_animal-macska","9":"desktop-align-left","10":"tablet-align-left","11":"mobile-align-left","12":"ast-product-gallery-layout-horizontal-slider","13":"ast-product-tabs-layout-horizontal","15":"first","16":"instock","17":"shipping-taxable","18":"product-type-simple"},"_links":{"self":[{"href":"https:\/\/www.laboratoire-diamex.com\/hu\/wp-json\/wp\/v2\/product\/11382","targetHints":{"allow":["GET"]}}],"collection":[{"href":"https:\/\/www.laboratoire-diamex.com\/hu\/wp-json\/wp\/v2\/product"}],"about":[{"href":"https:\/\/www.laboratoire-diamex.com\/hu\/wp-json\/wp\/v2\/types\/product"}],"version-history":[{"count":0,"href":"https:\/\/www.laboratoire-diamex.com\/hu\/wp-json\/wp\/v2\/product\/11382\/revisions"}],"wp:featuredmedia":[{"embeddable":true,"href":"https:\/\/www.laboratoire-diamex.com\/hu\/wp-json\/wp\/v2\/media\/11392"}],"wp:attachment":[{"href":"https:\/\/www.laboratoire-diamex.com\/hu\/wp-json\/wp\/v2\/media?parent=11382"}],"wp:term":[{"taxonomy":"product_brand","embeddable":true,"href":"https:\/\/www.laboratoire-diamex.com\/hu\/wp-json\/wp\/v2\/product_brand?post=11382"},{"taxonomy":"product_cat","embeddable":true,"href":"https:\/\/www.laboratoire-diamex.com\/hu\/wp-json\/wp\/v2\/product_cat?post=11382"},{"taxonomy":"product_tag","embeddable":true,"href":"https:\/\/www.laboratoire-diamex.com\/hu\/wp-json\/wp\/v2\/product_tag?post=11382"}],"curies":[{"name":"wp","href":"https:\/\/api.w.org\/{rel}","templated":true}]}}