{"id":11629,"date":"2023-07-11T13:00:14","date_gmt":"2023-07-11T11:00:14","guid":{"rendered":"https:\/\/www.laboratoire-diamex.com\/catalogue\/diamex-hard-powder-hajapolas\/"},"modified":"2024-07-03T11:06:05","modified_gmt":"2024-07-03T09:06:05","slug":"diamex-hard-powder-hajapolas","status":"publish","type":"product","link":"https:\/\/www.laboratoire-diamex.com\/hu\/katalogus\/diamex-hard-powder-hajapolas\/","title":{"rendered":"Diamex Hard White Powder sz\u0151rtelen\u00edt\u0151 por"},"content":{"rendered":"<h2>Le\u00edr\u00e1s<\/h2>\n<p>A Diamex trimmel\u0151por \u00fagy lett kifejlesztve, hogy megk\u00f6nny\u00edtse a terrierek \u00e9s dr\u00f3tsz\u0151r\u0171 kuty\u00e1k sz\u0151rtelen\u00edt\u00e9s\u00e9t. Nagy nedvsz\u00edv\u00f3 k\u00e9pess\u00e9ge elt\u00e1vol\u00edtja a zs\u00edrt \u00e9s a szennyez\u0151d\u00e9seket. A sz\u0151rzet s\u00e1rgul\u00e1s\u00e1t elfedi, \u00e9s k\u00f6nnyen lekef\u00e9lhet\u0151.<\/p>\n<h2>Csomagol\u00e1s<\/h2>\n<p>90 gramm, 1 kil\u00f3 \u00e9s 5 kil\u00f3.<\/p>\n<h2>Haszn\u00e1lati utas\u00edt\u00e1s<\/h2>\n<p>Sz\u00f3rja el a port a sz\u00e1raz hajon, \u00e9s t\u00e1vol\u00edtsa el.<\/p>\n<h2>H\u00edg\u00edt\u00e1s<\/h2>\n<p>&#8211;<\/p>\n<h2>Tulajdons\u00e1gok<\/h2>\n<p>&#8211;<\/p>\n<h2>Haszn\u00e1lati utas\u00edt\u00e1s<\/h2>\n<p>&#8211;<\/p>\n<h2>\u00d6sszet\u00e9tel<\/h2>\n<p>Kalcium-karbon\u00e1t, talkum, szil\u00edcium-dioxid, magn\u00e9zium-karbon\u00e1t.<\/p>\n<h2>EAN-k\u00f3dok<\/h2>\n<ul>\n<li>90 gramm: 54 250 1685 035 0<\/li>\n<li>1 kil\u00f3: 54 250 1685 354 2<\/li>\n<li>5 kg: 54 250 1685 355 9<\/li>\n<\/ul>\n<h2>Referenci\u00e1k<\/h2>\n<ul>\n<li>90 gramm : 020163<\/li>\n<li>1 kil\u00f3 : 020164<\/li>\n<li>5 kil\u00f3 : 020165<\/li>\n<\/ul>\n","protected":false},"excerpt":{"rendered":"<p>A Diamex trimmel\u0151por \u00fagy lett kifejlesztve, hogy megk\u00f6nny\u00edtse a terrierek \u00e9s dr\u00f3tsz\u0151r\u0171 kuty\u00e1k sz\u0151rtelen\u00edt\u00e9s\u00e9t.<\/p>\n","protected":false},"featured_media":11638,"template":"","meta":{"site-sidebar-layout":"default","site-content-layout":"default","ast-site-content-layout":"default","site-content-style":"default","site-sidebar-style":"default","ast-global-header-display":"","ast-banner-title-visibility":"","ast-main-header-display":"","ast-hfb-above-header-display":"","ast-hfb-below-header-display":"","ast-hfb-mobile-header-display":"","site-post-title":"","ast-breadcrumbs-content":"","ast-featured-img":"","footer-sml-layout":"","ast-disable-related-posts":"","theme-transparent-header-meta":"default","adv-header-id-meta":"","stick-header-meta":"default","header-above-stick-meta":"","header-main-stick-meta":"","header-below-stick-meta":"","astra-migrate-meta-layouts":"default","ast-page-background-enabled":"default","ast-page-background-meta":{"desktop":{"background-color":"var(--ast-global-color-4)","background-image":"","background-repeat":"repeat","background-position":"center center","background-size":"auto","background-attachment":"scroll","background-type":"","background-media":"","overlay-type":"","overlay-color":"","overlay-opacity":"","overlay-gradient":""},"tablet":{"background-color":"","background-image":"","background-repeat":"repeat","background-position":"center center","background-size":"auto","background-attachment":"scroll","background-type":"","background-media":"","overlay-type":"","overlay-color":"","overlay-opacity":"","overlay-gradient":""},"mobile":{"background-color":"","background-image":"","background-repeat":"repeat","background-position":"center center","background-size":"auto","background-attachment":"scroll","background-type":"","background-media":"","overlay-type":"","overlay-color":"","overlay-opacity":"","overlay-gradient":""}},"ast-content-background-meta":{"desktop":{"background-color":"var(--ast-global-color-5)","background-image":"","background-repeat":"repeat","background-position":"center center","background-size":"auto","background-attachment":"scroll","background-type":"","background-media":"","overlay-type":"","overlay-color":"","overlay-opacity":"","overlay-gradient":""},"tablet":{"background-color":"var(--ast-global-color-5)","background-image":"","background-repeat":"repeat","background-position":"center center","background-size":"auto","background-attachment":"scroll","background-type":"","background-media":"","overlay-type":"","overlay-color":"","overlay-opacity":"","overlay-gradient":""},"mobile":{"background-color":"var(--ast-global-color-5)","background-image":"","background-repeat":"repeat","background-position":"center center","background-size":"auto","background-attachment":"scroll","background-type":"","background-media":"","overlay-type":"","overlay-color":"","overlay-opacity":"","overlay-gradient":""}}},"product_brand":[],"product_cat":[755],"product_tag":[],"class_list":{"0":"post-11629","1":"product","2":"type-product","3":"status-publish","4":"has-post-thumbnail","6":"product_cat-classique-hu","7":"pa_animal-kutya","8":"pa_proprietes-zsirtalanito","9":"pa_type-de-poils-kemeny-haj","10":"desktop-align-left","11":"tablet-align-left","12":"mobile-align-left","13":"ast-product-gallery-layout-horizontal-slider","14":"ast-product-gallery-with-no-image","15":"ast-product-tabs-layout-horizontal","17":"first","18":"instock","19":"shipping-taxable","20":"product-type-simple"},"_links":{"self":[{"href":"https:\/\/www.laboratoire-diamex.com\/hu\/wp-json\/wp\/v2\/product\/11629","targetHints":{"allow":["GET"]}}],"collection":[{"href":"https:\/\/www.laboratoire-diamex.com\/hu\/wp-json\/wp\/v2\/product"}],"about":[{"href":"https:\/\/www.laboratoire-diamex.com\/hu\/wp-json\/wp\/v2\/types\/product"}],"version-history":[{"count":0,"href":"https:\/\/www.laboratoire-diamex.com\/hu\/wp-json\/wp\/v2\/product\/11629\/revisions"}],"wp:featuredmedia":[{"embeddable":true,"href":"https:\/\/www.laboratoire-diamex.com\/hu\/wp-json\/wp\/v2\/media\/11638"}],"wp:attachment":[{"href":"https:\/\/www.laboratoire-diamex.com\/hu\/wp-json\/wp\/v2\/media?parent=11629"}],"wp:term":[{"taxonomy":"product_brand","embeddable":true,"href":"https:\/\/www.laboratoire-diamex.com\/hu\/wp-json\/wp\/v2\/product_brand?post=11629"},{"taxonomy":"product_cat","embeddable":true,"href":"https:\/\/www.laboratoire-diamex.com\/hu\/wp-json\/wp\/v2\/product_cat?post=11629"},{"taxonomy":"product_tag","embeddable":true,"href":"https:\/\/www.laboratoire-diamex.com\/hu\/wp-json\/wp\/v2\/product_tag?post=11629"}],"curies":[{"name":"wp","href":"https:\/\/api.w.org\/{rel}","templated":true}]}}