{"id":11656,"date":"2023-07-11T13:00:14","date_gmt":"2023-07-11T11:00:14","guid":{"rendered":"https:\/\/www.laboratoire-diamex.com\/catalogue\/diamex-volume-plus-hajapolas\/"},"modified":"2024-07-03T11:06:04","modified_gmt":"2024-07-03T09:06:04","slug":"diamex-volume-plus-hajapolas","status":"publish","type":"product","link":"https:\/\/www.laboratoire-diamex.com\/hu\/katalogus\/diamex-volume-plus-hajapolas\/","title":{"rendered":"Diamex Volume Plus hajhab"},"content":{"rendered":"<h2>Le\u00edr\u00e1s<\/h2>\n<p>A Diamex Volume Plus hab minden hajt\u00edpusra alkalmas. Biztos\u00edtja a volument, a f\u00e9nyt \u00e9s a haj karbantart\u00e1s\u00e1t.<\/p>\n<h2>Csomagol\u00e1s<\/h2>\n<p>150 milliliter.<\/p>\n<h2>Haszn\u00e1lati utas\u00edt\u00e1s<\/h2>\n<p>J\u00f3l r\u00e1zza fel. T\u00e1vol\u00edtsa el a fedelet, \u00e9s ir\u00e1ny\u00edtsa a f\u00fav\u00f3k\u00e1t lefel\u00e9. Vigyen fel egy-k\u00e9t csepp hajhabot a nedves, j\u00f3l megsz\u00e1r\u00edtott hajra. A habot egyenletesen eloszlatjuk. Ne \u00f6bl\u00edtse ki. Folytassa a sz\u00e1r\u00edt\u00e1st.<\/p>\n<h2>H\u00edg\u00edt\u00e1s<\/h2>\n<p>&#8211;<\/p>\n<h2>Tulajdons\u00e1gok<\/h2>\n<p>&#8211;<\/p>\n<h2>Haszn\u00e1lati utas\u00edt\u00e1s<\/h2>\n<p>&#8211;<\/p>\n<h2>\u00d6sszet\u00e9tel<\/h2>\n<p>V\u00edz, prop\u00e1n, izobut\u00e1n, olet-20, polikvaternium-16, vp\/va kopolimer, but\u00e1n, parf\u00fcm, citromsav.<\/p>\n<h2>EAN-k\u00f3d<\/h2>\n<p>150 milliliter: 54 250 1685 024 4<\/p>\n<h2>Referencia<\/h2>\n<p>150 milliliter : 020182<\/p>\n","protected":false},"excerpt":{"rendered":"<p>A Diamex Volume Plus hab minden hajt\u00edpusra alkalmas. Biztos\u00edtja a volument, a f\u00e9nyt \u00e9s a haj karbantart\u00e1s\u00e1t.<\/p>\n","protected":false},"featured_media":11665,"template":"","meta":{"site-sidebar-layout":"default","site-content-layout":"default","ast-site-content-layout":"default","site-content-style":"default","site-sidebar-style":"default","ast-global-header-display":"","ast-banner-title-visibility":"","ast-main-header-display":"","ast-hfb-above-header-display":"","ast-hfb-below-header-display":"","ast-hfb-mobile-header-display":"","site-post-title":"","ast-breadcrumbs-content":"","ast-featured-img":"","footer-sml-layout":"","ast-disable-related-posts":"","theme-transparent-header-meta":"default","adv-header-id-meta":"","stick-header-meta":"default","header-above-stick-meta":"","header-main-stick-meta":"","header-below-stick-meta":"","astra-migrate-meta-layouts":"default","ast-page-background-enabled":"default","ast-page-background-meta":{"desktop":{"background-color":"var(--ast-global-color-4)","background-image":"","background-repeat":"repeat","background-position":"center center","background-size":"auto","background-attachment":"scroll","background-type":"","background-media":"","overlay-type":"","overlay-color":"","overlay-opacity":"","overlay-gradient":""},"tablet":{"background-color":"","background-image":"","background-repeat":"repeat","background-position":"center center","background-size":"auto","background-attachment":"scroll","background-type":"","background-media":"","overlay-type":"","overlay-color":"","overlay-opacity":"","overlay-gradient":""},"mobile":{"background-color":"","background-image":"","background-repeat":"repeat","background-position":"center center","background-size":"auto","background-attachment":"scroll","background-type":"","background-media":"","overlay-type":"","overlay-color":"","overlay-opacity":"","overlay-gradient":""}},"ast-content-background-meta":{"desktop":{"background-color":"var(--ast-global-color-5)","background-image":"","background-repeat":"repeat","background-position":"center center","background-size":"auto","background-attachment":"scroll","background-type":"","background-media":"","overlay-type":"","overlay-color":"","overlay-opacity":"","overlay-gradient":""},"tablet":{"background-color":"var(--ast-global-color-5)","background-image":"","background-repeat":"repeat","background-position":"center center","background-size":"auto","background-attachment":"scroll","background-type":"","background-media":"","overlay-type":"","overlay-color":"","overlay-opacity":"","overlay-gradient":""},"mobile":{"background-color":"var(--ast-global-color-5)","background-image":"","background-repeat":"repeat","background-position":"center center","background-size":"auto","background-attachment":"scroll","background-type":"","background-media":"","overlay-type":"","overlay-color":"","overlay-opacity":"","overlay-gradient":""}}},"product_brand":[],"product_cat":[755],"product_tag":[],"class_list":{"0":"post-11656","1":"product","2":"type-product","3":"status-publish","4":"has-post-thumbnail","6":"product_cat-classique-hu","7":"pa_animal-kutya","8":"pa_animal-macska","9":"pa_proprietes-volumennovelo","10":"pa_type-de-poils-hosszu-haj","11":"desktop-align-left","12":"tablet-align-left","13":"mobile-align-left","14":"ast-product-gallery-layout-horizontal-slider","15":"ast-product-gallery-with-no-image","16":"ast-product-tabs-layout-horizontal","18":"first","19":"instock","20":"shipping-taxable","21":"product-type-simple"},"_links":{"self":[{"href":"https:\/\/www.laboratoire-diamex.com\/hu\/wp-json\/wp\/v2\/product\/11656","targetHints":{"allow":["GET"]}}],"collection":[{"href":"https:\/\/www.laboratoire-diamex.com\/hu\/wp-json\/wp\/v2\/product"}],"about":[{"href":"https:\/\/www.laboratoire-diamex.com\/hu\/wp-json\/wp\/v2\/types\/product"}],"version-history":[{"count":0,"href":"https:\/\/www.laboratoire-diamex.com\/hu\/wp-json\/wp\/v2\/product\/11656\/revisions"}],"wp:featuredmedia":[{"embeddable":true,"href":"https:\/\/www.laboratoire-diamex.com\/hu\/wp-json\/wp\/v2\/media\/11665"}],"wp:attachment":[{"href":"https:\/\/www.laboratoire-diamex.com\/hu\/wp-json\/wp\/v2\/media?parent=11656"}],"wp:term":[{"taxonomy":"product_brand","embeddable":true,"href":"https:\/\/www.laboratoire-diamex.com\/hu\/wp-json\/wp\/v2\/product_brand?post=11656"},{"taxonomy":"product_cat","embeddable":true,"href":"https:\/\/www.laboratoire-diamex.com\/hu\/wp-json\/wp\/v2\/product_cat?post=11656"},{"taxonomy":"product_tag","embeddable":true,"href":"https:\/\/www.laboratoire-diamex.com\/hu\/wp-json\/wp\/v2\/product_tag?post=11656"}],"curies":[{"name":"wp","href":"https:\/\/api.w.org\/{rel}","templated":true}]}}