{"id":11761,"date":"2023-07-11T13:00:13","date_gmt":"2023-07-11T11:00:13","guid":{"rendered":"https:\/\/www.laboratoire-diamex.com\/catalogue\/hajapolas-diamex-tahiti-dog-spray-splendid-hajapolo-spray\/"},"modified":"2024-07-03T11:12:36","modified_gmt":"2024-07-03T09:12:36","slug":"hajapolas-diamex-tahiti-dog-spray-splendid-hajapolo-spray","status":"publish","type":"product","link":"https:\/\/www.laboratoire-diamex.com\/hu\/katalogus\/hajapolas-diamex-tahiti-dog-spray-splendid-hajapolo-spray\/","title":{"rendered":"Diamex TAHITI DOG Spray Splendid Monoi spray"},"content":{"rendered":"<h2>Le\u00edr\u00e1s<\/h2>\n<p>A Tahiti Dog term\u00e9kcsal\u00e1db\u00f3l sz\u00e1rmaz\u00f3 Splendid spray t\u00e1pl\u00e1l\u00f3 spray, amely v\u00e9di \u00e9s revitaliz\u00e1lja kuty\u00e1ja sz\u0151r\u00e9t \u00e9s b\u0151r\u00e9t. Ez az \u00e1pol\u00f3szer visszaadja a sz\u0151rzet f\u00e9ny\u00e9t \u00e9s ragyog\u00e1s\u00e1t, mik\u00f6zben el\u0151seg\u00edti a sz\u0151rzet \u00fajran\u00f6veked\u00e9s\u00e9t \u00e9s megakad\u00e1lyozza a sz\u0151rsz\u00e1lak mattod\u00e1s\u00e1t \u00e9s t\u00f6r\u00e9kenys\u00e9g\u00e9t. Megk\u00f6nny\u00edti a hajpakol\u00e1st, \u00e9s befejez\u0151 spray-k\u00e9nt is haszn\u00e1lhat\u00f3. Gyeng\u00e9d Monoi illat\u00e1nak k\u00f6sz\u00f6nhet\u0151en kuty\u00e1ja bund\u00e1j\u00e1t a legszebb egzotikus tengerpartokra eml\u00e9keztet\u0151 illat j\u00e1rja \u00e1t, an\u00e9lk\u00fcl, hogy zavarn\u00e1 \u0151t.<\/p>\n<h2>Csomagol\u00e1s<\/h2>\n<p>400 milliliter.<\/p>\n<h2>Haszn\u00e1lati utas\u00edt\u00e1s<\/h2>\n<p>Haszn\u00e1lat el\u0151tt r\u00e1zza fel, \u00e9s egyenletesen permetezze be 20 cm t\u00e1vols\u00e1gb\u00f3l. 2 percig hagyja hatni. Egy f\u00e9s\u0171 vagy kefe kihozza a sz\u0151rzet minden sz\u00e9ps\u00e9g\u00e9t.<\/p>\n<h2>Tulajdons\u00e1gok<\/h2>\n<p>&#8211;<\/p>\n<h2>Haszn\u00e1lati utas\u00edt\u00e1s<\/h2>\n<p>&#8211;<\/p>\n<h2>\u00d6sszet\u00e9tel<\/h2>\n<p>Alkohol denat, dikl\u00f3rmet\u00e1n, but\u00e1n, prop\u00e1n, pvm\/ma butil-\u00e9szter, kopolimer, pvm\/ma kopolimer etil-\u00e9szter, n-butil-alkohol, parf\u00fcm.<\/p>\n<h2>EAN-k\u00f3d<\/h2>\n<p>400 milliliter: 54 250 1685 417 4<\/p>\n<h2>Referencia<\/h2>\n<p>400 milliliter: 020263<\/p>\n","protected":false},"excerpt":{"rendered":"<p>A Tahiti Dog term\u00e9kcsal\u00e1db\u00f3l sz\u00e1rmaz\u00f3 Splendid spray t\u00e1pl\u00e1l\u00f3 spray, amely v\u00e9di \u00e9s revitaliz\u00e1lja kuty\u00e1ja sz\u0151r\u00e9t \u00e9s b\u0151r\u00e9t.<\/p>\n","protected":false},"featured_media":11771,"template":"","meta":{"site-sidebar-layout":"default","site-content-layout":"default","ast-site-content-layout":"default","site-content-style":"default","site-sidebar-style":"default","ast-global-header-display":"","ast-banner-title-visibility":"","ast-main-header-display":"","ast-hfb-above-header-display":"","ast-hfb-below-header-display":"","ast-hfb-mobile-header-display":"","site-post-title":"","ast-breadcrumbs-content":"","ast-featured-img":"","footer-sml-layout":"","ast-disable-related-posts":"","theme-transparent-header-meta":"default","adv-header-id-meta":"","stick-header-meta":"default","header-above-stick-meta":"","header-main-stick-meta":"","header-below-stick-meta":"","astra-migrate-meta-layouts":"default","ast-page-background-enabled":"default","ast-page-background-meta":{"desktop":{"background-color":"var(--ast-global-color-4)","background-image":"","background-repeat":"repeat","background-position":"center center","background-size":"auto","background-attachment":"scroll","background-type":"","background-media":"","overlay-type":"","overlay-color":"","overlay-opacity":"","overlay-gradient":""},"tablet":{"background-color":"","background-image":"","background-repeat":"repeat","background-position":"center center","background-size":"auto","background-attachment":"scroll","background-type":"","background-media":"","overlay-type":"","overlay-color":"","overlay-opacity":"","overlay-gradient":""},"mobile":{"background-color":"","background-image":"","background-repeat":"repeat","background-position":"center center","background-size":"auto","background-attachment":"scroll","background-type":"","background-media":"","overlay-type":"","overlay-color":"","overlay-opacity":"","overlay-gradient":""}},"ast-content-background-meta":{"desktop":{"background-color":"var(--ast-global-color-5)","background-image":"","background-repeat":"repeat","background-position":"center center","background-size":"auto","background-attachment":"scroll","background-type":"","background-media":"","overlay-type":"","overlay-color":"","overlay-opacity":"","overlay-gradient":""},"tablet":{"background-color":"var(--ast-global-color-5)","background-image":"","background-repeat":"repeat","background-position":"center center","background-size":"auto","background-attachment":"scroll","background-type":"","background-media":"","overlay-type":"","overlay-color":"","overlay-opacity":"","overlay-gradient":""},"mobile":{"background-color":"var(--ast-global-color-5)","background-image":"","background-repeat":"repeat","background-position":"center center","background-size":"auto","background-attachment":"scroll","background-type":"","background-media":"","overlay-type":"","overlay-color":"","overlay-opacity":"","overlay-gradient":""}}},"product_brand":[],"product_cat":[794],"product_tag":[],"class_list":{"0":"post-11761","1":"product","2":"type-product","3":"status-publish","4":"has-post-thumbnail","6":"product_cat-tahiti-dog-hu","7":"pa_animal-kutya","8":"pa_proprietes-detangler-hu","9":"pa_proprietes-fenyesit","10":"pa_proprietes-kondicionalo","11":"pa_proprietes-taplalas","12":"pa_type-de-poils-hosszu-haj","13":"pa_type-de-poils-minden-tipus","14":"pa_type-de-poils-rovid-haj","15":"desktop-align-left","16":"tablet-align-left","17":"mobile-align-left","18":"ast-product-gallery-layout-horizontal-slider","19":"ast-product-gallery-with-no-image","20":"ast-product-tabs-layout-horizontal","22":"first","23":"instock","24":"shipping-taxable","25":"product-type-simple"},"_links":{"self":[{"href":"https:\/\/www.laboratoire-diamex.com\/hu\/wp-json\/wp\/v2\/product\/11761","targetHints":{"allow":["GET"]}}],"collection":[{"href":"https:\/\/www.laboratoire-diamex.com\/hu\/wp-json\/wp\/v2\/product"}],"about":[{"href":"https:\/\/www.laboratoire-diamex.com\/hu\/wp-json\/wp\/v2\/types\/product"}],"version-history":[{"count":0,"href":"https:\/\/www.laboratoire-diamex.com\/hu\/wp-json\/wp\/v2\/product\/11761\/revisions"}],"wp:featuredmedia":[{"embeddable":true,"href":"https:\/\/www.laboratoire-diamex.com\/hu\/wp-json\/wp\/v2\/media\/11771"}],"wp:attachment":[{"href":"https:\/\/www.laboratoire-diamex.com\/hu\/wp-json\/wp\/v2\/media?parent=11761"}],"wp:term":[{"taxonomy":"product_brand","embeddable":true,"href":"https:\/\/www.laboratoire-diamex.com\/hu\/wp-json\/wp\/v2\/product_brand?post=11761"},{"taxonomy":"product_cat","embeddable":true,"href":"https:\/\/www.laboratoire-diamex.com\/hu\/wp-json\/wp\/v2\/product_cat?post=11761"},{"taxonomy":"product_tag","embeddable":true,"href":"https:\/\/www.laboratoire-diamex.com\/hu\/wp-json\/wp\/v2\/product_tag?post=11761"}],"curies":[{"name":"wp","href":"https:\/\/api.w.org\/{rel}","templated":true}]}}