{"id":13428,"date":"2024-05-30T08:48:13","date_gmt":"2024-05-30T06:48:13","guid":{"rendered":"https:\/\/www.laboratoire-diamex.com\/?post_type=product&#038;p=13428"},"modified":"2025-02-25T14:59:50","modified_gmt":"2025-02-25T13:59:50","slug":"diamex-pure-volumising-treatment-balzsam-copie","status":"publish","type":"product","link":"https:\/\/www.laboratoire-diamex.com\/hu\/katalogus\/diamex-pure-volumising-treatment-balzsam-copie\/","title":{"rendered":"Diamex N\u00f6veked\u00e9s &amp; Er\u0151 PURE lotion"},"content":{"rendered":"<h2>Le\u00edr\u00e1s<\/h2>\n<p>  A Diamex <strong>FORCE &amp; GROWTH<\/strong> test\u00e1pol\u00f3 a <strong>PURE<\/strong> term\u00e9kcsal\u00e1db\u00f3l egy forradalmi test\u00e1pol\u00f3, amely serkenti a haj n\u00f6veked\u00e9s\u00e9t, bevonja a hajat \u00e9s f\u00e9nyess\u00e9 teszi, er\u0151s\u00edti \u00e9s meger\u0151s\u00edti a hajsz\u00e1lakat, valamint m\u00e9lyen hidrat\u00e1lja a hajat \u00e9s a b\u0151rt. \u00d6bl\u00edt\u00e9s n\u00e9lk\u00fcli term\u00e9k, amely nem zs\u00edros\u00edtja a hajat. A <strong>tejsavnak<\/strong> sz\u00e1mos el\u0151nye van a haj \u00e9s a b\u0151r sz\u00e1m\u00e1ra. Gyeng\u00e9d h\u00e1mlaszt\u00f3k\u00e9nt seg\u00edt elt\u00e1vol\u00edtani az elhalt h\u00e1msejteket. Ez a h\u00e1mlaszt\u00f3 hat\u00e1s azt is lehet\u0151v\u00e9 teszi, hogy a sz\u0151rt\u00fcsz\u0151k jobban l\u00e9legezzenek, ami serkenti a haj n\u00f6veked\u00e9s\u00e9t. Hidrat\u00e1l\u00f3 tulajdons\u00e1gainak k\u00f6sz\u00f6nhet\u0151en a tejsav hidrat\u00e1ltan tartja a hajat \u00e9s a b\u0151rt, \u00edgy a sz\u0151rzet puha \u00e9s f\u00e9nyes marad. V\u00e9g\u00fcl kiegyens\u00falyozza a b\u0151r pH-szintj\u00e9t, \u00e9s hozz\u00e1j\u00e1rul a haj \u00e9s a b\u0151r jobb eg\u00e9szs\u00e9g\u00e9hez. A <strong>hialuronsav<\/strong> er\u0151teljes hidrat\u00e1l\u00f3, amely a haj \u00e9s a b\u0151r sz\u00e1m\u00e1ra egyar\u00e1nt el\u0151ny\u00f6s. Meg\u0151rzi a nedvess\u00e9get a b\u0151rben, jav\u00edtja a b\u0151r rugalmass\u00e1g\u00e1t \u00e9s \u00f6szt\u00f6nzi a kollag\u00e9ntermel\u00e9st. Megakad\u00e1lyozza a kisz\u00e1rad\u00e1st \u00e9s az irrit\u00e1ci\u00f3t. Sz\u00e1mos el\u0151ny\u00e9nek k\u00f6sz\u00f6nhet\u0151en a hialuronsav m\u00e9lyen hidrat\u00e1lja, jav\u00edtja \u00e9s er\u0151s\u00edti a hajat, rugalmass\u00e1, f\u00e9nyess\u00e9, puh\u00e1v\u00e1 \u00e9s selymess\u00e9 teszi azt. A <strong>ricinusolaj<\/strong> h\u00edres a hajra \u00e9s a b\u0151rre gyakorolt sz\u00e1mos el\u0151ny\u00e9r\u0151l. Esszenci\u00e1lis zs\u00edrsavakban gazdag, m\u00e9lyen hidrat\u00e1lja a b\u0151rt. T\u00e1pl\u00e1lja a hajhagym\u00e1kat, \u00f6szt\u00f6nzi a haj n\u00f6veked\u00e9s\u00e9t, mik\u00f6zben er\u0151s\u00edti azokat, seg\u00edt megel\u0151zni a t\u00f6redez\u00e9st \u00e9s a hajv\u00e9gek t\u00f6redez\u00e9s\u00e9t. F\u00e9nyt \u00e9s puhas\u00e1got k\u00f6lcs\u00f6n\u00f6z a sz\u0151rzetnek. Az aminosavakban gazdag <strong>n\u00f6v\u00e9nyi keratin<\/strong> er\u0151s\u00edti a hajsz\u00e1lakat, cs\u00f6kkenti a t\u00f6redezett hajv\u00e9geket. Jav\u00edtja a haj text\u00far\u00e1j\u00e1t, sim\u00e1bb\u00e1, f\u00e9nyesebb\u00e9 \u00e9s k\u00f6nnyebben form\u00e1zhat\u00f3v\u00e1 teszi. A keratin emellett fenntartja a b\u0151r hidrat\u00e1lts\u00e1g\u00e1t, rugalmass\u00e1g\u00e1t \u00e9s feszess\u00e9g\u00e9t, \u00edgy az ellen\u00e1ll\u00f3bb\u00e1 v\u00e1lik a k\u00fcls\u0151 behat\u00e1sokkal szemben. Az\u00e1ltal, hogy helyre\u00e1ll\u00edtja \u00e9s v\u00e9di a b\u0151rg\u00e1tat, el\u0151seg\u00edti az eg\u00e9szs\u00e9gesebb b\u0151r kialakul\u00e1s\u00e1t.  <strong>Alkohol, szilikon \u00e9s sz\u00ednez\u0151anyagok n\u00e9lk\u00fcl k\u00e9sz\u00fclt.<\/strong><\/p>\n<h2>Haszn\u00e1lati utas\u00edt\u00e1s<\/h2>\n<p>  Permetezze a term\u00e9ket a gy\u00f6kerekt\u0151l a hajv\u00e9gekig az eg\u00e9sz sz\u0151rzetre vagy a stimul\u00e1land\u00f3 ter\u00fcletekre. D\u00f6rzs\u00f6lje be, hogy serkentse a hat\u00f3anyagok behatol\u00e1s\u00e1t. Sz\u00fcks\u00e9g eset\u00e9n kef\u00e9lje le. Ker\u00fclje a szemmel val\u00f3 \u00e9rintkez\u00e9st.  <\/p>\n<h2>Tulajdons\u00e1gok<\/h2>\n<p><strong>Felgyors\u00edtja a n\u00f6veked\u00e9st:<\/strong> olyan hat\u00f3anyagokat tartalmaz, amelyek stimul\u00e1lj\u00e1k a sz\u0151rt\u00fcsz\u0151ket, jelent\u0151sen felgyors\u00edtva a haj n\u00f6veked\u00e9s\u00e9t.  <strong>Er\u0151s\u00edti:<\/strong> er\u0151s hat\u00f3anyagokat tartalmaz, amelyek er\u0151s\u00edtik a haj szerkezet\u00e9t \u00e9s kev\u00e9sb\u00e9 t\u00f6r\u00e9kenny\u00e9 teszik azt.  <strong>Hidrat\u00e1l:<\/strong> hosszan tart\u00f3, hat\u00e9kony hidrat\u00e1l\u00e1st biztos\u00edt a haj \u00e9s a b\u0151r sz\u00e1m\u00e1ra.  <strong>F\u00e9nyt ad:<\/strong> f\u00e9nyt ad a sz\u0151rzetnek.  <\/p>\n<h2>Haszn\u00e1lati utas\u00edt\u00e1s<\/h2>\n<p>  A test\u00e1pol\u00f3  <strong>ER\u0150 \u00c9S N\u00d6VEKED\u00c9S<\/strong><strong> <\/strong>a PURE term\u00e9kcsal\u00e1db\u00f3l egy pr\u00e9mium term\u00e9k, amelyet kifejezetten olyan ki\u00e1ll\u00edt\u00e1si kuty\u00e1k sz\u00e1m\u00e1ra fejlesztettek ki, amelyek bund\u00e1ja k\u00fcl\u00f6nleges figyelmet ig\u00e9nyel. Ez optimaliz\u00e1lja a versenyvizsg\u00e1k k\u00f6z\u00f6tti bevonatol\u00e1shoz sz\u00fcks\u00e9ges id\u0151t, mik\u00f6zben jav\u00edtja a min\u0151s\u00e9get.  <\/p>\n<h2>Csomagol\u00e1s<\/h2>\n<p>  300 milliliter.  <\/p>\n<h2>\u00d6sszet\u00e9tel<\/h2>\n<p>  OZMOTIKUS V\u00cdZ, HIDROLIZ\u00c1LT B\u00daZAFEH\u00c9RJE, RICINUSOLAJ (RICIN), TEJSAV, PARF\u00dcM, N\u00c1TRIUM-BENZO\u00c1T.  <\/p>\n<h2>EAN-k\u00f3d<\/h2>\n<p>  300 milliliter: 54 250 1685 693 2  <\/p>\n<h2>Referencia<\/h2>\n<p>  300 milliliter : 5301720<\/p>\n","protected":false},"excerpt":{"rendered":"<p>Lotion, amely er\u0151s\u00edti a haj szerkezet\u00e9t \u00e9s gyors\u00edtja a n\u00f6veked\u00e9st.  &nbsp;<\/p>\n","protected":false},"featured_media":13442,"template":"","meta":{"site-sidebar-layout":"default","site-content-layout":"default","ast-site-content-layout":"default","site-content-style":"default","site-sidebar-style":"default","ast-global-header-display":"","ast-banner-title-visibility":"","ast-main-header-display":"","ast-hfb-above-header-display":"","ast-hfb-below-header-display":"","ast-hfb-mobile-header-display":"","site-post-title":"","ast-breadcrumbs-content":"","ast-featured-img":"","footer-sml-layout":"","ast-disable-related-posts":"","theme-transparent-header-meta":"default","adv-header-id-meta":"","stick-header-meta":"default","header-above-stick-meta":"","header-main-stick-meta":"","header-below-stick-meta":"","astra-migrate-meta-layouts":"set","ast-page-background-enabled":"default","ast-page-background-meta":{"desktop":{"background-color":"var(--ast-global-color-4)","background-image":"","background-repeat":"repeat","background-position":"center center","background-size":"auto","background-attachment":"scroll","background-type":"","background-media":"","overlay-type":"","overlay-color":"","overlay-opacity":"","overlay-gradient":""},"tablet":{"background-color":"","background-image":"","background-repeat":"repeat","background-position":"center center","background-size":"auto","background-attachment":"scroll","background-type":"","background-media":"","overlay-type":"","overlay-color":"","overlay-opacity":"","overlay-gradient":""},"mobile":{"background-color":"","background-image":"","background-repeat":"repeat","background-position":"center center","background-size":"auto","background-attachment":"scroll","background-type":"","background-media":"","overlay-type":"","overlay-color":"","overlay-opacity":"","overlay-gradient":""}},"ast-content-background-meta":{"desktop":{"background-color":"var(--ast-global-color-5)","background-image":"","background-repeat":"repeat","background-position":"center center","background-size":"auto","background-attachment":"scroll","background-type":"","background-media":"","overlay-type":"","overlay-color":"","overlay-opacity":"","overlay-gradient":""},"tablet":{"background-color":"var(--ast-global-color-5)","background-image":"","background-repeat":"repeat","background-position":"center center","background-size":"auto","background-attachment":"scroll","background-type":"","background-media":"","overlay-type":"","overlay-color":"","overlay-opacity":"","overlay-gradient":""},"mobile":{"background-color":"var(--ast-global-color-5)","background-image":"","background-repeat":"repeat","background-position":"center center","background-size":"auto","background-attachment":"scroll","background-type":"","background-media":"","overlay-type":"","overlay-color":"","overlay-opacity":"","overlay-gradient":""}}},"product_brand":[],"product_cat":[787],"product_tag":[],"class_list":{"0":"post-13428","1":"product","2":"type-product","3":"status-publish","4":"has-post-thumbnail","6":"product_cat-pure-hu","7":"pa_animal-kutya","8":"pa_proprietes-erosito","9":"pa_proprietes-hajhullas-megelozes","10":"pa_proprietes-hajjavito","11":"pa_proprietes-hidratalo-krem","12":"pa_type-de-poils-hosszu-haj","13":"desktop-align-left","14":"tablet-align-left","15":"mobile-align-left","16":"ast-product-gallery-layout-horizontal-slider","17":"ast-product-gallery-with-no-image","18":"ast-product-tabs-layout-horizontal","20":"first","21":"instock","22":"shipping-taxable","23":"product-type-simple"},"_links":{"self":[{"href":"https:\/\/www.laboratoire-diamex.com\/hu\/wp-json\/wp\/v2\/product\/13428","targetHints":{"allow":["GET"]}}],"collection":[{"href":"https:\/\/www.laboratoire-diamex.com\/hu\/wp-json\/wp\/v2\/product"}],"about":[{"href":"https:\/\/www.laboratoire-diamex.com\/hu\/wp-json\/wp\/v2\/types\/product"}],"version-history":[{"count":0,"href":"https:\/\/www.laboratoire-diamex.com\/hu\/wp-json\/wp\/v2\/product\/13428\/revisions"}],"wp:featuredmedia":[{"embeddable":true,"href":"https:\/\/www.laboratoire-diamex.com\/hu\/wp-json\/wp\/v2\/media\/13442"}],"wp:attachment":[{"href":"https:\/\/www.laboratoire-diamex.com\/hu\/wp-json\/wp\/v2\/media?parent=13428"}],"wp:term":[{"taxonomy":"product_brand","embeddable":true,"href":"https:\/\/www.laboratoire-diamex.com\/hu\/wp-json\/wp\/v2\/product_brand?post=13428"},{"taxonomy":"product_cat","embeddable":true,"href":"https:\/\/www.laboratoire-diamex.com\/hu\/wp-json\/wp\/v2\/product_cat?post=13428"},{"taxonomy":"product_tag","embeddable":true,"href":"https:\/\/www.laboratoire-diamex.com\/hu\/wp-json\/wp\/v2\/product_tag?post=13428"}],"curies":[{"name":"wp","href":"https:\/\/api.w.org\/{rel}","templated":true}]}}