{"id":13464,"date":"2024-05-30T10:18:13","date_gmt":"2024-05-30T08:18:13","guid":{"rendered":"https:\/\/www.laboratoire-diamex.com\/?post_type=product&#038;p=13464"},"modified":"2024-07-03T10:05:09","modified_gmt":"2024-07-03T08:05:09","slug":"diamex-pure-volumising-treatment-balzsam-copie-copie","status":"publish","type":"product","link":"https:\/\/www.laboratoire-diamex.com\/hu\/katalogus\/diamex-pure-volumising-treatment-balzsam-copie-copie\/","title":{"rendered":"Diamex PURE Sz\u00e1raz Mos\u00e1s &amp; Volumen sz\u00e1raz sampon"},"content":{"rendered":"<h2>Le\u00edr\u00e1s<\/h2>\n<p>A <strong>SZ\u00c1RAZ MOS\u00c1S &amp; VOLUMEN <\/strong> sampon egy kett\u0151 az egyben term\u00e9k, amely nedves\u00edt\u00e9s n\u00e9lk\u00fcl tiszt\u00edtja a sz\u0151rt, \u00e9s v\u00e1g\u00e1s el\u0151tt kondicion\u00e1lja a hajat, mik\u00f6zben d\u00fas\u00edtja azt. De ez nem olyan, mint m\u00e1s term\u00e9kek &#8211; kifejezetten \u00fagy lett kifejlesztve, hogy <strong>L\u00c1THATATLAN<\/strong> legyen! Nem hagy l\u00e1that\u00f3 maradv\u00e1nyt a sz\u0151r\u00f6n, \u00edgy garant\u00e1lja a kifog\u00e1stalan sz\u0151rzetet, m\u00e9g a s\u00f6t\u00e9t bund\u00e1j\u00fa kuty\u00e1k sz\u00e1m\u00e1ra is. A felesleges faggy\u00fa felsz\u00edv\u00e1s\u00e1val azonnal visszaadja a haj k\u00f6nnyeds\u00e9g\u00e9t \u00e9s volumen\u00e9t, s\u0171r\u0171bb, \u00e1poltabb megjelen\u00e9st eredm\u00e9nyezve.<\/p>\n<p><strong>Szilikon \u00e9s sz\u00ednez\u0151anyagok n\u00e9lk\u00fcl k\u00e9sz\u00fclt.<\/strong><\/p>\n<h2>Csomagol\u00e1s<\/h2>\n<p>300 milliliter.<\/p>\n<h2>Haszn\u00e1lati utas\u00edt\u00e1s<\/h2>\n<p><strong>Tiszt\u00edt\u00e1s: <\/strong> permetezze a term\u00e9ket 20 centim\u00e9ter t\u00e1vols\u00e1gb\u00f3l, elker\u00fclve a szemmel val\u00f3 \u00e9rintkez\u00e9st. Hagyja hatni k\u00f6r\u00fclbel\u00fcl 30 m\u00e1sodpercig, majd d\u00f6rzs\u00f6lje be egy tiszta ruh\u00e1val.<br \/>\n<strong>K\u00e9sz\u00edtse el\u0151 a hajat a v\u00e1g\u00e1shoz:<\/strong> permetezze a term\u00e9ket 20 centim\u00e9teres t\u00e1vols\u00e1gb\u00f3l, ker\u00fclve a szemmel val\u00f3 \u00e9rintkez\u00e9st. D\u00f6rzs\u00f6lje be k\u00f6zvetlen\u00fcl egy tiszta ruh\u00e1val.<\/p>\n<h2>Tulajdons\u00e1gok<\/h2>\n<p><strong>Felsz\u00edvja:<\/strong> visszatartja a szennyez\u0151d\u00e9seket \u00e9s felsz\u00edvja a felesleges faggy\u00fat, majd megk\u00f6nny\u00edti azok elt\u00e1vol\u00edt\u00e1s\u00e1t fogmos\u00e1skor.<br \/>\n<strong>Tiszt\u00edt:<\/strong> elt\u00e1vol\u00edtja a szennyez\u0151d\u00e9seket, szennyez\u0151d\u00e9seket \u00e9s szagokat, \u00e9s felfriss\u00edti a sz\u0151rzetet k\u00e9t \u00e1pol\u00e1s k\u00f6z\u00f6tt, vagy amikor a f\u00fcrdet\u00e9s nem praktikus.<br \/>\n<strong>T\u00f6meget ad:<\/strong> megduzzasztja a hajsz\u00e1lakat \u00e9s jav\u00edtja a haj text\u00far\u00e1j\u00e1t, azonnali volument adva a hajnak.<br \/>\n<strong>K\u00f6nnyebb\u00e9 teszi a kef\u00e9l\u00e9st:<\/strong> megk\u00f6nny\u00edti a kef\u00e9l\u00e9st \u00e9s a v\u00e1g\u00e1st, mivel jobb fog\u00e1st biztos\u00edt, a hosszan tart\u00f3, st\u00edlusos v\u00e1g\u00e1s \u00e9rdek\u00e9ben.<\/p>\n<h2>Term\u00e9ktan\u00e1csad\u00e1s<\/h2>\n<p>A <strong> SZ\u00c1RAZ MOS\u00c1S &amp; VOLUMEN <\/strong><strong> <\/strong>a PURE term\u00e9kcsal\u00e1db\u00f3l egy pr\u00e9mium term\u00e9k, amelyet kifejezetten olyan ki\u00e1ll\u00edt\u00e1si kuty\u00e1k sz\u00e1m\u00e1ra fejlesztettek ki, amelyek bund\u00e1ja k\u00fcl\u00f6nleges figyelmet ig\u00e9nyel. Nemcsak gyorsan kimossa a kutya sz\u0151rzet\u00e9t, hanem a verseny sor\u00e1n a sz\u0151rzet volumen\u00e9t is n\u00f6veli, an\u00e9lk\u00fcl, hogy nyomot hagyna.<\/p>\n<h2>\u00d6sszet\u00e9tel<\/h2>\n<p>&#8211;<\/p>\n<h2>EAN-k\u00f3d<\/h2>\n<p>300 milliliter: 54 250 1685 687 1<\/p>\n<h2>Referencia<\/h2>\n<p>300 milliliter: 5301640<\/p>\n","protected":false},"excerpt":{"rendered":"<p>A <strong>SZ\u00c1RAZ MOS\u00c1S &amp; VOLUMEN<\/strong> egy <strong>L\u00c1THATATLAN<\/strong> kett\u0151 az egyben term\u00e9k, amely nedves\u00edt\u00e9s n\u00e9lk\u00fcl tiszt\u00edtja a sz\u0151rt, \u00e9s v\u00e1g\u00e1s el\u0151tt kondicion\u00e1lja a hajat, mik\u00f6zben d\u00fas\u00edtja azt.<\/p>\n<p><strong>Szilikon \u00e9s sz\u00ednez\u0151anyagok n\u00e9lk\u00fcl k\u00e9sz\u00fclt.<\/strong><\/p>\n<p>&nbsp;<\/p>\n","protected":false},"featured_media":13452,"template":"","meta":{"site-sidebar-layout":"default","site-content-layout":"default","ast-site-content-layout":"default","site-content-style":"default","site-sidebar-style":"default","ast-global-header-display":"","ast-banner-title-visibility":"","ast-main-header-display":"","ast-hfb-above-header-display":"","ast-hfb-below-header-display":"","ast-hfb-mobile-header-display":"","site-post-title":"","ast-breadcrumbs-content":"","ast-featured-img":"","footer-sml-layout":"","ast-disable-related-posts":"","theme-transparent-header-meta":"default","adv-header-id-meta":"","stick-header-meta":"default","header-above-stick-meta":"","header-main-stick-meta":"","header-below-stick-meta":"","astra-migrate-meta-layouts":"set","ast-page-background-enabled":"default","ast-page-background-meta":{"desktop":{"background-color":"var(--ast-global-color-4)","background-image":"","background-repeat":"repeat","background-position":"center center","background-size":"auto","background-attachment":"scroll","background-type":"","background-media":"","overlay-type":"","overlay-color":"","overlay-opacity":"","overlay-gradient":""},"tablet":{"background-color":"","background-image":"","background-repeat":"repeat","background-position":"center center","background-size":"auto","background-attachment":"scroll","background-type":"","background-media":"","overlay-type":"","overlay-color":"","overlay-opacity":"","overlay-gradient":""},"mobile":{"background-color":"","background-image":"","background-repeat":"repeat","background-position":"center center","background-size":"auto","background-attachment":"scroll","background-type":"","background-media":"","overlay-type":"","overlay-color":"","overlay-opacity":"","overlay-gradient":""}},"ast-content-background-meta":{"desktop":{"background-color":"var(--ast-global-color-5)","background-image":"","background-repeat":"repeat","background-position":"center center","background-size":"auto","background-attachment":"scroll","background-type":"","background-media":"","overlay-type":"","overlay-color":"","overlay-opacity":"","overlay-gradient":""},"tablet":{"background-color":"var(--ast-global-color-5)","background-image":"","background-repeat":"repeat","background-position":"center center","background-size":"auto","background-attachment":"scroll","background-type":"","background-media":"","overlay-type":"","overlay-color":"","overlay-opacity":"","overlay-gradient":""},"mobile":{"background-color":"var(--ast-global-color-5)","background-image":"","background-repeat":"repeat","background-position":"center center","background-size":"auto","background-attachment":"scroll","background-type":"","background-media":"","overlay-type":"","overlay-color":"","overlay-opacity":"","overlay-gradient":""}}},"product_brand":[],"product_cat":[787],"product_tag":[],"class_list":{"0":"post-13464","1":"product","2":"type-product","3":"status-publish","4":"has-post-thumbnail","6":"product_cat-pure-hu","7":"pa_animal-kutya","8":"pa_proprietes-tisztito","9":"pa_proprietes-volumennovelo","10":"pa_type-de-poils-hosszu-haj","11":"pa_type-de-poils-minden-tipus","12":"desktop-align-left","13":"tablet-align-left","14":"mobile-align-left","15":"ast-product-gallery-layout-horizontal-slider","16":"ast-product-gallery-with-no-image","17":"ast-product-tabs-layout-horizontal","19":"first","20":"instock","21":"shipping-taxable","22":"product-type-simple"},"_links":{"self":[{"href":"https:\/\/www.laboratoire-diamex.com\/hu\/wp-json\/wp\/v2\/product\/13464","targetHints":{"allow":["GET"]}}],"collection":[{"href":"https:\/\/www.laboratoire-diamex.com\/hu\/wp-json\/wp\/v2\/product"}],"about":[{"href":"https:\/\/www.laboratoire-diamex.com\/hu\/wp-json\/wp\/v2\/types\/product"}],"version-history":[{"count":0,"href":"https:\/\/www.laboratoire-diamex.com\/hu\/wp-json\/wp\/v2\/product\/13464\/revisions"}],"wp:featuredmedia":[{"embeddable":true,"href":"https:\/\/www.laboratoire-diamex.com\/hu\/wp-json\/wp\/v2\/media\/13452"}],"wp:attachment":[{"href":"https:\/\/www.laboratoire-diamex.com\/hu\/wp-json\/wp\/v2\/media?parent=13464"}],"wp:term":[{"taxonomy":"product_brand","embeddable":true,"href":"https:\/\/www.laboratoire-diamex.com\/hu\/wp-json\/wp\/v2\/product_brand?post=13464"},{"taxonomy":"product_cat","embeddable":true,"href":"https:\/\/www.laboratoire-diamex.com\/hu\/wp-json\/wp\/v2\/product_cat?post=13464"},{"taxonomy":"product_tag","embeddable":true,"href":"https:\/\/www.laboratoire-diamex.com\/hu\/wp-json\/wp\/v2\/product_tag?post=13464"}],"curies":[{"name":"wp","href":"https:\/\/api.w.org\/{rel}","templated":true}]}}