{"id":21549,"date":"2025-02-24T15:06:59","date_gmt":"2025-02-24T14:06:59","guid":{"rendered":"https:\/\/www.laboratoire-diamex.com\/?post_type=product&#038;p=21549"},"modified":"2025-02-25T15:41:40","modified_gmt":"2025-02-25T14:41:40","slug":"diamex-novekedes-ero-pure-lotion-copie","status":"publish","type":"product","link":"https:\/\/www.laboratoire-diamex.com\/hu\/katalogus\/diamex-novekedes-ero-pure-lotion-copie\/","title":{"rendered":"Diamex PURE Sim\u00edt\u00f3 &amp; Struktur\u00e1l\u00f3 hab"},"content":{"rendered":"<h2>Le\u00edr\u00e1s<\/h2>\n<p>A Diamex <strong>SMOOTHING &amp; STRUCTURING<\/strong> hab a <strong>PURE<\/strong> term\u00e9kcsal\u00e1db\u00f3l kit\u0171nik kiv\u00e1l\u00f3 teljes\u00edtm\u00e9ny\u00e9vel. Ez a term\u00e9k kifejezetten minden t\u00edpus\u00fa sz\u0151rzethez k\u00e9sz\u00fclt. Innovat\u00edv formul\u00e1j\u00e1nak k\u00f6sz\u00f6nhet\u0151en ellen\u00e1ll az id\u0151 pr\u00f3b\u00e1j\u00e1nak, megk\u00f6nny\u00edti a hajsz\u00e1r\u00edt\u00e1st, hosszantart\u00f3 tart\u00e1st biztos\u00edt \u00e9s kiemeli a sz\u0151rt. K\u00f6nny\u0171 text\u00far\u00e1ja nem nehez\u00edti el, \u00e9s kifog\u00e1stalan tart\u00e1st biztos\u00edt. V\u00e9d\u0151anyagokkal \u00e9s term\u00e9szetes f\u00e9nyt ad\u00f3 \u00f6sszetev\u0151kkel gazdag\u00edtva ide\u00e1lis az olyan kreat\u00edv v\u00e1g\u00e1sokhoz, mint az Asian Style.<br \/>\n<strong>Szilikon \u00e9s sz\u00ednez\u0151anyagok n\u00e9lk\u00fcl k\u00e9sz\u00fclt.<\/strong><\/p>\n<h2>Haszn\u00e1lati utas\u00edt\u00e1s<\/h2>\n<p>Vigyen fel egy csepp habot a tiszta, enyh\u00e9n nedves sz\u0151rzetre. F\u00e9s\u0171vel egyenletesen oszlassuk el. Form\u00e1zza \u00e9s f\u00e9s\u00fclje a k\u00edv\u00e1nt ir\u00e1nyba. A tart\u00e1s \u00e9s a st\u00edlus fokoz\u00e1sa \u00e9rdek\u00e9ben f\u00fajja meg a haj\u00e1t.   <\/p>\n<h2>Tulajdons\u00e1gok<\/h2>\n<p data-start=\"406\" data-end=\"549\"><strong data-start=\"406\" data-end=\"428\" data-is-only-node=\"\">Hosszan tart\u00f3 ellen\u00e1ll\u00e1s: <\/strong>eg\u00e9sz nap meg\u0151rzi hat\u00e1s\u00e1t, ellen\u00e1ll az id\u0151 viszontags\u00e1gainak \u00e9s a k\u00fcls\u0151 behat\u00e1soknak.<br \/>\n<strong data-start=\"553\" data-end=\"577\" data-is-only-node=\"\">Megk\u00f6nny\u00edti a hajsz\u00e1r\u00edt\u00e1st: <\/strong>a form\u00e1z\u00e1s egyszer\u0171s\u00edt\u00e9s\u00e9vel cs\u00f6kkenti a hib\u00e1tlan hajsz\u00e1r\u00edt\u00e1shoz sz\u00fcks\u00e9ges id\u0151t.<br \/>\n<strong data-start=\"824\" data-end=\"843\" data-is-only-node=\"\">Jav\u00edtja a hajat: <\/strong>kiemeli a haj term\u00e9szetes f\u00e9ny\u00e9t \u00e9s text\u00far\u00e1j\u00e1t a ragyog\u00f3 v\u00e9geredm\u00e9ny \u00e9rdek\u00e9ben.<\/p>\n<h2>Haszn\u00e1lati utas\u00edt\u00e1s<\/h2>\n<p>A Diamex <strong>SMOOTHING &amp; STRUCTURING<\/strong> mousse a PURE term\u00e9kcsal\u00e1db\u00f3l egy pr\u00e9mium term\u00e9k, amelyet kifejezetten olyan ki\u00e1ll\u00edt\u00e1si kuty\u00e1k sz\u00e1m\u00e1ra fejlesztettek ki, amelyek sz\u0151rzete k\u00fcl\u00f6nleges figyelmet ig\u00e9nyel. Ak\u00e1r ki\u00e1ll\u00edt\u00e1sra k\u00e9sz\u00fcl, ak\u00e1r <\/p>\n<h2>Csomagol\u00e1s<\/h2>\n<p>150 milliliter.<\/p>\n<h2>EAN-k\u00f3d<\/h2>\n<p>150 milliliter: 54 250 1685 801 1<\/p>\n<h2>Referencia<\/h2>\n<p>150 milliliter : 5301390<\/p>\n","protected":false},"excerpt":{"rendered":"<p>Innovat\u00edv hab: tart\u00e1s, csillog\u00e1s \u00e9s k\u00f6nnyeds\u00e9g minden sz\u0151rt\u00edpushoz.<\/p>\n<p>&nbsp;<\/p>\n","protected":false},"featured_media":22688,"template":"","meta":{"site-sidebar-layout":"default","site-content-layout":"default","ast-site-content-layout":"default","site-content-style":"default","site-sidebar-style":"default","ast-global-header-display":"","ast-banner-title-visibility":"","ast-main-header-display":"","ast-hfb-above-header-display":"","ast-hfb-below-header-display":"","ast-hfb-mobile-header-display":"","site-post-title":"","ast-breadcrumbs-content":"","ast-featured-img":"","footer-sml-layout":"","ast-disable-related-posts":"","theme-transparent-header-meta":"default","adv-header-id-meta":"","stick-header-meta":"default","header-above-stick-meta":"","header-main-stick-meta":"","header-below-stick-meta":"","astra-migrate-meta-layouts":"set","ast-page-background-enabled":"default","ast-page-background-meta":{"desktop":{"background-color":"var(--ast-global-color-4)","background-image":"","background-repeat":"repeat","background-position":"center center","background-size":"auto","background-attachment":"scroll","background-type":"","background-media":"","overlay-type":"","overlay-color":"","overlay-opacity":"","overlay-gradient":""},"tablet":{"background-color":"","background-image":"","background-repeat":"repeat","background-position":"center center","background-size":"auto","background-attachment":"scroll","background-type":"","background-media":"","overlay-type":"","overlay-color":"","overlay-opacity":"","overlay-gradient":""},"mobile":{"background-color":"","background-image":"","background-repeat":"repeat","background-position":"center center","background-size":"auto","background-attachment":"scroll","background-type":"","background-media":"","overlay-type":"","overlay-color":"","overlay-opacity":"","overlay-gradient":""}},"ast-content-background-meta":{"desktop":{"background-color":"var(--ast-global-color-5)","background-image":"","background-repeat":"repeat","background-position":"center center","background-size":"auto","background-attachment":"scroll","background-type":"","background-media":"","overlay-type":"","overlay-color":"","overlay-opacity":"","overlay-gradient":""},"tablet":{"background-color":"var(--ast-global-color-5)","background-image":"","background-repeat":"repeat","background-position":"center center","background-size":"auto","background-attachment":"scroll","background-type":"","background-media":"","overlay-type":"","overlay-color":"","overlay-opacity":"","overlay-gradient":""},"mobile":{"background-color":"var(--ast-global-color-5)","background-image":"","background-repeat":"repeat","background-position":"center center","background-size":"auto","background-attachment":"scroll","background-type":"","background-media":"","overlay-type":"","overlay-color":"","overlay-opacity":"","overlay-gradient":""}}},"product_brand":[],"product_cat":[787],"product_tag":[],"class_list":{"0":"post-21549","1":"product","2":"type-product","3":"status-publish","4":"has-post-thumbnail","6":"product_cat-pure-hu","7":"pa_animal-kutya","8":"pa_proprietes-antisztatikus","9":"pa_proprietes-fenyesit","10":"pa_proprietes-fixirlakk","11":"pa_proprietes-simitas","12":"pa_proprietes-volumennovelo","13":"pa_type-de-poils-hosszu-haj","14":"pa_type-de-poils-minden-tipus","15":"pa_type-de-poils-rovid-haj","16":"desktop-align-left","17":"tablet-align-left","18":"mobile-align-left","19":"ast-product-gallery-layout-horizontal-slider","20":"ast-product-gallery-with-no-image","21":"ast-product-tabs-layout-horizontal","23":"first","24":"instock","25":"shipping-taxable","26":"product-type-simple"},"_links":{"self":[{"href":"https:\/\/www.laboratoire-diamex.com\/hu\/wp-json\/wp\/v2\/product\/21549","targetHints":{"allow":["GET"]}}],"collection":[{"href":"https:\/\/www.laboratoire-diamex.com\/hu\/wp-json\/wp\/v2\/product"}],"about":[{"href":"https:\/\/www.laboratoire-diamex.com\/hu\/wp-json\/wp\/v2\/types\/product"}],"version-history":[{"count":0,"href":"https:\/\/www.laboratoire-diamex.com\/hu\/wp-json\/wp\/v2\/product\/21549\/revisions"}],"wp:featuredmedia":[{"embeddable":true,"href":"https:\/\/www.laboratoire-diamex.com\/hu\/wp-json\/wp\/v2\/media\/22688"}],"wp:attachment":[{"href":"https:\/\/www.laboratoire-diamex.com\/hu\/wp-json\/wp\/v2\/media?parent=21549"}],"wp:term":[{"taxonomy":"product_brand","embeddable":true,"href":"https:\/\/www.laboratoire-diamex.com\/hu\/wp-json\/wp\/v2\/product_brand?post=21549"},{"taxonomy":"product_cat","embeddable":true,"href":"https:\/\/www.laboratoire-diamex.com\/hu\/wp-json\/wp\/v2\/product_cat?post=21549"},{"taxonomy":"product_tag","embeddable":true,"href":"https:\/\/www.laboratoire-diamex.com\/hu\/wp-json\/wp\/v2\/product_tag?post=21549"}],"curies":[{"name":"wp","href":"https:\/\/api.w.org\/{rel}","templated":true}]}}