{"id":22582,"date":"2025-04-30T10:06:54","date_gmt":"2025-04-30T08:06:54","guid":{"rendered":"https:\/\/www.laboratoire-diamex.com\/?post_type=product&#038;p=22582"},"modified":"2025-04-30T11:29:57","modified_gmt":"2025-04-30T09:29:57","slug":"diamex-pure-simito-strukturalo-hab-copie","status":"publish","type":"product","link":"https:\/\/www.laboratoire-diamex.com\/hu\/katalogus\/diamex-pure-simito-strukturalo-hab-copie\/","title":{"rendered":"Diamex PURE Texture &amp; Volume por"},"content":{"rendered":"<h2>Le\u00edr\u00e1s<\/h2>\n<p>Diamex <strong>TEXTURE &amp; VOLUME<\/strong> ultrafinom por a <strong>PURE<\/strong> term\u00e9kcsal\u00e1db\u00f3l,    <span class=\"OYPEnA font-feature-liga-off font-feature-clig-off font-feature-calt-off text-decoration-none text-strikethrough-none\">egy t\u00f6bbc\u00e9l\u00fa term\u00e9k, amelyet a sz\u0151rzet feljav\u00edt\u00e1s\u00e1ra terveztek. Ide\u00e1lis a sz\u0151rzet volumen\u00e9nek \u00e9s tart\u00e1s\u00e1nak megad\u00e1s\u00e1ra, mik\u00f6zben term\u00e9szetes v\u00e9geredm\u00e9nyt biztos\u00edt. T\u00f6k\u00e9letes a kem\u00e9ny sz\u0151rzethez, jav\u00edtja a tapad\u00e1st \u00e9s megk\u00f6nny\u00edti a sz\u0151rtelen\u00edt\u00e9st. Alkalmas hossz\u00fa vagy r\u00f6vid sz\u0151r\u0171 kuty\u00e1k \u00e9s macsk\u00e1k sz\u00e1m\u00e1ra, an\u00e9lk\u00fcl, hogy elnehez\u00edten\u00e9 vagy \u00f6sszetapasztan\u00e1 a sz\u0151rt. Nem hagy l\u00e1that\u00f3 maradv\u00e1nyt, \u00e9s tiszteletben tartja a sz\u0151r \u00e9s a b\u0151r term\u00e9szet\u00e9t.    <\/span><\/p>\n<h2>Haszn\u00e1lati utas\u00edt\u00e1s<\/h2>\n<p class=\"cvGsUA direction-ltr align-start para-style-body\"><em><strong><span class=\"OYPEnA font-feature-liga-off font-feature-clig-off font-feature-calt-off text-decoration-none text-strikethrough-none\">Hold \u00e9s hanger\u0151 :<\/span><\/strong><\/em> <span class=\"OYPEnA font-feature-liga-off font-feature-clig-off font-feature-calt-off text-decoration-none text-strikethrough-none\">Sz\u00f3rja a hajt\u00f6vekre, \u00e9s koncentr\u00e1ljon azokra a ter\u00fcletekre, amelyeken t\u00e9rfogatot \u00e9s tart\u00e1st szeretne adni (pajesz, fels\u0151 csom\u00f3, stb.). Finoman f\u00e9s\u00fclje \u00e1t, hogy kiegyenl\u00edtse \u00e9s struktur\u00e1lja a form\u00e1t. <\/span><\/p>\n<p class=\"cvGsUA direction-ltr align-start para-style-body\"><em><strong><span class=\"OYPEnA font-feature-liga-off font-feature-clig-off font-feature-calt-off text-decoration-none text-strikethrough-none\">Sz\u0151rtelen\u00edt\u00e9s<\/span><span class=\"OYPEnA font-feature-liga-off font-feature-clig-off font-feature-calt-off text-decoration-none text-strikethrough-none\"> :<\/span><\/strong><\/em> <span class=\"OYPEnA font-feature-liga-off font-feature-clig-off font-feature-calt-off text-decoration-none text-strikethrough-none\">sz\u00f3rja az elt\u00e1vol\u00edtand\u00f3 hajsz\u00e1lakra. Folytassa az elt\u00e1vol\u00edt\u00e1st. Sz\u00f3rja r\u00e1 a nem gyant\u00e1zott hajhosszokra, \u00e9s \u00f3vatosan f\u00e9s\u00fclje \u00e1t, hogy a hajnak t\u00f6bb tart\u00e1st \u00e9s szerkezetet adjon.  <\/span><\/p>\n<h2>Csomagol\u00e1s<\/h2>\n<p>30 gramm<\/p>\n<h2>EAN-k\u00f3d<\/h2>\n<p>30 gramm :  <span class=\"OYPEnA font-feature-liga-off font-feature-clig-off font-feature-calt-off text-decoration-none text-strikethrough-none\">54 250 1685 812 7<\/span><\/p>\n<h2>Referencia<\/h2>\n<p>30 gramm :  <span class=\"OYPEnA font-feature-liga-off font-feature-clig-off font-feature-calt-off text-decoration-none text-strikethrough-none\">020330<\/span><\/p>\n","protected":false},"excerpt":{"rendered":"<p><span class=\"OYPEnA font-feature-liga-off font-feature-clig-off font-feature-calt-off text-decoration-none text-strikethrough-none\">T\u00e1mogatja a sz\u0151rzetet \u00e9s megk\u00f6nny\u00edti a kem\u00e9ny sz\u0151rsz\u00e1lak elt\u00e1vol\u00edt\u00e1s\u00e1t.<\/span><\/p>\n<p>&nbsp;<\/p>\n","protected":false},"featured_media":22667,"template":"","meta":{"site-sidebar-layout":"default","site-content-layout":"default","ast-site-content-layout":"default","site-content-style":"default","site-sidebar-style":"default","ast-global-header-display":"","ast-banner-title-visibility":"","ast-main-header-display":"","ast-hfb-above-header-display":"","ast-hfb-below-header-display":"","ast-hfb-mobile-header-display":"","site-post-title":"","ast-breadcrumbs-content":"","ast-featured-img":"","footer-sml-layout":"","ast-disable-related-posts":"","theme-transparent-header-meta":"default","adv-header-id-meta":"","stick-header-meta":"default","header-above-stick-meta":"","header-main-stick-meta":"","header-below-stick-meta":"","astra-migrate-meta-layouts":"set","ast-page-background-enabled":"default","ast-page-background-meta":{"desktop":{"background-color":"var(--ast-global-color-4)","background-image":"","background-repeat":"repeat","background-position":"center center","background-size":"auto","background-attachment":"scroll","background-type":"","background-media":"","overlay-type":"","overlay-color":"","overlay-opacity":"","overlay-gradient":""},"tablet":{"background-color":"","background-image":"","background-repeat":"repeat","background-position":"center center","background-size":"auto","background-attachment":"scroll","background-type":"","background-media":"","overlay-type":"","overlay-color":"","overlay-opacity":"","overlay-gradient":""},"mobile":{"background-color":"","background-image":"","background-repeat":"repeat","background-position":"center center","background-size":"auto","background-attachment":"scroll","background-type":"","background-media":"","overlay-type":"","overlay-color":"","overlay-opacity":"","overlay-gradient":""}},"ast-content-background-meta":{"desktop":{"background-color":"var(--ast-global-color-5)","background-image":"","background-repeat":"repeat","background-position":"center center","background-size":"auto","background-attachment":"scroll","background-type":"","background-media":"","overlay-type":"","overlay-color":"","overlay-opacity":"","overlay-gradient":""},"tablet":{"background-color":"var(--ast-global-color-5)","background-image":"","background-repeat":"repeat","background-position":"center center","background-size":"auto","background-attachment":"scroll","background-type":"","background-media":"","overlay-type":"","overlay-color":"","overlay-opacity":"","overlay-gradient":""},"mobile":{"background-color":"var(--ast-global-color-5)","background-image":"","background-repeat":"repeat","background-position":"center center","background-size":"auto","background-attachment":"scroll","background-type":"","background-media":"","overlay-type":"","overlay-color":"","overlay-opacity":"","overlay-gradient":""}}},"product_brand":[],"product_cat":[787],"product_tag":[],"class_list":{"0":"post-22582","1":"product","2":"type-product","3":"status-publish","4":"has-post-thumbnail","6":"product_cat-pure-hu","7":"pa_animal-kutya","8":"pa_animal-macska","9":"pa_proprietes-volumennovelo","10":"pa_type-de-poils-kemeny-haj","11":"desktop-align-left","12":"tablet-align-left","13":"mobile-align-left","14":"ast-product-gallery-layout-horizontal-slider","15":"ast-product-gallery-with-no-image","16":"ast-product-tabs-layout-horizontal","18":"first","19":"instock","20":"shipping-taxable","21":"product-type-simple"},"_links":{"self":[{"href":"https:\/\/www.laboratoire-diamex.com\/hu\/wp-json\/wp\/v2\/product\/22582","targetHints":{"allow":["GET"]}}],"collection":[{"href":"https:\/\/www.laboratoire-diamex.com\/hu\/wp-json\/wp\/v2\/product"}],"about":[{"href":"https:\/\/www.laboratoire-diamex.com\/hu\/wp-json\/wp\/v2\/types\/product"}],"version-history":[{"count":0,"href":"https:\/\/www.laboratoire-diamex.com\/hu\/wp-json\/wp\/v2\/product\/22582\/revisions"}],"wp:featuredmedia":[{"embeddable":true,"href":"https:\/\/www.laboratoire-diamex.com\/hu\/wp-json\/wp\/v2\/media\/22667"}],"wp:attachment":[{"href":"https:\/\/www.laboratoire-diamex.com\/hu\/wp-json\/wp\/v2\/media?parent=22582"}],"wp:term":[{"taxonomy":"product_brand","embeddable":true,"href":"https:\/\/www.laboratoire-diamex.com\/hu\/wp-json\/wp\/v2\/product_brand?post=22582"},{"taxonomy":"product_cat","embeddable":true,"href":"https:\/\/www.laboratoire-diamex.com\/hu\/wp-json\/wp\/v2\/product_cat?post=22582"},{"taxonomy":"product_tag","embeddable":true,"href":"https:\/\/www.laboratoire-diamex.com\/hu\/wp-json\/wp\/v2\/product_tag?post=22582"}],"curies":[{"name":"wp","href":"https:\/\/api.w.org\/{rel}","templated":true}]}}