{"id":22787,"date":"2025-04-30T11:17:32","date_gmt":"2025-04-30T09:17:32","guid":{"rendered":"https:\/\/www.laboratoire-diamex.com\/catalogue\/diamex-pure-moisture-shine-kondicionalo\/"},"modified":"2025-04-30T11:17:32","modified_gmt":"2025-04-30T09:17:32","slug":"diamex-pure-moisture-shine-kondicionalo","status":"publish","type":"product","link":"https:\/\/www.laboratoire-diamex.com\/hu\/katalogus\/diamex-pure-moisture-shine-kondicionalo\/","title":{"rendered":"Diamex PURE Moisture &amp; Shine kondicion\u00e1l\u00f3"},"content":{"rendered":"<h2>Le\u00edr\u00e1s<\/h2>\n<p>Diamex <strong>HYDRATATION &amp; BRILLANCE<\/strong> kondicion\u00e1l\u00f3 a <strong>PURE<\/strong> term\u00e9kcsal\u00e1db\u00f3l,    <span class=\"OYPEnA font-feature-liga-off font-feature-clig-off font-feature-calt-off text-decoration-none text-strikethrough-none\">Aloe Ver\u00e1val \u00e9s selyemfeh\u00e9rj\u00e9vel d\u00fas\u00edtva t\u00e1pl\u00e1lja a sz\u0151rzetet, mik\u00f6zben jav\u00edtja annak nedvess\u00e9gh\u00e1ztart\u00e1s\u00e1t. A-, B6- \u00e9s B9-vitaminjainak k\u00f6sz\u00f6nhet\u0151en az Aloe Vera m\u00e9lyen hidrat\u00e1l, a selyemfeh\u00e9rje pedig puh\u00e1v\u00e1 \u00e9s f\u00e9nyess\u00e9 teszi a sz\u0151rzetet an\u00e9lk\u00fcl, hogy elnehez\u00edten\u00e9 azt. A sz\u0151rzet intenz\u00edven hidrat\u00e1lt \u00e9s t\u00e1pl\u00e1lt, \u00edgy k\u00f6nnyebben sz\u00e1r\u00edthat\u00f3 \u00e9s f\u00fajhat\u00f3, f\u00e9nyes \u00e9s selymes tapint\u00e1s\u00fa lesz.<br \/>\n<\/span><\/p>\n<p><strong>Alkohol, szilikon \u00e9s sz\u00ednez\u0151anyagok n\u00e9lk\u00fcl k\u00e9sz\u00fclt.  <\/strong><\/p>\n<h2>Haszn\u00e1lati utas\u00edt\u00e1s<\/h2>\n<p><span class=\"OYPEnA font-feature-liga-off font-feature-clig-off font-feature-calt-off text-decoration-none text-strikethrough-none\">D\u00f6rzs\u00f6l\u00e9s n\u00e9lk\u00fcl csavarja ki a nedves hajat. Vigye fel egyenletesen a term\u00e9ket (finom haj eset\u00e9n ker\u00fclje a hajt\u00f6veket). Az optim\u00e1lis felsz\u00edv\u00f3d\u00e1s \u00e9rdek\u00e9ben hagyja a hajon 3-4 percig. Alaposan \u00f6bl\u00edtse ki.   <\/span><\/p>\n<h2>Csomagol\u00e1s<\/h2>\n<p>300 milliliter<\/p>\n<h2>EAN-k\u00f3d<\/h2>\n<p>300 milliliter :  <span class=\"OYPEnA font-feature-liga-off font-feature-clig-off font-feature-calt-off text-decoration-none text-strikethrough-none\">54 250 1685 814 1<\/span><\/p>\n<h2>Referencia<\/h2>\n<p>300 milliliter :  <span class=\"OYPEnA font-feature-liga-off font-feature-clig-off font-feature-calt-off text-decoration-none text-strikethrough-none\">020331<\/span><\/p>\n","protected":false},"excerpt":{"rendered":"<p>Hidrat\u00e1lja, v\u00e9di \u00e9s jav\u00edtja a kutya sz\u0151rzet\u00e9t.<\/p>\n","protected":false},"featured_media":26335,"template":"","meta":{"site-sidebar-layout":"default","site-content-layout":"","ast-site-content-layout":"default","site-content-style":"default","site-sidebar-style":"default","ast-global-header-display":"","ast-banner-title-visibility":"","ast-main-header-display":"","ast-hfb-above-header-display":"","ast-hfb-below-header-display":"","ast-hfb-mobile-header-display":"","site-post-title":"","ast-breadcrumbs-content":"","ast-featured-img":"","footer-sml-layout":"","ast-disable-related-posts":"","theme-transparent-header-meta":"default","adv-header-id-meta":"","stick-header-meta":"default","header-above-stick-meta":"","header-main-stick-meta":"","header-below-stick-meta":"","astra-migrate-meta-layouts":"default","ast-page-background-enabled":"default","ast-page-background-meta":{"desktop":{"background-color":"var(--ast-global-color-4)","background-image":"","background-repeat":"repeat","background-position":"center center","background-size":"auto","background-attachment":"scroll","background-type":"","background-media":"","overlay-type":"","overlay-color":"","overlay-opacity":"","overlay-gradient":""},"tablet":{"background-color":"","background-image":"","background-repeat":"repeat","background-position":"center center","background-size":"auto","background-attachment":"scroll","background-type":"","background-media":"","overlay-type":"","overlay-color":"","overlay-opacity":"","overlay-gradient":""},"mobile":{"background-color":"","background-image":"","background-repeat":"repeat","background-position":"center center","background-size":"auto","background-attachment":"scroll","background-type":"","background-media":"","overlay-type":"","overlay-color":"","overlay-opacity":"","overlay-gradient":""}},"ast-content-background-meta":{"desktop":{"background-color":"var(--ast-global-color-5)","background-image":"","background-repeat":"repeat","background-position":"center center","background-size":"auto","background-attachment":"scroll","background-type":"","background-media":"","overlay-type":"","overlay-color":"","overlay-opacity":"","overlay-gradient":""},"tablet":{"background-color":"var(--ast-global-color-5)","background-image":"","background-repeat":"repeat","background-position":"center center","background-size":"auto","background-attachment":"scroll","background-type":"","background-media":"","overlay-type":"","overlay-color":"","overlay-opacity":"","overlay-gradient":""},"mobile":{"background-color":"var(--ast-global-color-5)","background-image":"","background-repeat":"repeat","background-position":"center center","background-size":"auto","background-attachment":"scroll","background-type":"","background-media":"","overlay-type":"","overlay-color":"","overlay-opacity":"","overlay-gradient":""}}},"product_brand":[],"product_cat":[787],"product_tag":[],"class_list":{"0":"post-22787","1":"product","2":"type-product","3":"status-publish","4":"has-post-thumbnail","6":"product_cat-pure-hu","7":"pa_animal-kutya","8":"pa_proprietes-fenyesit","9":"pa_proprietes-hidratalo-krem","10":"pa_proprietes-taplalas","11":"pa_proprietes-vedo","12":"pa_type-de-poils-hosszu-haj","13":"desktop-align-left","14":"tablet-align-left","15":"mobile-align-left","16":"ast-product-gallery-layout-horizontal-slider","17":"ast-product-gallery-with-no-image","18":"ast-product-tabs-layout-horizontal","20":"first","21":"instock","22":"shipping-taxable","23":"product-type-simple"},"_links":{"self":[{"href":"https:\/\/www.laboratoire-diamex.com\/hu\/wp-json\/wp\/v2\/product\/22787","targetHints":{"allow":["GET"]}}],"collection":[{"href":"https:\/\/www.laboratoire-diamex.com\/hu\/wp-json\/wp\/v2\/product"}],"about":[{"href":"https:\/\/www.laboratoire-diamex.com\/hu\/wp-json\/wp\/v2\/types\/product"}],"version-history":[{"count":0,"href":"https:\/\/www.laboratoire-diamex.com\/hu\/wp-json\/wp\/v2\/product\/22787\/revisions"}],"wp:featuredmedia":[{"embeddable":true,"href":"https:\/\/www.laboratoire-diamex.com\/hu\/wp-json\/wp\/v2\/media\/26335"}],"wp:attachment":[{"href":"https:\/\/www.laboratoire-diamex.com\/hu\/wp-json\/wp\/v2\/media?parent=22787"}],"wp:term":[{"taxonomy":"product_brand","embeddable":true,"href":"https:\/\/www.laboratoire-diamex.com\/hu\/wp-json\/wp\/v2\/product_brand?post=22787"},{"taxonomy":"product_cat","embeddable":true,"href":"https:\/\/www.laboratoire-diamex.com\/hu\/wp-json\/wp\/v2\/product_cat?post=22787"},{"taxonomy":"product_tag","embeddable":true,"href":"https:\/\/www.laboratoire-diamex.com\/hu\/wp-json\/wp\/v2\/product_tag?post=22787"}],"curies":[{"name":"wp","href":"https:\/\/api.w.org\/{rel}","templated":true}]}}