{"id":24362,"date":"2025-08-11T11:42:17","date_gmt":"2025-08-11T09:42:17","guid":{"rendered":"https:\/\/www.laboratoire-diamex.com\/catalogue\/diamex-shedcontrol-sampon\/"},"modified":"2025-08-11T11:42:17","modified_gmt":"2025-08-11T09:42:17","slug":"diamex-shedcontrol-sampon","status":"publish","type":"product","link":"https:\/\/www.laboratoire-diamex.com\/hu\/katalogus\/diamex-shedcontrol-sampon\/","title":{"rendered":"Diamex ShedControl sampon"},"content":{"rendered":"<h2>Le\u00edr\u00e1s<\/h2>\n<p>Diamex sampon<strong>  SHEDCONTROL<\/strong> <span class=\"OYPEnA font-feature-liga-off font-feature-clig-off font-feature-calt-off text-decoration-none text-strikethrough-none\">megfelel a s\u0171r\u0171 bund\u00e1j\u00fa vagy vedl\u00e9sre hajlamos \u00e1llatok ig\u00e9nyeinek. Ide\u00e1lis kett\u0151s sz\u0151rzet\u0171 kuty\u00e1k, er\u0151sen vedl\u0151 r\u00f6vidsz\u0151r\u0171 kuty\u00e1k \u00e9s macsk\u00e1k sz\u00e1m\u00e1ra. Ez a gyeng\u00e9d sampon seg\u00edt elt\u00e1vol\u00edtani az elhalt sz\u0151rsz\u00e1lakat, korl\u00e1tozza a vedl\u00e9st \u00e9s el\u0151seg\u00edti az eg\u00e9szs\u00e9ges \u00fajran\u00f6veked\u00e9st. Hidrat\u00e1l\u00f3 hat\u00f3anyagokkal gazdag\u00edtva k\u00edm\u00e9li a b\u0151rt \u00e9s a sz\u0151rzetet.   <\/span><\/p>\n<h2>Haszn\u00e1lati utas\u00edt\u00e1s<\/h2>\n<p><span class=\"OYPEnA font-feature-liga-off font-feature-clig-off font-feature-calt-off text-decoration-none text-strikethrough-none\">Egy kezdeti adag sampont egyenletesen vigyen fel a meleg v\u00edzzel benedves\u00edtett hajra. Massz\u00edrozza be \u00e9s r\u00e9szlegesen \u00f6bl\u00edtse ki. Alkalmazzon egy m\u00e1sodik adagot. Hagyja hatni 2-5 percig. Massz\u00edrozza be m\u00e9g egyszer alaposan. Kef\u00e9vel t\u00e1vol\u00edtsa el az elhalt hajsz\u00e1lakat. Alaposan \u00f6bl\u00edtse ki \u00e9s f\u00fajja sz\u00e1razra.      <\/span><\/p>\n<h2>Csomagol\u00e1s<\/h2>\n<p>1 literes \u00e9s 5 literes.<\/p>\n<h2>EAN-k\u00f3dok<\/h2>\n<p>1 liter :  <span class=\"OYPEnA font-feature-liga-off font-feature-clig-off font-feature-calt-off text-decoration-none text-strikethrough-none\">54 250 1685 822 6<\/span><br \/>\n<span style=\"font-size: 16px;\">5 liter: 54 250 1685 <span class=\"OYPEnA font-feature-liga-off font-feature-clig-off font-feature-calt-off text-decoration-none text-strikethrough-none\">823 3<\/span><\/span><\/p>\n<h2>Hivatkoz\u00e1sok<\/h2>\n<p><span style=\"font-size: 16px;\">1 liter: <span class=\"OYPEnA font-feature-liga-off font-feature-clig-off font-feature-calt-off text-decoration-none text-strikethrough-none\">020345<\/span><br \/>\n<\/span>5 liter: <span class=\"OYPEnA font-feature-liga-off font-feature-clig-off font-feature-calt-off text-decoration-none text-strikethrough-none\">020346<\/span><\/p>\n","protected":false},"excerpt":{"rendered":"<p>Sampon, amely hat\u00e9konyan elt\u00e1vol\u00edtja az elhalt sz\u0151rsz\u00e1lakat \u00e9s el\u0151seg\u00edti az eg\u00e9szs\u00e9ges sz\u0151rn\u00f6veked\u00e9st, ide\u00e1lis a s\u0171r\u0171 sz\u0151rzet\u0171 vagy sokat vedl\u0151 \u00e1llatok sz\u00e1m\u00e1ra.<\/p>\n","protected":false},"featured_media":24309,"template":"","meta":{"site-sidebar-layout":"default","site-content-layout":"","ast-site-content-layout":"default","site-content-style":"default","site-sidebar-style":"default","ast-global-header-display":"","ast-banner-title-visibility":"","ast-main-header-display":"","ast-hfb-above-header-display":"","ast-hfb-below-header-display":"","ast-hfb-mobile-header-display":"","site-post-title":"","ast-breadcrumbs-content":"","ast-featured-img":"","footer-sml-layout":"","ast-disable-related-posts":"","theme-transparent-header-meta":"default","adv-header-id-meta":"","stick-header-meta":"default","header-above-stick-meta":"","header-main-stick-meta":"","header-below-stick-meta":"","astra-migrate-meta-layouts":"default","ast-page-background-enabled":"default","ast-page-background-meta":{"desktop":{"background-color":"var(--ast-global-color-4)","background-image":"","background-repeat":"repeat","background-position":"center center","background-size":"auto","background-attachment":"scroll","background-type":"","background-media":"","overlay-type":"","overlay-color":"","overlay-opacity":"","overlay-gradient":""},"tablet":{"background-color":"","background-image":"","background-repeat":"repeat","background-position":"center center","background-size":"auto","background-attachment":"scroll","background-type":"","background-media":"","overlay-type":"","overlay-color":"","overlay-opacity":"","overlay-gradient":""},"mobile":{"background-color":"","background-image":"","background-repeat":"repeat","background-position":"center center","background-size":"auto","background-attachment":"scroll","background-type":"","background-media":"","overlay-type":"","overlay-color":"","overlay-opacity":"","overlay-gradient":""}},"ast-content-background-meta":{"desktop":{"background-color":"var(--ast-global-color-5)","background-image":"","background-repeat":"repeat","background-position":"center center","background-size":"auto","background-attachment":"scroll","background-type":"","background-media":"","overlay-type":"","overlay-color":"","overlay-opacity":"","overlay-gradient":""},"tablet":{"background-color":"var(--ast-global-color-5)","background-image":"","background-repeat":"repeat","background-position":"center center","background-size":"auto","background-attachment":"scroll","background-type":"","background-media":"","overlay-type":"","overlay-color":"","overlay-opacity":"","overlay-gradient":""},"mobile":{"background-color":"var(--ast-global-color-5)","background-image":"","background-repeat":"repeat","background-position":"center center","background-size":"auto","background-attachment":"scroll","background-type":"","background-media":"","overlay-type":"","overlay-color":"","overlay-opacity":"","overlay-gradient":""}}},"product_brand":[],"product_cat":[755],"product_tag":[],"class_list":{"0":"post-24362","1":"product","2":"type-product","3":"status-publish","4":"has-post-thumbnail","6":"product_cat-classique-hu","7":"pa_animal-kutya","8":"pa_animal-macska","9":"pa_proprietes-erosito","10":"pa_proprietes-hajhullas-megelozes","11":"pa_proprietes-hidratalo-krem","12":"pa_type-de-poils-hosszu-haj","13":"pa_type-de-poils-kemeny-haj","14":"pa_type-de-poils-minden-tipus","15":"pa_type-de-poils-rovid-haj","16":"desktop-align-left","17":"tablet-align-left","18":"mobile-align-left","19":"ast-product-gallery-layout-horizontal-slider","20":"ast-product-tabs-layout-horizontal","22":"first","23":"instock","24":"shipping-taxable","25":"product-type-simple"},"_links":{"self":[{"href":"https:\/\/www.laboratoire-diamex.com\/hu\/wp-json\/wp\/v2\/product\/24362","targetHints":{"allow":["GET"]}}],"collection":[{"href":"https:\/\/www.laboratoire-diamex.com\/hu\/wp-json\/wp\/v2\/product"}],"about":[{"href":"https:\/\/www.laboratoire-diamex.com\/hu\/wp-json\/wp\/v2\/types\/product"}],"version-history":[{"count":0,"href":"https:\/\/www.laboratoire-diamex.com\/hu\/wp-json\/wp\/v2\/product\/24362\/revisions"}],"wp:featuredmedia":[{"embeddable":true,"href":"https:\/\/www.laboratoire-diamex.com\/hu\/wp-json\/wp\/v2\/media\/24309"}],"wp:attachment":[{"href":"https:\/\/www.laboratoire-diamex.com\/hu\/wp-json\/wp\/v2\/media?parent=24362"}],"wp:term":[{"taxonomy":"product_brand","embeddable":true,"href":"https:\/\/www.laboratoire-diamex.com\/hu\/wp-json\/wp\/v2\/product_brand?post=24362"},{"taxonomy":"product_cat","embeddable":true,"href":"https:\/\/www.laboratoire-diamex.com\/hu\/wp-json\/wp\/v2\/product_cat?post=24362"},{"taxonomy":"product_tag","embeddable":true,"href":"https:\/\/www.laboratoire-diamex.com\/hu\/wp-json\/wp\/v2\/product_tag?post=24362"}],"curies":[{"name":"wp","href":"https:\/\/api.w.org\/{rel}","templated":true}]}}