{"id":9999,"date":"2023-07-11T13:00:36","date_gmt":"2023-07-11T11:00:36","guid":{"rendered":"https:\/\/www.laboratoire-diamex.com\/catalogue\/diamex-bio-technic-hajhullas-elleni-sampon\/"},"modified":"2024-07-03T10:35:25","modified_gmt":"2024-07-03T08:35:25","slug":"diamex-bio-technic-hajhullas-elleni-sampon","status":"publish","type":"product","link":"https:\/\/www.laboratoire-diamex.com\/hu\/katalogus\/diamex-bio-technic-hajhullas-elleni-sampon\/","title":{"rendered":"Diamex BIO-TECHNIC Anti-Hajhull\u00e1s sampon"},"content":{"rendered":"<h2>Le\u00edr\u00e1s<\/h2>\n<p>Ez a n\u00f6v\u00e9nyi alap\u00fa sampon 99,9%-ban term\u00e9szetes eredet\u0171 \u00f6sszetev\u0151ket tartalmaz. Aloe Vera g\u00e9llel \u00e9s szappanf\u0171lev\u00e9l kivonattal gazdag\u00edtva minden hajt\u00edpusra alkalmas.<\/p>\n<p>A regener\u00e1l\u00f3 tulajdons\u00e1gair\u00f3l ismert brokkolimagolaj serkenti a sejtek aktivit\u00e1s\u00e1t. A bio ricinusolaj t\u00e1pl\u00e1lja a hajat \u00e9s \u00f6szt\u00f6nzi a visszan\u00f6v\u00e9st.<\/p>\n<p>Garant\u00e1ltan petrolk\u00e9mia-, parab\u00e9n-, sz\u00ednez\u00e9k-, szintetikus illatanyag- \u00e9s szilikonmentes.<\/p>\n<h2>Csomagol\u00e1s<\/h2>\n<p>200 milliliter, 1 liter \u00e9s 5 liter.<\/p>\n<h2>Haszn\u00e1lati utas\u00edt\u00e1s<\/h2>\n<p>Alaposan nedves\u00edtse be \u00e9s massz\u00edrozza be a sampont az eg\u00e9sz sz\u0151rzetbe, majd alaposan \u00f6bl\u00edtse le. Ker\u00fclje a szemmel val\u00f3 \u00e9rintkez\u00e9st.<\/p>\n<h2>H\u00edg\u00edt\u00e1s<\/h2>\n<p>60 ml term\u00e9k 1 liter v\u00edzhez.<\/p>\n<h2>Tulajdons\u00e1gok<\/h2>\n<p>&#8211;<\/p>\n<h2>Haszn\u00e1lati utas\u00edt\u00e1s<\/h2>\n<p>&#8211;<\/p>\n<h2>\u00d6sszet\u00e9tel<\/h2>\n<p>&#8211;<\/p>\n<h2>EAN-k\u00f3dok<\/h2>\n<ul>\n<li>200 milliliter: 54 250 1685 653 6<\/li>\n<li>1 liter :<\/li>\n<li>5 liter:<\/li>\n<\/ul>\n<h2>Referenci\u00e1k<\/h2>\n<ul>\n<li>200 milliliter : 5301430<\/li>\n<li>1 liter : 5301450<\/li>\n<li>5 literes : 5301460<\/li>\n<\/ul>\n","protected":false},"excerpt":{"rendered":"<p>Ez a n\u00f6v\u00e9nyi alap\u00fa sampon 99,9%-ban term\u00e9szetes eredet\u0171 \u00f6sszetev\u0151ket tartalmaz. Aloe Vera g\u00e9llel \u00e9s szappanf\u0171lev\u00e9l kivonattal gazdag\u00edtva minden hajt\u00edpusra alkalmas.<\/p>\n","protected":false},"featured_media":10007,"template":"","meta":{"site-sidebar-layout":"default","site-content-layout":"default","ast-site-content-layout":"default","site-content-style":"default","site-sidebar-style":"default","ast-global-header-display":"","ast-banner-title-visibility":"","ast-main-header-display":"","ast-hfb-above-header-display":"","ast-hfb-below-header-display":"","ast-hfb-mobile-header-display":"","site-post-title":"","ast-breadcrumbs-content":"","ast-featured-img":"","footer-sml-layout":"","ast-disable-related-posts":"","theme-transparent-header-meta":"default","adv-header-id-meta":"","stick-header-meta":"default","header-above-stick-meta":"","header-main-stick-meta":"","header-below-stick-meta":"","astra-migrate-meta-layouts":"default","ast-page-background-enabled":"default","ast-page-background-meta":{"desktop":{"background-color":"var(--ast-global-color-4)","background-image":"","background-repeat":"repeat","background-position":"center center","background-size":"auto","background-attachment":"scroll","background-type":"","background-media":"","overlay-type":"","overlay-color":"","overlay-opacity":"","overlay-gradient":""},"tablet":{"background-color":"","background-image":"","background-repeat":"repeat","background-position":"center center","background-size":"auto","background-attachment":"scroll","background-type":"","background-media":"","overlay-type":"","overlay-color":"","overlay-opacity":"","overlay-gradient":""},"mobile":{"background-color":"","background-image":"","background-repeat":"repeat","background-position":"center center","background-size":"auto","background-attachment":"scroll","background-type":"","background-media":"","overlay-type":"","overlay-color":"","overlay-opacity":"","overlay-gradient":""}},"ast-content-background-meta":{"desktop":{"background-color":"var(--ast-global-color-5)","background-image":"","background-repeat":"repeat","background-position":"center center","background-size":"auto","background-attachment":"scroll","background-type":"","background-media":"","overlay-type":"","overlay-color":"","overlay-opacity":"","overlay-gradient":""},"tablet":{"background-color":"var(--ast-global-color-5)","background-image":"","background-repeat":"repeat","background-position":"center center","background-size":"auto","background-attachment":"scroll","background-type":"","background-media":"","overlay-type":"","overlay-color":"","overlay-opacity":"","overlay-gradient":""},"mobile":{"background-color":"var(--ast-global-color-5)","background-image":"","background-repeat":"repeat","background-position":"center center","background-size":"auto","background-attachment":"scroll","background-type":"","background-media":"","overlay-type":"","overlay-color":"","overlay-opacity":"","overlay-gradient":""}}},"product_brand":[],"product_cat":[823],"product_tag":[],"class_list":{"0":"post-9999","1":"product","2":"type-product","3":"status-publish","4":"has-post-thumbnail","6":"product_cat-vegetale-hu","7":"pa_animal-kutya","8":"pa_proprietes-erosito","9":"pa_proprietes-hajhullas-megelozes","10":"pa_proprietes-regeneralo","11":"pa_proprietes-taplalas","12":"pa_specificites-novenyi","13":"pa_type-de-poils-hosszu-haj","14":"pa_type-de-poils-minden-tipus","15":"pa_type-de-poils-rovid-haj","16":"desktop-align-left","17":"tablet-align-left","18":"mobile-align-left","19":"ast-product-gallery-layout-horizontal-slider","20":"ast-product-gallery-with-no-image","21":"ast-product-tabs-layout-horizontal","23":"first","24":"instock","25":"shipping-taxable","26":"product-type-simple"},"_links":{"self":[{"href":"https:\/\/www.laboratoire-diamex.com\/hu\/wp-json\/wp\/v2\/product\/9999","targetHints":{"allow":["GET"]}}],"collection":[{"href":"https:\/\/www.laboratoire-diamex.com\/hu\/wp-json\/wp\/v2\/product"}],"about":[{"href":"https:\/\/www.laboratoire-diamex.com\/hu\/wp-json\/wp\/v2\/types\/product"}],"version-history":[{"count":0,"href":"https:\/\/www.laboratoire-diamex.com\/hu\/wp-json\/wp\/v2\/product\/9999\/revisions"}],"wp:featuredmedia":[{"embeddable":true,"href":"https:\/\/www.laboratoire-diamex.com\/hu\/wp-json\/wp\/v2\/media\/10007"}],"wp:attachment":[{"href":"https:\/\/www.laboratoire-diamex.com\/hu\/wp-json\/wp\/v2\/media?parent=9999"}],"wp:term":[{"taxonomy":"product_brand","embeddable":true,"href":"https:\/\/www.laboratoire-diamex.com\/hu\/wp-json\/wp\/v2\/product_brand?post=9999"},{"taxonomy":"product_cat","embeddable":true,"href":"https:\/\/www.laboratoire-diamex.com\/hu\/wp-json\/wp\/v2\/product_cat?post=9999"},{"taxonomy":"product_tag","embeddable":true,"href":"https:\/\/www.laboratoire-diamex.com\/hu\/wp-json\/wp\/v2\/product_tag?post=9999"}],"curies":[{"name":"wp","href":"https:\/\/api.w.org\/{rel}","templated":true}]}}