{"id":11069,"date":"2023-07-11T13:00:18","date_gmt":"2023-07-11T11:00:18","guid":{"rendered":"https:\/\/www.laboratoire-diamex.com\/catalogue\/diamex-provencal-lavendel-shampoo\/"},"modified":"2024-06-26T15:06:41","modified_gmt":"2024-06-26T13:06:41","slug":"diamex-provencal-lavendel-shampoo","status":"publish","type":"product","link":"https:\/\/www.laboratoire-diamex.com\/nl\/catalogus\/diamex-provencal-lavendel-shampoo\/","title":{"rendered":"Diamex PROVEN\u00c7AL Lavendel shampoo"},"content":{"rendered":"<h2>Beschrijving<\/h2>\n<p>Lavendel shampoo uit het Proven\u00e7aalse assortiment is verrijkt met essenti\u00eble lavendeloli\u00ebn, die bekend staan om hun kalmerende werking. Deze shampoo kalmeert de ge\u00efrriteerde huid en ontspant je huisdier.<\/p>\n<h2>Verpakking<\/h2>\n<p>200 milliliter, 1 liter, 5 liter en 25 liter.<\/p>\n<h2>Gebruiksaanwijzing<\/h2>\n<p>Maak de vacht nat, breng de shampoo verdund of onverdund aan over het hele lichaam en masseer zachtjes. Vermijd contact met de ogen.<\/p>\n<h2>Verdunning<\/h2>\n<p>125 milliliter product voor 1 liter water.<\/p>\n<h2>Eigenschappen<\/h2>\n<p>&#8211;<\/p>\n<h2>Aanwijzingen voor gebruik<\/h2>\n<p>&#8211;<\/p>\n<h2>Samenstelling<\/h2>\n<p>Aqua, natriumlaurethsulfaat, theelaurylsulfaat, cocamidopropylbetaine, cocamide dea en glycerol, natriumchloride, glycerine, lavandula angustifolia-olie, citroenzuur, natriumbenzoaat, kleurstof, kaliumsorbaat.<\/p>\n<h2>EAN-codes<\/h2>\n<ul>\n<li>200 milliliter: 54 250 1685 121 0<\/li>\n<li>1 liter: 54 250 1685 269 9<\/li>\n<li>5 liter: 54 250 1685 270 5<\/li>\n<li>25 liter :<\/li>\n<\/ul>\n<h2>Referenties<\/h2>\n<ul>\n<li>200 milliliter : 020082<\/li>\n<li>1 liter : 020083<\/li>\n<li>5 liter : 020084<\/li>\n<li>25 liter : 020085<\/li>\n<\/ul>\n","protected":false},"excerpt":{"rendered":"<p>Lavendel shampoo uit het Proven\u00e7aalse assortiment is verrijkt met essenti\u00eble lavendeloli\u00ebn, die bekend staan om hun kalmerende werking.<\/p>\n","protected":false},"featured_media":11080,"template":"","meta":{"site-sidebar-layout":"default","site-content-layout":"default","ast-site-content-layout":"default","site-content-style":"default","site-sidebar-style":"default","ast-global-header-display":"","ast-banner-title-visibility":"","ast-main-header-display":"","ast-hfb-above-header-display":"","ast-hfb-below-header-display":"","ast-hfb-mobile-header-display":"","site-post-title":"","ast-breadcrumbs-content":"","ast-featured-img":"","footer-sml-layout":"","ast-disable-related-posts":"","theme-transparent-header-meta":"default","adv-header-id-meta":"","stick-header-meta":"default","header-above-stick-meta":"","header-main-stick-meta":"","header-below-stick-meta":"","astra-migrate-meta-layouts":"default","ast-page-background-enabled":"default","ast-page-background-meta":{"desktop":{"background-color":"var(--ast-global-color-4)","background-image":"","background-repeat":"repeat","background-position":"center center","background-size":"auto","background-attachment":"scroll","background-type":"","background-media":"","overlay-type":"","overlay-color":"","overlay-opacity":"","overlay-gradient":""},"tablet":{"background-color":"","background-image":"","background-repeat":"repeat","background-position":"center center","background-size":"auto","background-attachment":"scroll","background-type":"","background-media":"","overlay-type":"","overlay-color":"","overlay-opacity":"","overlay-gradient":""},"mobile":{"background-color":"","background-image":"","background-repeat":"repeat","background-position":"center center","background-size":"auto","background-attachment":"scroll","background-type":"","background-media":"","overlay-type":"","overlay-color":"","overlay-opacity":"","overlay-gradient":""}},"ast-content-background-meta":{"desktop":{"background-color":"var(--ast-global-color-5)","background-image":"","background-repeat":"repeat","background-position":"center center","background-size":"auto","background-attachment":"scroll","background-type":"","background-media":"","overlay-type":"","overlay-color":"","overlay-opacity":"","overlay-gradient":""},"tablet":{"background-color":"var(--ast-global-color-5)","background-image":"","background-repeat":"repeat","background-position":"center center","background-size":"auto","background-attachment":"scroll","background-type":"","background-media":"","overlay-type":"","overlay-color":"","overlay-opacity":"","overlay-gradient":""},"mobile":{"background-color":"var(--ast-global-color-5)","background-image":"","background-repeat":"repeat","background-position":"center center","background-size":"auto","background-attachment":"scroll","background-type":"","background-media":"","overlay-type":"","overlay-color":"","overlay-opacity":"","overlay-gradient":""}}},"product_brand":[],"product_cat":[815],"product_tag":[],"class_list":{"0":"post-11069","1":"product","2":"type-product","3":"status-publish","4":"has-post-thumbnail","6":"product_cat-provencal-nl","7":"pa_type-de-poils-elk-type","8":"pa_type-de-poils-kort-haar","9":"pa_type-de-poils-lang-haar","10":"desktop-align-left","11":"tablet-align-left","12":"mobile-align-left","13":"ast-product-gallery-layout-horizontal-slider","14":"ast-product-gallery-with-no-image","15":"ast-product-tabs-layout-horizontal","17":"first","18":"instock","19":"shipping-taxable","20":"product-type-simple"},"_links":{"self":[{"href":"https:\/\/www.laboratoire-diamex.com\/nl\/wp-json\/wp\/v2\/product\/11069","targetHints":{"allow":["GET"]}}],"collection":[{"href":"https:\/\/www.laboratoire-diamex.com\/nl\/wp-json\/wp\/v2\/product"}],"about":[{"href":"https:\/\/www.laboratoire-diamex.com\/nl\/wp-json\/wp\/v2\/types\/product"}],"version-history":[{"count":0,"href":"https:\/\/www.laboratoire-diamex.com\/nl\/wp-json\/wp\/v2\/product\/11069\/revisions"}],"wp:featuredmedia":[{"embeddable":true,"href":"https:\/\/www.laboratoire-diamex.com\/nl\/wp-json\/wp\/v2\/media\/11080"}],"wp:attachment":[{"href":"https:\/\/www.laboratoire-diamex.com\/nl\/wp-json\/wp\/v2\/media?parent=11069"}],"wp:term":[{"taxonomy":"product_brand","embeddable":true,"href":"https:\/\/www.laboratoire-diamex.com\/nl\/wp-json\/wp\/v2\/product_brand?post=11069"},{"taxonomy":"product_cat","embeddable":true,"href":"https:\/\/www.laboratoire-diamex.com\/nl\/wp-json\/wp\/v2\/product_cat?post=11069"},{"taxonomy":"product_tag","embeddable":true,"href":"https:\/\/www.laboratoire-diamex.com\/nl\/wp-json\/wp\/v2\/product_tag?post=11069"}],"curies":[{"name":"wp","href":"https:\/\/api.w.org\/{rel}","templated":true}]}}