{"id":11227,"date":"2023-07-11T13:00:17","date_gmt":"2023-07-11T11:00:17","guid":{"rendered":"https:\/\/www.laboratoire-diamex.com\/catalogue\/diamex-bio-technic-deo-mondverzorging\/"},"modified":"2024-06-26T15:07:27","modified_gmt":"2024-06-26T13:07:27","slug":"diamex-bio-technic-deo-mondverzorging","status":"publish","type":"product","link":"https:\/\/www.laboratoire-diamex.com\/nl\/catalogus\/diamex-bio-technic-deo-mondverzorging\/","title":{"rendered":"Diamex BIO-TECHNIC Deo Buccal mondverzorging"},"content":{"rendered":"<h2>Beschrijving<\/h2>\n<p>Dit mondverzorgingsproduct voor honden onderhoudt de hygi\u00ebne van de mond van je hond. De essenti\u00eble oli\u00ebn in dit product voorkomen de opbouw van tandsteen, een slechte adem en irritatie van het tandvlees.<\/p>\n<h2>Verpakking<\/h2>\n<p>50 milliliter en 1 liter.<\/p>\n<h2>Gebruiksaanwijzing<\/h2>\n<p>Spuit de tanden van de hond \u00e9\u00e9n keer per dag. Niet borstelen of afspoelen.<\/p>\n<h2>Eigenschappen<\/h2>\n<p>&#8211;<\/p>\n<h2>Aanwijzingen voor gebruik<\/h2>\n<p>&#8211;<\/p>\n<h2>Samenstelling<\/h2>\n<p>Eugenia caryophyllus, melaleuca alternifolia, litsea citrata, citruc senensis<\/p>\n<h2>EAN-codes<\/h2>\n<ul>\n<li>50 milliliter: 54 250 1685 076 3<\/li>\n<li>1 liter: 54 250 1685 316 0<\/li>\n<\/ul>\n<h2>Referenties<\/h2>\n<ul>\n<li>50 milliliter : 5301370<\/li>\n<li>1 liter : 5301380<\/li>\n<\/ul>\n","protected":false},"excerpt":{"rendered":"<p>Dit mondverzorgingsproduct voor honden onderhoudt de hygi\u00ebne van de mond van je hond.<\/p>\n","protected":false},"featured_media":11236,"template":"","meta":{"site-sidebar-layout":"default","site-content-layout":"default","ast-site-content-layout":"default","site-content-style":"default","site-sidebar-style":"default","ast-global-header-display":"","ast-banner-title-visibility":"","ast-main-header-display":"","ast-hfb-above-header-display":"","ast-hfb-below-header-display":"","ast-hfb-mobile-header-display":"","site-post-title":"","ast-breadcrumbs-content":"","ast-featured-img":"","footer-sml-layout":"","ast-disable-related-posts":"","theme-transparent-header-meta":"default","adv-header-id-meta":"","stick-header-meta":"default","header-above-stick-meta":"","header-main-stick-meta":"","header-below-stick-meta":"","astra-migrate-meta-layouts":"default","ast-page-background-enabled":"default","ast-page-background-meta":{"desktop":{"background-color":"var(--ast-global-color-4)","background-image":"","background-repeat":"repeat","background-position":"center center","background-size":"auto","background-attachment":"scroll","background-type":"","background-media":"","overlay-type":"","overlay-color":"","overlay-opacity":"","overlay-gradient":""},"tablet":{"background-color":"","background-image":"","background-repeat":"repeat","background-position":"center center","background-size":"auto","background-attachment":"scroll","background-type":"","background-media":"","overlay-type":"","overlay-color":"","overlay-opacity":"","overlay-gradient":""},"mobile":{"background-color":"","background-image":"","background-repeat":"repeat","background-position":"center center","background-size":"auto","background-attachment":"scroll","background-type":"","background-media":"","overlay-type":"","overlay-color":"","overlay-opacity":"","overlay-gradient":""}},"ast-content-background-meta":{"desktop":{"background-color":"var(--ast-global-color-5)","background-image":"","background-repeat":"repeat","background-position":"center center","background-size":"auto","background-attachment":"scroll","background-type":"","background-media":"","overlay-type":"","overlay-color":"","overlay-opacity":"","overlay-gradient":""},"tablet":{"background-color":"var(--ast-global-color-5)","background-image":"","background-repeat":"repeat","background-position":"center center","background-size":"auto","background-attachment":"scroll","background-type":"","background-media":"","overlay-type":"","overlay-color":"","overlay-opacity":"","overlay-gradient":""},"mobile":{"background-color":"var(--ast-global-color-5)","background-image":"","background-repeat":"repeat","background-position":"center center","background-size":"auto","background-attachment":"scroll","background-type":"","background-media":"","overlay-type":"","overlay-color":"","overlay-opacity":"","overlay-gradient":""}}},"product_brand":[],"product_cat":[826],"product_tag":[],"class_list":{"0":"post-11227","1":"product","2":"type-product","3":"status-publish","4":"has-post-thumbnail","6":"product_cat-vegetale-nl","7":"pa_animal-hond","8":"pa_specificites-plantaardig","9":"desktop-align-left","10":"tablet-align-left","11":"mobile-align-left","12":"ast-product-gallery-layout-horizontal-slider","13":"ast-product-gallery-with-no-image","14":"ast-product-tabs-layout-horizontal","16":"first","17":"instock","18":"shipping-taxable","19":"product-type-simple"},"_links":{"self":[{"href":"https:\/\/www.laboratoire-diamex.com\/nl\/wp-json\/wp\/v2\/product\/11227","targetHints":{"allow":["GET"]}}],"collection":[{"href":"https:\/\/www.laboratoire-diamex.com\/nl\/wp-json\/wp\/v2\/product"}],"about":[{"href":"https:\/\/www.laboratoire-diamex.com\/nl\/wp-json\/wp\/v2\/types\/product"}],"version-history":[{"count":0,"href":"https:\/\/www.laboratoire-diamex.com\/nl\/wp-json\/wp\/v2\/product\/11227\/revisions"}],"wp:featuredmedia":[{"embeddable":true,"href":"https:\/\/www.laboratoire-diamex.com\/nl\/wp-json\/wp\/v2\/media\/11236"}],"wp:attachment":[{"href":"https:\/\/www.laboratoire-diamex.com\/nl\/wp-json\/wp\/v2\/media?parent=11227"}],"wp:term":[{"taxonomy":"product_brand","embeddable":true,"href":"https:\/\/www.laboratoire-diamex.com\/nl\/wp-json\/wp\/v2\/product_brand?post=11227"},{"taxonomy":"product_cat","embeddable":true,"href":"https:\/\/www.laboratoire-diamex.com\/nl\/wp-json\/wp\/v2\/product_cat?post=11227"},{"taxonomy":"product_tag","embeddable":true,"href":"https:\/\/www.laboratoire-diamex.com\/nl\/wp-json\/wp\/v2\/product_tag?post=11227"}],"curies":[{"name":"wp","href":"https:\/\/api.w.org\/{rel}","templated":true}]}}