{"id":22734,"date":"2025-04-30T11:17:32","date_gmt":"2025-04-30T09:17:32","guid":{"rendered":"https:\/\/www.laboratoire-diamex.com\/catalogue\/diamex-pure-vochtinbrengende-en-glanzende-conditioner\/"},"modified":"2025-04-30T11:17:32","modified_gmt":"2025-04-30T09:17:32","slug":"diamex-pure-vochtinbrengende-en-glanzende-conditioner","status":"publish","type":"product","link":"https:\/\/www.laboratoire-diamex.com\/nl\/catalogus\/diamex-pure-vochtinbrengende-en-glanzende-conditioner\/","title":{"rendered":"Diamex PURE vochtinbrengende en glanzende conditioner"},"content":{"rendered":"<h2>Beschrijving<\/h2>\n<p>Diamex <strong>HYDRATATION &amp; BRILLANCE<\/strong> conditioner uit het <strong>PURE<\/strong> assortiment,    <span class=\"OYPEnA font-feature-liga-off font-feature-clig-off font-feature-calt-off text-decoration-none text-strikethrough-none\">verrijkt met alo\u00eb vera en zijdeprote\u00efnen, voedt de vacht en verbetert de vochtbalans. Dankzij de vitaminen A, B6 en B9 hydrateert Alo\u00eb Vera diep, terwijl zijdeprote\u00efne zachtheid en glans toevoegt zonder de vacht te verzwaren. De vacht is intens gehydrateerd en gevoed, waardoor hij gemakkelijker droogt en f\u00f6hnt, voor een glanzende afwerking en een zijdezacht gevoel.<br \/>\n<\/span><\/p>\n<p><strong>Samengesteld zonder alcohol, siliconen of kleurstoffen.  <\/strong><\/p>\n<h2>Gebruiksaanwijzing<\/h2>\n<p><span class=\"OYPEnA font-feature-liga-off font-feature-clig-off font-feature-calt-off text-decoration-none text-strikethrough-none\">Wring het natte haar uit zonder te wrijven. Breng het product gelijkmatig aan (vermijd de aanzet bij fijn haar). Laat 3 tot 4 minuten inwerken voor een optimale absorptie. Spoel grondig uit.   <\/span><\/p>\n<h2>Verpakking<\/h2>\n<p>300 milliliter<\/p>\n<h2>EAN code<\/h2>\n<p>300 milliliter :  <span class=\"OYPEnA font-feature-liga-off font-feature-clig-off font-feature-calt-off text-decoration-none text-strikethrough-none\">54 250 1685 814 1<\/span><\/p>\n<h2>Referentie<\/h2>\n<p>300 milliliter :  <span class=\"OYPEnA font-feature-liga-off font-feature-clig-off font-feature-calt-off text-decoration-none text-strikethrough-none\">020331<\/span><\/p>\n","protected":false},"excerpt":{"rendered":"<p>Hydrateert, beschermt en verbetert de vacht van de hond.<\/p>\n","protected":false},"featured_media":26332,"template":"","meta":{"site-sidebar-layout":"default","site-content-layout":"","ast-site-content-layout":"default","site-content-style":"default","site-sidebar-style":"default","ast-global-header-display":"","ast-banner-title-visibility":"","ast-main-header-display":"","ast-hfb-above-header-display":"","ast-hfb-below-header-display":"","ast-hfb-mobile-header-display":"","site-post-title":"","ast-breadcrumbs-content":"","ast-featured-img":"","footer-sml-layout":"","ast-disable-related-posts":"","theme-transparent-header-meta":"default","adv-header-id-meta":"","stick-header-meta":"default","header-above-stick-meta":"","header-main-stick-meta":"","header-below-stick-meta":"","astra-migrate-meta-layouts":"default","ast-page-background-enabled":"default","ast-page-background-meta":{"desktop":{"background-color":"var(--ast-global-color-4)","background-image":"","background-repeat":"repeat","background-position":"center center","background-size":"auto","background-attachment":"scroll","background-type":"","background-media":"","overlay-type":"","overlay-color":"","overlay-opacity":"","overlay-gradient":""},"tablet":{"background-color":"","background-image":"","background-repeat":"repeat","background-position":"center center","background-size":"auto","background-attachment":"scroll","background-type":"","background-media":"","overlay-type":"","overlay-color":"","overlay-opacity":"","overlay-gradient":""},"mobile":{"background-color":"","background-image":"","background-repeat":"repeat","background-position":"center center","background-size":"auto","background-attachment":"scroll","background-type":"","background-media":"","overlay-type":"","overlay-color":"","overlay-opacity":"","overlay-gradient":""}},"ast-content-background-meta":{"desktop":{"background-color":"var(--ast-global-color-5)","background-image":"","background-repeat":"repeat","background-position":"center center","background-size":"auto","background-attachment":"scroll","background-type":"","background-media":"","overlay-type":"","overlay-color":"","overlay-opacity":"","overlay-gradient":""},"tablet":{"background-color":"var(--ast-global-color-5)","background-image":"","background-repeat":"repeat","background-position":"center center","background-size":"auto","background-attachment":"scroll","background-type":"","background-media":"","overlay-type":"","overlay-color":"","overlay-opacity":"","overlay-gradient":""},"mobile":{"background-color":"var(--ast-global-color-5)","background-image":"","background-repeat":"repeat","background-position":"center center","background-size":"auto","background-attachment":"scroll","background-type":"","background-media":"","overlay-type":"","overlay-color":"","overlay-opacity":"","overlay-gradient":""}}},"product_brand":[],"product_cat":[791],"product_tag":[],"class_list":{"0":"post-22734","1":"product","2":"type-product","3":"status-publish","4":"has-post-thumbnail","6":"product_cat-pure-nl","7":"pa_animal-hond","8":"pa_proprietes-beschermend","9":"pa_proprietes-brightener","10":"pa_proprietes-vochtinbrengende-creme","11":"pa_proprietes-voeden","12":"pa_type-de-poils-lang-haar","13":"desktop-align-left","14":"tablet-align-left","15":"mobile-align-left","16":"ast-product-gallery-layout-horizontal-slider","17":"ast-product-gallery-with-no-image","18":"ast-product-tabs-layout-horizontal","20":"first","21":"instock","22":"shipping-taxable","23":"product-type-simple"},"_links":{"self":[{"href":"https:\/\/www.laboratoire-diamex.com\/nl\/wp-json\/wp\/v2\/product\/22734","targetHints":{"allow":["GET"]}}],"collection":[{"href":"https:\/\/www.laboratoire-diamex.com\/nl\/wp-json\/wp\/v2\/product"}],"about":[{"href":"https:\/\/www.laboratoire-diamex.com\/nl\/wp-json\/wp\/v2\/types\/product"}],"version-history":[{"count":0,"href":"https:\/\/www.laboratoire-diamex.com\/nl\/wp-json\/wp\/v2\/product\/22734\/revisions"}],"wp:featuredmedia":[{"embeddable":true,"href":"https:\/\/www.laboratoire-diamex.com\/nl\/wp-json\/wp\/v2\/media\/26332"}],"wp:attachment":[{"href":"https:\/\/www.laboratoire-diamex.com\/nl\/wp-json\/wp\/v2\/media?parent=22734"}],"wp:term":[{"taxonomy":"product_brand","embeddable":true,"href":"https:\/\/www.laboratoire-diamex.com\/nl\/wp-json\/wp\/v2\/product_brand?post=22734"},{"taxonomy":"product_cat","embeddable":true,"href":"https:\/\/www.laboratoire-diamex.com\/nl\/wp-json\/wp\/v2\/product_cat?post=22734"},{"taxonomy":"product_tag","embeddable":true,"href":"https:\/\/www.laboratoire-diamex.com\/nl\/wp-json\/wp\/v2\/product_tag?post=22734"}],"curies":[{"name":"wp","href":"https:\/\/api.w.org\/{rel}","templated":true}]}}