{"id":8576,"date":"2023-02-08T13:06:34","date_gmt":"2023-02-08T12:06:34","guid":{"rendered":"https:\/\/www.laboratoire-diamex.com\/polityka-prywatnosci\/"},"modified":"2023-11-13T12:15:37","modified_gmt":"2023-11-13T11:15:37","slug":"polityka-prywatnosci","status":"publish","type":"page","link":"https:\/\/www.laboratoire-diamex.com\/pl\/polityka-prywatnosci\/","title":{"rendered":"Polityka prywatno\u015bci"},"content":{"rendered":"\t\t<div data-elementor-type=\"wp-page\" data-elementor-id=\"8576\" class=\"elementor elementor-8576 elementor-3\" wpc-filter-elementor-widget=\"1\" data-elementor-post-type=\"page\">\n\t\t\t\t\t\t<section class=\"elementor-section elementor-top-section elementor-element elementor-element-3a7c716 elementor-section-boxed elementor-section-height-default elementor-section-height-default\" data-id=\"3a7c716\" data-element_type=\"section\" data-e-type=\"section\">\n\t\t\t\t\t\t<div class=\"elementor-container elementor-column-gap-default\">\n\t\t\t\t\t<div class=\"elementor-column elementor-col-100 elementor-top-column elementor-element elementor-element-211ec36\" data-id=\"211ec36\" data-element_type=\"column\" data-e-type=\"column\">\n\t\t\t<div class=\"elementor-widget-wrap elementor-element-populated\">\n\t\t\t\t\t\t<div class=\"elementor-element elementor-element-8be745e elementor-widget elementor-widget-text-editor\" data-id=\"8be745e\" data-element_type=\"widget\" data-e-type=\"widget\" data-widget_type=\"text-editor.default\">\n\t\t\t\t<div class=\"elementor-widget-container\">\n\t\t\t\t\t\t\t\t\t<p><strong>Wykorzystanie informacji o u\u017cytkowniku :<\/strong><br>Informacje, kt\u00f3re zbieramy, gdy u\u017cytkownik surfuje po sieci, rejestruje si\u0119 na stronie, wype\u0142nia formularz, sk\u0142ada zam\u00f3wienie, subskrybuje biuletyn, wprowadza swoje dane lub korzysta z niekt\u00f3rych innych funkcji naszej witryny internetowej, mog\u0105 by\u0107 wykorzystywane w nast\u0119puj\u0105cy spos\u00f3b:<\/p>\n<ul>\n<li>Poprawa ergonomii strony internetowej.<\/li>\n<li>Usprawnienie przetwarzania zg\u0142osze\u0144 kierowanych do Dzia\u0142u Obs\u0142ugi Klienta<\/li>\n<li>Wysy\u0142anie okresowych wiadomo\u015bci e-mail dotycz\u0105cych zam\u00f3wie\u0144, us\u0142ug i innych produkt\u00f3w<\/li>\n<\/ul>\n<p><strong>Informacje o odwiedzaj\u0105cych s\u0105 chronione:<\/strong><br>Nast\u0119puj\u0105ce prywatne informacje nie b\u0119d\u0105 przechowywane na naszych serwerach: karty kredytowe, numery ubezpieczenia spo\u0142ecznego, dane finansowe itp.<\/p>\n<p><strong>Korzystanie z plik\u00f3w cookie :<\/strong><br>Na tej stronie u\u017cywamy plik\u00f3w cookie. Ale czym one s\u0105? Pliki cookie to ma\u0142e pliki tekstowe, kt\u00f3re przegl\u0105darka internetowa przechowuje na komputerze u\u017cytkownika (w folderze samej przegl\u0105darki lub w danych programu), je\u015bli u\u017cytkownik zezwoli na korzystanie z plik\u00f3w cookie. Gdy u\u017cytkownik odwiedza stron\u0119 internetow\u0105 po raz pierwszy, tworzony jest nowy plik cookie, kt\u00f3ry gromadzi informacje, kt\u00f3re mog\u0105 by\u0107 zbierane przez operatora strony. Pliki cookie s\u0105 u\u017cywane, na przyk\u0142ad, do zapami\u0119tywania koszyka podczas procesu zakupu: pozwol\u0105 ci kontynuowa\u0107 transakcj\u0119 dok\u0142adnie w miejscu, w kt\u00f3rym j\u0105 przerwa\u0142e\u015b, je\u015bli j\u0105 porzucisz. Pliki cookie umo\u017cliwiaj\u0105 nam r\u00f3wnie\u017c zrozumienie preferencji u\u017cytkownika w oparciu o przesz\u0142e lub bie\u017c\u0105ce dzia\u0142ania, dzi\u0119ki czemu mo\u017cemy stale ulepsza\u0107 nasze us\u0142ugi. Wreszcie, pliki cookie s\u0105 r\u00f3wnie\u017c wykorzystywane do gromadzenia informacji o ruchu w witrynie i interakcjach, dzi\u0119ki czemu witryna mo\u017ce zapewni\u0107 odwiedzaj\u0105cym doskona\u0142e wra\u017cenia.<\/p>\n<p><strong>Ujawnienie przez osob\u0119 trzeci\u0105 :<\/strong><br>Dane osobowe u\u017cytkownika nie s\u0105 sprzedawane, wymieniane ani przekazywane stronom trzecim, chyba \u017ce u\u017cytkownik zostanie o tym wcze\u015bniej poinformowany. Nasi partnerzy hostingowi i inne osoby wsp\u00f3\u0142pracuj\u0105ce z nami przy zarz\u0105dzaniu stron\u0105 internetow\u0105 nie mog\u0105 przechowywa\u0107 informacji u\u017cytkownika, chyba \u017ce potwierdz\u0105, \u017ce b\u0119d\u0105 one traktowane jako poufne. Informacje u\u017cytkownika zostan\u0105 usuni\u0119te, je\u015bli b\u0119dzie to wymagane przez prawo, je\u015bli b\u0119dzie to wymagane przez nasz\u0105 polityk\u0119 poufno\u015bci lub w celu ochrony praw, w\u0142asno\u015bci lub bezpiecze\u0144stwa. Jednak w celach marketingowych, reklamowych lub innych celach niepozwalaj\u0105cych na identyfikacj\u0119 osoby, istnieje prawdopodobie\u0144stwo, \u017ce informacje o u\u017cytkowniku Internetu zostan\u0105 przekazane innym stronom.<\/p>\n<p><strong>Linki stron trzecich :<\/strong><br>Od czasu do czasu, wed\u0142ug uznania, produkty lub us\u0142ugi stron trzecich mog\u0105 by\u0107 w\u0142\u0105czane lub oferowane w Witrynie. Te strony internetowe os\u00f3b trzecich maj\u0105 niezale\u017cne zasady zachowania poufno\u015bci, kt\u00f3re r\u00f3\u017cni\u0105 si\u0119 od innych zasad obowi\u0105zuj\u0105cych na stronie internetowej.<\/p>\n<p><strong>Og\u00f3lne rozporz\u0105dzenie o ochronie danych w UE<\/strong><br>Je\u015bli u\u017cytkownik jest rezydentem Europejskiego Obszaru Gospodarczego, mo\u017ce skorzysta\u0107 z dodatkowych praw wynikaj\u0105cych z og\u00f3lnego rozporz\u0105dzenia o ochronie danych (RODO) w odniesieniu do jego danych osobowych. Wszystkie us\u0142ugi \u015bwiadczone przez i w zwi\u0105zku z Les Opticiens Gilson s\u0105 zgodne z RGPD, jak poni\u017cej:<\/p>\n<p>Wspieramy og\u00f3lne rozporz\u0105dzenie o ochronie danych (RODO), kt\u00f3re staje si\u0119 wi\u0105\u017c\u0105ce 25 maja 2018 r., i zapewniamy, \u017ce wszystkie nasze us\u0142ugi s\u0105 zgodne z jego postanowieniami. Jeste\u015bmy w pe\u0142ni zaanga\u017cowani w prawa naszych u\u017cytkownik\u00f3w w odniesieniu do ich prywatno\u015bci i ochrony ich danych osobowych. Jako mieszkaniec UE masz prawo do kontrolowania informacji dotycz\u0105cych Twoich danych osobowych w nast\u0119puj\u0105cy spos\u00f3b:<\/p>\n<ul>\n<li>Zrozumie\u0107, jakie informacje gromadzimy;<\/li>\n<li>\u017b\u0105danie odzyskania danych osobowych;<\/li>\n<li>\u017b\u0105danie usuni\u0119cia danych osobowych.<\/li>\n<\/ul>\n<p><strong>Zebrane informacje<\/strong><br>Niekt\u00f3re dane osobowe s\u0105 gromadzone w ramach naszych us\u0142ug, a us\u0142ugi stron trzecich (zgodne z RODO) s\u0105 \u015bledzone z nast\u0119puj\u0105cych powod\u00f3w:<\/p>\n<p><strong>Informacje\/\u017ar\u00f3d\u0142o Cel<\/strong><br>E-mail U\u017cywany jako unikalny identyfikator u\u017cytkownika (nazwa u\u017cytkownika) i jedyny kana\u0142 komunikacji mi\u0119dzy zasobem a u\u017cytkownikiem.<br>Imi\u0119 S\u0142u\u017cy do identyfikacji u\u017cytkownika i tworzenia faktur.<br>Nazwa S\u0142u\u017cy do identyfikacji u\u017cytkownika i tworzenia faktur.<br>Pseudonim Identyfikacja u\u017cytkownika na potrzeby autoryzacji.<br>Firma Podmiot prawny u\u017cytkownika (je\u015bli dotyczy) u\u017cywany jako dow\u00f3d do oblicze\u0144 VAT i tworzenia faktur. Wymagane przez organy s\u0105dowe.<br>Adres faktury S\u0142u\u017cy do tworzenia faktur. Wymagane przez organy s\u0105dowe.<br>Metoda p\u0142atno\u015bci Metoda p\u0142atno\u015bci okre\u015blona przez u\u017cytkownika.<br>Data faktury Data zakupu na potrzeby utworzenia faktury. Wymagane przez organy s\u0105dowe.<br>Identyfikator produktu dla produkt\u00f3w zakupionych przez u\u017cytkownika.<br>Komentarze Konfigurowanie uprawnie\u0144 u\u017cytkownik\u00f3w do tworzenia komentarzy do publikowanych tre\u015bci.<br>Publikacje Wdro\u017cenie autoryzacji u\u017cytkownik\u00f3w do tworzenia publikacji\/zarz\u0105dzania nimi po stronie zasob\u00f3w.<br>Google Adwords Us\u0142uga strony trzeciej do zarz\u0105dzania dzia\u0142aniami reklamowymi powi\u0105zanymi z zasobem za po\u015brednictwem sieci reklamowej Google. (Google Adwords jest zgodny z RGPD)<br>Active Campaign Us\u0142uga strony trzeciej u\u017cywana do przechowywania danych u\u017cytkownika i wysy\u0142ania newslettera (Active Campaign jest zgodna z RGPD).<br>Numer VAT U\u017cywany do tworzenia faktur. Wymagane przez organy s\u0105dowe. Niewymagane, je\u015bli u\u017cytkownik nie jest osob\u0105 prawn\u0105.<\/p>\n<p><strong>Jak odzyska\u0107 dane osobowe<\/strong><br>U\u017cytkownik ma prawo w dowolnym momencie odzyska\u0107 swoje dane osobowe i za\u017c\u0105da\u0107 ich usuni\u0119cia. Nale\u017cy pami\u0119ta\u0107, \u017ce \u017cadne kopie danych nie s\u0105 przechowywane &#8211; usuni\u0119cie danych spowoduje ich ca\u0142kowit\u0105 utrat\u0119 bez mo\u017cliwo\u015bci ich przywr\u00f3cenia. Aby wys\u0142a\u0107 \u017c\u0105danie usuni\u0119cia RGPD, wy\u015blij nam \u017c\u0105danie.<\/p>\n<p><strong>Tylko polityka prywatno\u015bci online<\/strong><br>Niniejsza polityka prywatno\u015bci online ma zastosowanie wy\u0142\u0105cznie do informacji gromadzonych za po\u015brednictwem naszej strony internetowej, a nie do informacji gromadzonych offline.<\/p>\n<p><strong>Zgoda<\/strong><br>Korzystaj\u0105c z tej witryny, u\u017cytkownik akceptuje nasz\u0105 polityk\u0119 prywatno\u015bci.<\/p>\n<p><strong>Zmiany w polityce prywatno\u015bci<\/strong><br>Je\u015bli niniejsza polityka prywatno\u015bci zostanie zmodyfikowana, niniejsza strona zostanie zast\u0105piona zaktualizowan\u0105 wersj\u0105. Dlatego w interesie u\u017cytkownika le\u017cy sprawdzanie strony &#8222;Polityka prywatno\u015bci&#8221; podczas odwiedzania tej witryny w celu zidentyfikowania wszelkich zmian, kt\u00f3re mog\u0105 si\u0119 od czasu do czasu pojawia\u0107.<\/p>\n<p>Niniejsza polityka prywatno\u015bci zosta\u0142a ostatnio zmieniona 25.03.2021 r.<\/p>\n<p><strong>Kontakt<\/strong><br>W przypadku jakichkolwiek w\u0105tpliwo\u015bci lub pyta\u0144 dotycz\u0105cych niniejszej polityki prywatno\u015bci, prosimy o kontakt korzystaj\u0105c z poni\u017cszych informacji.<\/p>\n<p>Les Opticiens Gilson<\/p>\t\t\t\t\t\t\t\t<\/div>\n\t\t\t\t<\/div>\n\t\t\t\t\t<\/div>\n\t\t<\/div>\n\t\t\t\t\t<\/div>\n\t\t<\/section>\n\t\t\t\t<\/div>\n\t\t","protected":false},"excerpt":{"rendered":"<p>Wykorzystanie informacji o u\u017cytkowniku :Informacje, kt\u00f3re zbieramy, gdy u\u017cytkownik surfuje po sieci, rejestruje si\u0119 na stronie, wype\u0142nia formularz, sk\u0142ada zam\u00f3wienie, subskrybuje biuletyn, wprowadza swoje dane lub korzysta z niekt\u00f3rych innych funkcji naszej witryny internetowej, mog\u0105 by\u0107 wykorzystywane w nast\u0119puj\u0105cy spos\u00f3b: Poprawa ergonomii strony internetowej. Usprawnienie przetwarzania zg\u0142osze\u0144 kierowanych do Dzia\u0142u Obs\u0142ugi Klienta Wysy\u0142anie okresowych wiadomo\u015bci [&hellip;]<\/p>\n","protected":false},"author":1,"featured_media":0,"parent":0,"menu_order":0,"comment_status":"closed","ping_status":"closed","template":"elementor_header_footer","meta":{"site-sidebar-layout":"default","site-content-layout":"","ast-site-content-layout":"default","site-content-style":"default","site-sidebar-style":"default","ast-global-header-display":"","ast-banner-title-visibility":"","ast-main-header-display":"","ast-hfb-above-header-display":"","ast-hfb-below-header-display":"","ast-hfb-mobile-header-display":"","site-post-title":"","ast-breadcrumbs-content":"","ast-featured-img":"","footer-sml-layout":"","ast-disable-related-posts":"","theme-transparent-header-meta":"","adv-header-id-meta":"","stick-header-meta":"","header-above-stick-meta":"","header-main-stick-meta":"","header-below-stick-meta":"","astra-migrate-meta-layouts":"default","ast-page-background-enabled":"default","ast-page-background-meta":{"desktop":{"background-color":"var(--ast-global-color-4)","background-image":"","background-repeat":"repeat","background-position":"center center","background-size":"auto","background-attachment":"scroll","background-type":"","background-media":"","overlay-type":"","overlay-color":"","overlay-opacity":"","overlay-gradient":""},"tablet":{"background-color":"","background-image":"","background-repeat":"repeat","background-position":"center center","background-size":"auto","background-attachment":"scroll","background-type":"","background-media":"","overlay-type":"","overlay-color":"","overlay-opacity":"","overlay-gradient":""},"mobile":{"background-color":"","background-image":"","background-repeat":"repeat","background-position":"center center","background-size":"auto","background-attachment":"scroll","background-type":"","background-media":"","overlay-type":"","overlay-color":"","overlay-opacity":"","overlay-gradient":""}},"ast-content-background-meta":{"desktop":{"background-color":"var(--ast-global-color-5)","background-image":"","background-repeat":"repeat","background-position":"center center","background-size":"auto","background-attachment":"scroll","background-type":"","background-media":"","overlay-type":"","overlay-color":"","overlay-opacity":"","overlay-gradient":""},"tablet":{"background-color":"var(--ast-global-color-5)","background-image":"","background-repeat":"repeat","background-position":"center center","background-size":"auto","background-attachment":"scroll","background-type":"","background-media":"","overlay-type":"","overlay-color":"","overlay-opacity":"","overlay-gradient":""},"mobile":{"background-color":"var(--ast-global-color-5)","background-image":"","background-repeat":"repeat","background-position":"center center","background-size":"auto","background-attachment":"scroll","background-type":"","background-media":"","overlay-type":"","overlay-color":"","overlay-opacity":"","overlay-gradient":""}},"footnotes":""},"class_list":["post-8576","page","type-page","status-publish","hentry"],"_links":{"self":[{"href":"https:\/\/www.laboratoire-diamex.com\/pl\/wp-json\/wp\/v2\/pages\/8576","targetHints":{"allow":["GET"]}}],"collection":[{"href":"https:\/\/www.laboratoire-diamex.com\/pl\/wp-json\/wp\/v2\/pages"}],"about":[{"href":"https:\/\/www.laboratoire-diamex.com\/pl\/wp-json\/wp\/v2\/types\/page"}],"author":[{"embeddable":true,"href":"https:\/\/www.laboratoire-diamex.com\/pl\/wp-json\/wp\/v2\/users\/1"}],"replies":[{"embeddable":true,"href":"https:\/\/www.laboratoire-diamex.com\/pl\/wp-json\/wp\/v2\/comments?post=8576"}],"version-history":[{"count":0,"href":"https:\/\/www.laboratoire-diamex.com\/pl\/wp-json\/wp\/v2\/pages\/8576\/revisions"}],"wp:attachment":[{"href":"https:\/\/www.laboratoire-diamex.com\/pl\/wp-json\/wp\/v2\/media?parent=8576"}],"curies":[{"name":"wp","href":"https:\/\/api.w.org\/{rel}","templated":true}]}}