{"id":10062,"date":"2023-07-11T13:00:36","date_gmt":"2023-07-11T11:00:36","guid":{"rendered":"https:\/\/www.laboratoire-diamex.com\/catalogue\/szampon-jablkowy-diamex\/"},"modified":"2024-07-03T15:20:42","modified_gmt":"2024-07-03T13:20:42","slug":"szampon-jablkowy-diamex","status":"publish","type":"product","link":"https:\/\/www.laboratoire-diamex.com\/pl\/katalog\/szampon-jablkowy-diamex\/","title":{"rendered":"Szampon jab\u0142kowy Diamex"},"content":{"rendered":"<h2>Opis<\/h2>\n<p>Szampon z naturalnymi ekstraktami z jab\u0142ek. Kwasy owocowe przywracaj\u0105 blask koloru. Odpowiedni dla wszystkich rodzaj\u00f3w w\u0142os\u00f3w.<\/p>\n<h2>Opakowanie<\/h2>\n<p>250 mililitr\u00f3w, 1 litr, 5 litr\u00f3w i 25 litr\u00f3w.<\/p>\n<h2>Instrukcje u\u017cytkowania<\/h2>\n<p>Dok\u0142adnie zmocz i wmasuj szampon w ca\u0142\u0105 sier\u015b\u0107, a nast\u0119pnie dok\u0142adnie sp\u0142ucz. Unika\u0107 kontaktu z oczami.<\/p>\n<h2>Rozcie\u0144czenie<\/h2>\n<p>125 mililitr\u00f3w szamponu na 1 litr wody.<\/p>\n<h2>W\u0142a\u015bciwo\u015bci<\/h2>\n<p>&#8211;<\/p>\n<h2>Spos\u00f3b u\u017cycia<\/h2>\n<p>&#8211;<\/p>\n<h2>Sk\u0142ad<\/h2>\n<p>Aqua, sodium laureth sulfate, cocamidopropyl betaine, glycerin, tea-lauryl sulfate, cocamide dea and glycerol, sodium chloride, perfume, citric acid, colorant, sodium benzoate, potassium sorbate.<\/p>\n<h2>Kody EAN<\/h2>\n<ul>\n<li>250 mililitr\u00f3w: 54 250 1685 003 9<\/li>\n<li>1 litr: 54 250 1685 216 3<\/li>\n<li>5 litr\u00f3w: 54 250 1685 217 0<\/li>\n<li>25 litr\u00f3w: 54 250 1685 325 2<\/li>\n<\/ul>\n<h2>Referencje<\/h2>\n<ul>\n<li>250 mililitr\u00f3w: 020008<\/li>\n<li>1 litr : 020009<\/li>\n<li>5 litr\u00f3w : 020010<\/li>\n<li>25 litr\u00f3w : 020011<\/li>\n<\/ul>\n","protected":false},"excerpt":{"rendered":"<p>Opis Szampon z naturalnymi ekstraktami z jab\u0142ek. Kwasy owocowe przywracaj\u0105 blask koloru. Odpowiedni dla wszystkich rodzaj\u00f3w w\u0142os\u00f3w. Opakowanie 250 mililitr\u00f3w, 1 litr, 5 litr\u00f3w i 25 litr\u00f3w. Instrukcje u\u017cytkowania Dok\u0142adnie zmocz i wmasuj szampon w ca\u0142\u0105 sier\u015b\u0107, a nast\u0119pnie dok\u0142adnie sp\u0142ucz. Unika\u0107 kontaktu z oczami. Rozcie\u0144czenie 125 mililitr\u00f3w szamponu na 1 litr wody. W\u0142a\u015bciwo\u015bci &#8211; [&hellip;]<\/p>\n","protected":false},"featured_media":10075,"template":"","meta":{"site-sidebar-layout":"default","site-content-layout":"default","ast-site-content-layout":"default","site-content-style":"default","site-sidebar-style":"default","ast-global-header-display":"","ast-banner-title-visibility":"","ast-main-header-display":"","ast-hfb-above-header-display":"","ast-hfb-below-header-display":"","ast-hfb-mobile-header-display":"","site-post-title":"","ast-breadcrumbs-content":"","ast-featured-img":"","footer-sml-layout":"","ast-disable-related-posts":"","theme-transparent-header-meta":"default","adv-header-id-meta":"","stick-header-meta":"default","header-above-stick-meta":"","header-main-stick-meta":"","header-below-stick-meta":"","astra-migrate-meta-layouts":"default","ast-page-background-enabled":"default","ast-page-background-meta":{"desktop":{"background-color":"var(--ast-global-color-4)","background-image":"","background-repeat":"repeat","background-position":"center center","background-size":"auto","background-attachment":"scroll","background-type":"","background-media":"","overlay-type":"","overlay-color":"","overlay-opacity":"","overlay-gradient":""},"tablet":{"background-color":"","background-image":"","background-repeat":"repeat","background-position":"center center","background-size":"auto","background-attachment":"scroll","background-type":"","background-media":"","overlay-type":"","overlay-color":"","overlay-opacity":"","overlay-gradient":""},"mobile":{"background-color":"","background-image":"","background-repeat":"repeat","background-position":"center center","background-size":"auto","background-attachment":"scroll","background-type":"","background-media":"","overlay-type":"","overlay-color":"","overlay-opacity":"","overlay-gradient":""}},"ast-content-background-meta":{"desktop":{"background-color":"var(--ast-global-color-5)","background-image":"","background-repeat":"repeat","background-position":"center center","background-size":"auto","background-attachment":"scroll","background-type":"","background-media":"","overlay-type":"","overlay-color":"","overlay-opacity":"","overlay-gradient":""},"tablet":{"background-color":"var(--ast-global-color-5)","background-image":"","background-repeat":"repeat","background-position":"center center","background-size":"auto","background-attachment":"scroll","background-type":"","background-media":"","overlay-type":"","overlay-color":"","overlay-opacity":"","overlay-gradient":""},"mobile":{"background-color":"var(--ast-global-color-5)","background-image":"","background-repeat":"repeat","background-position":"center center","background-size":"auto","background-attachment":"scroll","background-type":"","background-media":"","overlay-type":"","overlay-color":"","overlay-opacity":"","overlay-gradient":""}}},"product_brand":[],"product_cat":[748],"product_tag":[],"class_list":{"0":"post-10062","1":"product","2":"type-product","3":"status-publish","4":"has-post-thumbnail","6":"product_cat-classique-pl","7":"pa_animal-pies","8":"pa_proprietes-odswiezacz-koloru","9":"pa_proprietes-odtluszczacz","10":"pa_type-de-poils-dlugie-wlosy","11":"pa_type-de-poils-kazdy-typ","12":"pa_type-de-poils-krotkie-wlosy","13":"desktop-align-left","14":"tablet-align-left","15":"mobile-align-left","16":"ast-product-gallery-layout-horizontal-slider","17":"ast-product-gallery-with-no-image","18":"ast-product-tabs-layout-horizontal","20":"first","21":"instock","22":"shipping-taxable","23":"product-type-simple"},"_links":{"self":[{"href":"https:\/\/www.laboratoire-diamex.com\/pl\/wp-json\/wp\/v2\/product\/10062","targetHints":{"allow":["GET"]}}],"collection":[{"href":"https:\/\/www.laboratoire-diamex.com\/pl\/wp-json\/wp\/v2\/product"}],"about":[{"href":"https:\/\/www.laboratoire-diamex.com\/pl\/wp-json\/wp\/v2\/types\/product"}],"version-history":[{"count":0,"href":"https:\/\/www.laboratoire-diamex.com\/pl\/wp-json\/wp\/v2\/product\/10062\/revisions"}],"wp:featuredmedia":[{"embeddable":true,"href":"https:\/\/www.laboratoire-diamex.com\/pl\/wp-json\/wp\/v2\/media\/10075"}],"wp:attachment":[{"href":"https:\/\/www.laboratoire-diamex.com\/pl\/wp-json\/wp\/v2\/media?parent=10062"}],"wp:term":[{"taxonomy":"product_brand","embeddable":true,"href":"https:\/\/www.laboratoire-diamex.com\/pl\/wp-json\/wp\/v2\/product_brand?post=10062"},{"taxonomy":"product_cat","embeddable":true,"href":"https:\/\/www.laboratoire-diamex.com\/pl\/wp-json\/wp\/v2\/product_cat?post=10062"},{"taxonomy":"product_tag","embeddable":true,"href":"https:\/\/www.laboratoire-diamex.com\/pl\/wp-json\/wp\/v2\/product_tag?post=10062"}],"curies":[{"name":"wp","href":"https:\/\/api.w.org\/{rel}","templated":true}]}}