{"id":10235,"date":"2023-07-19T18:00:14","date_gmt":"2023-07-19T16:00:14","guid":{"rendered":"https:\/\/www.laboratoire-diamex.com\/catalogue\/pielegnacja-wlosow-diamex-mineral-lotion\/"},"modified":"2024-07-03T15:07:37","modified_gmt":"2024-07-03T13:07:37","slug":"pielegnacja-wlosow-diamex-mineral-lotion","status":"publish","type":"product","link":"https:\/\/www.laboratoire-diamex.com\/pl\/katalog\/pielegnacja-wlosow-diamex-mineral-lotion\/","title":{"rendered":"Lotion rozczesuj\u0105cy Diamex MINERAL"},"content":{"rendered":"<h2>Opis<\/h2>\n<p>Balsam mineralny to ultra rozczesuj\u0105cy produkt opracowany w celu wyg\u0142adzenia, od\u017cywienia i pokrycia zdewitalizowanych w\u0142os\u00f3w. Zalecany do intensywnego rozczesywania bardzo spl\u0105tanej i\/lub trudnej do rozczesania sier\u015bci. Balsam g\u0142\u0119boko nawil\u017ca i pozostawia w\u0142osy jedwabiste.<\/p>\n<h2>Opakowanie<\/h2>\n<p>250 mililitr\u00f3w, 500 mililitr\u00f3w, 1 litr i 5 litr\u00f3w.<\/p>\n<h2>Instrukcje u\u017cytkowania<\/h2>\n<p>Na such\u0105 sier\u015b\u0107: na\u0142o\u017cy\u0107 produkt na sko\u0142tunion\u0105 sier\u015b\u0107, koncentruj\u0105c si\u0119 na bardzo sko\u0142tunionych obszarach, pozostawi\u0107 produkt do wnikni\u0119cia na kilka chwil, a nast\u0119pnie rozczesa\u0107.<br \/>\nNa wilgotne w\u0142osy: po k\u0105pieli na\u0142o\u017cy\u0107 produkt na umyte i wyci\u015bni\u0119te w\u0142osy. Idealny do \u0142atwego suszenia.<\/p>\n<h2>Rozcie\u0144czenie<\/h2>\n<p>&#8211;<\/p>\n<h2>W\u0142a\u015bciwo\u015bci<\/h2>\n<p>&#8211;<\/p>\n<h2>Porady dotycz\u0105ce produkt\u00f3w<\/h2>\n<p>&#8211;<\/p>\n<h2>Sk\u0142ad<\/h2>\n<p>Aqua, chlorek cetrimonium, gliceryna, kwas cytrynowy, benzoesan sodu.<\/p>\n<h2>Produkty uzupe\u0142niaj\u0105ce<\/h2>\n<p>Baume mineral | szampon mineralny<\/p>\n<h2>Kody EAN<\/h2>\n<ul>\n<li>250 mililitr\u00f3w: 54 250 1685 452 5<\/li>\n<li>500 mililitr\u00f3w: 54 250 1685 448 8<\/li>\n<li>1 litr: 54 250 1685 451 8<\/li>\n<li>5 litr\u00f3w: 54 250 1685 483 9<\/li>\n<\/ul>\n<h2>Referencje<\/h2>\n<ul>\n<li>250 mililitr\u00f3w : 020283<\/li>\n<li>500 mililitr\u00f3w: 020274<\/li>\n<li>1 litr : 020275<\/li>\n<li>5 litr\u00f3w : 020766<\/li>\n<\/ul>\n","protected":false},"excerpt":{"rendered":"<p>Balsam mineralny to ultra rozczesuj\u0105cy produkt opracowany w celu wyg\u0142adzenia, od\u017cywienia i pokrycia zdewitalizowanych w\u0142os\u00f3w.<\/p>\n","protected":false},"featured_media":10248,"template":"","meta":{"site-sidebar-layout":"default","site-content-layout":"default","ast-site-content-layout":"default","site-content-style":"default","site-sidebar-style":"default","ast-global-header-display":"","ast-banner-title-visibility":"","ast-main-header-display":"","ast-hfb-above-header-display":"","ast-hfb-below-header-display":"","ast-hfb-mobile-header-display":"","site-post-title":"","ast-breadcrumbs-content":"","ast-featured-img":"","footer-sml-layout":"","ast-disable-related-posts":"","theme-transparent-header-meta":"default","adv-header-id-meta":"","stick-header-meta":"default","header-above-stick-meta":"","header-main-stick-meta":"","header-below-stick-meta":"","astra-migrate-meta-layouts":"default","ast-page-background-enabled":"default","ast-page-background-meta":{"desktop":{"background-color":"var(--ast-global-color-4)","background-image":"","background-repeat":"repeat","background-position":"center center","background-size":"auto","background-attachment":"scroll","background-type":"","background-media":"","overlay-type":"","overlay-color":"","overlay-opacity":"","overlay-gradient":""},"tablet":{"background-color":"","background-image":"","background-repeat":"repeat","background-position":"center center","background-size":"auto","background-attachment":"scroll","background-type":"","background-media":"","overlay-type":"","overlay-color":"","overlay-opacity":"","overlay-gradient":""},"mobile":{"background-color":"","background-image":"","background-repeat":"repeat","background-position":"center center","background-size":"auto","background-attachment":"scroll","background-type":"","background-media":"","overlay-type":"","overlay-color":"","overlay-opacity":"","overlay-gradient":""}},"ast-content-background-meta":{"desktop":{"background-color":"var(--ast-global-color-5)","background-image":"","background-repeat":"repeat","background-position":"center center","background-size":"auto","background-attachment":"scroll","background-type":"","background-media":"","overlay-type":"","overlay-color":"","overlay-opacity":"","overlay-gradient":""},"tablet":{"background-color":"var(--ast-global-color-5)","background-image":"","background-repeat":"repeat","background-position":"center center","background-size":"auto","background-attachment":"scroll","background-type":"","background-media":"","overlay-type":"","overlay-color":"","overlay-opacity":"","overlay-gradient":""},"mobile":{"background-color":"var(--ast-global-color-5)","background-image":"","background-repeat":"repeat","background-position":"center center","background-size":"auto","background-attachment":"scroll","background-type":"","background-media":"","overlay-type":"","overlay-color":"","overlay-opacity":"","overlay-gradient":""}}},"product_brand":[],"product_cat":[773],"product_tag":[],"class_list":{"0":"post-10235","1":"product","2":"type-product","3":"status-publish","4":"has-post-thumbnail","6":"product_cat-mineral-pl","7":"pa_animal-pies","8":"pa_proprietes-naprawiacz","9":"pa_proprietes-rozplatywacz","10":"pa_type-de-poils-dlugie-wlosy","11":"desktop-align-left","12":"tablet-align-left","13":"mobile-align-left","14":"ast-product-gallery-layout-horizontal-slider","15":"ast-product-tabs-layout-horizontal","17":"first","18":"instock","19":"shipping-taxable","20":"product-type-simple"},"_links":{"self":[{"href":"https:\/\/www.laboratoire-diamex.com\/pl\/wp-json\/wp\/v2\/product\/10235","targetHints":{"allow":["GET"]}}],"collection":[{"href":"https:\/\/www.laboratoire-diamex.com\/pl\/wp-json\/wp\/v2\/product"}],"about":[{"href":"https:\/\/www.laboratoire-diamex.com\/pl\/wp-json\/wp\/v2\/types\/product"}],"version-history":[{"count":0,"href":"https:\/\/www.laboratoire-diamex.com\/pl\/wp-json\/wp\/v2\/product\/10235\/revisions"}],"wp:featuredmedia":[{"embeddable":true,"href":"https:\/\/www.laboratoire-diamex.com\/pl\/wp-json\/wp\/v2\/media\/10248"}],"wp:attachment":[{"href":"https:\/\/www.laboratoire-diamex.com\/pl\/wp-json\/wp\/v2\/media?parent=10235"}],"wp:term":[{"taxonomy":"product_brand","embeddable":true,"href":"https:\/\/www.laboratoire-diamex.com\/pl\/wp-json\/wp\/v2\/product_brand?post=10235"},{"taxonomy":"product_cat","embeddable":true,"href":"https:\/\/www.laboratoire-diamex.com\/pl\/wp-json\/wp\/v2\/product_cat?post=10235"},{"taxonomy":"product_tag","embeddable":true,"href":"https:\/\/www.laboratoire-diamex.com\/pl\/wp-json\/wp\/v2\/product_tag?post=10235"}],"curies":[{"name":"wp","href":"https:\/\/api.w.org\/{rel}","templated":true}]}}