{"id":10309,"date":"2023-07-11T13:00:55","date_gmt":"2023-07-11T11:00:55","guid":{"rendered":"https:\/\/www.laboratoire-diamex.com\/catalogue\/diamex-tahiti-dog-odzywka-z-balsamem\/"},"modified":"2024-07-03T15:07:50","modified_gmt":"2024-07-03T13:07:50","slug":"diamex-tahiti-dog-odzywka-z-balsamem","status":"publish","type":"product","link":"https:\/\/www.laboratoire-diamex.com\/pl\/katalog\/diamex-tahiti-dog-odzywka-z-balsamem\/","title":{"rendered":"Od\u017cywka Diamex TAHITI DOG Monoi"},"content":{"rendered":"<h2>Opis<\/h2>\n<p>Balsam Conditioner z serii Tahiti Dog to produkt rozczesuj\u0105cy, kt\u00f3ry neutralizuje elektryczno\u015b\u0107 statyczn\u0105. Pozostawia sier\u015b\u0107 l\u015bni\u0105c\u0105 i b\u0142yszcz\u0105c\u0105, pozostawiaj\u0105c delikatny zapach Mono\u00ef.<\/p>\n<h2>Opakowanie<\/h2>\n<p>250 mililitr\u00f3w, 1 litr i 5 litr\u00f3w.<\/p>\n<h2>Instrukcje u\u017cytkowania<\/h2>\n<p>Po umyciu w\u0142os\u00f3w szamponem, rozprowad\u017a rozcie\u0144czony lub czysty Balsam na d\u0142ugo\u015bci i ko\u0144cach w\u0142os\u00f3w. Pozostawi\u0107 na kilka minut, a nast\u0119pnie dok\u0142adnie sp\u0142uka\u0107.<\/p>\n<h2>Rozcie\u0144czenie<\/h2>\n<p>125 mililitr\u00f3w szamponu na 1 litr wody.<\/p>\n<h2>W\u0142a\u015bciwo\u015bci<\/h2>\n<p>&#8211;<\/p>\n<h2>Porady dotycz\u0105ce produkt\u00f3w<\/h2>\n<p>&#8211;<\/p>\n<h2>Sk\u0142ad<\/h2>\n<p>Aqua, cetearyl alcohol (and) dipalmitoylethyl hydroxyethylmonium, methosulfate (and) ceteareth-20, octyldodecanol, cetrimonium chloride, glycerin, guar hydroxypropyltrimonium chloride, perfume, citric acid, dye, sodium benzoate, potassium sorbate.<\/p>\n<h2>Kody EAN<\/h2>\n<ul>\n<li>250 mililitr\u00f3w: 54 250 1685 320 7<\/li>\n<li>1 litr: 54 250 1685 420 4<\/li>\n<li>5 litr\u00f3w: 54 250 1685 369 6<\/li>\n<\/ul>\n<h2>Referencje<\/h2>\n<ul>\n<li>250 mililitr\u00f3w : 020257<\/li>\n<li>1 litr : 020258<\/li>\n<li>5 litr\u00f3w : 020259<\/li>\n<\/ul>\n","protected":false},"excerpt":{"rendered":"<p>Balsam Conditioner z serii Tahiti Dog to produkt rozczesuj\u0105cy, kt\u00f3ry neutralizuje elektryczno\u015b\u0107 statyczn\u0105.<\/p>\n","protected":false},"featured_media":10313,"template":"","meta":{"site-sidebar-layout":"default","site-content-layout":"default","ast-site-content-layout":"default","site-content-style":"default","site-sidebar-style":"default","ast-global-header-display":"","ast-banner-title-visibility":"","ast-main-header-display":"","ast-hfb-above-header-display":"","ast-hfb-below-header-display":"","ast-hfb-mobile-header-display":"","site-post-title":"","ast-breadcrumbs-content":"","ast-featured-img":"","footer-sml-layout":"","ast-disable-related-posts":"","theme-transparent-header-meta":"default","adv-header-id-meta":"","stick-header-meta":"default","header-above-stick-meta":"","header-main-stick-meta":"","header-below-stick-meta":"","astra-migrate-meta-layouts":"default","ast-page-background-enabled":"default","ast-page-background-meta":{"desktop":{"background-color":"var(--ast-global-color-4)","background-image":"","background-repeat":"repeat","background-position":"center center","background-size":"auto","background-attachment":"scroll","background-type":"","background-media":"","overlay-type":"","overlay-color":"","overlay-opacity":"","overlay-gradient":""},"tablet":{"background-color":"","background-image":"","background-repeat":"repeat","background-position":"center center","background-size":"auto","background-attachment":"scroll","background-type":"","background-media":"","overlay-type":"","overlay-color":"","overlay-opacity":"","overlay-gradient":""},"mobile":{"background-color":"","background-image":"","background-repeat":"repeat","background-position":"center center","background-size":"auto","background-attachment":"scroll","background-type":"","background-media":"","overlay-type":"","overlay-color":"","overlay-opacity":"","overlay-gradient":""}},"ast-content-background-meta":{"desktop":{"background-color":"var(--ast-global-color-5)","background-image":"","background-repeat":"repeat","background-position":"center center","background-size":"auto","background-attachment":"scroll","background-type":"","background-media":"","overlay-type":"","overlay-color":"","overlay-opacity":"","overlay-gradient":""},"tablet":{"background-color":"var(--ast-global-color-5)","background-image":"","background-repeat":"repeat","background-position":"center center","background-size":"auto","background-attachment":"scroll","background-type":"","background-media":"","overlay-type":"","overlay-color":"","overlay-opacity":"","overlay-gradient":""},"mobile":{"background-color":"var(--ast-global-color-5)","background-image":"","background-repeat":"repeat","background-position":"center center","background-size":"auto","background-attachment":"scroll","background-type":"","background-media":"","overlay-type":"","overlay-color":"","overlay-opacity":"","overlay-gradient":""}}},"product_brand":[],"product_cat":[795],"product_tag":[],"class_list":{"0":"post-10309","1":"product","2":"type-product","3":"status-publish","4":"has-post-thumbnail","6":"product_cat-tahiti-dog-pl","7":"pa_animal-pies","8":"pa_proprietes-antystatyczny","9":"pa_proprietes-nawilzacz","10":"pa_proprietes-rozplatywacz","11":"pa_proprietes-volumising","12":"pa_type-de-poils-dlugie-wlosy","13":"pa_type-de-poils-kazdy-typ","14":"pa_type-de-poils-krotkie-wlosy","15":"desktop-align-left","16":"tablet-align-left","17":"mobile-align-left","18":"ast-product-gallery-layout-horizontal-slider","19":"ast-product-gallery-with-no-image","20":"ast-product-tabs-layout-horizontal","22":"first","23":"instock","24":"shipping-taxable","25":"product-type-simple"},"_links":{"self":[{"href":"https:\/\/www.laboratoire-diamex.com\/pl\/wp-json\/wp\/v2\/product\/10309","targetHints":{"allow":["GET"]}}],"collection":[{"href":"https:\/\/www.laboratoire-diamex.com\/pl\/wp-json\/wp\/v2\/product"}],"about":[{"href":"https:\/\/www.laboratoire-diamex.com\/pl\/wp-json\/wp\/v2\/types\/product"}],"version-history":[{"count":0,"href":"https:\/\/www.laboratoire-diamex.com\/pl\/wp-json\/wp\/v2\/product\/10309\/revisions"}],"wp:featuredmedia":[{"embeddable":true,"href":"https:\/\/www.laboratoire-diamex.com\/pl\/wp-json\/wp\/v2\/media\/10313"}],"wp:attachment":[{"href":"https:\/\/www.laboratoire-diamex.com\/pl\/wp-json\/wp\/v2\/media?parent=10309"}],"wp:term":[{"taxonomy":"product_brand","embeddable":true,"href":"https:\/\/www.laboratoire-diamex.com\/pl\/wp-json\/wp\/v2\/product_brand?post=10309"},{"taxonomy":"product_cat","embeddable":true,"href":"https:\/\/www.laboratoire-diamex.com\/pl\/wp-json\/wp\/v2\/product_cat?post=10309"},{"taxonomy":"product_tag","embeddable":true,"href":"https:\/\/www.laboratoire-diamex.com\/pl\/wp-json\/wp\/v2\/product_tag?post=10309"}],"curies":[{"name":"wp","href":"https:\/\/api.w.org\/{rel}","templated":true}]}}