{"id":10350,"date":"2023-07-11T13:00:53","date_gmt":"2023-07-11T11:00:53","guid":{"rendered":"https:\/\/www.laboratoire-diamex.com\/catalogue\/diamex-srodek-do-czyszczenia-podlog-w-salonie-citronella\/"},"modified":"2024-07-03T15:07:13","modified_gmt":"2024-07-03T13:07:13","slug":"diamex-srodek-do-czyszczenia-podlog-w-salonie-citronella","status":"publish","type":"product","link":"https:\/\/www.laboratoire-diamex.com\/pl\/katalog\/diamex-srodek-do-czyszczenia-podlog-w-salonie-citronella\/","title":{"rendered":"\u015arodek do czyszczenia pod\u0142\u00f3g Diamex Cleaner Salon Trawa cytrynowa"},"content":{"rendered":"<h2>Opis<\/h2>\n<p>\u015arodek czyszcz\u0105cy do pod\u0142\u00f3g i powierzchni zmywalnych, kt\u00f3ry od\u015bwie\u017ca i dezodoryzuje, pozostawiaj\u0105c w pomieszczeniach przyjemny zapach cytronelli przez kilka godzin. Gwarantowany brak szkodliwych produkt\u00f3w.<\/p>\n<h2>Opakowanie<\/h2>\n<p>1 litr, 5 litr\u00f3w i 25 litr\u00f3w.<\/p>\n<h2>Instrukcje u\u017cytkowania<\/h2>\n<p>Wlej produkt do ciep\u0142ej lub gor\u0105cej wody i wyczy\u015b\u0107 pod\u0142og\u0119.<\/p>\n<h2>Rozcie\u0144czenie<\/h2>\n<p>1 nakr\u0119tka produktu na 5 litr\u00f3w wody.<\/p>\n<h2>W\u0142a\u015bciwo\u015bci<\/h2>\n<p>&#8211;<\/p>\n<h2>Spos\u00f3b u\u017cycia<\/h2>\n<p>&#8211;<\/p>\n<h2>Sk\u0142ad<\/h2>\n<p>Aqua, sodium laureth sulfate, peg-160 sorbitan triisostearate, cymbopogon winterianus herb oil, benzalkonium chloride.<\/p>\n<h2>Kody EAN<\/h2>\n<ul>\n<li>1 litr : 54 250 1685 038 1<\/li>\n<li>5 litr\u00f3w: 54 250 1685 207 1<\/li>\n<li>25 litr\u00f3w: 54 250 1685 321 4<\/li>\n<\/ul>\n<h2>Referencje<\/h2>\n<ul>\n<li>1 litr : 020144<\/li>\n<li>5 litr\u00f3w : 020145<\/li>\n<li>25 litr\u00f3w : 020146<\/li>\n<\/ul>\n","protected":false},"excerpt":{"rendered":"<p>\u015arodek czyszcz\u0105cy do pod\u0142\u00f3g i powierzchni zmywalnych, kt\u00f3ry od\u015bwie\u017ca i dezodoryzuje, pozostawiaj\u0105c w pomieszczeniach przyjemny zapach cytronelli przez kilka godzin.<\/p>\n","protected":false},"featured_media":10351,"template":"","meta":{"site-sidebar-layout":"default","site-content-layout":"default","ast-site-content-layout":"default","site-content-style":"default","site-sidebar-style":"default","ast-global-header-display":"","ast-banner-title-visibility":"","ast-main-header-display":"","ast-hfb-above-header-display":"","ast-hfb-below-header-display":"","ast-hfb-mobile-header-display":"","site-post-title":"","ast-breadcrumbs-content":"","ast-featured-img":"","footer-sml-layout":"","ast-disable-related-posts":"","theme-transparent-header-meta":"default","adv-header-id-meta":"","stick-header-meta":"default","header-above-stick-meta":"","header-main-stick-meta":"","header-below-stick-meta":"","astra-migrate-meta-layouts":"default","ast-page-background-enabled":"default","ast-page-background-meta":{"desktop":{"background-color":"var(--ast-global-color-4)","background-image":"","background-repeat":"repeat","background-position":"center center","background-size":"auto","background-attachment":"scroll","background-type":"","background-media":"","overlay-type":"","overlay-color":"","overlay-opacity":"","overlay-gradient":""},"tablet":{"background-color":"","background-image":"","background-repeat":"repeat","background-position":"center center","background-size":"auto","background-attachment":"scroll","background-type":"","background-media":"","overlay-type":"","overlay-color":"","overlay-opacity":"","overlay-gradient":""},"mobile":{"background-color":"","background-image":"","background-repeat":"repeat","background-position":"center center","background-size":"auto","background-attachment":"scroll","background-type":"","background-media":"","overlay-type":"","overlay-color":"","overlay-opacity":"","overlay-gradient":""}},"ast-content-background-meta":{"desktop":{"background-color":"var(--ast-global-color-5)","background-image":"","background-repeat":"repeat","background-position":"center center","background-size":"auto","background-attachment":"scroll","background-type":"","background-media":"","overlay-type":"","overlay-color":"","overlay-opacity":"","overlay-gradient":""},"tablet":{"background-color":"var(--ast-global-color-5)","background-image":"","background-repeat":"repeat","background-position":"center center","background-size":"auto","background-attachment":"scroll","background-type":"","background-media":"","overlay-type":"","overlay-color":"","overlay-opacity":"","overlay-gradient":""},"mobile":{"background-color":"var(--ast-global-color-5)","background-image":"","background-repeat":"repeat","background-position":"center center","background-size":"auto","background-attachment":"scroll","background-type":"","background-media":"","overlay-type":"","overlay-color":"","overlay-opacity":"","overlay-gradient":""}}},"product_brand":[],"product_cat":[801],"product_tag":[],"class_list":{"0":"post-10350","1":"product","2":"type-product","3":"status-publish","4":"has-post-thumbnail","6":"product_cat-hygine-et-entretien-pl","7":"desktop-align-left","8":"tablet-align-left","9":"mobile-align-left","10":"ast-product-gallery-layout-horizontal-slider","11":"ast-product-gallery-with-no-image","12":"ast-product-tabs-layout-horizontal","14":"first","15":"instock","16":"shipping-taxable","17":"product-type-simple"},"_links":{"self":[{"href":"https:\/\/www.laboratoire-diamex.com\/pl\/wp-json\/wp\/v2\/product\/10350","targetHints":{"allow":["GET"]}}],"collection":[{"href":"https:\/\/www.laboratoire-diamex.com\/pl\/wp-json\/wp\/v2\/product"}],"about":[{"href":"https:\/\/www.laboratoire-diamex.com\/pl\/wp-json\/wp\/v2\/types\/product"}],"version-history":[{"count":0,"href":"https:\/\/www.laboratoire-diamex.com\/pl\/wp-json\/wp\/v2\/product\/10350\/revisions"}],"wp:featuredmedia":[{"embeddable":true,"href":"https:\/\/www.laboratoire-diamex.com\/pl\/wp-json\/wp\/v2\/media\/10351"}],"wp:attachment":[{"href":"https:\/\/www.laboratoire-diamex.com\/pl\/wp-json\/wp\/v2\/media?parent=10350"}],"wp:term":[{"taxonomy":"product_brand","embeddable":true,"href":"https:\/\/www.laboratoire-diamex.com\/pl\/wp-json\/wp\/v2\/product_brand?post=10350"},{"taxonomy":"product_cat","embeddable":true,"href":"https:\/\/www.laboratoire-diamex.com\/pl\/wp-json\/wp\/v2\/product_cat?post=10350"},{"taxonomy":"product_tag","embeddable":true,"href":"https:\/\/www.laboratoire-diamex.com\/pl\/wp-json\/wp\/v2\/product_tag?post=10350"}],"curies":[{"name":"wp","href":"https:\/\/api.w.org\/{rel}","templated":true}]}}