{"id":10376,"date":"2023-07-11T13:00:54","date_gmt":"2023-07-11T11:00:54","guid":{"rendered":"https:\/\/www.laboratoire-diamex.com\/catalogue\/balsam-wygladzajacy-i-ochronny-diamex-pure\/"},"modified":"2024-07-03T15:08:22","modified_gmt":"2024-07-03T13:08:22","slug":"balsam-wygladzajacy-i-ochronny-diamex-pure","status":"publish","type":"product","link":"https:\/\/www.laboratoire-diamex.com\/pl\/katalog\/balsam-wygladzajacy-i-ochronny-diamex-pure\/","title":{"rendered":"Balsam Diamex PURE Wyg\u0142adzanie &amp; Ochrona"},"content":{"rendered":"<h2>Opis<\/h2>\n<p>Balsam <strong>WYG\u0141ADZANIE &amp; OCHRONA<\/strong> jest wzbogacony o proteiny jedwabiu i soi, kt\u00f3re nawil\u017caj\u0105, naprawiaj\u0105 i wzmacniaj\u0105 w\u0142osy, jednocze\u015bnie tworz\u0105c tarcz\u0119 chroni\u0105c\u0105 je przed szkodliwym dzia\u0142aniem czynnik\u00f3w zewn\u0119trznych. Sier\u015b\u0107 jest g\u0142adka, b\u0142yszcz\u0105ca i jedwabista.<\/p>\n<p><strong>Proteiny jedwabiu<\/strong> to luksusowy i skuteczny sk\u0142adnik ceniony za wiele korzy\u015bci dla w\u0142os\u00f3w i sk\u00f3ry. Ma w\u0142a\u015bciwo\u015bci nawil\u017caj\u0105ce, wzmacniaj\u0105ce i ochronne.<\/p>\n<p><strong>Bia\u0142ko sojowe<\/strong>, bogate w niezb\u0119dne aminokwasy, jest silnym \u015brodkiem rewitalizuj\u0105cym sier\u015b\u0107 i sk\u00f3r\u0119. Wzmacnia, nawil\u017ca i dodaje w\u0142osom obj\u0119to\u015bci.<\/p>\n<p><strong>Formu\u0142a bez alkoholu, silikonu i barwnik\u00f3w.<\/strong><\/p>\n<h2>Opakowanie<\/h2>\n<p>500 mililitr\u00f3w.<\/p>\n<h2>Instrukcje u\u017cytkowania<\/h2>\n<p>Na such\u0105 sier\u015b\u0107: na\u0142o\u017cy\u0107 mask\u0119 obficie na ca\u0142e cia\u0142o, pozostawi\u0107 na 20 minut, sp\u0142uka\u0107, a nast\u0119pnie wyk\u0105pa\u0107 si\u0119. Na wilgotne w\u0142osy: na umyte i osuszone r\u0119cznikiem w\u0142osy na\u0142o\u017cy\u0107 mask\u0119 na d\u0142ugo\u015bci, rozci\u0105gaj\u0105c produkt od nasady a\u017c po same ko\u0144ce, pozostawi\u0107 na kilka minut, a nast\u0119pnie dok\u0142adnie sp\u0142uka\u0107.<\/p>\n<h2>Rozcie\u0144czenie<\/h2>\n<p>Mo\u017ce by\u0107 stosowany w postaci czystej lub rozcie\u0144czonej.<\/p>\n<h2>W\u0142a\u015bciwo\u015bci<\/h2>\n<p><strong>Wzmacnia:<\/strong> naprawia przyczynia si\u0119 do zdrowych w\u0142os\u00f3w, wzmacniaj\u0105c ich struktur\u0119, zmniejszaj\u0105c \u0142amliwo\u015b\u0107 i rozdwajanie si\u0119 ko\u0144c\u00f3wek.<br \/>\n<strong>Nawil\u017ca:<\/strong> poprawia zatrzymywanie wilgoci w sier\u015bci, czyni\u0105c j\u0105 bardziej mi\u0119kk\u0105 i \u0142atwiejsz\u0105 do rozczesania.<br \/>\n<strong>Chroni: <\/strong> <span style=\"font-size: 16px;\"> tworzy barier\u0119 ochronn\u0105 przed czynnikami zewn\u0119trznymi, takimi jak ciep\u0142o i zanieczyszczenia. <\/span><br \/>\n<strong>Wyg\u0142adza: <\/strong> zawiera sk\u0142adniki aktywne, kt\u00f3re pomagaj\u0105 wyg\u0142adzi\u0107 \u0142usk\u0119 w\u0142osa.<br \/>\n<strong>Dodaje blasku:<\/strong> dodaje blasku sier\u015bci.<\/p>\n<h2>Porady dotycz\u0105ce produkt\u00f3w<\/h2>\n<p>PURE <strong>WYG\u0141ADZANIE &amp; OCHRONA<\/strong> balsam to wysokiej jako\u015bci produkt zaprojektowany specjalnie dla ps\u00f3w wystawowych, kt\u00f3rych sier\u015b\u0107 wymaga szczeg\u00f3lnej uwagi. Wyg\u0142adza i nab\u0142yszcza w\u0142osy, jednocze\u015bnie chroni\u0105c je przed uszkodzeniami zewn\u0119trznymi.<\/p>\n<h2>Sk\u0142ad<\/h2>\n<p>&#8211;<\/p>\n<h2>Kod EAN<\/h2>\n<p>500 mililitr\u00f3w: 54 250 1685 656 7<\/p>\n<h2>Referencje<\/h2>\n<p>500 mililitr\u00f3w: 5301340<\/p>\n","protected":false},"excerpt":{"rendered":"<p>Balsam <strong>WYG\u0141ADZANIE &amp; OCHRONA<\/strong> jest wzbogacony o proteiny jedwabiu i soi, kt\u00f3re nawil\u017caj\u0105, naprawiaj\u0105 i wzmacniaj\u0105 w\u0142osy, jednocze\u015bnie tworz\u0105c tarcz\u0119 chroni\u0105c\u0105 je przed szkodliwym dzia\u0142aniem czynnik\u00f3w zewn\u0119trznych. Sier\u015b\u0107 jest g\u0142adka, b\u0142yszcz\u0105ca i jedwabista.<\/p>\n<p><strong>Formu\u0142a bez alkoholu, silikonu i barwnik\u00f3w.<\/strong><\/p>\n","protected":false},"featured_media":13419,"template":"","meta":{"site-sidebar-layout":"default","site-content-layout":"default","ast-site-content-layout":"default","site-content-style":"default","site-sidebar-style":"default","ast-global-header-display":"","ast-banner-title-visibility":"","ast-main-header-display":"","ast-hfb-above-header-display":"","ast-hfb-below-header-display":"","ast-hfb-mobile-header-display":"","site-post-title":"","ast-breadcrumbs-content":"","ast-featured-img":"","footer-sml-layout":"","ast-disable-related-posts":"","theme-transparent-header-meta":"default","adv-header-id-meta":"","stick-header-meta":"default","header-above-stick-meta":"","header-main-stick-meta":"","header-below-stick-meta":"","astra-migrate-meta-layouts":"default","ast-page-background-enabled":"default","ast-page-background-meta":{"desktop":{"background-color":"var(--ast-global-color-4)","background-image":"","background-repeat":"repeat","background-position":"center center","background-size":"auto","background-attachment":"scroll","background-type":"","background-media":"","overlay-type":"","overlay-color":"","overlay-opacity":"","overlay-gradient":""},"tablet":{"background-color":"","background-image":"","background-repeat":"repeat","background-position":"center center","background-size":"auto","background-attachment":"scroll","background-type":"","background-media":"","overlay-type":"","overlay-color":"","overlay-opacity":"","overlay-gradient":""},"mobile":{"background-color":"","background-image":"","background-repeat":"repeat","background-position":"center center","background-size":"auto","background-attachment":"scroll","background-type":"","background-media":"","overlay-type":"","overlay-color":"","overlay-opacity":"","overlay-gradient":""}},"ast-content-background-meta":{"desktop":{"background-color":"var(--ast-global-color-5)","background-image":"","background-repeat":"repeat","background-position":"center center","background-size":"auto","background-attachment":"scroll","background-type":"","background-media":"","overlay-type":"","overlay-color":"","overlay-opacity":"","overlay-gradient":""},"tablet":{"background-color":"var(--ast-global-color-5)","background-image":"","background-repeat":"repeat","background-position":"center center","background-size":"auto","background-attachment":"scroll","background-type":"","background-media":"","overlay-type":"","overlay-color":"","overlay-opacity":"","overlay-gradient":""},"mobile":{"background-color":"var(--ast-global-color-5)","background-image":"","background-repeat":"repeat","background-position":"center center","background-size":"auto","background-attachment":"scroll","background-type":"","background-media":"","overlay-type":"","overlay-color":"","overlay-opacity":"","overlay-gradient":""}}},"product_brand":[],"product_cat":[788],"product_tag":[],"class_list":{"0":"post-10376","1":"product","2":"type-product","3":"status-publish","4":"has-post-thumbnail","6":"product_cat-pure-pl","7":"pa_animal-pies","8":"pa_proprietes-naprawiacz","9":"pa_proprietes-nawilzacz","10":"pa_proprietes-ochronny","11":"pa_proprietes-pokrzepiajacy","12":"pa_proprietes-rozplatywacz","13":"pa_proprietes-wygladzanie","14":"pa_type-de-poils-dlugie-wlosy","15":"desktop-align-left","16":"tablet-align-left","17":"mobile-align-left","18":"ast-product-gallery-layout-horizontal-slider","19":"ast-product-gallery-with-no-image","20":"ast-product-tabs-layout-horizontal","22":"first","23":"instock","24":"shipping-taxable","25":"product-type-simple"},"_links":{"self":[{"href":"https:\/\/www.laboratoire-diamex.com\/pl\/wp-json\/wp\/v2\/product\/10376","targetHints":{"allow":["GET"]}}],"collection":[{"href":"https:\/\/www.laboratoire-diamex.com\/pl\/wp-json\/wp\/v2\/product"}],"about":[{"href":"https:\/\/www.laboratoire-diamex.com\/pl\/wp-json\/wp\/v2\/types\/product"}],"version-history":[{"count":0,"href":"https:\/\/www.laboratoire-diamex.com\/pl\/wp-json\/wp\/v2\/product\/10376\/revisions"}],"wp:featuredmedia":[{"embeddable":true,"href":"https:\/\/www.laboratoire-diamex.com\/pl\/wp-json\/wp\/v2\/media\/13419"}],"wp:attachment":[{"href":"https:\/\/www.laboratoire-diamex.com\/pl\/wp-json\/wp\/v2\/media?parent=10376"}],"wp:term":[{"taxonomy":"product_brand","embeddable":true,"href":"https:\/\/www.laboratoire-diamex.com\/pl\/wp-json\/wp\/v2\/product_brand?post=10376"},{"taxonomy":"product_cat","embeddable":true,"href":"https:\/\/www.laboratoire-diamex.com\/pl\/wp-json\/wp\/v2\/product_cat?post=10376"},{"taxonomy":"product_tag","embeddable":true,"href":"https:\/\/www.laboratoire-diamex.com\/pl\/wp-json\/wp\/v2\/product_tag?post=10376"}],"curies":[{"name":"wp","href":"https:\/\/api.w.org\/{rel}","templated":true}]}}