{"id":10420,"date":"2023-07-11T13:00:55","date_gmt":"2023-07-11T11:00:55","guid":{"rendered":"https:\/\/www.laboratoire-diamex.com\/catalogue\/odzywka-diamex-oleogine\/"},"modified":"2024-07-03T15:07:51","modified_gmt":"2024-07-03T13:07:51","slug":"odzywka-diamex-oleogine","status":"publish","type":"product","link":"https:\/\/www.laboratoire-diamex.com\/pl\/katalog\/odzywka-diamex-oleogine\/","title":{"rendered":"Od\u017cywka Diamex Ol\u00e9ogine"},"content":{"rendered":"<h2>Opis<\/h2>\n<p>Laktokoloidalna kremowa od\u017cywka przeznaczona do od\u017cywiania matowych, pozbawionych \u017cycia w\u0142os\u00f3w. Z organicznym olejem kokosowym.<\/p>\n<h2>Opakowanie<\/h2>\n<p>250 mililitr\u00f3w, 1 litr, 5 litr\u00f3w i 25 litr\u00f3w.<\/p>\n<h2>Instrukcje u\u017cytkowania<\/h2>\n<p>Po umyciu w\u0142os\u00f3w szamponem rozprowad\u017a produkt, rozcie\u0144czony lub nierozcie\u0144czony, na ko\u0144c\u00f3wkach w\u0142os\u00f3w, pozostaw na kilka minut, a nast\u0119pnie dok\u0142adnie sp\u0142ucz. W przypadku bardzo zniszczonej pow\u0142oki nie zaleca si\u0119 ca\u0142kowitego sp\u0142ukiwania.<\/p>\n<h2>Rozcie\u0144czenie<\/h2>\n<p>&#8211;<\/p>\n<h2>W\u0142a\u015bciwo\u015bci<\/h2>\n<p>&#8211;<\/p>\n<h2>Porady dotycz\u0105ce produkt\u00f3w<\/h2>\n<p>&#8211;<\/p>\n<h2>Sk\u0142ad<\/h2>\n<p>Aqua, stearynian glicerolu, alkohol cetearylowy (i) olej rycynowy peg-40 (i) cetearylosiarczan sodu, chlorek cetrimonium, alkohol cetearylowy, glikol propylenowy, oktylododekanol, polisorbat 20, kokamid dea, kwas cytrynowy, perfumy, benzoesan sodu, sorbinian potasu.<br \/>\nProdukty uzupe\u0142niaj\u0105ce<\/p>\n<h2>Kody EAN<\/h2>\n<ul>\n<li>250 mililitr\u00f3w: 54 250 1685 018 3<\/li>\n<li>1 litr: 54 250 1685 204 0<\/li>\n<li>5 litr\u00f3w: 54 250 1685 254 5<\/li>\n<li>25 litr\u00f3w: 54 250 1685 337 5<\/li>\n<\/ul>\n<h2>Referencje<\/h2>\n<ul>\n<li>250 mililitr\u00f3w: 020098<\/li>\n<li>1 litr : 020099<\/li>\n<li>5 litr\u00f3w : 020100<\/li>\n<li>25 litr\u00f3w : 020101<\/li>\n<\/ul>\n","protected":false},"excerpt":{"rendered":"<p>Laktokoloidalna kremowa od\u017cywka przeznaczona do od\u017cywiania matowych, pozbawionych \u017cycia w\u0142os\u00f3w.<\/p>\n","protected":false},"featured_media":10431,"template":"","meta":{"site-sidebar-layout":"default","site-content-layout":"default","ast-site-content-layout":"default","site-content-style":"default","site-sidebar-style":"default","ast-global-header-display":"","ast-banner-title-visibility":"","ast-main-header-display":"","ast-hfb-above-header-display":"","ast-hfb-below-header-display":"","ast-hfb-mobile-header-display":"","site-post-title":"","ast-breadcrumbs-content":"","ast-featured-img":"","footer-sml-layout":"","ast-disable-related-posts":"","theme-transparent-header-meta":"default","adv-header-id-meta":"","stick-header-meta":"default","header-above-stick-meta":"","header-main-stick-meta":"","header-below-stick-meta":"","astra-migrate-meta-layouts":"default","ast-page-background-enabled":"default","ast-page-background-meta":{"desktop":{"background-color":"var(--ast-global-color-4)","background-image":"","background-repeat":"repeat","background-position":"center center","background-size":"auto","background-attachment":"scroll","background-type":"","background-media":"","overlay-type":"","overlay-color":"","overlay-opacity":"","overlay-gradient":""},"tablet":{"background-color":"","background-image":"","background-repeat":"repeat","background-position":"center center","background-size":"auto","background-attachment":"scroll","background-type":"","background-media":"","overlay-type":"","overlay-color":"","overlay-opacity":"","overlay-gradient":""},"mobile":{"background-color":"","background-image":"","background-repeat":"repeat","background-position":"center center","background-size":"auto","background-attachment":"scroll","background-type":"","background-media":"","overlay-type":"","overlay-color":"","overlay-opacity":"","overlay-gradient":""}},"ast-content-background-meta":{"desktop":{"background-color":"var(--ast-global-color-5)","background-image":"","background-repeat":"repeat","background-position":"center center","background-size":"auto","background-attachment":"scroll","background-type":"","background-media":"","overlay-type":"","overlay-color":"","overlay-opacity":"","overlay-gradient":""},"tablet":{"background-color":"var(--ast-global-color-5)","background-image":"","background-repeat":"repeat","background-position":"center center","background-size":"auto","background-attachment":"scroll","background-type":"","background-media":"","overlay-type":"","overlay-color":"","overlay-opacity":"","overlay-gradient":""},"mobile":{"background-color":"var(--ast-global-color-5)","background-image":"","background-repeat":"repeat","background-position":"center center","background-size":"auto","background-attachment":"scroll","background-type":"","background-media":"","overlay-type":"","overlay-color":"","overlay-opacity":"","overlay-gradient":""}}},"product_brand":[],"product_cat":[748],"product_tag":[],"class_list":{"0":"post-10420","1":"product","2":"type-product","3":"status-publish","4":"has-post-thumbnail","6":"product_cat-classique-pl","7":"pa_animal-pies","8":"pa_proprietes-produkt-odzywczy","9":"pa_proprietes-rozplatywacz","10":"pa_type-de-poils-dlugie-wlosy","11":"desktop-align-left","12":"tablet-align-left","13":"mobile-align-left","14":"ast-product-gallery-layout-horizontal-slider","15":"ast-product-gallery-with-no-image","16":"ast-product-tabs-layout-horizontal","18":"first","19":"instock","20":"shipping-taxable","21":"product-type-simple"},"_links":{"self":[{"href":"https:\/\/www.laboratoire-diamex.com\/pl\/wp-json\/wp\/v2\/product\/10420","targetHints":{"allow":["GET"]}}],"collection":[{"href":"https:\/\/www.laboratoire-diamex.com\/pl\/wp-json\/wp\/v2\/product"}],"about":[{"href":"https:\/\/www.laboratoire-diamex.com\/pl\/wp-json\/wp\/v2\/types\/product"}],"version-history":[{"count":0,"href":"https:\/\/www.laboratoire-diamex.com\/pl\/wp-json\/wp\/v2\/product\/10420\/revisions"}],"wp:featuredmedia":[{"embeddable":true,"href":"https:\/\/www.laboratoire-diamex.com\/pl\/wp-json\/wp\/v2\/media\/10431"}],"wp:attachment":[{"href":"https:\/\/www.laboratoire-diamex.com\/pl\/wp-json\/wp\/v2\/media?parent=10420"}],"wp:term":[{"taxonomy":"product_brand","embeddable":true,"href":"https:\/\/www.laboratoire-diamex.com\/pl\/wp-json\/wp\/v2\/product_brand?post=10420"},{"taxonomy":"product_cat","embeddable":true,"href":"https:\/\/www.laboratoire-diamex.com\/pl\/wp-json\/wp\/v2\/product_cat?post=10420"},{"taxonomy":"product_tag","embeddable":true,"href":"https:\/\/www.laboratoire-diamex.com\/pl\/wp-json\/wp\/v2\/product_tag?post=10420"}],"curies":[{"name":"wp","href":"https:\/\/api.w.org\/{rel}","templated":true}]}}