{"id":10448,"date":"2023-07-11T13:00:35","date_gmt":"2023-07-11T11:00:35","guid":{"rendered":"https:\/\/www.laboratoire-diamex.com\/catalogue\/szampon-ozywiajacy-kolor-diamex-bio-technic\/"},"modified":"2024-07-03T15:25:19","modified_gmt":"2024-07-03T13:25:19","slug":"szampon-ozywiajacy-kolor-diamex-bio-technic","status":"publish","type":"product","link":"https:\/\/www.laboratoire-diamex.com\/pl\/katalog\/szampon-ozywiajacy-kolor-diamex-bio-technic\/","title":{"rendered":"Szampon Diamex BIO-TECHNIC O\u017cywiacz Koloru"},"content":{"rendered":"<h2>Opis<\/h2>\n<p>Ten ro\u015blinny szampon zawiera 99,9% sk\u0142adnik\u00f3w pochodzenia naturalnego. Wzbogacony \u017celem Aloe Vera i ekstraktami z li\u015bci mydlnicy lekarskiej, nadaje si\u0119 do wszystkich rodzaj\u00f3w w\u0142os\u00f3w.<\/p>\n<p>Ceramidy ro\u015blinne, pochodz\u0105ce z oleju s\u0142onecznikowego, chroni\u0105 blask kolor\u00f3w i pokrywaj\u0105 w\u0142osy, pozostawiaj\u0105c je l\u015bni\u0105ce i \u0142atwe do rozczesania. Olejek z drzewa H\u00f4 ma w\u0142a\u015bciwo\u015bci \u015bci\u0105gaj\u0105ce, kt\u00f3re przywracaj\u0105 sk\u00f3rze witalno\u015b\u0107.<\/p>\n<p>Gwarantowany brak petrochemikali\u00f3w, paraben\u00f3w, barwnik\u00f3w, syntetycznych substancji zapachowych i silikonu.<\/p>\n<h2>Opakowanie<\/h2>\n<p>200 mililitr\u00f3w, 1 litr i 5 litr\u00f3w.<\/p>\n<h2>Instrukcje u\u017cytkowania<\/h2>\n<p>Dok\u0142adnie zmocz i wmasuj szampon w ca\u0142\u0105 sier\u015b\u0107, a nast\u0119pnie dok\u0142adnie sp\u0142ucz. Unika\u0107 kontaktu z oczami.<\/p>\n<h2>Rozcie\u0144czenie<\/h2>\n<p>60 ml produktu na 1 litr wody.<\/p>\n<h2>W\u0142a\u015bciwo\u015bci<\/h2>\n<p>&#8211;<\/p>\n<h2>Spos\u00f3b u\u017cycia<\/h2>\n<p>&#8211;<\/p>\n<h2>Sk\u0142ad<\/h2>\n<p>&#8211;<\/p>\n<h2>Kody EAN<\/h2>\n<ul>\n<li>200 mililitr\u00f3w: 54 250 1685 652 9<\/li>\n<li>1 litr :<\/li>\n<li>5 litr\u00f3w:<\/li>\n<\/ul>\n<h2>Referencje<\/h2>\n<ul>\n<li>200 mililitr\u00f3w : 5301410<\/li>\n<li>1 litr : 5301590<\/li>\n<li>5 litr\u00f3w : 5301600<\/li>\n<\/ul>\n","protected":false},"excerpt":{"rendered":"<p>Ten ro\u015blinny szampon zawiera 99,9% sk\u0142adnik\u00f3w pochodzenia naturalnego. Wzbogacony \u017celem Aloe Vera i ekstraktami z li\u015bci mydlnicy lekarskiej, nadaje si\u0119 do wszystkich rodzaj\u00f3w w\u0142os\u00f3w.<\/p>\n","protected":false},"featured_media":10463,"template":"","meta":{"site-sidebar-layout":"default","site-content-layout":"default","ast-site-content-layout":"default","site-content-style":"default","site-sidebar-style":"default","ast-global-header-display":"","ast-banner-title-visibility":"","ast-main-header-display":"","ast-hfb-above-header-display":"","ast-hfb-below-header-display":"","ast-hfb-mobile-header-display":"","site-post-title":"","ast-breadcrumbs-content":"","ast-featured-img":"","footer-sml-layout":"","ast-disable-related-posts":"","theme-transparent-header-meta":"default","adv-header-id-meta":"","stick-header-meta":"default","header-above-stick-meta":"","header-main-stick-meta":"","header-below-stick-meta":"","astra-migrate-meta-layouts":"default","ast-page-background-enabled":"default","ast-page-background-meta":{"desktop":{"background-color":"var(--ast-global-color-4)","background-image":"","background-repeat":"repeat","background-position":"center center","background-size":"auto","background-attachment":"scroll","background-type":"","background-media":"","overlay-type":"","overlay-color":"","overlay-opacity":"","overlay-gradient":""},"tablet":{"background-color":"","background-image":"","background-repeat":"repeat","background-position":"center center","background-size":"auto","background-attachment":"scroll","background-type":"","background-media":"","overlay-type":"","overlay-color":"","overlay-opacity":"","overlay-gradient":""},"mobile":{"background-color":"","background-image":"","background-repeat":"repeat","background-position":"center center","background-size":"auto","background-attachment":"scroll","background-type":"","background-media":"","overlay-type":"","overlay-color":"","overlay-opacity":"","overlay-gradient":""}},"ast-content-background-meta":{"desktop":{"background-color":"var(--ast-global-color-5)","background-image":"","background-repeat":"repeat","background-position":"center center","background-size":"auto","background-attachment":"scroll","background-type":"","background-media":"","overlay-type":"","overlay-color":"","overlay-opacity":"","overlay-gradient":""},"tablet":{"background-color":"var(--ast-global-color-5)","background-image":"","background-repeat":"repeat","background-position":"center center","background-size":"auto","background-attachment":"scroll","background-type":"","background-media":"","overlay-type":"","overlay-color":"","overlay-opacity":"","overlay-gradient":""},"mobile":{"background-color":"var(--ast-global-color-5)","background-image":"","background-repeat":"repeat","background-position":"center center","background-size":"auto","background-attachment":"scroll","background-type":"","background-media":"","overlay-type":"","overlay-color":"","overlay-opacity":"","overlay-gradient":""}}},"product_brand":[],"product_cat":[825],"product_tag":[],"class_list":{"0":"post-10448","1":"product","2":"type-product","3":"status-publish","4":"has-post-thumbnail","6":"product_cat-vegetale-pl","7":"pa_animal-pies","8":"pa_proprietes-odswiezacz-koloru","9":"pa_specificites-roslinny","10":"pa_type-de-poils-dlugie-wlosy","11":"pa_type-de-poils-kazdy-typ","12":"pa_type-de-poils-krotkie-wlosy","13":"desktop-align-left","14":"tablet-align-left","15":"mobile-align-left","16":"ast-product-gallery-layout-horizontal-slider","17":"ast-product-gallery-with-no-image","18":"ast-product-tabs-layout-horizontal","20":"first","21":"instock","22":"shipping-taxable","23":"product-type-simple"},"_links":{"self":[{"href":"https:\/\/www.laboratoire-diamex.com\/pl\/wp-json\/wp\/v2\/product\/10448","targetHints":{"allow":["GET"]}}],"collection":[{"href":"https:\/\/www.laboratoire-diamex.com\/pl\/wp-json\/wp\/v2\/product"}],"about":[{"href":"https:\/\/www.laboratoire-diamex.com\/pl\/wp-json\/wp\/v2\/types\/product"}],"version-history":[{"count":0,"href":"https:\/\/www.laboratoire-diamex.com\/pl\/wp-json\/wp\/v2\/product\/10448\/revisions"}],"wp:featuredmedia":[{"embeddable":true,"href":"https:\/\/www.laboratoire-diamex.com\/pl\/wp-json\/wp\/v2\/media\/10463"}],"wp:attachment":[{"href":"https:\/\/www.laboratoire-diamex.com\/pl\/wp-json\/wp\/v2\/media?parent=10448"}],"wp:term":[{"taxonomy":"product_brand","embeddable":true,"href":"https:\/\/www.laboratoire-diamex.com\/pl\/wp-json\/wp\/v2\/product_brand?post=10448"},{"taxonomy":"product_cat","embeddable":true,"href":"https:\/\/www.laboratoire-diamex.com\/pl\/wp-json\/wp\/v2\/product_cat?post=10448"},{"taxonomy":"product_tag","embeddable":true,"href":"https:\/\/www.laboratoire-diamex.com\/pl\/wp-json\/wp\/v2\/product_tag?post=10448"}],"curies":[{"name":"wp","href":"https:\/\/api.w.org\/{rel}","templated":true}]}}