{"id":10654,"date":"2023-07-11T13:00:26","date_gmt":"2023-07-11T11:00:26","guid":{"rendered":"https:\/\/www.laboratoire-diamex.com\/catalogue\/szampon-z-mleczkiem-migdalowym-diamex\/"},"modified":"2025-08-14T14:03:08","modified_gmt":"2025-08-14T12:03:08","slug":"szampon-z-mleczkiem-migdalowym-diamex","status":"publish","type":"product","link":"https:\/\/www.laboratoire-diamex.com\/pl\/katalog\/szampon-z-mleczkiem-migdalowym-diamex\/","title":{"rendered":"Szampon Diamex Mleczko migda\u0142owe"},"content":{"rendered":"\t\t<div data-elementor-type=\"product-post\" data-elementor-id=\"10654\" class=\"elementor elementor-10654 elementor-6978\" wpc-filter-elementor-widget=\"1\" data-elementor-post-type=\"product\">\n\t\t\t\t\t\t<section class=\"elementor-section elementor-top-section elementor-element elementor-element-1e601394 elementor-section-boxed elementor-section-height-default elementor-section-height-default\" data-id=\"1e601394\" data-element_type=\"section\" data-e-type=\"section\">\n\t\t\t\t\t\t<div class=\"elementor-container elementor-column-gap-default\">\n\t\t\t\t\t<div class=\"elementor-column elementor-col-100 elementor-top-column elementor-element elementor-element-79bddce5\" data-id=\"79bddce5\" data-element_type=\"column\" data-e-type=\"column\">\n\t\t\t<div class=\"elementor-widget-wrap elementor-element-populated\">\n\t\t\t\t\t\t<div class=\"elementor-element elementor-element-1b89ec4 elementor-widget elementor-widget-text-editor\" data-id=\"1b89ec4\" data-element_type=\"widget\" data-e-type=\"widget\" data-widget_type=\"text-editor.default\">\n\t\t\t\t<div class=\"elementor-widget-container\">\n\t\t\t\t\t\t\t\t\t<h2>Opis<\/h2>\r\nSzampon Diamex <strong>LAIT D&#8217;AMANDES<\/strong> jest wzbogacony olejkiem migda\u0142owym. Zapewnia elastyczno\u015b\u0107 i po\u0142ysk bez obci\u0105\u017cania w\u0142os\u00f3w. Odpowiedni dla wszystkich rodzaj\u00f3w w\u0142os\u00f3w.\r\n<h2>Instrukcje u\u017cytkowania<\/h2>\r\nDok\u0142adnie zmocz i wmasuj szampon w ca\u0142\u0105 sier\u015b\u0107, a nast\u0119pnie dok\u0142adnie sp\u0142ucz. Unika\u0107 kontaktu z oczami\r\n<h2>Rozcie\u0144czenie<\/h2>\r\n125 mililitr\u00f3w szamponu na 1 litr wody.\r\n<h2 style=\"font-style: normal;\">Opakowanie<\/h2>\r\n<p style=\"font-size: 16px; font-style: normal; font-weight: 400;\">250 mililitr\u00f3w, 1 litr, 5 litr\u00f3w i 25 litr\u00f3w.<\/p>\r\n\r\n<h2>Sk\u0142ad<\/h2>\r\nWODA OSMOTYCZNA, LAURYLOSIARCZAN SODU, GLICERYNA, CHLOREK SODU, DISTEARYNIAN GLIKOLU (I) LAURYLOSIARCZAN SODU (I) KOKAMID MEA, SIARCZAN LAURYLU HERBATY, KOKAMID DEA I GLICERYNA, BETAINA KOKAMIDOPROPYLOWA, KWAS CYTRYNOWY, PERFUMY, BENZOESAN SODU, SORBINIAN POTASU.\r\n<h2>Kod EAN<\/h2>\r\n250 mililitr\u00f3w: 54 250 1685 007 7\r\n1 litr: 54 250 1685 232 3\r\n5 litr\u00f3w: 54 250 1685 233 0\r\n25 litr\u00f3w: 54 250 1685 335 1\r\n<h2>Referencje<\/h2>\r\n250 mililitr\u00f3w: 020004\r\n1 litr : 020005\r\n5 litr\u00f3w : 020006\r\n25 litr\u00f3w : 020007\t\t\t\t\t\t\t\t<\/div>\n\t\t\t\t<\/div>\n\t\t\t\t\t<\/div>\n\t\t<\/div>\n\t\t\t\t\t<\/div>\n\t\t<\/section>\n\t\t\t\t<section class=\"elementor-section elementor-top-section elementor-element elementor-element-944f6d5 elementor-section-boxed elementor-section-height-default elementor-section-height-default\" data-id=\"944f6d5\" data-element_type=\"section\" data-e-type=\"section\">\n\t\t\t\t\t\t<div class=\"elementor-container elementor-column-gap-default\">\n\t\t\t\t\t<div class=\"elementor-column elementor-col-33 elementor-top-column elementor-element elementor-element-1515934\" data-id=\"1515934\" data-element_type=\"column\" data-e-type=\"column\">\n\t\t\t<div class=\"elementor-widget-wrap elementor-element-populated\">\n\t\t\t\t\t\t<div class=\"elementor-element elementor-element-4a8808a elementor-widget elementor-widget-video\" data-id=\"4a8808a\" data-element_type=\"widget\" data-e-type=\"widget\" data-settings=\"{&quot;video_type&quot;:&quot;hosted&quot;,&quot;controls&quot;:&quot;yes&quot;}\" data-widget_type=\"video.default\">\n\t\t\t\t<div class=\"elementor-widget-container\">\n\t\t\t\t\t\t\t<div class=\"e-hosted-video elementor-wrapper elementor-open-inline\">\n\t\t\t\t\t<video class=\"elementor-video\" src=\"https:\/\/www.laboratoire-diamex.com\/wp-content\/uploads\/2023\/07\/en-DIAMEX-SHAMPOOING-LAIT-DAMANDE.mov\" controls=\"\" preload=\"metadata\" controlsList=\"nodownload\"><\/video>\n\t\t\t\t<\/div>\n\t\t\t\t\t\t<\/div>\n\t\t\t\t<\/div>\n\t\t\t\t\t<\/div>\n\t\t<\/div>\n\t\t\t\t<div class=\"elementor-column elementor-col-33 elementor-top-column elementor-element elementor-element-b207458\" data-id=\"b207458\" data-element_type=\"column\" data-e-type=\"column\">\n\t\t\t<div class=\"elementor-widget-wrap\">\n\t\t\t\t\t\t\t<\/div>\n\t\t<\/div>\n\t\t\t\t<div class=\"elementor-column elementor-col-33 elementor-top-column elementor-element elementor-element-9bb6e36\" data-id=\"9bb6e36\" data-element_type=\"column\" data-e-type=\"column\">\n\t\t\t<div class=\"elementor-widget-wrap\">\n\t\t\t\t\t\t\t<\/div>\n\t\t<\/div>\n\t\t\t\t\t<\/div>\n\t\t<\/section>\n\t\t\t\t<\/div>\n\t\t","protected":false},"excerpt":{"rendered":"<p>Szampon nawil\u017caj\u0105cy wzbogacony olejkiem migda\u0142owym.<\/p>\n","protected":false},"featured_media":10668,"template":"","meta":{"site-sidebar-layout":"default","site-content-layout":"default","ast-site-content-layout":"default","site-content-style":"default","site-sidebar-style":"default","ast-global-header-display":"","ast-banner-title-visibility":"","ast-main-header-display":"","ast-hfb-above-header-display":"","ast-hfb-below-header-display":"","ast-hfb-mobile-header-display":"","site-post-title":"","ast-breadcrumbs-content":"","ast-featured-img":"","footer-sml-layout":"","ast-disable-related-posts":"","theme-transparent-header-meta":"default","adv-header-id-meta":"","stick-header-meta":"default","header-above-stick-meta":"","header-main-stick-meta":"","header-below-stick-meta":"","astra-migrate-meta-layouts":"default","ast-page-background-enabled":"default","ast-page-background-meta":{"desktop":{"background-color":"var(--ast-global-color-4)","background-image":"","background-repeat":"repeat","background-position":"center center","background-size":"auto","background-attachment":"scroll","background-type":"","background-media":"","overlay-type":"","overlay-color":"","overlay-opacity":"","overlay-gradient":""},"tablet":{"background-color":"","background-image":"","background-repeat":"repeat","background-position":"center center","background-size":"auto","background-attachment":"scroll","background-type":"","background-media":"","overlay-type":"","overlay-color":"","overlay-opacity":"","overlay-gradient":""},"mobile":{"background-color":"","background-image":"","background-repeat":"repeat","background-position":"center center","background-size":"auto","background-attachment":"scroll","background-type":"","background-media":"","overlay-type":"","overlay-color":"","overlay-opacity":"","overlay-gradient":""}},"ast-content-background-meta":{"desktop":{"background-color":"var(--ast-global-color-5)","background-image":"","background-repeat":"repeat","background-position":"center center","background-size":"auto","background-attachment":"scroll","background-type":"","background-media":"","overlay-type":"","overlay-color":"","overlay-opacity":"","overlay-gradient":""},"tablet":{"background-color":"var(--ast-global-color-5)","background-image":"","background-repeat":"repeat","background-position":"center center","background-size":"auto","background-attachment":"scroll","background-type":"","background-media":"","overlay-type":"","overlay-color":"","overlay-opacity":"","overlay-gradient":""},"mobile":{"background-color":"var(--ast-global-color-5)","background-image":"","background-repeat":"repeat","background-position":"center center","background-size":"auto","background-attachment":"scroll","background-type":"","background-media":"","overlay-type":"","overlay-color":"","overlay-opacity":"","overlay-gradient":""}}},"product_brand":[],"product_cat":[748],"product_tag":[],"class_list":{"0":"post-10654","1":"product","2":"type-product","3":"status-publish","4":"has-post-thumbnail","6":"product_cat-classique-pl","7":"pa_animal-pies","8":"pa_proprietes-nawilzacz","9":"pa_proprietes-produkt-odzywczy","10":"pa_type-de-poils-dlugie-wlosy","11":"pa_type-de-poils-kazdy-typ","12":"pa_type-de-poils-krotkie-wlosy","13":"desktop-align-left","14":"tablet-align-left","15":"mobile-align-left","16":"ast-product-gallery-layout-horizontal-slider","17":"ast-product-tabs-layout-horizontal","19":"first","20":"instock","21":"shipping-taxable","22":"product-type-simple"},"_links":{"self":[{"href":"https:\/\/www.laboratoire-diamex.com\/pl\/wp-json\/wp\/v2\/product\/10654","targetHints":{"allow":["GET"]}}],"collection":[{"href":"https:\/\/www.laboratoire-diamex.com\/pl\/wp-json\/wp\/v2\/product"}],"about":[{"href":"https:\/\/www.laboratoire-diamex.com\/pl\/wp-json\/wp\/v2\/types\/product"}],"version-history":[{"count":0,"href":"https:\/\/www.laboratoire-diamex.com\/pl\/wp-json\/wp\/v2\/product\/10654\/revisions"}],"wp:featuredmedia":[{"embeddable":true,"href":"https:\/\/www.laboratoire-diamex.com\/pl\/wp-json\/wp\/v2\/media\/10668"}],"wp:attachment":[{"href":"https:\/\/www.laboratoire-diamex.com\/pl\/wp-json\/wp\/v2\/media?parent=10654"}],"wp:term":[{"taxonomy":"product_brand","embeddable":true,"href":"https:\/\/www.laboratoire-diamex.com\/pl\/wp-json\/wp\/v2\/product_brand?post=10654"},{"taxonomy":"product_cat","embeddable":true,"href":"https:\/\/www.laboratoire-diamex.com\/pl\/wp-json\/wp\/v2\/product_cat?post=10654"},{"taxonomy":"product_tag","embeddable":true,"href":"https:\/\/www.laboratoire-diamex.com\/pl\/wp-json\/wp\/v2\/product_tag?post=10654"}],"curies":[{"name":"wp","href":"https:\/\/api.w.org\/{rel}","templated":true}]}}