{"id":10700,"date":"2023-07-11T13:00:34","date_gmt":"2023-07-11T11:00:34","guid":{"rendered":"https:\/\/www.laboratoire-diamex.com\/catalogue\/szampon-kokosowy-diamex\/"},"modified":"2024-07-03T15:26:17","modified_gmt":"2024-07-03T13:26:17","slug":"szampon-kokosowy-diamex","status":"publish","type":"product","link":"https:\/\/www.laboratoire-diamex.com\/pl\/katalog\/szampon-kokosowy-diamex\/","title":{"rendered":"Szampon Diamex Kokos"},"content":{"rendered":"<h2>Opis<\/h2>\n<p>Szampon z olejem kokosowym, znanym ze swojej wyj\u0105tkowej \u0142agodno\u015bci. Idealna dla ps\u00f3w o d\u0142ugiej, g\u0119stej sier\u015bci.<\/p>\n<h2>Opakowanie<\/h2>\n<p>250 mililitr\u00f3w, 1 litr, 5 litr\u00f3w i 25 litr\u00f3w.<\/p>\n<h2>Instrukcje u\u017cytkowania<\/h2>\n<p>Dok\u0142adnie zmocz i wmasuj szampon w ca\u0142\u0105 sier\u015b\u0107, a nast\u0119pnie dok\u0142adnie sp\u0142ucz. Unika\u0107 kontaktu z oczami.<\/p>\n<h2>Rozcie\u0144czenie<\/h2>\n<p>125 mililitr\u00f3w szamponu na 1 litr wody.<\/p>\n<h2>W\u0142a\u015bciwo\u015bci<\/h2>\n<p>&#8211;<\/p>\n<h2>Spos\u00f3b u\u017cycia<\/h2>\n<p>&#8211;<\/p>\n<h2>Sk\u0142ad<\/h2>\n<p>Aqua, sodium laureth sulfate, sodium chloride, tea-lauryl sulfate, glycerin, cocamide dea and glycerol, glycol distearate (and) sodium laureth sulfate (and) cocamide mea, parfumcitric acid, sodium benzoate, potassium sorbate.<\/p>\n<h2>Kody EAN<\/h2>\n<p>250 mililitr\u00f3w: 54 250 1685 0114<\/p>\n<p>1 litr: 54 250 1685 218 7<\/p>\n<p>5 litr\u00f3w: 54 250 1685 219 4<\/p>\n<p>25 litr\u00f3w: 54 250 1685 329 0<\/p>\n<h2>Referencje<\/h2>\n<p>250 mililitr\u00f3w: 020000<\/p>\n<p>1 litr : 020001<\/p>\n<p>5 litr\u00f3w : 020002<\/p>\n<p>25 litr\u00f3w : 020003<\/p>\n","protected":false},"excerpt":{"rendered":"<p>Opis Szampon z olejem kokosowym, znanym ze swojej wyj\u0105tkowej \u0142agodno\u015bci. Idealna dla ps\u00f3w o d\u0142ugiej, g\u0119stej sier\u015bci. Opakowanie 250 mililitr\u00f3w, 1 litr, 5 litr\u00f3w i 25 litr\u00f3w. Instrukcje u\u017cytkowania Dok\u0142adnie zmocz i wmasuj szampon w ca\u0142\u0105 sier\u015b\u0107, a nast\u0119pnie dok\u0142adnie sp\u0142ucz. Unika\u0107 kontaktu z oczami. Rozcie\u0144czenie 125 mililitr\u00f3w szamponu na 1 litr wody. W\u0142a\u015bciwo\u015bci &#8211; [&hellip;]<\/p>\n","protected":false},"featured_media":10710,"template":"","meta":{"site-sidebar-layout":"default","site-content-layout":"default","ast-site-content-layout":"default","site-content-style":"default","site-sidebar-style":"default","ast-global-header-display":"","ast-banner-title-visibility":"","ast-main-header-display":"","ast-hfb-above-header-display":"","ast-hfb-below-header-display":"","ast-hfb-mobile-header-display":"","site-post-title":"","ast-breadcrumbs-content":"","ast-featured-img":"","footer-sml-layout":"","ast-disable-related-posts":"","theme-transparent-header-meta":"default","adv-header-id-meta":"","stick-header-meta":"default","header-above-stick-meta":"","header-main-stick-meta":"","header-below-stick-meta":"","astra-migrate-meta-layouts":"default","ast-page-background-enabled":"default","ast-page-background-meta":{"desktop":{"background-color":"var(--ast-global-color-4)","background-image":"","background-repeat":"repeat","background-position":"center center","background-size":"auto","background-attachment":"scroll","background-type":"","background-media":"","overlay-type":"","overlay-color":"","overlay-opacity":"","overlay-gradient":""},"tablet":{"background-color":"","background-image":"","background-repeat":"repeat","background-position":"center center","background-size":"auto","background-attachment":"scroll","background-type":"","background-media":"","overlay-type":"","overlay-color":"","overlay-opacity":"","overlay-gradient":""},"mobile":{"background-color":"","background-image":"","background-repeat":"repeat","background-position":"center center","background-size":"auto","background-attachment":"scroll","background-type":"","background-media":"","overlay-type":"","overlay-color":"","overlay-opacity":"","overlay-gradient":""}},"ast-content-background-meta":{"desktop":{"background-color":"var(--ast-global-color-5)","background-image":"","background-repeat":"repeat","background-position":"center center","background-size":"auto","background-attachment":"scroll","background-type":"","background-media":"","overlay-type":"","overlay-color":"","overlay-opacity":"","overlay-gradient":""},"tablet":{"background-color":"var(--ast-global-color-5)","background-image":"","background-repeat":"repeat","background-position":"center center","background-size":"auto","background-attachment":"scroll","background-type":"","background-media":"","overlay-type":"","overlay-color":"","overlay-opacity":"","overlay-gradient":""},"mobile":{"background-color":"var(--ast-global-color-5)","background-image":"","background-repeat":"repeat","background-position":"center center","background-size":"auto","background-attachment":"scroll","background-type":"","background-media":"","overlay-type":"","overlay-color":"","overlay-opacity":"","overlay-gradient":""}}},"product_brand":[],"product_cat":[748],"product_tag":[],"class_list":{"0":"post-10700","1":"product","2":"type-product","3":"status-publish","4":"has-post-thumbnail","6":"product_cat-classique-pl","7":"pa_animal-pies","8":"pa_proprietes-nawilzacz","9":"pa_type-de-poils-dlugie-wlosy","10":"pa_type-de-poils-kazdy-typ","11":"pa_type-de-poils-krotkie-wlosy","12":"desktop-align-left","13":"tablet-align-left","14":"mobile-align-left","15":"ast-product-gallery-layout-horizontal-slider","16":"ast-product-gallery-with-no-image","17":"ast-product-tabs-layout-horizontal","19":"first","20":"instock","21":"shipping-taxable","22":"product-type-simple"},"_links":{"self":[{"href":"https:\/\/www.laboratoire-diamex.com\/pl\/wp-json\/wp\/v2\/product\/10700","targetHints":{"allow":["GET"]}}],"collection":[{"href":"https:\/\/www.laboratoire-diamex.com\/pl\/wp-json\/wp\/v2\/product"}],"about":[{"href":"https:\/\/www.laboratoire-diamex.com\/pl\/wp-json\/wp\/v2\/types\/product"}],"version-history":[{"count":0,"href":"https:\/\/www.laboratoire-diamex.com\/pl\/wp-json\/wp\/v2\/product\/10700\/revisions"}],"wp:featuredmedia":[{"embeddable":true,"href":"https:\/\/www.laboratoire-diamex.com\/pl\/wp-json\/wp\/v2\/media\/10710"}],"wp:attachment":[{"href":"https:\/\/www.laboratoire-diamex.com\/pl\/wp-json\/wp\/v2\/media?parent=10700"}],"wp:term":[{"taxonomy":"product_brand","embeddable":true,"href":"https:\/\/www.laboratoire-diamex.com\/pl\/wp-json\/wp\/v2\/product_brand?post=10700"},{"taxonomy":"product_cat","embeddable":true,"href":"https:\/\/www.laboratoire-diamex.com\/pl\/wp-json\/wp\/v2\/product_cat?post=10700"},{"taxonomy":"product_tag","embeddable":true,"href":"https:\/\/www.laboratoire-diamex.com\/pl\/wp-json\/wp\/v2\/product_tag?post=10700"}],"curies":[{"name":"wp","href":"https:\/\/api.w.org\/{rel}","templated":true}]}}