{"id":10960,"date":"2023-07-11T13:00:23","date_gmt":"2023-07-11T11:00:23","guid":{"rendered":"https:\/\/www.laboratoire-diamex.com\/catalogue\/szampon-diamex-super-white\/"},"modified":"2024-07-03T15:37:27","modified_gmt":"2024-07-03T13:37:27","slug":"szampon-diamex-super-white","status":"publish","type":"product","link":"https:\/\/www.laboratoire-diamex.com\/pl\/katalog\/szampon-diamex-super-white\/","title":{"rendered":"Szampon Diamex Super White"},"content":{"rendered":"<h2>Opis<\/h2>\n<p>Specjalny szampon dla bia\u0142ych i srebrnych ps\u00f3w: wzbogacony olejkiem ze s\u0142odkich migda\u0142\u00f3w. U\u017cywany od wielu lat przez hodowc\u00f3w Bichon\u00f3w. Przywraca w\u0142osom naturalny kolor i po\u0142ysk, redukuje \u017c\u00f3\u0142kni\u0119cie.<\/p>\n<h2>Opakowanie<\/h2>\n<p>250 mililitr\u00f3w, 1 litr, 5 litr\u00f3w i 25 litr\u00f3w.<\/p>\n<h2>Instrukcje u\u017cytkowania<\/h2>\n<p>Dok\u0142adnie zmoczy\u0107 i na\u0142o\u017cy\u0107 szampon na ca\u0142\u0105 sier\u015b\u0107, delikatnie masuj\u0105c. Pozostawi\u0107 na 2 do 3 minut, a nast\u0119pnie dok\u0142adnie sp\u0142uka\u0107. Unika\u0107 kontaktu z oczami<\/p>\n<h2>Rozcie\u0144czenie<\/h2>\n<p>75 mililitr\u00f3w szamponu na 1 litr wody.<\/p>\n<h2>W\u0142a\u015bciwo\u015bci<\/h2>\n<p>Spos\u00f3b u\u017cycia<\/p>\n<h2>Sk\u0142ad<\/h2>\n<p>Aqua, sodium laureth sulfate, glycerin, sodium chloride, glycol distearate (and) sodium laureth sulfate (and) cocamide mea, cocamide dea and glycerol, tea-lauryl sulfate, cocamidopropyl betaine, dye, citric acid, perfume, sodium benzoate, potassium sorbate.<br \/>\nProdukty uzupe\u0142niaj\u0105ce<\/p>\n<h2>Kody EAN<\/h2>\n<ul>\n<li>250 mililitr\u00f3w: 54 250 1685 008 4<\/li>\n<li>1 litr: 54 250 1685 201 9<\/li>\n<li>5 litr\u00f3w: 54 250 1685 242 2<\/li>\n<li>25 litr\u00f3w: 54 250 1685 345 0<\/li>\n<\/ul>\n<h2>Referencje<\/h2>\n<ul>\n<li>250 mililitr\u00f3w: 020023<\/li>\n<li>1 litr : 020024<\/li>\n<li>5 litr\u00f3w : 020025<\/li>\n<li>25 litr\u00f3w : 020026<\/li>\n<\/ul>\n","protected":false},"excerpt":{"rendered":"<p>Specjalny szampon dla bia\u0142ych i srebrnych ps\u00f3w: wzbogacony olejkiem ze s\u0142odkich migda\u0142\u00f3w. U\u017cywany od wielu lat przez hodowc\u00f3w Bichon\u00f3w.<\/p>\n","protected":false},"featured_media":10971,"template":"","meta":{"site-sidebar-layout":"default","site-content-layout":"default","ast-site-content-layout":"default","site-content-style":"default","site-sidebar-style":"default","ast-global-header-display":"","ast-banner-title-visibility":"","ast-main-header-display":"","ast-hfb-above-header-display":"","ast-hfb-below-header-display":"","ast-hfb-mobile-header-display":"","site-post-title":"","ast-breadcrumbs-content":"","ast-featured-img":"","footer-sml-layout":"","ast-disable-related-posts":"","theme-transparent-header-meta":"default","adv-header-id-meta":"","stick-header-meta":"default","header-above-stick-meta":"","header-main-stick-meta":"","header-below-stick-meta":"","astra-migrate-meta-layouts":"default","ast-page-background-enabled":"default","ast-page-background-meta":{"desktop":{"background-color":"var(--ast-global-color-4)","background-image":"","background-repeat":"repeat","background-position":"center center","background-size":"auto","background-attachment":"scroll","background-type":"","background-media":"","overlay-type":"","overlay-color":"","overlay-opacity":"","overlay-gradient":""},"tablet":{"background-color":"","background-image":"","background-repeat":"repeat","background-position":"center center","background-size":"auto","background-attachment":"scroll","background-type":"","background-media":"","overlay-type":"","overlay-color":"","overlay-opacity":"","overlay-gradient":""},"mobile":{"background-color":"","background-image":"","background-repeat":"repeat","background-position":"center center","background-size":"auto","background-attachment":"scroll","background-type":"","background-media":"","overlay-type":"","overlay-color":"","overlay-opacity":"","overlay-gradient":""}},"ast-content-background-meta":{"desktop":{"background-color":"var(--ast-global-color-5)","background-image":"","background-repeat":"repeat","background-position":"center center","background-size":"auto","background-attachment":"scroll","background-type":"","background-media":"","overlay-type":"","overlay-color":"","overlay-opacity":"","overlay-gradient":""},"tablet":{"background-color":"var(--ast-global-color-5)","background-image":"","background-repeat":"repeat","background-position":"center center","background-size":"auto","background-attachment":"scroll","background-type":"","background-media":"","overlay-type":"","overlay-color":"","overlay-opacity":"","overlay-gradient":""},"mobile":{"background-color":"var(--ast-global-color-5)","background-image":"","background-repeat":"repeat","background-position":"center center","background-size":"auto","background-attachment":"scroll","background-type":"","background-media":"","overlay-type":"","overlay-color":"","overlay-opacity":"","overlay-gradient":""}}},"product_brand":[],"product_cat":[748],"product_tag":[],"class_list":{"0":"post-10960","1":"product","2":"type-product","3":"status-publish","4":"has-post-thumbnail","6":"product_cat-classique-pl","7":"pa_animal-pies","8":"pa_proprietes-odswiezacz-koloru","9":"pa_type-de-poils-dlugie-wlosy","10":"pa_type-de-poils-kazdy-typ","11":"pa_type-de-poils-krotkie-wlosy","12":"desktop-align-left","13":"tablet-align-left","14":"mobile-align-left","15":"ast-product-gallery-layout-horizontal-slider","16":"ast-product-gallery-with-no-image","17":"ast-product-tabs-layout-horizontal","19":"first","20":"instock","21":"shipping-taxable","22":"product-type-simple"},"_links":{"self":[{"href":"https:\/\/www.laboratoire-diamex.com\/pl\/wp-json\/wp\/v2\/product\/10960","targetHints":{"allow":["GET"]}}],"collection":[{"href":"https:\/\/www.laboratoire-diamex.com\/pl\/wp-json\/wp\/v2\/product"}],"about":[{"href":"https:\/\/www.laboratoire-diamex.com\/pl\/wp-json\/wp\/v2\/types\/product"}],"version-history":[{"count":0,"href":"https:\/\/www.laboratoire-diamex.com\/pl\/wp-json\/wp\/v2\/product\/10960\/revisions"}],"wp:featuredmedia":[{"embeddable":true,"href":"https:\/\/www.laboratoire-diamex.com\/pl\/wp-json\/wp\/v2\/media\/10971"}],"wp:attachment":[{"href":"https:\/\/www.laboratoire-diamex.com\/pl\/wp-json\/wp\/v2\/media?parent=10960"}],"wp:term":[{"taxonomy":"product_brand","embeddable":true,"href":"https:\/\/www.laboratoire-diamex.com\/pl\/wp-json\/wp\/v2\/product_brand?post=10960"},{"taxonomy":"product_cat","embeddable":true,"href":"https:\/\/www.laboratoire-diamex.com\/pl\/wp-json\/wp\/v2\/product_cat?post=10960"},{"taxonomy":"product_tag","embeddable":true,"href":"https:\/\/www.laboratoire-diamex.com\/pl\/wp-json\/wp\/v2\/product_tag?post=10960"}],"curies":[{"name":"wp","href":"https:\/\/api.w.org\/{rel}","templated":true}]}}