{"id":11225,"date":"2023-07-11T13:00:17","date_gmt":"2023-07-11T11:00:17","guid":{"rendered":"https:\/\/www.laboratoire-diamex.com\/catalogue\/diamex-bio-technic-pielegnacja-skory-lap-i-nosa\/"},"modified":"2024-07-04T11:28:01","modified_gmt":"2024-07-04T09:28:01","slug":"diamex-bio-technic-pielegnacja-skory-lap-i-nosa","status":"publish","type":"product","link":"https:\/\/www.laboratoire-diamex.com\/pl\/katalog\/diamex-bio-technic-pielegnacja-skory-lap-i-nosa\/","title":{"rendered":"Balsam Diamex BIO-TECHNIC Podk\u0142adki &amp; Noski"},"content":{"rendered":"<h2>Opis<\/h2>\n<p>BIO-TECHNIC Truffle and Paw Pad Balm nawil\u017ca sk\u00f3r\u0119 i wspomaga jej regeneracj\u0119.<\/p>\n<h2>Opakowanie<\/h2>\n<p>50 gram\u00f3w.<\/p>\n<h2>Instrukcje u\u017cytkowania<\/h2>\n<p>Stosowa\u0107 przez ca\u0142y rok, 2 lub 3 razy w tygodniu.<\/p>\n<h2>W\u0142a\u015bciwo\u015bci<\/h2>\n<p>&#8211;<\/p>\n<h2>Spos\u00f3b u\u017cycia<\/h2>\n<p>&#8211;<\/p>\n<h2>Sk\u0142ad<\/h2>\n<p>Cocos nucifera oil, lanolina, mas\u0142o butyrospermum parkii, cera cacao, cera alba, cera candelilla, tokoferol.<\/p>\n<h2>Kody EAN<\/h2>\n<p>50 gram\u00f3w: 54 250 1685 667 3<\/p>\n<h2>Referencje<\/h2>\n<p>50 gram\u00f3w : 5301440<\/p>\n","protected":false},"excerpt":{"rendered":"<p>BIO-TECHNIC Truffle and Paw Pad Balm nawil\u017ca sk\u00f3r\u0119 i wspomaga jej regeneracj\u0119.<\/p>\n","protected":false},"featured_media":11239,"template":"","meta":{"site-sidebar-layout":"default","site-content-layout":"default","ast-site-content-layout":"default","site-content-style":"default","site-sidebar-style":"default","ast-global-header-display":"","ast-banner-title-visibility":"","ast-main-header-display":"","ast-hfb-above-header-display":"","ast-hfb-below-header-display":"","ast-hfb-mobile-header-display":"","site-post-title":"","ast-breadcrumbs-content":"","ast-featured-img":"","footer-sml-layout":"","ast-disable-related-posts":"","theme-transparent-header-meta":"default","adv-header-id-meta":"","stick-header-meta":"default","header-above-stick-meta":"","header-main-stick-meta":"","header-below-stick-meta":"","astra-migrate-meta-layouts":"default","ast-page-background-enabled":"default","ast-page-background-meta":{"desktop":{"background-color":"var(--ast-global-color-4)","background-image":"","background-repeat":"repeat","background-position":"center center","background-size":"auto","background-attachment":"scroll","background-type":"","background-media":"","overlay-type":"","overlay-color":"","overlay-opacity":"","overlay-gradient":""},"tablet":{"background-color":"","background-image":"","background-repeat":"repeat","background-position":"center center","background-size":"auto","background-attachment":"scroll","background-type":"","background-media":"","overlay-type":"","overlay-color":"","overlay-opacity":"","overlay-gradient":""},"mobile":{"background-color":"","background-image":"","background-repeat":"repeat","background-position":"center center","background-size":"auto","background-attachment":"scroll","background-type":"","background-media":"","overlay-type":"","overlay-color":"","overlay-opacity":"","overlay-gradient":""}},"ast-content-background-meta":{"desktop":{"background-color":"var(--ast-global-color-5)","background-image":"","background-repeat":"repeat","background-position":"center center","background-size":"auto","background-attachment":"scroll","background-type":"","background-media":"","overlay-type":"","overlay-color":"","overlay-opacity":"","overlay-gradient":""},"tablet":{"background-color":"var(--ast-global-color-5)","background-image":"","background-repeat":"repeat","background-position":"center center","background-size":"auto","background-attachment":"scroll","background-type":"","background-media":"","overlay-type":"","overlay-color":"","overlay-opacity":"","overlay-gradient":""},"mobile":{"background-color":"var(--ast-global-color-5)","background-image":"","background-repeat":"repeat","background-position":"center center","background-size":"auto","background-attachment":"scroll","background-type":"","background-media":"","overlay-type":"","overlay-color":"","overlay-opacity":"","overlay-gradient":""}}},"product_brand":[],"product_cat":[825],"product_tag":[],"class_list":{"0":"post-11225","1":"product","2":"type-product","3":"status-publish","4":"has-post-thumbnail","6":"product_cat-vegetale-pl","7":"pa_animal-kot","8":"pa_animal-pies","9":"pa_proprietes-kojacy","10":"pa_proprietes-naprawiacz","11":"pa_proprietes-nawilzacz","12":"pa_proprietes-produkt-odzywczy","13":"pa_specificites-roslinny","14":"pa_specificites-wrazliwa-skora","15":"desktop-align-left","16":"tablet-align-left","17":"mobile-align-left","18":"ast-product-gallery-layout-horizontal-slider","19":"ast-product-tabs-layout-horizontal","21":"first","22":"instock","23":"shipping-taxable","24":"product-type-simple"},"_links":{"self":[{"href":"https:\/\/www.laboratoire-diamex.com\/pl\/wp-json\/wp\/v2\/product\/11225","targetHints":{"allow":["GET"]}}],"collection":[{"href":"https:\/\/www.laboratoire-diamex.com\/pl\/wp-json\/wp\/v2\/product"}],"about":[{"href":"https:\/\/www.laboratoire-diamex.com\/pl\/wp-json\/wp\/v2\/types\/product"}],"version-history":[{"count":0,"href":"https:\/\/www.laboratoire-diamex.com\/pl\/wp-json\/wp\/v2\/product\/11225\/revisions"}],"wp:featuredmedia":[{"embeddable":true,"href":"https:\/\/www.laboratoire-diamex.com\/pl\/wp-json\/wp\/v2\/media\/11239"}],"wp:attachment":[{"href":"https:\/\/www.laboratoire-diamex.com\/pl\/wp-json\/wp\/v2\/media?parent=11225"}],"wp:term":[{"taxonomy":"product_brand","embeddable":true,"href":"https:\/\/www.laboratoire-diamex.com\/pl\/wp-json\/wp\/v2\/product_brand?post=11225"},{"taxonomy":"product_cat","embeddable":true,"href":"https:\/\/www.laboratoire-diamex.com\/pl\/wp-json\/wp\/v2\/product_cat?post=11225"},{"taxonomy":"product_tag","embeddable":true,"href":"https:\/\/www.laboratoire-diamex.com\/pl\/wp-json\/wp\/v2\/product_tag?post=11225"}],"curies":[{"name":"wp","href":"https:\/\/api.w.org\/{rel}","templated":true}]}}