{"id":11383,"date":"2023-07-11T13:00:15","date_gmt":"2023-07-11T11:00:15","guid":{"rendered":"https:\/\/www.laboratoire-diamex.com\/catalogue\/srodek-do-czyszczenia-uszu-diamex\/"},"modified":"2024-07-04T11:30:59","modified_gmt":"2024-07-04T09:30:59","slug":"srodek-do-czyszczenia-uszu-diamex","status":"publish","type":"product","link":"https:\/\/www.laboratoire-diamex.com\/pl\/katalog\/srodek-do-czyszczenia-uszu-diamex\/","title":{"rendered":"Piel\u0119gnacja uszu Diamex Ear Cleaner"},"content":{"rendered":"<h2>Opis<\/h2>\n<p>P\u0142yn do czyszczenia uszu to delikatny roztw\u00f3r z olejkami eterycznymi do regularnego czyszczenia i piel\u0119gnacji uszu ps\u00f3w. Pomaga usun\u0105\u0107 cia\u0142a obce, kt\u00f3re mog\u0105 dosta\u0107 si\u0119 do uszu, powoduj\u0105c podra\u017cnienia i infekcje.<\/p>\n<h2>Opakowanie<\/h2>\n<p>100 mililitr\u00f3w i 1 litr.<\/p>\n<h2>Instrukcje u\u017cytkowania<\/h2>\n<p>Nas\u0105czy\u0107 wacik \u015brodkiem do czyszczenia uszu i wyczy\u015bci\u0107 ucho.<\/p>\n<h2>Rozcie\u0144czenie<\/h2>\n<p>&#8211;<\/p>\n<h2>W\u0142a\u015bciwo\u015bci<\/h2>\n<p>&#8211;<\/p>\n<h2>Spos\u00f3b u\u017cycia<\/h2>\n<p>&#8211;<\/p>\n<h2>Sk\u0142ad<\/h2>\n<p>Aqua, allantoin, ci 59040, malaleuca alternifolia leaf oil, e122.<\/p>\n<h2>Kody EAN<\/h2>\n<ul>\n<li>100 mililitr\u00f3w: 54 250 1685 446 4<\/li>\n<li>1 litr: 54 250 1685 313 9<\/li>\n<\/ul>\n<h2>Referencje<\/h2>\n<ul>\n<li>100 mililitr\u00f3w : 020179<\/li>\n<li>1 litr : 020212<\/li>\n<\/ul>\n","protected":false},"excerpt":{"rendered":"<p>P\u0142yn do czyszczenia uszu to delikatny roztw\u00f3r z olejkami eterycznymi do regularnego czyszczenia i piel\u0119gnacji uszu ps\u00f3w.<\/p>\n","protected":false},"featured_media":11399,"template":"","meta":{"site-sidebar-layout":"default","site-content-layout":"default","ast-site-content-layout":"default","site-content-style":"default","site-sidebar-style":"default","ast-global-header-display":"","ast-banner-title-visibility":"","ast-main-header-display":"","ast-hfb-above-header-display":"","ast-hfb-below-header-display":"","ast-hfb-mobile-header-display":"","site-post-title":"","ast-breadcrumbs-content":"","ast-featured-img":"","footer-sml-layout":"","ast-disable-related-posts":"","theme-transparent-header-meta":"default","adv-header-id-meta":"","stick-header-meta":"default","header-above-stick-meta":"","header-main-stick-meta":"","header-below-stick-meta":"","astra-migrate-meta-layouts":"default","ast-page-background-enabled":"default","ast-page-background-meta":{"desktop":{"background-color":"var(--ast-global-color-4)","background-image":"","background-repeat":"repeat","background-position":"center center","background-size":"auto","background-attachment":"scroll","background-type":"","background-media":"","overlay-type":"","overlay-color":"","overlay-opacity":"","overlay-gradient":""},"tablet":{"background-color":"","background-image":"","background-repeat":"repeat","background-position":"center center","background-size":"auto","background-attachment":"scroll","background-type":"","background-media":"","overlay-type":"","overlay-color":"","overlay-opacity":"","overlay-gradient":""},"mobile":{"background-color":"","background-image":"","background-repeat":"repeat","background-position":"center center","background-size":"auto","background-attachment":"scroll","background-type":"","background-media":"","overlay-type":"","overlay-color":"","overlay-opacity":"","overlay-gradient":""}},"ast-content-background-meta":{"desktop":{"background-color":"var(--ast-global-color-5)","background-image":"","background-repeat":"repeat","background-position":"center center","background-size":"auto","background-attachment":"scroll","background-type":"","background-media":"","overlay-type":"","overlay-color":"","overlay-opacity":"","overlay-gradient":""},"tablet":{"background-color":"var(--ast-global-color-5)","background-image":"","background-repeat":"repeat","background-position":"center center","background-size":"auto","background-attachment":"scroll","background-type":"","background-media":"","overlay-type":"","overlay-color":"","overlay-opacity":"","overlay-gradient":""},"mobile":{"background-color":"var(--ast-global-color-5)","background-image":"","background-repeat":"repeat","background-position":"center center","background-size":"auto","background-attachment":"scroll","background-type":"","background-media":"","overlay-type":"","overlay-color":"","overlay-opacity":"","overlay-gradient":""}}},"product_brand":[],"product_cat":[748],"product_tag":[],"class_list":{"0":"post-11383","1":"product","2":"type-product","3":"status-publish","4":"has-post-thumbnail","6":"product_cat-classique-pl","7":"pa_animal-pies","8":"desktop-align-left","9":"tablet-align-left","10":"mobile-align-left","11":"ast-product-gallery-layout-horizontal-slider","12":"ast-product-tabs-layout-horizontal","14":"first","15":"instock","16":"shipping-taxable","17":"product-type-simple"},"_links":{"self":[{"href":"https:\/\/www.laboratoire-diamex.com\/pl\/wp-json\/wp\/v2\/product\/11383","targetHints":{"allow":["GET"]}}],"collection":[{"href":"https:\/\/www.laboratoire-diamex.com\/pl\/wp-json\/wp\/v2\/product"}],"about":[{"href":"https:\/\/www.laboratoire-diamex.com\/pl\/wp-json\/wp\/v2\/types\/product"}],"version-history":[{"count":0,"href":"https:\/\/www.laboratoire-diamex.com\/pl\/wp-json\/wp\/v2\/product\/11383\/revisions"}],"wp:featuredmedia":[{"embeddable":true,"href":"https:\/\/www.laboratoire-diamex.com\/pl\/wp-json\/wp\/v2\/media\/11399"}],"wp:attachment":[{"href":"https:\/\/www.laboratoire-diamex.com\/pl\/wp-json\/wp\/v2\/media?parent=11383"}],"wp:term":[{"taxonomy":"product_brand","embeddable":true,"href":"https:\/\/www.laboratoire-diamex.com\/pl\/wp-json\/wp\/v2\/product_brand?post=11383"},{"taxonomy":"product_cat","embeddable":true,"href":"https:\/\/www.laboratoire-diamex.com\/pl\/wp-json\/wp\/v2\/product_cat?post=11383"},{"taxonomy":"product_tag","embeddable":true,"href":"https:\/\/www.laboratoire-diamex.com\/pl\/wp-json\/wp\/v2\/product_tag?post=11383"}],"curies":[{"name":"wp","href":"https:\/\/api.w.org\/{rel}","templated":true}]}}