{"id":11496,"date":"2023-07-11T13:00:15","date_gmt":"2023-07-11T11:00:15","guid":{"rendered":"https:\/\/www.laboratoire-diamex.com\/catalogue\/pielegnacja-uszu-diamex-dianor\/"},"modified":"2024-07-04T11:30:29","modified_gmt":"2024-07-04T09:30:29","slug":"pielegnacja-uszu-diamex-dianor","status":"publish","type":"product","link":"https:\/\/www.laboratoire-diamex.com\/pl\/katalog\/pielegnacja-uszu-diamex-dianor\/","title":{"rendered":"Piel\u0119gnacja uszu Diamex Dianor"},"content":{"rendered":"<h2>Opis<\/h2>\n<p>Dianor do piel\u0119gnacji uszu, idealny do usuwania wszelkich zanieczyszcze\u0144 z kana\u0142u s\u0142uchowego. Stosowanie tego produktu umo\u017cliwia wydostanie si\u0119 zanieczyszcze\u0144 na powierzchni\u0119 przewodu s\u0142uchowego, sk\u0105d mo\u017cna je \u0142atwo usun\u0105\u0107 bez podra\u017cniania ucha. Stosowanie DIANOR zapobiega ryzyku infekcji.<\/p>\n<h2>Opakowanie<\/h2>\n<p>30 mililitr\u00f3w, 200 mililitr\u00f3w i 1 litr.<\/p>\n<h2>Instrukcje u\u017cytkowania<\/h2>\n<p>Za pomoc\u0105 zakraplacza umie\u015bci\u0107 2 do 3 kropli w uchu, odczeka\u0107 1 minut\u0119, a nast\u0119pnie usun\u0105\u0107 wszelkie zanieczyszczenia za pomoc\u0105 wacika.<\/p>\n<h2>Rozcie\u0144czenie<\/h2>\n<p>&#8211;<\/p>\n<h2>W\u0142a\u015bciwo\u015bci<\/h2>\n<p>&#8211;<\/p>\n<h2>Spos\u00f3b u\u017cycia<\/h2>\n<p>&#8211;<\/p>\n<h2>Sk\u0142ad<\/h2>\n<p>Alkohol, ocyldodekanol, kwas salicylowy, chlorek benzalkoniowy.<\/p>\n<h2>Kody EAN<\/h2>\n<ul>\n<li>30 mililitr\u00f3w: 54 250 1685 070 1<\/li>\n<li>200 mililitr\u00f3w: 54 250 1685 031 2<\/li>\n<li>1 litr: 54 250 1685 032 9<\/li>\n<\/ul>\n<h2>Referencje<\/h2>\n<ul>\n<li>30 mililitr\u00f3w : 020173<\/li>\n<li>200 mililitr\u00f3w : 020174<\/li>\n<li>1 litr : 020175<\/li>\n<\/ul>\n","protected":false},"excerpt":{"rendered":"<p>Dianor do piel\u0119gnacji uszu, idealny do usuwania wszelkich zanieczyszcze\u0144 z kana\u0142u s\u0142uchowego.<\/p>\n","protected":false},"featured_media":11512,"template":"","meta":{"site-sidebar-layout":"default","site-content-layout":"default","ast-site-content-layout":"default","site-content-style":"default","site-sidebar-style":"default","ast-global-header-display":"","ast-banner-title-visibility":"","ast-main-header-display":"","ast-hfb-above-header-display":"","ast-hfb-below-header-display":"","ast-hfb-mobile-header-display":"","site-post-title":"","ast-breadcrumbs-content":"","ast-featured-img":"","footer-sml-layout":"","ast-disable-related-posts":"","theme-transparent-header-meta":"default","adv-header-id-meta":"","stick-header-meta":"default","header-above-stick-meta":"","header-main-stick-meta":"","header-below-stick-meta":"","astra-migrate-meta-layouts":"default","ast-page-background-enabled":"default","ast-page-background-meta":{"desktop":{"background-color":"var(--ast-global-color-4)","background-image":"","background-repeat":"repeat","background-position":"center center","background-size":"auto","background-attachment":"scroll","background-type":"","background-media":"","overlay-type":"","overlay-color":"","overlay-opacity":"","overlay-gradient":""},"tablet":{"background-color":"","background-image":"","background-repeat":"repeat","background-position":"center center","background-size":"auto","background-attachment":"scroll","background-type":"","background-media":"","overlay-type":"","overlay-color":"","overlay-opacity":"","overlay-gradient":""},"mobile":{"background-color":"","background-image":"","background-repeat":"repeat","background-position":"center center","background-size":"auto","background-attachment":"scroll","background-type":"","background-media":"","overlay-type":"","overlay-color":"","overlay-opacity":"","overlay-gradient":""}},"ast-content-background-meta":{"desktop":{"background-color":"var(--ast-global-color-5)","background-image":"","background-repeat":"repeat","background-position":"center center","background-size":"auto","background-attachment":"scroll","background-type":"","background-media":"","overlay-type":"","overlay-color":"","overlay-opacity":"","overlay-gradient":""},"tablet":{"background-color":"var(--ast-global-color-5)","background-image":"","background-repeat":"repeat","background-position":"center center","background-size":"auto","background-attachment":"scroll","background-type":"","background-media":"","overlay-type":"","overlay-color":"","overlay-opacity":"","overlay-gradient":""},"mobile":{"background-color":"var(--ast-global-color-5)","background-image":"","background-repeat":"repeat","background-position":"center center","background-size":"auto","background-attachment":"scroll","background-type":"","background-media":"","overlay-type":"","overlay-color":"","overlay-opacity":"","overlay-gradient":""}}},"product_brand":[],"product_cat":[748],"product_tag":[],"class_list":{"0":"post-11496","1":"product","2":"type-product","3":"status-publish","4":"has-post-thumbnail","6":"product_cat-classique-pl","7":"pa_animal-pies","8":"desktop-align-left","9":"tablet-align-left","10":"mobile-align-left","11":"ast-product-gallery-layout-horizontal-slider","12":"ast-product-tabs-layout-horizontal","14":"first","15":"instock","16":"shipping-taxable","17":"product-type-simple"},"_links":{"self":[{"href":"https:\/\/www.laboratoire-diamex.com\/pl\/wp-json\/wp\/v2\/product\/11496","targetHints":{"allow":["GET"]}}],"collection":[{"href":"https:\/\/www.laboratoire-diamex.com\/pl\/wp-json\/wp\/v2\/product"}],"about":[{"href":"https:\/\/www.laboratoire-diamex.com\/pl\/wp-json\/wp\/v2\/types\/product"}],"version-history":[{"count":0,"href":"https:\/\/www.laboratoire-diamex.com\/pl\/wp-json\/wp\/v2\/product\/11496\/revisions"}],"wp:featuredmedia":[{"embeddable":true,"href":"https:\/\/www.laboratoire-diamex.com\/pl\/wp-json\/wp\/v2\/media\/11512"}],"wp:attachment":[{"href":"https:\/\/www.laboratoire-diamex.com\/pl\/wp-json\/wp\/v2\/media?parent=11496"}],"wp:term":[{"taxonomy":"product_brand","embeddable":true,"href":"https:\/\/www.laboratoire-diamex.com\/pl\/wp-json\/wp\/v2\/product_brand?post=11496"},{"taxonomy":"product_cat","embeddable":true,"href":"https:\/\/www.laboratoire-diamex.com\/pl\/wp-json\/wp\/v2\/product_cat?post=11496"},{"taxonomy":"product_tag","embeddable":true,"href":"https:\/\/www.laboratoire-diamex.com\/pl\/wp-json\/wp\/v2\/product_tag?post=11496"}],"curies":[{"name":"wp","href":"https:\/\/api.w.org\/{rel}","templated":true}]}}