{"id":11693,"date":"2023-07-11T13:00:12","date_gmt":"2023-07-11T11:00:12","guid":{"rendered":"https:\/\/www.laboratoire-diamex.com\/catalogue\/diamex-pure-spray-wygladzajacy-i-ochronny\/"},"modified":"2024-07-04T14:28:42","modified_gmt":"2024-07-04T12:28:42","slug":"diamex-pure-spray-wygladzajacy-i-ochronny","status":"publish","type":"product","link":"https:\/\/www.laboratoire-diamex.com\/pl\/katalog\/diamex-pure-spray-wygladzajacy-i-ochronny\/","title":{"rendered":"Lotion Diamex PURE Wyg\u0142adzanie &amp; Ochrona"},"content":{"rendered":"<h2>Opis<\/h2>\n<p><strong>WYGLADZANIE &amp; OCHRONA<\/strong> spray to lotion wzbogacony jedwabiem i proteinami soi, kt\u00f3ry nawil\u017ca, naprawia i wzmacnia w\u0142osy, tworz\u0105c jednocze\u015bnie tarcz\u0119 chroni\u0105c\u0105 je przed szkodliwym dzia\u0142aniem czynnik\u00f3w zewn\u0119trznych. Sier\u015b\u0107 jest g\u0142adka, b\u0142yszcz\u0105ca i jedwabista.<\/p>\n<p><strong>Proteiny jedwabiu<\/strong> to luksusowy i skuteczny sk\u0142adnik ceniony za wiele korzy\u015bci dla w\u0142os\u00f3w i sk\u00f3ry. Ma w\u0142a\u015bciwo\u015bci nawil\u017caj\u0105ce, wzmacniaj\u0105ce i ochronne.<\/p>\n<p><strong>Bia\u0142ko sojowe<\/strong>, bogate w niezb\u0119dne aminokwasy, jest silnym \u015brodkiem rewitalizuj\u0105cym sier\u015b\u0107 i sk\u00f3r\u0119. Wzmacnia, nawil\u017ca i dodaje w\u0142osom obj\u0119to\u015bci.<\/p>\n<p><strong>Formu\u0142a bez alkoholu, silikonu i barwnik\u00f3w.<\/strong><\/p>\n<h2>Opakowanie<\/h2>\n<p>300 mililitr\u00f3w.<\/p>\n<h2>Instrukcje u\u017cytkowania<\/h2>\n<p><strong>Na such\u0105 pow\u0142ok\u0119:<\/strong> spryska\u0107, pozostawi\u0107 do wnikni\u0119cia, a nast\u0119pnie wyszczotkowa\u0107.<br \/>\n<strong>Po k\u0105pieli: <\/strong> spryska\u0107 wykr\u0119cone w\u0142osy, nie sp\u0142ukiwa\u0107 i przyst\u0105pi\u0107 do suszenia.<br \/>\nMo\u017ce by\u0107 u\u017cywany przy ka\u017cdym szczotkowaniu. W przypadku w\u0142os\u00f3w zniszczonych stosowa\u0107 jako kuracj\u0119 z mask\u0105 i szamponem wyg\u0142adzaj\u0105cym.<\/p>\n<h2>W\u0142a\u015bciwo\u015bci<\/h2>\n<p><strong>Wzmacnia:<\/strong> naprawia przyczynia si\u0119 do zdrowych w\u0142os\u00f3w, wzmacniaj\u0105c ich struktur\u0119, zmniejszaj\u0105c \u0142amliwo\u015b\u0107 i rozdwajanie si\u0119 ko\u0144c\u00f3wek.<br \/>\n<strong>Nawil\u017ca:<\/strong> poprawia zatrzymywanie wilgoci w sier\u015bci, czyni\u0105c j\u0105 bardziej mi\u0119kk\u0105 i \u0142atwiejsz\u0105 do rozczesania.<br \/>\n<strong>Chroni: <\/strong> <span style=\"font-size: 16px;\"> tworzy barier\u0119 ochronn\u0105 przed czynnikami zewn\u0119trznymi, takimi jak ciep\u0142o i zanieczyszczenia. <\/span><br \/>\n<strong>Wyg\u0142adza: <\/strong> zawiera sk\u0142adniki aktywne, kt\u00f3re pomagaj\u0105 wyg\u0142adzi\u0107 \u0142usk\u0119 w\u0142osa.<br \/>\n<strong>Dodaje blasku:<\/strong> dodaje blasku sier\u015bci.<\/p>\n<h2>Spos\u00f3b u\u017cycia<\/h2>\n<p>Spray <strong>WYGLADZANIE &amp; OCHRONA<\/strong> sier\u015b\u0107 z serii PURE to wysokiej jako\u015bci produkt przeznaczony specjalnie dla ps\u00f3w wystawowych, kt\u00f3rych sier\u015b\u0107 wymaga szczeg\u00f3lnej uwagi. Wyg\u0142adza i nab\u0142yszcza w\u0142osy, jednocze\u015bnie chroni\u0105c je przed uszkodzeniami zewn\u0119trznymi.<\/p>\n<h2>Sk\u0142ad<\/h2>\n<p>Aqua, cetearyl alcohol (and) dipalmitoylethyl hydroxyethylmonium methosulfate (and) ceteareth-20, cetrimonium chloride, octyldodecanol, glycerin, peg-7 glyceryl cocoate, hydrolyzed soy protein, hydrolyzed silk, guar hydroxypropyltrimonium chloride, perfume, citric acid, sodium benzoate, potassium sorbate.<\/p>\n<h2>Kod EAN<\/h2>\n<p>300 mililitr\u00f3w: 54 250 1685 647 5<\/p>\n<h2>Referencje<\/h2>\n<p>300 mililitr\u00f3w: 5301330<\/p>\n","protected":false},"excerpt":{"rendered":"<p><strong>WYGLADZANIE &amp; OCHRONA<\/strong> spray to lotion wzbogacony jedwabiem i proteinami soi, kt\u00f3ry nawil\u017ca, naprawia i wzmacnia w\u0142osy, tworz\u0105c jednocze\u015bnie tarcz\u0119 chroni\u0105c\u0105 je przed szkodliwym dzia\u0142aniem czynnik\u00f3w zewn\u0119trznych. Sier\u015b\u0107 jest g\u0142adka, b\u0142yszcz\u0105ca i jedwabista.<\/p>\n<p><strong>Formu\u0142a bez alkoholu, silikonu i barwnik\u00f3w.<\/strong><\/p>\n","protected":false},"featured_media":13483,"template":"","meta":{"site-sidebar-layout":"default","site-content-layout":"default","ast-site-content-layout":"default","site-content-style":"default","site-sidebar-style":"default","ast-global-header-display":"","ast-banner-title-visibility":"","ast-main-header-display":"","ast-hfb-above-header-display":"","ast-hfb-below-header-display":"","ast-hfb-mobile-header-display":"","site-post-title":"","ast-breadcrumbs-content":"","ast-featured-img":"","footer-sml-layout":"","ast-disable-related-posts":"","theme-transparent-header-meta":"default","adv-header-id-meta":"","stick-header-meta":"default","header-above-stick-meta":"","header-main-stick-meta":"","header-below-stick-meta":"","astra-migrate-meta-layouts":"default","ast-page-background-enabled":"default","ast-page-background-meta":{"desktop":{"background-color":"var(--ast-global-color-4)","background-image":"","background-repeat":"repeat","background-position":"center center","background-size":"auto","background-attachment":"scroll","background-type":"","background-media":"","overlay-type":"","overlay-color":"","overlay-opacity":"","overlay-gradient":""},"tablet":{"background-color":"","background-image":"","background-repeat":"repeat","background-position":"center center","background-size":"auto","background-attachment":"scroll","background-type":"","background-media":"","overlay-type":"","overlay-color":"","overlay-opacity":"","overlay-gradient":""},"mobile":{"background-color":"","background-image":"","background-repeat":"repeat","background-position":"center center","background-size":"auto","background-attachment":"scroll","background-type":"","background-media":"","overlay-type":"","overlay-color":"","overlay-opacity":"","overlay-gradient":""}},"ast-content-background-meta":{"desktop":{"background-color":"var(--ast-global-color-5)","background-image":"","background-repeat":"repeat","background-position":"center center","background-size":"auto","background-attachment":"scroll","background-type":"","background-media":"","overlay-type":"","overlay-color":"","overlay-opacity":"","overlay-gradient":""},"tablet":{"background-color":"var(--ast-global-color-5)","background-image":"","background-repeat":"repeat","background-position":"center center","background-size":"auto","background-attachment":"scroll","background-type":"","background-media":"","overlay-type":"","overlay-color":"","overlay-opacity":"","overlay-gradient":""},"mobile":{"background-color":"var(--ast-global-color-5)","background-image":"","background-repeat":"repeat","background-position":"center center","background-size":"auto","background-attachment":"scroll","background-type":"","background-media":"","overlay-type":"","overlay-color":"","overlay-opacity":"","overlay-gradient":""}}},"product_brand":[],"product_cat":[788],"product_tag":[],"class_list":{"0":"post-11693","1":"product","2":"type-product","3":"status-publish","4":"has-post-thumbnail","6":"product_cat-pure-pl","7":"pa_animal-pies","8":"pa_proprietes-naprawiacz","9":"pa_proprietes-nawilzacz","10":"pa_proprietes-ochronny","11":"pa_proprietes-pokrzepiajacy","12":"pa_proprietes-rozplatywacz","13":"pa_proprietes-wygladzanie","14":"pa_type-de-poils-dlugie-wlosy","15":"desktop-align-left","16":"tablet-align-left","17":"mobile-align-left","18":"ast-product-gallery-layout-horizontal-slider","19":"ast-product-gallery-with-no-image","20":"ast-product-tabs-layout-horizontal","22":"first","23":"instock","24":"shipping-taxable","25":"product-type-simple"},"_links":{"self":[{"href":"https:\/\/www.laboratoire-diamex.com\/pl\/wp-json\/wp\/v2\/product\/11693","targetHints":{"allow":["GET"]}}],"collection":[{"href":"https:\/\/www.laboratoire-diamex.com\/pl\/wp-json\/wp\/v2\/product"}],"about":[{"href":"https:\/\/www.laboratoire-diamex.com\/pl\/wp-json\/wp\/v2\/types\/product"}],"version-history":[{"count":0,"href":"https:\/\/www.laboratoire-diamex.com\/pl\/wp-json\/wp\/v2\/product\/11693\/revisions"}],"wp:featuredmedia":[{"embeddable":true,"href":"https:\/\/www.laboratoire-diamex.com\/pl\/wp-json\/wp\/v2\/media\/13483"}],"wp:attachment":[{"href":"https:\/\/www.laboratoire-diamex.com\/pl\/wp-json\/wp\/v2\/media?parent=11693"}],"wp:term":[{"taxonomy":"product_brand","embeddable":true,"href":"https:\/\/www.laboratoire-diamex.com\/pl\/wp-json\/wp\/v2\/product_brand?post=11693"},{"taxonomy":"product_cat","embeddable":true,"href":"https:\/\/www.laboratoire-diamex.com\/pl\/wp-json\/wp\/v2\/product_cat?post=11693"},{"taxonomy":"product_tag","embeddable":true,"href":"https:\/\/www.laboratoire-diamex.com\/pl\/wp-json\/wp\/v2\/product_tag?post=11693"}],"curies":[{"name":"wp","href":"https:\/\/api.w.org\/{rel}","templated":true}]}}