{"id":11722,"date":"2023-07-11T13:00:12","date_gmt":"2023-07-11T11:00:12","guid":{"rendered":"https:\/\/www.laboratoire-diamex.com\/catalogue\/kuracja-zwiekszajaca-objetosc-wlosow-diamex-pure-hair-care\/"},"modified":"2024-07-04T11:38:34","modified_gmt":"2024-07-04T09:38:34","slug":"kuracja-zwiekszajaca-objetosc-wlosow-diamex-pure-hair-care","status":"publish","type":"product","link":"https:\/\/www.laboratoire-diamex.com\/pl\/katalog\/kuracja-zwiekszajaca-objetosc-wlosow-diamex-pure-hair-care\/","title":{"rendered":"Lotion Diamex PURE Zabieg Zwi\u0119kszaj\u0105cy Obj\u0119to\u015b\u0107"},"content":{"rendered":"<h2>Opis<\/h2>\n<p><strong>ZABIEG ZWI\u0118KSZAJ\u0104CY OBJ\u0118TO\u015a\u0106<\/strong> spray to lotion wzbogacony o keratyn\u0119 ro\u015blinn\u0105 (fitokeratyn\u0119) i bia\u0142ko B5 (pantenol). Wzmacnia, naprawia i dodaje obj\u0119to\u015bci w\u0142osom.<\/p>\n<p><strong>Keratyna ro\u015blinna<\/strong>, bogata w aminokwasy, wzmacnia w\u0142\u00f3kno w\u0142osa, redukuj\u0105c rozdwajanie si\u0119 ko\u0144c\u00f3wek. Poprawia struktur\u0119 w\u0142os\u00f3w, dodaje im obj\u0119to\u015bci i blasku oraz u\u0142atwia rozczesywanie. Keratyna utrzymuje r\u00f3wnie\u017c nawil\u017cenie, elastyczno\u015b\u0107 i j\u0119drno\u015b\u0107 sk\u00f3ry, czyni\u0105c j\u0105 bardziej odporn\u0105 na dzia\u0142anie czynnik\u00f3w zewn\u0119trznych.<\/p>\n<p><strong>Proteina B5 <\/strong> wzmacnia w\u0142\u00f3kno w\u0142osa, zmniejsza \u0142amliwo\u015b\u0107, wspomaga wzrost i upi\u0119ksza w\u0142osy od nasady a\u017c po same ko\u0144ce. G\u0142\u0119boko nawil\u017ca w\u0142osy, pozostawiaj\u0105c je l\u015bni\u0105ce i mi\u0119kkie.<\/p>\n<p><strong>Formu\u0142a bez alkoholu, silikonu i barwnik\u00f3w.<\/strong><\/p>\n<h2>Opakowanie<\/h2>\n<p>300 mililitr\u00f3w.<\/p>\n<h2>Instrukcje u\u017cytkowania<\/h2>\n<p>Na such\u0105 pow\u0142ok\u0119: spryska\u0107, pozostawi\u0107 do wnikni\u0119cia, a nast\u0119pnie wyszczotkowa\u0107. Po k\u0105pieli: rozpyli\u0107 na osuszone r\u0119cznikiem w\u0142osy i wysuszy\u0107 bez sp\u0142ukiwania. W ramach kuracji: stosowa\u0107 1 raz w tygodniu. Do w\u0142os\u00f3w bardzo zniszczonych, w komplecie z szamponem i mask\u0105.<\/p>\n<h2>W\u0142a\u015bciwo\u015bci<\/h2>\n<p>Dodaje <strong>obj\u0119to\u015bci:<\/strong> p\u0119cznieje w\u0142\u00f3kno w\u0142osa i poprawia tekstur\u0119 w\u0142os\u00f3w, nadaj\u0105c im natychmiastow\u0105 obj\u0119to\u015b\u0107.<br \/>\n<strong>Nawil\u017ca: <\/strong> g\u0142\u0119boko nawil\u017ca w\u0142osy bez ich obci\u0105\u017cania, co ma kluczowe znaczenie dla zachowania obj\u0119to\u015bci.<br \/>\n<strong>Wzmacnia: <\/strong> wype\u0142nia luki we w\u0142\u00f3knie w\u0142osa, zwi\u0119kszaj\u0105c jego wytrzyma\u0142o\u015b\u0107 i elastyczno\u015b\u0107.<br \/>\n<strong>Dodaje blasku:<\/strong> dodaje blasku sier\u015bci.<\/p>\n<h2>Spos\u00f3b u\u017cycia<\/h2>\n<p><strong>ZABIEG ZWI\u0118KSZAJ\u0104CY OBJ\u0118TO\u015a\u0106<\/strong> spray<strong> <\/strong>z serii PURE to produkt premium zaprojektowany specjalnie dla ps\u00f3w wystawowych, kt\u00f3rych sier\u015b\u0107 wymaga szczeg\u00f3lnej uwagi. Dodaje w\u0142osom obj\u0119to\u015bci i nadaje im lekk\u0105, trwa\u0142\u0105 tekstur\u0119.<\/p>\n<h2>Sk\u0142ad<\/h2>\n<p>Aqua, cetearyl alcohol (and) dipalmitoylethyl hydroxyethylmonium methosulfate (and) ceteareth-20, cetrimonium chloride, octyldodecanol, hydrolyzed wheat protein (and) hydrolyzed wheat gluten, glycerin, peg-7 glyceryl cocoate, hydrogenated castor oil, guar hydroxypropyltrimonium chloride, perfume, citric acid, sodium benzoate, potassium sorbate.<\/p>\n<h2>Kod EAN<\/h2>\n<p>300 mililitr\u00f3w: 54 250 1685 654 3<\/p>\n<h2>Referencje<\/h2>\n<p>300 mililitr\u00f3w: 5301320<\/p>\n<p>&nbsp;<\/p>\n","protected":false},"excerpt":{"rendered":"<p><strong>ZABIEG ZWI\u0118KSZAJ\u0104CY OBJ\u0118TO\u015a\u0106<\/strong> spray to lotion wzbogacony o keratyn\u0119 ro\u015blinn\u0105 (fitokeratyn\u0119) i bia\u0142ko B5 (pantenol). Wzmacnia, naprawia i dodaje obj\u0119to\u015bci w\u0142osom.<\/p>\n<p><strong>Formu\u0142a bez alkoholu, silikonu i barwnik\u00f3w.<\/strong><\/p>\n","protected":false},"featured_media":13507,"template":"","meta":{"site-sidebar-layout":"default","site-content-layout":"default","ast-site-content-layout":"default","site-content-style":"default","site-sidebar-style":"default","ast-global-header-display":"","ast-banner-title-visibility":"","ast-main-header-display":"","ast-hfb-above-header-display":"","ast-hfb-below-header-display":"","ast-hfb-mobile-header-display":"","site-post-title":"","ast-breadcrumbs-content":"","ast-featured-img":"","footer-sml-layout":"","ast-disable-related-posts":"","theme-transparent-header-meta":"default","adv-header-id-meta":"","stick-header-meta":"default","header-above-stick-meta":"","header-main-stick-meta":"","header-below-stick-meta":"","astra-migrate-meta-layouts":"default","ast-page-background-enabled":"default","ast-page-background-meta":{"desktop":{"background-color":"var(--ast-global-color-4)","background-image":"","background-repeat":"repeat","background-position":"center center","background-size":"auto","background-attachment":"scroll","background-type":"","background-media":"","overlay-type":"","overlay-color":"","overlay-opacity":"","overlay-gradient":""},"tablet":{"background-color":"","background-image":"","background-repeat":"repeat","background-position":"center center","background-size":"auto","background-attachment":"scroll","background-type":"","background-media":"","overlay-type":"","overlay-color":"","overlay-opacity":"","overlay-gradient":""},"mobile":{"background-color":"","background-image":"","background-repeat":"repeat","background-position":"center center","background-size":"auto","background-attachment":"scroll","background-type":"","background-media":"","overlay-type":"","overlay-color":"","overlay-opacity":"","overlay-gradient":""}},"ast-content-background-meta":{"desktop":{"background-color":"var(--ast-global-color-5)","background-image":"","background-repeat":"repeat","background-position":"center center","background-size":"auto","background-attachment":"scroll","background-type":"","background-media":"","overlay-type":"","overlay-color":"","overlay-opacity":"","overlay-gradient":""},"tablet":{"background-color":"var(--ast-global-color-5)","background-image":"","background-repeat":"repeat","background-position":"center center","background-size":"auto","background-attachment":"scroll","background-type":"","background-media":"","overlay-type":"","overlay-color":"","overlay-opacity":"","overlay-gradient":""},"mobile":{"background-color":"var(--ast-global-color-5)","background-image":"","background-repeat":"repeat","background-position":"center center","background-size":"auto","background-attachment":"scroll","background-type":"","background-media":"","overlay-type":"","overlay-color":"","overlay-opacity":"","overlay-gradient":""}}},"product_brand":[],"product_cat":[788],"product_tag":[],"class_list":{"0":"post-11722","1":"product","2":"type-product","3":"status-publish","4":"has-post-thumbnail","6":"product_cat-pure-pl","7":"pa_animal-pies","8":"pa_proprietes-naprawiacz","9":"pa_proprietes-pokrzepiajacy","10":"pa_proprietes-volumising","11":"desktop-align-left","12":"tablet-align-left","13":"mobile-align-left","14":"ast-product-gallery-layout-horizontal-slider","15":"ast-product-gallery-with-no-image","16":"ast-product-tabs-layout-horizontal","18":"first","19":"instock","20":"shipping-taxable","21":"product-type-simple"},"_links":{"self":[{"href":"https:\/\/www.laboratoire-diamex.com\/pl\/wp-json\/wp\/v2\/product\/11722","targetHints":{"allow":["GET"]}}],"collection":[{"href":"https:\/\/www.laboratoire-diamex.com\/pl\/wp-json\/wp\/v2\/product"}],"about":[{"href":"https:\/\/www.laboratoire-diamex.com\/pl\/wp-json\/wp\/v2\/types\/product"}],"version-history":[{"count":0,"href":"https:\/\/www.laboratoire-diamex.com\/pl\/wp-json\/wp\/v2\/product\/11722\/revisions"}],"wp:featuredmedia":[{"embeddable":true,"href":"https:\/\/www.laboratoire-diamex.com\/pl\/wp-json\/wp\/v2\/media\/13507"}],"wp:attachment":[{"href":"https:\/\/www.laboratoire-diamex.com\/pl\/wp-json\/wp\/v2\/media?parent=11722"}],"wp:term":[{"taxonomy":"product_brand","embeddable":true,"href":"https:\/\/www.laboratoire-diamex.com\/pl\/wp-json\/wp\/v2\/product_brand?post=11722"},{"taxonomy":"product_cat","embeddable":true,"href":"https:\/\/www.laboratoire-diamex.com\/pl\/wp-json\/wp\/v2\/product_cat?post=11722"},{"taxonomy":"product_tag","embeddable":true,"href":"https:\/\/www.laboratoire-diamex.com\/pl\/wp-json\/wp\/v2\/product_tag?post=11722"}],"curies":[{"name":"wp","href":"https:\/\/api.w.org\/{rel}","templated":true}]}}