{"id":13430,"date":"2024-05-30T08:48:13","date_gmt":"2024-05-30T06:48:13","guid":{"rendered":"https:\/\/www.laboratoire-diamex.com\/?post_type=product&#038;p=13430"},"modified":"2025-02-25T14:59:49","modified_gmt":"2025-02-25T13:59:49","slug":"balsam-dodajacy-objetosci-diamex-pure-volumising-treatment-balm-copie","status":"publish","type":"product","link":"https:\/\/www.laboratoire-diamex.com\/pl\/katalog\/balsam-dodajacy-objetosci-diamex-pure-volumising-treatment-balm-copie\/","title":{"rendered":"Lotion Diamex PURE Wzrost &amp; Si\u0142a"},"content":{"rendered":"<h2>Opis<\/h2>\n<p>  Lotion Diamex <strong>FORCE &amp; GROWTH<\/strong> z serii <strong>PURE<\/strong> to rewolucyjny lotion, kt\u00f3ry stymuluje wzrost w\u0142os\u00f3w, powleka w\u0142osy i nadaje im po\u0142ysk, wzmacnia i wzmacnia w\u0142\u00f3kno w\u0142osa oraz g\u0142\u0119boko nawil\u017ca w\u0142osy i sk\u00f3r\u0119. Produkt bez sp\u0142ukiwania, kt\u00f3ry nie przet\u0142uszcza w\u0142os\u00f3w. <strong>Kwas mlekowy<\/strong> ma wiele zalet dla w\u0142os\u00f3w i sk\u00f3ry. Jako delikatny \u015brodek z\u0142uszczaj\u0105cy pomaga usun\u0105\u0107 martwe kom\u00f3rki nask\u00f3rka. To dzia\u0142anie z\u0142uszczaj\u0105ce pozwala r\u00f3wnie\u017c mieszkom w\u0142osowym lepiej oddycha\u0107, co stymuluje wzrost w\u0142os\u00f3w. Dzi\u0119ki swoim w\u0142a\u015bciwo\u015bciom nawil\u017caj\u0105cym kwas mlekowy utrzymuje nawil\u017cenie sier\u015bci i sk\u00f3ry, pozostawiaj\u0105c sier\u015b\u0107 mi\u0119kk\u0105 i l\u015bni\u0105c\u0105. Wreszcie, r\u00f3wnowa\u017cy poziom pH sk\u00f3ry i przyczynia si\u0119 do lepszego zdrowia w\u0142os\u00f3w i sk\u00f3ry. <strong>Kwas hialuronowy <\/strong> jest silnym \u015brodkiem nawil\u017caj\u0105cym, kt\u00f3ry korzystnie wp\u0142ywa na w\u0142osy i sk\u00f3r\u0119. Zatrzymuje wilgo\u0107 w sk\u00f3rze, poprawia elastyczno\u015b\u0107 i pobudza produkcj\u0119 kolagenu. Zapobiega r\u00f3wnie\u017c wysuszeniu i podra\u017cnieniom. Dzi\u0119ki wielu zaletom kwas hialuronowy g\u0142\u0119boko nawil\u017ca, naprawia i wzmacnia w\u0142osy, czyni\u0105c je elastycznymi, l\u015bni\u0105cymi, mi\u0119kkimi i jedwabistymi. <strong>Olej rycynowy<\/strong> jest znany z wielu korzy\u015bci dla w\u0142os\u00f3w i sk\u00f3ry. Bogaty w niezb\u0119dne kwasy t\u0142uszczowe, g\u0142\u0119boko nawil\u017ca sk\u00f3r\u0119. Od\u017cywia mieszki w\u0142osowe, stymuluj\u0105c wzrost w\u0142os\u00f3w i wzmacniaj\u0105c je, zapobiegaj\u0105c \u0142amaniu si\u0119 i rozdwajaniu ko\u0144c\u00f3wek. Dodaje sier\u015bci blasku i mi\u0119kko\u015bci. <strong>Keratyna ro\u015blinna<\/strong>, bogata w aminokwasy, wzmacnia w\u0142\u00f3kno w\u0142osa, redukuj\u0105c rozdwajanie si\u0119 ko\u0144c\u00f3wek. Poprawia tekstur\u0119 w\u0142os\u00f3w, czyni\u0105c je g\u0142adszymi, bardziej l\u015bni\u0105cymi i \u0142atwiejszymi do u\u0142o\u017cenia. Keratyna utrzymuje r\u00f3wnie\u017c nawil\u017cenie, elastyczno\u015b\u0107 i j\u0119drno\u015b\u0107 sk\u00f3ry, czyni\u0105c j\u0105 bardziej odporn\u0105 na dzia\u0142anie czynnik\u00f3w zewn\u0119trznych. Naprawiaj\u0105c i chroni\u0105c barier\u0119 sk\u00f3rn\u0105, promuje zdrowsz\u0105 sk\u00f3r\u0119.  <strong>Formu\u0142a bez alkoholu, silikonu i barwnik\u00f3w.<\/strong><\/p>\n<h2>Instrukcje u\u017cytkowania<\/h2>\n<p>  Rozpyl produkt od nasady a\u017c po ko\u0144ce na ca\u0142ej sier\u015bci lub na obszarach, kt\u00f3re maj\u0105 by\u0107 stymulowane. Wciera\u0107, aby stymulowa\u0107 penetracj\u0119 sk\u0142adnik\u00f3w aktywnych. W razie potrzeby wyszczotkowa\u0107. Unika\u0107 kontaktu z oczami.  <\/p>\n<h2>W\u0142a\u015bciwo\u015bci<\/h2>\n<p><strong>Przyspiesza wzrost:<\/strong> zawiera substancje czynne, kt\u00f3re stymuluj\u0105 mieszki w\u0142osowe, znacznie przyspieszaj\u0105c wzrost w\u0142os\u00f3w.  <strong>Wzmacnia:<\/strong> zawiera silne sk\u0142adniki aktywne, kt\u00f3re wzmacniaj\u0105 struktur\u0119 w\u0142os\u00f3w i zmniejszaj\u0105 ich \u0142amliwo\u015b\u0107.  <strong>Nawil\u017ca:<\/strong> zapewnia d\u0142ugotrwa\u0142e, skuteczne nawil\u017cenie w\u0142os\u00f3w i sk\u00f3ry.  <strong>Dodaje blasku:<\/strong> dodaje blasku sier\u015bci.  <\/p>\n<h2>Spos\u00f3b u\u017cycia<\/h2>\n<p>  Balsam  <strong>SI\u0141A I WZROST<\/strong><strong> <\/strong>z serii PURE to produkt premium zaprojektowany specjalnie dla ps\u00f3w wystawowych, kt\u00f3rych sier\u015b\u0107 wymaga szczeg\u00f3lnej uwagi. Optymalizuje to czas potrzebny na powlekanie mi\u0119dzy zawodami, jednocze\u015bnie poprawiaj\u0105c jako\u015b\u0107.  <\/p>\n<h2>Opakowanie<\/h2>\n<p>  300 mililitr\u00f3w.  <\/p>\n<h2>Sk\u0142ad<\/h2>\n<p>  WODA OSMOTYCZNA, HYDROLIZOWANE BIA\u0141KO PSZENICY, OLEJ RYCYNOWY, KWAS MLEKOWY, PERFUMY, BENZOESAN SODU.  <\/p>\n<h2>Kod EAN<\/h2>\n<p>  300 mililitr\u00f3w: 54 250 1685 693 2  <\/p>\n<h2>Referencje<\/h2>\n<p>  300 mililitr\u00f3w : 5301720<\/p>\n","protected":false},"excerpt":{"rendered":"<p>Lotion wzmacniaj\u0105cy struktur\u0119 w\u0142os\u00f3w i przyspieszaj\u0105cy ich wzrost.  &nbsp;<\/p>\n","protected":false},"featured_media":13443,"template":"","meta":{"site-sidebar-layout":"default","site-content-layout":"default","ast-site-content-layout":"default","site-content-style":"default","site-sidebar-style":"default","ast-global-header-display":"","ast-banner-title-visibility":"","ast-main-header-display":"","ast-hfb-above-header-display":"","ast-hfb-below-header-display":"","ast-hfb-mobile-header-display":"","site-post-title":"","ast-breadcrumbs-content":"","ast-featured-img":"","footer-sml-layout":"","ast-disable-related-posts":"","theme-transparent-header-meta":"default","adv-header-id-meta":"","stick-header-meta":"default","header-above-stick-meta":"","header-main-stick-meta":"","header-below-stick-meta":"","astra-migrate-meta-layouts":"set","ast-page-background-enabled":"default","ast-page-background-meta":{"desktop":{"background-color":"var(--ast-global-color-4)","background-image":"","background-repeat":"repeat","background-position":"center center","background-size":"auto","background-attachment":"scroll","background-type":"","background-media":"","overlay-type":"","overlay-color":"","overlay-opacity":"","overlay-gradient":""},"tablet":{"background-color":"","background-image":"","background-repeat":"repeat","background-position":"center center","background-size":"auto","background-attachment":"scroll","background-type":"","background-media":"","overlay-type":"","overlay-color":"","overlay-opacity":"","overlay-gradient":""},"mobile":{"background-color":"","background-image":"","background-repeat":"repeat","background-position":"center center","background-size":"auto","background-attachment":"scroll","background-type":"","background-media":"","overlay-type":"","overlay-color":"","overlay-opacity":"","overlay-gradient":""}},"ast-content-background-meta":{"desktop":{"background-color":"var(--ast-global-color-5)","background-image":"","background-repeat":"repeat","background-position":"center center","background-size":"auto","background-attachment":"scroll","background-type":"","background-media":"","overlay-type":"","overlay-color":"","overlay-opacity":"","overlay-gradient":""},"tablet":{"background-color":"var(--ast-global-color-5)","background-image":"","background-repeat":"repeat","background-position":"center center","background-size":"auto","background-attachment":"scroll","background-type":"","background-media":"","overlay-type":"","overlay-color":"","overlay-opacity":"","overlay-gradient":""},"mobile":{"background-color":"var(--ast-global-color-5)","background-image":"","background-repeat":"repeat","background-position":"center center","background-size":"auto","background-attachment":"scroll","background-type":"","background-media":"","overlay-type":"","overlay-color":"","overlay-opacity":"","overlay-gradient":""}}},"product_brand":[],"product_cat":[788],"product_tag":[],"class_list":{"0":"post-13430","1":"product","2":"type-product","3":"status-publish","4":"has-post-thumbnail","6":"product_cat-pure-pl","7":"pa_animal-pies","8":"pa_proprietes-naprawiacz","9":"pa_proprietes-nawilzacz","10":"pa_proprietes-pokrzepiajacy","11":"pa_proprietes-przeciw-wypadaniu-wlosow","12":"pa_type-de-poils-dlugie-wlosy","13":"desktop-align-left","14":"tablet-align-left","15":"mobile-align-left","16":"ast-product-gallery-layout-horizontal-slider","17":"ast-product-gallery-with-no-image","18":"ast-product-tabs-layout-horizontal","20":"first","21":"instock","22":"shipping-taxable","23":"product-type-simple"},"_links":{"self":[{"href":"https:\/\/www.laboratoire-diamex.com\/pl\/wp-json\/wp\/v2\/product\/13430","targetHints":{"allow":["GET"]}}],"collection":[{"href":"https:\/\/www.laboratoire-diamex.com\/pl\/wp-json\/wp\/v2\/product"}],"about":[{"href":"https:\/\/www.laboratoire-diamex.com\/pl\/wp-json\/wp\/v2\/types\/product"}],"version-history":[{"count":0,"href":"https:\/\/www.laboratoire-diamex.com\/pl\/wp-json\/wp\/v2\/product\/13430\/revisions"}],"wp:featuredmedia":[{"embeddable":true,"href":"https:\/\/www.laboratoire-diamex.com\/pl\/wp-json\/wp\/v2\/media\/13443"}],"wp:attachment":[{"href":"https:\/\/www.laboratoire-diamex.com\/pl\/wp-json\/wp\/v2\/media?parent=13430"}],"wp:term":[{"taxonomy":"product_brand","embeddable":true,"href":"https:\/\/www.laboratoire-diamex.com\/pl\/wp-json\/wp\/v2\/product_brand?post=13430"},{"taxonomy":"product_cat","embeddable":true,"href":"https:\/\/www.laboratoire-diamex.com\/pl\/wp-json\/wp\/v2\/product_cat?post=13430"},{"taxonomy":"product_tag","embeddable":true,"href":"https:\/\/www.laboratoire-diamex.com\/pl\/wp-json\/wp\/v2\/product_tag?post=13430"}],"curies":[{"name":"wp","href":"https:\/\/api.w.org\/{rel}","templated":true}]}}