{"id":13466,"date":"2024-05-30T10:18:13","date_gmt":"2024-05-30T08:18:13","guid":{"rendered":"https:\/\/www.laboratoire-diamex.com\/?post_type=product&#038;p=13466"},"modified":"2024-07-03T15:07:12","modified_gmt":"2024-07-03T13:07:12","slug":"balsam-dodajacy-objetosci-diamex-pure-volumising-treatment-balm-copie-copie","status":"publish","type":"product","link":"https:\/\/www.laboratoire-diamex.com\/pl\/katalog\/balsam-dodajacy-objetosci-diamex-pure-volumising-treatment-balm-copie-copie\/","title":{"rendered":"Suchy szampon Diamex PURE Suchy Mycie &amp; Obj\u0119to\u015bci"},"content":{"rendered":"<h2>Opis<\/h2>\n<p><strong>SUCHY MYCIE &amp; OBJ\u0118TO\u015aCI<\/strong> to produkt typu &#8222;dwa w jednym&#8221;, kt\u00f3ry czy\u015bci sier\u015b\u0107 bez jej zwil\u017cania i przygotowuje j\u0105 do trymowania, jednocze\u015bnie dodaj\u0105c jej obj\u0119to\u015bci. Ale nie jest jak inne produkty &#8211; zosta\u0142 specjalnie opracowany, aby by\u0107 <strong>NIEWIDOCZNY<\/strong>! Nie pozostawia widocznych \u015blad\u00f3w na sier\u015bci, gwarantuj\u0105c nieskaziteln\u0105 sier\u015b\u0107, nawet u ps\u00f3w o ciemnej sier\u015bci. Absorbuj\u0105c nadmiar sebum, natychmiast przywraca w\u0142osom lekko\u015b\u0107 i obj\u0119to\u015b\u0107, tworz\u0105c g\u0119stszy, bardziej zadbany wygl\u0105d.<\/p>\n<p><strong>Formu\u0142a bez silikonu i barwnik\u00f3w.<\/strong><\/p>\n<h2>Opakowanie<\/h2>\n<p>300 mililitr\u00f3w.<\/p>\n<h2>Instrukcje u\u017cytkowania<\/h2>\n<p><strong>Czyszczenie: <\/strong> rozpyla\u0107 produkt z odleg\u0142o\u015bci 20 centymetr\u00f3w, unikaj\u0105c kontaktu z oczami. Pozostawi\u0107 na oko\u0142o 30 sekund, a nast\u0119pnie przetrze\u0107 czyst\u0105 szmatk\u0105.<br \/>\n<strong>Przygotowa\u0107 w\u0142osy do strzy\u017cenia:<\/strong> rozpyli\u0107 produkt z odleg\u0142o\u015bci 20 centymetr\u00f3w, unikaj\u0105c kontaktu z oczami. Wciera\u0107 bezpo\u015brednio czyst\u0105 szmatk\u0105.<\/p>\n<h2>W\u0142a\u015bciwo\u015bci<\/h2>\n<p><strong>Absorbuje:<\/strong> zatrzymuje zanieczyszczenia i wch\u0142ania nadmiar sebum, a nast\u0119pnie u\u0142atwia ich usuwanie podczas szczotkowania.<br \/>\n<strong>Oczyszcza:<\/strong> usuwa zanieczyszczenia, cz\u0105steczki brudu i nieprzyjemne zapachy oraz od\u015bwie\u017ca sier\u015b\u0107 mi\u0119dzy zabiegami piel\u0119gnacyjnymi lub gdy k\u0105piel jest niepraktyczna.<br \/>\n<strong>Dodaje obj\u0119to\u015bci:<\/strong> p\u0119cznieje w\u0142\u00f3kno w\u0142osa i poprawia tekstur\u0119 w\u0142os\u00f3w, nadaj\u0105c im natychmiastow\u0105 obj\u0119to\u015b\u0107.<br \/>\n<strong>U\u0142atwia szczotkowanie:<\/strong> u\u0142atwia szczotkowanie i strzy\u017cenie dzi\u0119ki lepszemu chwytowi, zapewniaj\u0105c d\u0142ugotrwa\u0142e, stylowe strzy\u017cenie.<\/p>\n<h2>Porady dotycz\u0105ce produkt\u00f3w<\/h2>\n<p><strong>SUCHY MYCIE &amp; OBJ\u0118TO\u015aCI <\/strong><strong> <\/strong>z serii PURE to produkt premium zaprojektowany specjalnie dla ps\u00f3w wystawowych, kt\u00f3rych sier\u015b\u0107 wymaga szczeg\u00f3lnej uwagi. Nie tylko szybko myje sier\u015b\u0107 psa, ale tak\u017ce dodaje jej obj\u0119to\u015bci podczas zawod\u00f3w bez pozostawiania \u015blad\u00f3w.<\/p>\n<h2>Sk\u0142ad<\/h2>\n<p>&#8211;<\/p>\n<h2>Kod EAN<\/h2>\n<p>300 mililitr\u00f3w: 54 250 1685 687 1<\/p>\n<h2>Referencje<\/h2>\n<p>300 mililitr\u00f3w: 5301640<\/p>\n","protected":false},"excerpt":{"rendered":"<p><strong>SUCHY MYCIE &amp; OBJ\u0118TO\u015aCI<\/strong> to <strong>NIEWIDOCZNY<\/strong> produkt typu &#8222;dwa w jednym&#8221;, kt\u00f3ry czy\u015bci sier\u015b\u0107 bez jej zwil\u017cania i przygotowuje j\u0105 do trymowania, jednocze\u015bnie dodaj\u0105c jej obj\u0119to\u015bci.<\/p>\n<p><strong>Formu\u0142a bez silikonu i barwnik\u00f3w.<\/strong><\/p>\n<p>&nbsp;<\/p>\n","protected":false},"featured_media":13453,"template":"","meta":{"site-sidebar-layout":"default","site-content-layout":"default","ast-site-content-layout":"default","site-content-style":"default","site-sidebar-style":"default","ast-global-header-display":"","ast-banner-title-visibility":"","ast-main-header-display":"","ast-hfb-above-header-display":"","ast-hfb-below-header-display":"","ast-hfb-mobile-header-display":"","site-post-title":"","ast-breadcrumbs-content":"","ast-featured-img":"","footer-sml-layout":"","ast-disable-related-posts":"","theme-transparent-header-meta":"default","adv-header-id-meta":"","stick-header-meta":"default","header-above-stick-meta":"","header-main-stick-meta":"","header-below-stick-meta":"","astra-migrate-meta-layouts":"set","ast-page-background-enabled":"default","ast-page-background-meta":{"desktop":{"background-color":"var(--ast-global-color-4)","background-image":"","background-repeat":"repeat","background-position":"center center","background-size":"auto","background-attachment":"scroll","background-type":"","background-media":"","overlay-type":"","overlay-color":"","overlay-opacity":"","overlay-gradient":""},"tablet":{"background-color":"","background-image":"","background-repeat":"repeat","background-position":"center center","background-size":"auto","background-attachment":"scroll","background-type":"","background-media":"","overlay-type":"","overlay-color":"","overlay-opacity":"","overlay-gradient":""},"mobile":{"background-color":"","background-image":"","background-repeat":"repeat","background-position":"center center","background-size":"auto","background-attachment":"scroll","background-type":"","background-media":"","overlay-type":"","overlay-color":"","overlay-opacity":"","overlay-gradient":""}},"ast-content-background-meta":{"desktop":{"background-color":"var(--ast-global-color-5)","background-image":"","background-repeat":"repeat","background-position":"center center","background-size":"auto","background-attachment":"scroll","background-type":"","background-media":"","overlay-type":"","overlay-color":"","overlay-opacity":"","overlay-gradient":""},"tablet":{"background-color":"var(--ast-global-color-5)","background-image":"","background-repeat":"repeat","background-position":"center center","background-size":"auto","background-attachment":"scroll","background-type":"","background-media":"","overlay-type":"","overlay-color":"","overlay-opacity":"","overlay-gradient":""},"mobile":{"background-color":"var(--ast-global-color-5)","background-image":"","background-repeat":"repeat","background-position":"center center","background-size":"auto","background-attachment":"scroll","background-type":"","background-media":"","overlay-type":"","overlay-color":"","overlay-opacity":"","overlay-gradient":""}}},"product_brand":[],"product_cat":[788],"product_tag":[],"class_list":{"0":"post-13466","1":"product","2":"type-product","3":"status-publish","4":"has-post-thumbnail","6":"product_cat-pure-pl","7":"pa_animal-pies","8":"pa_proprietes-odkurzacz","9":"pa_proprietes-volumising","10":"pa_type-de-poils-dlugie-wlosy","11":"pa_type-de-poils-kazdy-typ","12":"desktop-align-left","13":"tablet-align-left","14":"mobile-align-left","15":"ast-product-gallery-layout-horizontal-slider","16":"ast-product-gallery-with-no-image","17":"ast-product-tabs-layout-horizontal","19":"first","20":"instock","21":"shipping-taxable","22":"product-type-simple"},"_links":{"self":[{"href":"https:\/\/www.laboratoire-diamex.com\/pl\/wp-json\/wp\/v2\/product\/13466","targetHints":{"allow":["GET"]}}],"collection":[{"href":"https:\/\/www.laboratoire-diamex.com\/pl\/wp-json\/wp\/v2\/product"}],"about":[{"href":"https:\/\/www.laboratoire-diamex.com\/pl\/wp-json\/wp\/v2\/types\/product"}],"version-history":[{"count":0,"href":"https:\/\/www.laboratoire-diamex.com\/pl\/wp-json\/wp\/v2\/product\/13466\/revisions"}],"wp:featuredmedia":[{"embeddable":true,"href":"https:\/\/www.laboratoire-diamex.com\/pl\/wp-json\/wp\/v2\/media\/13453"}],"wp:attachment":[{"href":"https:\/\/www.laboratoire-diamex.com\/pl\/wp-json\/wp\/v2\/media?parent=13466"}],"wp:term":[{"taxonomy":"product_brand","embeddable":true,"href":"https:\/\/www.laboratoire-diamex.com\/pl\/wp-json\/wp\/v2\/product_brand?post=13466"},{"taxonomy":"product_cat","embeddable":true,"href":"https:\/\/www.laboratoire-diamex.com\/pl\/wp-json\/wp\/v2\/product_cat?post=13466"},{"taxonomy":"product_tag","embeddable":true,"href":"https:\/\/www.laboratoire-diamex.com\/pl\/wp-json\/wp\/v2\/product_tag?post=13466"}],"curies":[{"name":"wp","href":"https:\/\/api.w.org\/{rel}","templated":true}]}}