{"id":21551,"date":"2025-02-24T15:06:59","date_gmt":"2025-02-24T14:06:59","guid":{"rendered":"https:\/\/www.laboratoire-diamex.com\/?post_type=product&#038;p=21551"},"modified":"2025-02-25T15:43:02","modified_gmt":"2025-02-25T14:43:02","slug":"lotion-diamex-pure-wzrost-sila-copie","status":"publish","type":"product","link":"https:\/\/www.laboratoire-diamex.com\/pl\/katalog\/lotion-diamex-pure-wzrost-sila-copie\/","title":{"rendered":"Pianka Diamex PURE Wyg\u0142adzanie &amp; Strukturyzacja"},"content":{"rendered":"<h2>Opis<\/h2>\n<p>Pianka Diamex <strong>SMOOTHING &amp; STRUCTURING<\/strong> z serii <strong>PURE<\/strong> wyr\u00f3\u017cnia si\u0119 doskona\u0142\u0105 wydajno\u015bci\u0105. Produkt zosta\u0142 opracowany specjalnie z my\u015bl\u0105 o wszystkich rodzajach w\u0142os\u00f3w. Dzi\u0119ki innowacyjnej formule wytrzymuje pr\u00f3b\u0119 czasu, u\u0142atwia suszenie, zapewnia d\u0142ugotrwa\u0142e utrwalenie i wzmacnia w\u0142osy. Jego lekka konsystencja nie obci\u0105\u017ca w\u0142os\u00f3w i zapewnia nienaganne utrwalenie. Wzbogacony \u015brodkami ochronnymi i naturalnymi sk\u0142adnikami nab\u0142yszczaj\u0105cymi, jest idealny do kreatywnych ci\u0119\u0107, takich jak Asian Style.<br \/>\n<strong>Formu\u0142a bez silikonu i barwnik\u00f3w.<\/strong><\/p>\n<h2>Instrukcje u\u017cytkowania<\/h2>\n<p>Na\u0142o\u017cy\u0107 odrobin\u0119 pianki na czyst\u0105, lekko wilgotn\u0105 sier\u015b\u0107. Rozprowadzi\u0107 r\u00f3wnomiernie grzebieniem. Stylizuj i szczotkuj w po\u017c\u0105danym kierunku. Wysuszy\u0107, aby zwi\u0119kszy\u0107 trwa\u0142o\u015b\u0107 i styl.   <\/p>\n<h2>W\u0142a\u015bciwo\u015bci<\/h2>\n<p data-start=\"406\" data-end=\"549\"><strong data-start=\"406\" data-end=\"428\" data-is-only-node=\"\">D\u0142ugotrwa\u0142a odporno\u015b\u0107: <\/strong>utrzymuje swoje dzia\u0142anie przez ca\u0142y dzie\u0144, odporny na kaprysy czasu i czynniki zewn\u0119trzne.<br \/>\n<strong data-start=\"553\" data-end=\"577\" data-is-only-node=\"\">U\u0142atwia suszenie: <\/strong>upraszczaj\u0105c stylizacj\u0119, skraca czas potrzebny do uzyskania nieskazitelnego suszenia.<br \/>\n<strong data-start=\"824\" data-end=\"843\" data-is-only-node=\"\">Wzmacnia w\u0142osy: <\/strong>podkre\u015bla naturalny po\u0142ysk i tekstur\u0119 sier\u015bci, zapewniaj\u0105c promienne wyko\u0144czenie.<\/p>\n<h2>Spos\u00f3b u\u017cycia<\/h2>\n<p>Pianka Diamex <strong>SMOOTHING &amp; STRUCTURING<\/strong> z serii PURE to produkt premium zaprojektowany specjalnie dla ps\u00f3w wystawowych, kt\u00f3rych sier\u015b\u0107 wymaga szczeg\u00f3lnej uwagi. Niezale\u017cnie od tego, czy przygotowujesz si\u0119 do <\/p>\n<h2>Opakowanie<\/h2>\n<p>150 mililitr\u00f3w.<\/p>\n<h2>Kod EAN<\/h2>\n<p>150 mililitr\u00f3w: 54 250 1685 801 1<\/p>\n<h2>Referencje<\/h2>\n<p>150 mililitr\u00f3w : 5301390<\/p>\n","protected":false},"excerpt":{"rendered":"<p>Innowacyjna pianka: utrwalenie, po\u0142ysk i lekko\u015b\u0107 dla wszystkich rodzaj\u00f3w sier\u015bci.<\/p>\n<p>&nbsp;<\/p>\n","protected":false},"featured_media":22689,"template":"","meta":{"site-sidebar-layout":"default","site-content-layout":"default","ast-site-content-layout":"default","site-content-style":"default","site-sidebar-style":"default","ast-global-header-display":"","ast-banner-title-visibility":"","ast-main-header-display":"","ast-hfb-above-header-display":"","ast-hfb-below-header-display":"","ast-hfb-mobile-header-display":"","site-post-title":"","ast-breadcrumbs-content":"","ast-featured-img":"","footer-sml-layout":"","ast-disable-related-posts":"","theme-transparent-header-meta":"default","adv-header-id-meta":"","stick-header-meta":"default","header-above-stick-meta":"","header-main-stick-meta":"","header-below-stick-meta":"","astra-migrate-meta-layouts":"set","ast-page-background-enabled":"default","ast-page-background-meta":{"desktop":{"background-color":"var(--ast-global-color-4)","background-image":"","background-repeat":"repeat","background-position":"center center","background-size":"auto","background-attachment":"scroll","background-type":"","background-media":"","overlay-type":"","overlay-color":"","overlay-opacity":"","overlay-gradient":""},"tablet":{"background-color":"","background-image":"","background-repeat":"repeat","background-position":"center center","background-size":"auto","background-attachment":"scroll","background-type":"","background-media":"","overlay-type":"","overlay-color":"","overlay-opacity":"","overlay-gradient":""},"mobile":{"background-color":"","background-image":"","background-repeat":"repeat","background-position":"center center","background-size":"auto","background-attachment":"scroll","background-type":"","background-media":"","overlay-type":"","overlay-color":"","overlay-opacity":"","overlay-gradient":""}},"ast-content-background-meta":{"desktop":{"background-color":"var(--ast-global-color-5)","background-image":"","background-repeat":"repeat","background-position":"center center","background-size":"auto","background-attachment":"scroll","background-type":"","background-media":"","overlay-type":"","overlay-color":"","overlay-opacity":"","overlay-gradient":""},"tablet":{"background-color":"var(--ast-global-color-5)","background-image":"","background-repeat":"repeat","background-position":"center center","background-size":"auto","background-attachment":"scroll","background-type":"","background-media":"","overlay-type":"","overlay-color":"","overlay-opacity":"","overlay-gradient":""},"mobile":{"background-color":"var(--ast-global-color-5)","background-image":"","background-repeat":"repeat","background-position":"center center","background-size":"auto","background-attachment":"scroll","background-type":"","background-media":"","overlay-type":"","overlay-color":"","overlay-opacity":"","overlay-gradient":""}}},"product_brand":[],"product_cat":[788],"product_tag":[],"class_list":{"0":"post-21551","1":"product","2":"type-product","3":"status-publish","4":"has-post-thumbnail","6":"product_cat-pure-pl","7":"pa_animal-pies","8":"pa_proprietes-antystatyczny","9":"pa_proprietes-produkt-do-polerowania","10":"pa_proprietes-utrwalajacy","11":"pa_proprietes-volumising","12":"pa_proprietes-wygladzanie","13":"pa_type-de-poils-dlugie-wlosy","14":"pa_type-de-poils-kazdy-typ","15":"pa_type-de-poils-krotkie-wlosy","16":"desktop-align-left","17":"tablet-align-left","18":"mobile-align-left","19":"ast-product-gallery-layout-horizontal-slider","20":"ast-product-gallery-with-no-image","21":"ast-product-tabs-layout-horizontal","23":"first","24":"instock","25":"shipping-taxable","26":"product-type-simple"},"_links":{"self":[{"href":"https:\/\/www.laboratoire-diamex.com\/pl\/wp-json\/wp\/v2\/product\/21551","targetHints":{"allow":["GET"]}}],"collection":[{"href":"https:\/\/www.laboratoire-diamex.com\/pl\/wp-json\/wp\/v2\/product"}],"about":[{"href":"https:\/\/www.laboratoire-diamex.com\/pl\/wp-json\/wp\/v2\/types\/product"}],"version-history":[{"count":0,"href":"https:\/\/www.laboratoire-diamex.com\/pl\/wp-json\/wp\/v2\/product\/21551\/revisions"}],"wp:featuredmedia":[{"embeddable":true,"href":"https:\/\/www.laboratoire-diamex.com\/pl\/wp-json\/wp\/v2\/media\/22689"}],"wp:attachment":[{"href":"https:\/\/www.laboratoire-diamex.com\/pl\/wp-json\/wp\/v2\/media?parent=21551"}],"wp:term":[{"taxonomy":"product_brand","embeddable":true,"href":"https:\/\/www.laboratoire-diamex.com\/pl\/wp-json\/wp\/v2\/product_brand?post=21551"},{"taxonomy":"product_cat","embeddable":true,"href":"https:\/\/www.laboratoire-diamex.com\/pl\/wp-json\/wp\/v2\/product_cat?post=21551"},{"taxonomy":"product_tag","embeddable":true,"href":"https:\/\/www.laboratoire-diamex.com\/pl\/wp-json\/wp\/v2\/product_tag?post=21551"}],"curies":[{"name":"wp","href":"https:\/\/api.w.org\/{rel}","templated":true}]}}