{"id":24359,"date":"2025-08-11T11:42:17","date_gmt":"2025-08-11T09:42:17","guid":{"rendered":"https:\/\/www.laboratoire-diamex.com\/catalogue\/szampon-diamex-shedcontrol\/"},"modified":"2025-08-11T11:42:17","modified_gmt":"2025-08-11T09:42:17","slug":"szampon-diamex-shedcontrol","status":"publish","type":"product","link":"https:\/\/www.laboratoire-diamex.com\/pl\/katalog\/szampon-diamex-shedcontrol\/","title":{"rendered":"Szampon Diamex ShedControl"},"content":{"rendered":"<h2>Opis<\/h2>\n<p>Szampon Diamex<strong>  SHEDCONTROL<\/strong> <span class=\"OYPEnA font-feature-liga-off font-feature-clig-off font-feature-calt-off text-decoration-none text-strikethrough-none\">spe\u0142nia potrzeby zwierz\u0105t o g\u0119stej sier\u015bci lub sk\u0142onnych do linienia. Jest idealny dla ps\u00f3w o podw\u00f3jnej sier\u015bci, ps\u00f3w kr\u00f3tkow\u0142osych o obfitym linieniu i kot\u00f3w. Ten delikatny szampon pomaga wyeliminowa\u0107 martwe w\u0142osy, ograniczy\u0107 linienie i promowa\u0107 zdrowy odrost. Wzbogacony o sk\u0142adniki nawil\u017caj\u0105ce, chroni sk\u00f3r\u0119 i sier\u015b\u0107.   <\/span><\/p>\n<h2>Instrukcje u\u017cytkowania<\/h2>\n<p><span class=\"OYPEnA font-feature-liga-off font-feature-clig-off font-feature-calt-off text-decoration-none text-strikethrough-none\">Na\u0142o\u017cy\u0107 r\u00f3wnomiernie pocz\u0105tkow\u0105 dawk\u0119 szamponu na w\u0142osy, uprzednio zwil\u017caj\u0105c je letni\u0105 wod\u0105. Wmasowa\u0107 i cz\u0119\u015bciowo sp\u0142uka\u0107. Na\u0142o\u017cy\u0107 drug\u0105 dawk\u0119. Pozostawi\u0107 na w\u0142osach przez 2 do 5 minut. Jeszcze raz dok\u0142adnie wmasowa\u0107. Wyszczotkowa\u0107, aby usun\u0105\u0107 martwe w\u0142osy. Dok\u0142adnie sp\u0142uka\u0107 i wysuszy\u0107.      <\/span><\/p>\n<h2>Opakowanie<\/h2>\n<p>1 litr i 5 litr\u00f3w.<\/p>\n<h2>Kody EAN<\/h2>\n<p>1 litr :  <span class=\"OYPEnA font-feature-liga-off font-feature-clig-off font-feature-calt-off text-decoration-none text-strikethrough-none\">54 250 1685 822 6<\/span><br \/>\n<span style=\"font-size: 16px;\">5 litr\u00f3w: 54 250 1685 <span class=\"OYPEnA font-feature-liga-off font-feature-clig-off font-feature-calt-off text-decoration-none text-strikethrough-none\">823 3<\/span><\/span><\/p>\n<h2>Referencje<\/h2>\n<p><span style=\"font-size: 16px;\">1 litr: <span class=\"OYPEnA font-feature-liga-off font-feature-clig-off font-feature-calt-off text-decoration-none text-strikethrough-none\">020345<\/span><br \/>\n<\/span>5 litr\u00f3w: <span class=\"OYPEnA font-feature-liga-off font-feature-clig-off font-feature-calt-off text-decoration-none text-strikethrough-none\">020346<\/span><\/p>\n","protected":false},"excerpt":{"rendered":"<p>Szampon, kt\u00f3ry skutecznie usuwa martwe w\u0142osy i wspomaga zdrowy odrost, idealny dla zwierz\u0105t o g\u0119stej sier\u015bci lub zrzucaj\u0105cych du\u017co sier\u015bci.<\/p>\n","protected":false},"featured_media":24310,"template":"","meta":{"site-sidebar-layout":"default","site-content-layout":"","ast-site-content-layout":"default","site-content-style":"default","site-sidebar-style":"default","ast-global-header-display":"","ast-banner-title-visibility":"","ast-main-header-display":"","ast-hfb-above-header-display":"","ast-hfb-below-header-display":"","ast-hfb-mobile-header-display":"","site-post-title":"","ast-breadcrumbs-content":"","ast-featured-img":"","footer-sml-layout":"","ast-disable-related-posts":"","theme-transparent-header-meta":"default","adv-header-id-meta":"","stick-header-meta":"default","header-above-stick-meta":"","header-main-stick-meta":"","header-below-stick-meta":"","astra-migrate-meta-layouts":"default","ast-page-background-enabled":"default","ast-page-background-meta":{"desktop":{"background-color":"var(--ast-global-color-4)","background-image":"","background-repeat":"repeat","background-position":"center center","background-size":"auto","background-attachment":"scroll","background-type":"","background-media":"","overlay-type":"","overlay-color":"","overlay-opacity":"","overlay-gradient":""},"tablet":{"background-color":"","background-image":"","background-repeat":"repeat","background-position":"center center","background-size":"auto","background-attachment":"scroll","background-type":"","background-media":"","overlay-type":"","overlay-color":"","overlay-opacity":"","overlay-gradient":""},"mobile":{"background-color":"","background-image":"","background-repeat":"repeat","background-position":"center center","background-size":"auto","background-attachment":"scroll","background-type":"","background-media":"","overlay-type":"","overlay-color":"","overlay-opacity":"","overlay-gradient":""}},"ast-content-background-meta":{"desktop":{"background-color":"var(--ast-global-color-5)","background-image":"","background-repeat":"repeat","background-position":"center center","background-size":"auto","background-attachment":"scroll","background-type":"","background-media":"","overlay-type":"","overlay-color":"","overlay-opacity":"","overlay-gradient":""},"tablet":{"background-color":"var(--ast-global-color-5)","background-image":"","background-repeat":"repeat","background-position":"center center","background-size":"auto","background-attachment":"scroll","background-type":"","background-media":"","overlay-type":"","overlay-color":"","overlay-opacity":"","overlay-gradient":""},"mobile":{"background-color":"var(--ast-global-color-5)","background-image":"","background-repeat":"repeat","background-position":"center center","background-size":"auto","background-attachment":"scroll","background-type":"","background-media":"","overlay-type":"","overlay-color":"","overlay-opacity":"","overlay-gradient":""}}},"product_brand":[],"product_cat":[748],"product_tag":[],"class_list":{"0":"post-24359","1":"product","2":"type-product","3":"status-publish","4":"has-post-thumbnail","6":"product_cat-classique-pl","7":"pa_animal-kot","8":"pa_animal-pies","9":"pa_proprietes-nawilzacz","10":"pa_proprietes-pokrzepiajacy","11":"pa_proprietes-przeciw-wypadaniu-wlosow","12":"pa_type-de-poils-dlugie-wlosy","13":"pa_type-de-poils-kazdy-typ","14":"pa_type-de-poils-krotkie-wlosy","15":"pa_type-de-poils-twarde-wlosy","16":"desktop-align-left","17":"tablet-align-left","18":"mobile-align-left","19":"ast-product-gallery-layout-horizontal-slider","20":"ast-product-tabs-layout-horizontal","22":"first","23":"instock","24":"shipping-taxable","25":"product-type-simple"},"_links":{"self":[{"href":"https:\/\/www.laboratoire-diamex.com\/pl\/wp-json\/wp\/v2\/product\/24359","targetHints":{"allow":["GET"]}}],"collection":[{"href":"https:\/\/www.laboratoire-diamex.com\/pl\/wp-json\/wp\/v2\/product"}],"about":[{"href":"https:\/\/www.laboratoire-diamex.com\/pl\/wp-json\/wp\/v2\/types\/product"}],"version-history":[{"count":0,"href":"https:\/\/www.laboratoire-diamex.com\/pl\/wp-json\/wp\/v2\/product\/24359\/revisions"}],"wp:featuredmedia":[{"embeddable":true,"href":"https:\/\/www.laboratoire-diamex.com\/pl\/wp-json\/wp\/v2\/media\/24310"}],"wp:attachment":[{"href":"https:\/\/www.laboratoire-diamex.com\/pl\/wp-json\/wp\/v2\/media?parent=24359"}],"wp:term":[{"taxonomy":"product_brand","embeddable":true,"href":"https:\/\/www.laboratoire-diamex.com\/pl\/wp-json\/wp\/v2\/product_brand?post=24359"},{"taxonomy":"product_cat","embeddable":true,"href":"https:\/\/www.laboratoire-diamex.com\/pl\/wp-json\/wp\/v2\/product_cat?post=24359"},{"taxonomy":"product_tag","embeddable":true,"href":"https:\/\/www.laboratoire-diamex.com\/pl\/wp-json\/wp\/v2\/product_tag?post=24359"}],"curies":[{"name":"wp","href":"https:\/\/api.w.org\/{rel}","templated":true}]}}