{"id":10030,"date":"2023-07-11T13:00:36","date_gmt":"2023-07-11T11:00:36","guid":{"rendered":"https:\/\/www.laboratoire-diamex.com\/catalogue\/diamex-bio-technic-sampon-anti-pierdere-a-parului\/"},"modified":"2024-07-04T13:48:44","modified_gmt":"2024-07-04T11:48:44","slug":"diamex-bio-technic-sampon-anti-pierdere-a-parului","status":"publish","type":"product","link":"https:\/\/www.laboratoire-diamex.com\/ro\/catalog\/diamex-bio-technic-sampon-anti-pierdere-a-parului\/","title":{"rendered":"\u0218ampon Diamex BIO-TECHNIC Anti-Pierderea"},"content":{"rendered":"<h2>Descriere<\/h2>\n<p>Acest \u0219ampon pe baz\u0103 de plante con\u021bine 99,9% ingrediente de origine natural\u0103. \u00cembog\u0103\u021bit cu gel de Aloe Vera \u0219i extracte de frunze de s\u0103pun, este potrivit pentru toate tipurile de p\u0103r.<\/p>\n<p>Uleiul din semin\u021be de broccoli, cunoscut pentru propriet\u0103\u021bile sale regenerative, stimuleaz\u0103 activitatea celular\u0103. Uleiul de ricin organic hr\u0103ne\u0219te p\u0103rul \u0219i \u00eencurajeaz\u0103 regenerarea.<\/p>\n<p>Garantat f\u0103r\u0103 substan\u021be petrochimice, f\u0103r\u0103 parabeni, f\u0103r\u0103 coloran\u021bi, f\u0103r\u0103 parfumuri sintetice \u0219i f\u0103r\u0103 silicon.<\/p>\n<h2>Ambalare<\/h2>\n<p>200 de mililitri, 1 litru \u0219i 5 litri.<\/p>\n<h2>Instruc\u021biuni de utilizare<\/h2>\n<p>Se ud\u0103 bine \u0219i se maseaz\u0103 \u0219amponul pe toat\u0103 blana, apoi se cl\u0103te\u0219te bine. Evita\u021bi contactul cu ochii.<\/p>\n<h2>Dilu\u021bie<\/h2>\n<p>60 ml de produs pentru 1 litru de ap\u0103.<\/p>\n<h2>Propriet\u0103\u021bi<\/h2>\n<p>&#8211;<\/p>\n<h2>Instruc\u021biuni de utilizare<\/h2>\n<p>&#8211;<\/p>\n<h2>Compozi\u021bie<\/h2>\n<p>&#8211;<\/p>\n<h2>Coduri EAN<\/h2>\n<ul>\n<li>200 mililitri: 54 250 1685 653 6<\/li>\n<li>1 litru :<\/li>\n<li>5 litri :<\/li>\n<\/ul>\n<h2>Referin\u021be<\/h2>\n<ul>\n<li>200 mililitri : 5301430<\/li>\n<li>1 litru : 5301450<\/li>\n<li>5 litri : 5301460<\/li>\n<\/ul>\n","protected":false},"excerpt":{"rendered":"<p>Acest \u0219ampon pe baz\u0103 de plante con\u021bine 99,9% ingrediente de origine natural\u0103. \u00cembog\u0103\u021bit cu gel de Aloe Vera \u0219i extracte de frunze de s\u0103pun, este potrivit pentru toate tipurile de p\u0103r.<\/p>\n","protected":false},"featured_media":10039,"template":"","meta":{"site-sidebar-layout":"default","site-content-layout":"default","ast-site-content-layout":"default","site-content-style":"default","site-sidebar-style":"default","ast-global-header-display":"","ast-banner-title-visibility":"","ast-main-header-display":"","ast-hfb-above-header-display":"","ast-hfb-below-header-display":"","ast-hfb-mobile-header-display":"","site-post-title":"","ast-breadcrumbs-content":"","ast-featured-img":"","footer-sml-layout":"","ast-disable-related-posts":"","theme-transparent-header-meta":"default","adv-header-id-meta":"","stick-header-meta":"default","header-above-stick-meta":"","header-main-stick-meta":"","header-below-stick-meta":"","astra-migrate-meta-layouts":"default","ast-page-background-enabled":"default","ast-page-background-meta":{"desktop":{"background-color":"var(--ast-global-color-4)","background-image":"","background-repeat":"repeat","background-position":"center center","background-size":"auto","background-attachment":"scroll","background-type":"","background-media":"","overlay-type":"","overlay-color":"","overlay-opacity":"","overlay-gradient":""},"tablet":{"background-color":"","background-image":"","background-repeat":"repeat","background-position":"center center","background-size":"auto","background-attachment":"scroll","background-type":"","background-media":"","overlay-type":"","overlay-color":"","overlay-opacity":"","overlay-gradient":""},"mobile":{"background-color":"","background-image":"","background-repeat":"repeat","background-position":"center center","background-size":"auto","background-attachment":"scroll","background-type":"","background-media":"","overlay-type":"","overlay-color":"","overlay-opacity":"","overlay-gradient":""}},"ast-content-background-meta":{"desktop":{"background-color":"var(--ast-global-color-5)","background-image":"","background-repeat":"repeat","background-position":"center center","background-size":"auto","background-attachment":"scroll","background-type":"","background-media":"","overlay-type":"","overlay-color":"","overlay-opacity":"","overlay-gradient":""},"tablet":{"background-color":"var(--ast-global-color-5)","background-image":"","background-repeat":"repeat","background-position":"center center","background-size":"auto","background-attachment":"scroll","background-type":"","background-media":"","overlay-type":"","overlay-color":"","overlay-opacity":"","overlay-gradient":""},"mobile":{"background-color":"var(--ast-global-color-5)","background-image":"","background-repeat":"repeat","background-position":"center center","background-size":"auto","background-attachment":"scroll","background-type":"","background-media":"","overlay-type":"","overlay-color":"","overlay-opacity":"","overlay-gradient":""}}},"product_brand":[],"product_cat":[827],"product_tag":[],"class_list":{"0":"post-10030","1":"product","2":"type-product","3":"status-publish","4":"has-post-thumbnail","6":"product_cat-vegetale-ro","7":"pa_animal-caine","8":"pa_proprietes-fortificarea","9":"pa_proprietes-hranire","10":"pa_proprietes-prevenirea-caderii-parului","11":"pa_proprietes-regenerare","12":"pa_specificites-plante","13":"pa_type-de-poils-par-lung","14":"pa_type-de-poils-par-scurt","15":"pa_type-de-poils-toate-tipurile","16":"desktop-align-left","17":"tablet-align-left","18":"mobile-align-left","19":"ast-product-gallery-layout-horizontal-slider","20":"ast-product-gallery-with-no-image","21":"ast-product-tabs-layout-horizontal","23":"first","24":"instock","25":"shipping-taxable","26":"product-type-simple"},"_links":{"self":[{"href":"https:\/\/www.laboratoire-diamex.com\/ro\/wp-json\/wp\/v2\/product\/10030","targetHints":{"allow":["GET"]}}],"collection":[{"href":"https:\/\/www.laboratoire-diamex.com\/ro\/wp-json\/wp\/v2\/product"}],"about":[{"href":"https:\/\/www.laboratoire-diamex.com\/ro\/wp-json\/wp\/v2\/types\/product"}],"version-history":[{"count":0,"href":"https:\/\/www.laboratoire-diamex.com\/ro\/wp-json\/wp\/v2\/product\/10030\/revisions"}],"wp:featuredmedia":[{"embeddable":true,"href":"https:\/\/www.laboratoire-diamex.com\/ro\/wp-json\/wp\/v2\/media\/10039"}],"wp:attachment":[{"href":"https:\/\/www.laboratoire-diamex.com\/ro\/wp-json\/wp\/v2\/media?parent=10030"}],"wp:term":[{"taxonomy":"product_brand","embeddable":true,"href":"https:\/\/www.laboratoire-diamex.com\/ro\/wp-json\/wp\/v2\/product_brand?post=10030"},{"taxonomy":"product_cat","embeddable":true,"href":"https:\/\/www.laboratoire-diamex.com\/ro\/wp-json\/wp\/v2\/product_cat?post=10030"},{"taxonomy":"product_tag","embeddable":true,"href":"https:\/\/www.laboratoire-diamex.com\/ro\/wp-json\/wp\/v2\/product_tag?post=10030"}],"curies":[{"name":"wp","href":"https:\/\/api.w.org\/{rel}","templated":true}]}}