{"id":10241,"date":"2023-07-19T16:23:45","date_gmt":"2023-07-19T14:23:45","guid":{"rendered":"https:\/\/www.laboratoire-diamex.com\/catalogue\/sampon-diamex-macarons-speculoos\/"},"modified":"2024-07-04T12:37:21","modified_gmt":"2024-07-04T10:37:21","slug":"sampon-diamex-macarons-speculoos","status":"publish","type":"product","link":"https:\/\/www.laboratoire-diamex.com\/ro\/catalog\/sampon-diamex-macarons-speculoos\/","title":{"rendered":"\u0218ampon Diamex MACARONS Speculoos"},"content":{"rendered":"<h2>Descriere<\/h2>\n<p>\u0218amponul Macaroons Sp\u00e9culoos, \u00eembog\u0103\u021bit cu proteine B5, \u00eent\u0103re\u0219te \u0219i \u00eenfrumuse\u021beaz\u0103 blana, promoveaz\u0103 cre\u0219terea p\u0103rului \u0219i calmeaz\u0103 pielea sensibil\u0103. Acest \u0219ampon este compatibil cu toate tipurile de blan\u0103 \u0219i v\u0103 va l\u0103sa c\u00e2inele mirosind ca ni\u0219te macaroane cu arom\u0103 de speculoos. Acest \u0219ampon este o edi\u021bie limitat\u0103.<\/p>\n<h2>Ambalare<\/h2>\n<p>5 litri.<\/p>\n<h2>Instruc\u021biuni de utilizare<\/h2>\n<p>Se ud\u0103 bine \u0219i se maseaz\u0103 \u0219amponul pe toat\u0103 blana, apoi se cl\u0103te\u0219te bine. Evita\u021bi contactul cu ochii.<\/p>\n<h2>Dilu\u021bie<\/h2>\n<p>125 mililitri de \u0219ampon pentru 1 litru de ap\u0103.<\/p>\n<h2>Propriet\u0103\u021bi<\/h2>\n<p>&#8211;<\/p>\n<h2>Instruc\u021biuni de utilizare<\/h2>\n<p>&#8211;<\/p>\n<h2>Compozi\u021bie<\/h2>\n<p>&#8211;<\/p>\n<h2>Cod EAN<\/h2>\n<p>5 litri :<\/p>\n<h2>Referin\u021b\u0103<\/h2>\n<p>5 litri :<\/p>\n","protected":false},"excerpt":{"rendered":"<p>\u0218amponul Macaroons Sp\u00e9culoos, \u00eembog\u0103\u021bit cu proteine B5, \u00eent\u0103re\u0219te \u0219i \u00eenfrumuse\u021beaz\u0103 blana, favorizeaz\u0103 cre\u0219terea p\u0103rului \u0219i calmeaz\u0103 pielea sensibil\u0103.<\/p>\n","protected":false},"featured_media":10253,"template":"","meta":{"site-sidebar-layout":"default","site-content-layout":"default","ast-site-content-layout":"default","site-content-style":"default","site-sidebar-style":"default","ast-global-header-display":"","ast-banner-title-visibility":"","ast-main-header-display":"","ast-hfb-above-header-display":"","ast-hfb-below-header-display":"","ast-hfb-mobile-header-display":"","site-post-title":"","ast-breadcrumbs-content":"","ast-featured-img":"","footer-sml-layout":"","ast-disable-related-posts":"","theme-transparent-header-meta":"default","adv-header-id-meta":"","stick-header-meta":"default","header-above-stick-meta":"","header-main-stick-meta":"","header-below-stick-meta":"","astra-migrate-meta-layouts":"default","ast-page-background-enabled":"default","ast-page-background-meta":{"desktop":{"background-color":"var(--ast-global-color-4)","background-image":"","background-repeat":"repeat","background-position":"center center","background-size":"auto","background-attachment":"scroll","background-type":"","background-media":"","overlay-type":"","overlay-color":"","overlay-opacity":"","overlay-gradient":""},"tablet":{"background-color":"","background-image":"","background-repeat":"repeat","background-position":"center center","background-size":"auto","background-attachment":"scroll","background-type":"","background-media":"","overlay-type":"","overlay-color":"","overlay-opacity":"","overlay-gradient":""},"mobile":{"background-color":"","background-image":"","background-repeat":"repeat","background-position":"center center","background-size":"auto","background-attachment":"scroll","background-type":"","background-media":"","overlay-type":"","overlay-color":"","overlay-opacity":"","overlay-gradient":""}},"ast-content-background-meta":{"desktop":{"background-color":"var(--ast-global-color-5)","background-image":"","background-repeat":"repeat","background-position":"center center","background-size":"auto","background-attachment":"scroll","background-type":"","background-media":"","overlay-type":"","overlay-color":"","overlay-opacity":"","overlay-gradient":""},"tablet":{"background-color":"var(--ast-global-color-5)","background-image":"","background-repeat":"repeat","background-position":"center center","background-size":"auto","background-attachment":"scroll","background-type":"","background-media":"","overlay-type":"","overlay-color":"","overlay-opacity":"","overlay-gradient":""},"mobile":{"background-color":"var(--ast-global-color-5)","background-image":"","background-repeat":"repeat","background-position":"center center","background-size":"auto","background-attachment":"scroll","background-type":"","background-media":"","overlay-type":"","overlay-color":"","overlay-opacity":"","overlay-gradient":""}}},"product_brand":[],"product_cat":[757],"product_tag":[],"class_list":{"0":"post-10241","1":"product","2":"type-product","3":"status-publish","4":"has-post-thumbnail","6":"product_cat-gourmande-ro","7":"pa_animal-caine","8":"pa_proprietes-fortificarea","9":"pa_proprietes-linistitor","10":"pa_specificites-piele-sensibila","11":"pa_type-de-poils-par-lung","12":"pa_type-de-poils-par-scurt","13":"pa_type-de-poils-toate-tipurile","14":"desktop-align-left","15":"tablet-align-left","16":"mobile-align-left","17":"ast-product-gallery-layout-horizontal-slider","18":"ast-product-gallery-with-no-image","19":"ast-product-tabs-layout-horizontal","21":"first","22":"instock","23":"shipping-taxable","24":"product-type-simple"},"_links":{"self":[{"href":"https:\/\/www.laboratoire-diamex.com\/ro\/wp-json\/wp\/v2\/product\/10241","targetHints":{"allow":["GET"]}}],"collection":[{"href":"https:\/\/www.laboratoire-diamex.com\/ro\/wp-json\/wp\/v2\/product"}],"about":[{"href":"https:\/\/www.laboratoire-diamex.com\/ro\/wp-json\/wp\/v2\/types\/product"}],"version-history":[{"count":0,"href":"https:\/\/www.laboratoire-diamex.com\/ro\/wp-json\/wp\/v2\/product\/10241\/revisions"}],"wp:featuredmedia":[{"embeddable":true,"href":"https:\/\/www.laboratoire-diamex.com\/ro\/wp-json\/wp\/v2\/media\/10253"}],"wp:attachment":[{"href":"https:\/\/www.laboratoire-diamex.com\/ro\/wp-json\/wp\/v2\/media?parent=10241"}],"wp:term":[{"taxonomy":"product_brand","embeddable":true,"href":"https:\/\/www.laboratoire-diamex.com\/ro\/wp-json\/wp\/v2\/product_brand?post=10241"},{"taxonomy":"product_cat","embeddable":true,"href":"https:\/\/www.laboratoire-diamex.com\/ro\/wp-json\/wp\/v2\/product_cat?post=10241"},{"taxonomy":"product_tag","embeddable":true,"href":"https:\/\/www.laboratoire-diamex.com\/ro\/wp-json\/wp\/v2\/product_tag?post=10241"}],"curies":[{"name":"wp","href":"https:\/\/api.w.org\/{rel}","templated":true}]}}