{"id":10307,"date":"2023-07-11T13:00:55","date_gmt":"2023-07-11T11:00:55","guid":{"rendered":"https:\/\/www.laboratoire-diamex.com\/catalogue\/balsam-de-nuca-de-cocos-organic-diamex\/"},"modified":"2024-07-04T12:43:41","modified_gmt":"2024-07-04T10:43:41","slug":"balsam-de-nuca-de-cocos-organic-diamex","status":"publish","type":"product","link":"https:\/\/www.laboratoire-diamex.com\/ro\/catalog\/balsam-de-nuca-de-cocos-organic-diamex\/","title":{"rendered":"Masc\u0103 Diamex Coco Bio"},"content":{"rendered":"<h2>Descriere<\/h2>\n<p>Balsam recomandat pentru p\u0103rul uscat \u0219i fragil. Este deosebit de potrivit pentru c\u00e2inii cu blana dens\u0103 \u0219i cu mult strat sub\u021bire de blan\u0103 care este dificil de descurcat. Acest produs hidrateaz\u0103 \u0219i hr\u0103ne\u0219te p\u0103rul \u00een profunzime, red\u0103 str\u0103lucirea \u0219i luminozitatea \u0219i calmeaz\u0103 pielea \u00eenro\u0219it\u0103.<\/p>\n<h2>Ambalare<\/h2>\n<p>350 de mililitri \u0219i 800 de mililitri.<\/p>\n<h2>Instruc\u021biuni de utilizare<\/h2>\n<p><strong>Pentru a repara:<\/strong> Aplica\u021bi produsul nediluat pe p\u0103rul uscat, l\u0103sa\u021bi-l s\u0103 ac\u021bioneze timp de 10-20 de minute, cl\u0103ti\u021bi bine \u0219i apoi sp\u0103la\u021bi cu \u0219ampon. Pentru o mai mare eficacitate, aplica\u021bi din nou produsul pe p\u0103rul \u00eentins \u0219i cl\u0103ti\u021bi bine.<\/p>\n<p><strong>Pentru a descurca<\/strong>: Aplica\u021bi produsul diluat pe p\u0103rul uscat, masa\u021bi \u0219i peria\u021bi pentru a p\u0103trunde, l\u0103sa\u021bi s\u0103 ac\u021bioneze c\u00e2teva minute, cl\u0103ti\u021bi bine \u0219i apoi sp\u0103la\u021bi cu \u0219ampon.<\/p>\n<p><strong>S\u0103 hr\u0103neasc\u0103:<\/strong> Dup\u0103 \u0219amponare, aplica\u021bi produsul nediluat sau diluat pe blana uscat\u0103 cu prosopul, l\u0103sa\u021bi s\u0103 ac\u021bioneze c\u00e2teva minute, apoi cl\u0103ti\u021bi bine.<br \/>\nDilu\u021bie<\/p>\n<h2>Propriet\u0103\u021bi<\/h2>\n<p>&#8211;<\/p>\n<h2>Instruc\u021biuni de utilizare<\/h2>\n<p>&#8211;<\/p>\n<h2>Compozi\u021bie<\/h2>\n<p>Aqua, alcool cetearilic (\u0219i) metisulfat de dipalmitoiletil hidroxietilmoniu (\u0219i) ceteareth-20, clorur\u0103 de cetrimonium, octyldodecanol, ulei de cocos nucifera, clorur\u0103 de guar hidroxipropiltrimoniu, acid citric, parfum, benzoat de sodiu, sorbat de potasiu.<br \/>\nProduse complementare<\/p>\n<h2>Coduri EAN<\/h2>\n<ul>\n<li>350 mililitri: 54 250 1685 485 3<\/li>\n<li>800 mililitri: 54 250 1685 484 6<\/li>\n<\/ul>\n<h2>Referin\u021be<\/h2>\n<ul>\n<li>350 mililitri : 5301210<\/li>\n<li>800 mililitri : 5301201<\/li>\n<\/ul>\n","protected":false},"excerpt":{"rendered":"<p>Balsam recomandat pentru p\u0103rul uscat \u0219i fragil.<\/p>\n","protected":false},"featured_media":10314,"template":"","meta":{"site-sidebar-layout":"default","site-content-layout":"default","ast-site-content-layout":"default","site-content-style":"default","site-sidebar-style":"default","ast-global-header-display":"","ast-banner-title-visibility":"","ast-main-header-display":"","ast-hfb-above-header-display":"","ast-hfb-below-header-display":"","ast-hfb-mobile-header-display":"","site-post-title":"","ast-breadcrumbs-content":"","ast-featured-img":"","footer-sml-layout":"","ast-disable-related-posts":"","theme-transparent-header-meta":"default","adv-header-id-meta":"","stick-header-meta":"default","header-above-stick-meta":"","header-main-stick-meta":"","header-below-stick-meta":"","astra-migrate-meta-layouts":"default","ast-page-background-enabled":"default","ast-page-background-meta":{"desktop":{"background-color":"var(--ast-global-color-4)","background-image":"","background-repeat":"repeat","background-position":"center center","background-size":"auto","background-attachment":"scroll","background-type":"","background-media":"","overlay-type":"","overlay-color":"","overlay-opacity":"","overlay-gradient":""},"tablet":{"background-color":"","background-image":"","background-repeat":"repeat","background-position":"center center","background-size":"auto","background-attachment":"scroll","background-type":"","background-media":"","overlay-type":"","overlay-color":"","overlay-opacity":"","overlay-gradient":""},"mobile":{"background-color":"","background-image":"","background-repeat":"repeat","background-position":"center center","background-size":"auto","background-attachment":"scroll","background-type":"","background-media":"","overlay-type":"","overlay-color":"","overlay-opacity":"","overlay-gradient":""}},"ast-content-background-meta":{"desktop":{"background-color":"var(--ast-global-color-5)","background-image":"","background-repeat":"repeat","background-position":"center center","background-size":"auto","background-attachment":"scroll","background-type":"","background-media":"","overlay-type":"","overlay-color":"","overlay-opacity":"","overlay-gradient":""},"tablet":{"background-color":"var(--ast-global-color-5)","background-image":"","background-repeat":"repeat","background-position":"center center","background-size":"auto","background-attachment":"scroll","background-type":"","background-media":"","overlay-type":"","overlay-color":"","overlay-opacity":"","overlay-gradient":""},"mobile":{"background-color":"var(--ast-global-color-5)","background-image":"","background-repeat":"repeat","background-position":"center center","background-size":"auto","background-attachment":"scroll","background-type":"","background-media":"","overlay-type":"","overlay-color":"","overlay-opacity":"","overlay-gradient":""}}},"product_brand":[],"product_cat":[749],"product_tag":[],"class_list":{"0":"post-10307","1":"product","2":"type-product","3":"status-publish","4":"has-post-thumbnail","6":"product_cat-classique-ro","7":"pa_animal-caine","8":"pa_proprietes-detangler-ro","9":"pa_proprietes-hidratant","10":"pa_proprietes-hranire","11":"pa_proprietes-linistitor","12":"pa_proprietes-reparator","13":"pa_proprietes-revitalizant","14":"pa_specificites-piele-sensibila","15":"pa_specificites-plante","16":"pa_type-de-poils-par-lung","17":"desktop-align-left","18":"tablet-align-left","19":"mobile-align-left","20":"ast-product-gallery-layout-horizontal-slider","21":"ast-product-tabs-layout-horizontal","23":"first","24":"instock","25":"shipping-taxable","26":"product-type-simple"},"_links":{"self":[{"href":"https:\/\/www.laboratoire-diamex.com\/ro\/wp-json\/wp\/v2\/product\/10307","targetHints":{"allow":["GET"]}}],"collection":[{"href":"https:\/\/www.laboratoire-diamex.com\/ro\/wp-json\/wp\/v2\/product"}],"about":[{"href":"https:\/\/www.laboratoire-diamex.com\/ro\/wp-json\/wp\/v2\/types\/product"}],"version-history":[{"count":0,"href":"https:\/\/www.laboratoire-diamex.com\/ro\/wp-json\/wp\/v2\/product\/10307\/revisions"}],"wp:featuredmedia":[{"embeddable":true,"href":"https:\/\/www.laboratoire-diamex.com\/ro\/wp-json\/wp\/v2\/media\/10314"}],"wp:attachment":[{"href":"https:\/\/www.laboratoire-diamex.com\/ro\/wp-json\/wp\/v2\/media?parent=10307"}],"wp:term":[{"taxonomy":"product_brand","embeddable":true,"href":"https:\/\/www.laboratoire-diamex.com\/ro\/wp-json\/wp\/v2\/product_brand?post=10307"},{"taxonomy":"product_cat","embeddable":true,"href":"https:\/\/www.laboratoire-diamex.com\/ro\/wp-json\/wp\/v2\/product_cat?post=10307"},{"taxonomy":"product_tag","embeddable":true,"href":"https:\/\/www.laboratoire-diamex.com\/ro\/wp-json\/wp\/v2\/product_tag?post=10307"}],"curies":[{"name":"wp","href":"https:\/\/api.w.org\/{rel}","templated":true}]}}