{"id":10347,"date":"2023-07-11T13:00:55","date_gmt":"2023-07-11T11:00:55","guid":{"rendered":"https:\/\/www.laboratoire-diamex.com\/catalogue\/balsam-diamex-oleogine\/"},"modified":"2024-07-04T14:35:12","modified_gmt":"2024-07-04T12:35:12","slug":"balsam-diamex-oleogine","status":"publish","type":"product","link":"https:\/\/www.laboratoire-diamex.com\/ro\/catalog\/balsam-diamex-oleogine\/","title":{"rendered":"Balsam Diamex Ol\u00e9ogine"},"content":{"rendered":"<h2>Descriere<\/h2>\n<p>Balsam crem\u0103 lacto-colloidal\u0103 conceput pentru a hr\u0103ni p\u0103rul tern \u0219i lipsit de via\u021b\u0103. Cu ulei de cocos organic.<\/p>\n<h2>Ambalare<\/h2>\n<p>250 de mililitri, 1 litru, 5 litri \u0219i 25 de litri.<\/p>\n<h2>Instruc\u021biuni de utilizare<\/h2>\n<p>Dup\u0103 \u0219amponare, aplica\u021bi produsul diluat sau nediluat pe v\u00e2rfurile p\u0103rului, l\u0103sa\u021bi-l s\u0103 ac\u021bioneze c\u00e2teva minute, apoi cl\u0103ti\u021bi bine. Dac\u0103 haina este foarte deteriorat\u0103, este recomandabil s\u0103 nu o cl\u0103ti\u021bi complet.<\/p>\n<h2>Dilu\u021bie<\/h2>\n<p>&#8211;<\/p>\n<h2>Propriet\u0103\u021bi<\/h2>\n<p>&#8211;<\/p>\n<h2>Instruc\u021biuni de utilizare<\/h2>\n<p>&#8211;<\/p>\n<h2>Compozi\u021bie<\/h2>\n<p>Aqua, stearat de gliceril, alcool cetearilic (\u0219i) ulei de ricin peg-40 (\u0219i) sulfat cetearilic de sodiu, clorur\u0103 de cetrimonium, alcool cetearilic, propilenglicol, octildodecanol, polisorbat 20, cocamid\u0103 dea, acid citric, parfum, benzoat de sodiu, sorbat de potasiu.<br \/>\nProduse complementare<\/p>\n<h2>Coduri EAN<\/h2>\n<ul>\n<li>250 mililitri: 54 250 1685 018 3<\/li>\n<li>1 litru: 54 250 1685 204 204 0<\/li>\n<li>5 litri: 54 250 1685 254 254 5<\/li>\n<li>25 litri: 54 250 1685 337 337 5<\/li>\n<\/ul>\n<h2>Referin\u021be<\/h2>\n<ul>\n<li>250 mililitri: 020098<\/li>\n<li>1 litru : 020099<\/li>\n<li>5 litri : 020100<\/li>\n<li>25 litri : 020101<\/li>\n<\/ul>\n","protected":false},"excerpt":{"rendered":"<p>Balsam crem\u0103 lacto-colloidal\u0103 conceput pentru a hr\u0103ni p\u0103rul tern \u0219i lipsit de via\u021b\u0103.<\/p>\n","protected":false},"featured_media":10353,"template":"","meta":{"site-sidebar-layout":"default","site-content-layout":"default","ast-site-content-layout":"default","site-content-style":"default","site-sidebar-style":"default","ast-global-header-display":"","ast-banner-title-visibility":"","ast-main-header-display":"","ast-hfb-above-header-display":"","ast-hfb-below-header-display":"","ast-hfb-mobile-header-display":"","site-post-title":"","ast-breadcrumbs-content":"","ast-featured-img":"","footer-sml-layout":"","ast-disable-related-posts":"","theme-transparent-header-meta":"default","adv-header-id-meta":"","stick-header-meta":"default","header-above-stick-meta":"","header-main-stick-meta":"","header-below-stick-meta":"","astra-migrate-meta-layouts":"default","ast-page-background-enabled":"default","ast-page-background-meta":{"desktop":{"background-color":"var(--ast-global-color-4)","background-image":"","background-repeat":"repeat","background-position":"center center","background-size":"auto","background-attachment":"scroll","background-type":"","background-media":"","overlay-type":"","overlay-color":"","overlay-opacity":"","overlay-gradient":""},"tablet":{"background-color":"","background-image":"","background-repeat":"repeat","background-position":"center center","background-size":"auto","background-attachment":"scroll","background-type":"","background-media":"","overlay-type":"","overlay-color":"","overlay-opacity":"","overlay-gradient":""},"mobile":{"background-color":"","background-image":"","background-repeat":"repeat","background-position":"center center","background-size":"auto","background-attachment":"scroll","background-type":"","background-media":"","overlay-type":"","overlay-color":"","overlay-opacity":"","overlay-gradient":""}},"ast-content-background-meta":{"desktop":{"background-color":"var(--ast-global-color-5)","background-image":"","background-repeat":"repeat","background-position":"center center","background-size":"auto","background-attachment":"scroll","background-type":"","background-media":"","overlay-type":"","overlay-color":"","overlay-opacity":"","overlay-gradient":""},"tablet":{"background-color":"var(--ast-global-color-5)","background-image":"","background-repeat":"repeat","background-position":"center center","background-size":"auto","background-attachment":"scroll","background-type":"","background-media":"","overlay-type":"","overlay-color":"","overlay-opacity":"","overlay-gradient":""},"mobile":{"background-color":"var(--ast-global-color-5)","background-image":"","background-repeat":"repeat","background-position":"center center","background-size":"auto","background-attachment":"scroll","background-type":"","background-media":"","overlay-type":"","overlay-color":"","overlay-opacity":"","overlay-gradient":""}}},"product_brand":[],"product_cat":[749],"product_tag":[],"class_list":{"0":"post-10347","1":"product","2":"type-product","3":"status-publish","4":"has-post-thumbnail","6":"product_cat-classique-ro","7":"pa_animal-caine","8":"pa_proprietes-detangler-ro","9":"pa_proprietes-hranire","10":"pa_type-de-poils-par-lung","11":"desktop-align-left","12":"tablet-align-left","13":"mobile-align-left","14":"ast-product-gallery-layout-horizontal-slider","15":"ast-product-gallery-with-no-image","16":"ast-product-tabs-layout-horizontal","18":"first","19":"instock","20":"shipping-taxable","21":"product-type-simple"},"_links":{"self":[{"href":"https:\/\/www.laboratoire-diamex.com\/ro\/wp-json\/wp\/v2\/product\/10347","targetHints":{"allow":["GET"]}}],"collection":[{"href":"https:\/\/www.laboratoire-diamex.com\/ro\/wp-json\/wp\/v2\/product"}],"about":[{"href":"https:\/\/www.laboratoire-diamex.com\/ro\/wp-json\/wp\/v2\/types\/product"}],"version-history":[{"count":0,"href":"https:\/\/www.laboratoire-diamex.com\/ro\/wp-json\/wp\/v2\/product\/10347\/revisions"}],"wp:featuredmedia":[{"embeddable":true,"href":"https:\/\/www.laboratoire-diamex.com\/ro\/wp-json\/wp\/v2\/media\/10353"}],"wp:attachment":[{"href":"https:\/\/www.laboratoire-diamex.com\/ro\/wp-json\/wp\/v2\/media?parent=10347"}],"wp:term":[{"taxonomy":"product_brand","embeddable":true,"href":"https:\/\/www.laboratoire-diamex.com\/ro\/wp-json\/wp\/v2\/product_brand?post=10347"},{"taxonomy":"product_cat","embeddable":true,"href":"https:\/\/www.laboratoire-diamex.com\/ro\/wp-json\/wp\/v2\/product_cat?post=10347"},{"taxonomy":"product_tag","embeddable":true,"href":"https:\/\/www.laboratoire-diamex.com\/ro\/wp-json\/wp\/v2\/product_tag?post=10347"}],"curies":[{"name":"wp","href":"https:\/\/api.w.org\/{rel}","templated":true}]}}