{"id":10398,"date":"2023-07-11T13:00:54","date_gmt":"2023-07-11T11:00:54","guid":{"rendered":"https:\/\/www.laboratoire-diamex.com\/catalogue\/diamex-pure-balsam-de-netezire-si-protectie-diamex-pure\/"},"modified":"2024-07-04T12:43:19","modified_gmt":"2024-07-04T10:43:19","slug":"diamex-pure-balsam-de-netezire-si-protectie-diamex-pure","status":"publish","type":"product","link":"https:\/\/www.laboratoire-diamex.com\/ro\/catalog\/diamex-pure-balsam-de-netezire-si-protectie-diamex-pure\/","title":{"rendered":"Masc\u0103 Diamex PURE Netezitoare &amp; Protectoare"},"content":{"rendered":"<h2>Descriere<\/h2>\n<p>Masca <strong>NETEZITOARE &amp; PROTECTOARE<\/strong> este \u00eembog\u0103\u021bit\u0103 cu proteine de m\u0103tase \u0219i soia, hidrateaz\u0103, repar\u0103 \u0219i \u00eent\u0103re\u0219te p\u0103rul, form\u00e2nd \u00een acela\u0219i timp un scut pentru a-l proteja de agresiunile externe. Blana este neted\u0103, lucioas\u0103 \u0219i m\u0103t\u0103soas\u0103.<\/p>\n<p><strong>Proteina de m\u0103tase <\/strong> este un ingredient luxos \u0219i eficient, apreciat pentru numeroasele sale beneficii pentru p\u0103r \u0219i piele. Are propriet\u0103\u021bi hidratante, fortificante \u0219i protectoare.<\/p>\n<p><strong>Proteina de soia<\/strong>, bogat\u0103 \u00een aminoacizi esen\u021biali, este un revitalizant puternic pentru blan\u0103 \u0219i piele. Acesta \u00eent\u0103re\u0219te, hidrateaz\u0103 \u0219i adaug\u0103 volum p\u0103rului.<\/p>\n<p><strong>Formulat f\u0103r\u0103 alcool, silicon sau coloran\u021bi.<\/strong><\/p>\n<h2>Ambalare<\/h2>\n<p>500 mililitri.<\/p>\n<h2>Instruc\u021biuni de utilizare<\/h2>\n<p>Pe o hain\u0103 uscat\u0103: aplica\u021bi masca cu generozitate pe tot corpul, l\u0103sa\u021bi s\u0103 ac\u021bioneze timp de 20 de minute, cl\u0103ti\u021bi \u0219i apoi face\u021bi baie. Pe p\u0103rul umed: pe p\u0103rul sp\u0103lat \u0219i uscat cu prosopul, aplica\u021bi masca pe lungimi, \u00eentinz\u00e2nd produsul de la r\u0103d\u0103cini p\u00e2n\u0103 la v\u00e2rfuri, l\u0103sa\u021bi s\u0103 ac\u021bioneze c\u00e2teva minute, apoi cl\u0103ti\u021bi bine.<\/p>\n<h2>Dilu\u021bie<\/h2>\n<p>Poate fi folosit pur sau diluat.<\/p>\n<h2>Propriet\u0103\u021bi<\/h2>\n<p><strong>\u00cent\u0103re\u0219te:<\/strong> repara\u021biile contribuie la s\u0103n\u0103tatea p\u0103rului prin \u00eent\u0103rirea structurii sale, reduc\u00e2nd ruperea \u0219i v\u00e2rfurile despicate.<br \/>\n<strong>Hidrateaz\u0103:<\/strong> \u00eembun\u0103t\u0103\u021be\u0219te reten\u021bia umidit\u0103\u021bii \u00een blan\u0103, f\u0103c\u00e2nd-o mai moale \u0219i mai u\u0219or de periat.<br \/>\n<strong>Protejeaz\u0103:<\/strong> formeaz\u0103 o barier\u0103 protectoare \u00eempotriva agresiunilor externe, cum ar fi c\u0103ldura \u0219i poluarea.<span style=\"font-size: 16px;\"> <\/span><br \/>\n<strong>Neteze\u0219te:<\/strong> con\u021bine ingrediente active care ajut\u0103 la netezirea cuticulei p\u0103rului.<br \/>\nAdaug\u0103 str\u0103lucire<strong>:<\/strong> adaug\u0103 str\u0103lucire hainei.<\/p>\n<h2>Instruc\u021biuni de utilizare<\/h2>\n<p>Masca <strong>NETEZITOARE &amp; PROTECTOARE <\/strong> din gama PURE este un produs premium special conceput pentru c\u00e2inii de expozi\u021bie a c\u0103ror blan\u0103 necesit\u0103 o aten\u021bie deosebit\u0103. Neteze\u0219te \u0219i str\u0103luce\u0219te p\u0103rul, protej\u00e2ndu-l \u00een acela\u0219i timp de daunele externe.<\/p>\n<h2>Compozi\u021bie<\/h2>\n<p>&#8211;<\/p>\n<h2>Cod EAN<\/h2>\n<p>500 mililitri: 54 250 1685 656 7<\/p>\n<h2>Referin\u021b\u0103<\/h2>\n<p>500 mililitri: 5301340<\/p>\n","protected":false},"excerpt":{"rendered":"<p>Masca <strong>NETEZITOARE &amp; PROTECTOARE<\/strong> este \u00eembog\u0103\u021bit\u0103 cu proteine de m\u0103tase \u0219i soia, hidrateaz\u0103, repar\u0103 \u0219i \u00eent\u0103re\u0219te p\u0103rul, form\u00e2nd \u00een acela\u0219i timp un scut pentru a-l proteja de agresiunile externe. Blana este neted\u0103, lucioas\u0103 \u0219i m\u0103t\u0103soas\u0103.<\/p>\n<p><strong>Formulat f\u0103r\u0103 alcool, silicon sau coloran\u021bi.<\/strong><\/p>\n","protected":false},"featured_media":13420,"template":"","meta":{"site-sidebar-layout":"default","site-content-layout":"default","ast-site-content-layout":"default","site-content-style":"default","site-sidebar-style":"default","ast-global-header-display":"","ast-banner-title-visibility":"","ast-main-header-display":"","ast-hfb-above-header-display":"","ast-hfb-below-header-display":"","ast-hfb-mobile-header-display":"","site-post-title":"","ast-breadcrumbs-content":"","ast-featured-img":"","footer-sml-layout":"","ast-disable-related-posts":"","theme-transparent-header-meta":"default","adv-header-id-meta":"","stick-header-meta":"default","header-above-stick-meta":"","header-main-stick-meta":"","header-below-stick-meta":"","astra-migrate-meta-layouts":"default","ast-page-background-enabled":"default","ast-page-background-meta":{"desktop":{"background-color":"var(--ast-global-color-4)","background-image":"","background-repeat":"repeat","background-position":"center center","background-size":"auto","background-attachment":"scroll","background-type":"","background-media":"","overlay-type":"","overlay-color":"","overlay-opacity":"","overlay-gradient":""},"tablet":{"background-color":"","background-image":"","background-repeat":"repeat","background-position":"center center","background-size":"auto","background-attachment":"scroll","background-type":"","background-media":"","overlay-type":"","overlay-color":"","overlay-opacity":"","overlay-gradient":""},"mobile":{"background-color":"","background-image":"","background-repeat":"repeat","background-position":"center center","background-size":"auto","background-attachment":"scroll","background-type":"","background-media":"","overlay-type":"","overlay-color":"","overlay-opacity":"","overlay-gradient":""}},"ast-content-background-meta":{"desktop":{"background-color":"var(--ast-global-color-5)","background-image":"","background-repeat":"repeat","background-position":"center center","background-size":"auto","background-attachment":"scroll","background-type":"","background-media":"","overlay-type":"","overlay-color":"","overlay-opacity":"","overlay-gradient":""},"tablet":{"background-color":"var(--ast-global-color-5)","background-image":"","background-repeat":"repeat","background-position":"center center","background-size":"auto","background-attachment":"scroll","background-type":"","background-media":"","overlay-type":"","overlay-color":"","overlay-opacity":"","overlay-gradient":""},"mobile":{"background-color":"var(--ast-global-color-5)","background-image":"","background-repeat":"repeat","background-position":"center center","background-size":"auto","background-attachment":"scroll","background-type":"","background-media":"","overlay-type":"","overlay-color":"","overlay-opacity":"","overlay-gradient":""}}},"product_brand":[],"product_cat":[790],"product_tag":[],"class_list":{"0":"post-10398","1":"product","2":"type-product","3":"status-publish","4":"has-post-thumbnail","6":"product_cat-pure-ro","7":"pa_animal-caine","8":"pa_proprietes-de-protectie","9":"pa_proprietes-detangler-ro","10":"pa_proprietes-fortificarea","11":"pa_proprietes-hidratant","12":"pa_proprietes-netezire","13":"pa_proprietes-reparator","14":"pa_type-de-poils-par-lung","15":"desktop-align-left","16":"tablet-align-left","17":"mobile-align-left","18":"ast-product-gallery-layout-horizontal-slider","19":"ast-product-gallery-with-no-image","20":"ast-product-tabs-layout-horizontal","22":"first","23":"instock","24":"shipping-taxable","25":"product-type-simple"},"_links":{"self":[{"href":"https:\/\/www.laboratoire-diamex.com\/ro\/wp-json\/wp\/v2\/product\/10398","targetHints":{"allow":["GET"]}}],"collection":[{"href":"https:\/\/www.laboratoire-diamex.com\/ro\/wp-json\/wp\/v2\/product"}],"about":[{"href":"https:\/\/www.laboratoire-diamex.com\/ro\/wp-json\/wp\/v2\/types\/product"}],"version-history":[{"count":0,"href":"https:\/\/www.laboratoire-diamex.com\/ro\/wp-json\/wp\/v2\/product\/10398\/revisions"}],"wp:featuredmedia":[{"embeddable":true,"href":"https:\/\/www.laboratoire-diamex.com\/ro\/wp-json\/wp\/v2\/media\/13420"}],"wp:attachment":[{"href":"https:\/\/www.laboratoire-diamex.com\/ro\/wp-json\/wp\/v2\/media?parent=10398"}],"wp:term":[{"taxonomy":"product_brand","embeddable":true,"href":"https:\/\/www.laboratoire-diamex.com\/ro\/wp-json\/wp\/v2\/product_brand?post=10398"},{"taxonomy":"product_cat","embeddable":true,"href":"https:\/\/www.laboratoire-diamex.com\/ro\/wp-json\/wp\/v2\/product_cat?post=10398"},{"taxonomy":"product_tag","embeddable":true,"href":"https:\/\/www.laboratoire-diamex.com\/ro\/wp-json\/wp\/v2\/product_tag?post=10398"}],"curies":[{"name":"wp","href":"https:\/\/api.w.org\/{rel}","templated":true}]}}