{"id":10402,"date":"2023-07-11T13:00:53","date_gmt":"2023-07-11T11:00:53","guid":{"rendered":"https:\/\/www.laboratoire-diamex.com\/catalogue\/diamex-cleaner-salon-eucaliptus-pentru-curatarea-podelelor\/"},"modified":"2024-07-04T12:50:19","modified_gmt":"2024-07-04T10:50:19","slug":"diamex-cleaner-salon-eucaliptus-pentru-curatarea-podelelor","status":"publish","type":"product","link":"https:\/\/www.laboratoire-diamex.com\/ro\/catalog\/diamex-cleaner-salon-eucaliptus-pentru-curatarea-podelelor\/","title":{"rendered":"Cur\u0103\u021b\u0103tor de podele Diamex Cleaner Salon Eucaliptul"},"content":{"rendered":"<h2>Descriere<\/h2>\n<p>Produs de cur\u0103\u021bare pentru pardoseli \u0219i suprafe\u021be lavabile, \u00eemprosp\u0103teaz\u0103, deodorizeaz\u0103 \u0219i las\u0103 un parfum pl\u0103cut de eucalipt timp de c\u00e2teva ore \u00een spa\u021biile dumneavoastr\u0103. Garantat f\u0103r\u0103 produse nocive.<\/p>\n<h2>Ambalare<\/h2>\n<p>1 litru, 5 litri \u0219i 25 de litri.<\/p>\n<h2>Instruc\u021biuni de utilizare<\/h2>\n<p>Se toarn\u0103 produsul \u00een ap\u0103 c\u0103ldu\u021b\u0103 sau fierbinte \u0219i se cur\u0103\u021b\u0103 podeaua.<\/p>\n<h2>Dilu\u021bie<\/h2>\n<p>1 doz\u0103 de produs pentru 5 litri de ap\u0103.<\/p>\n<h2>Propriet\u0103\u021bi<\/h2>\n<p>&#8211;<\/p>\n<h2>Instruc\u021biuni de utilizare<\/h2>\n<p>&#8211;<\/p>\n<h2>Compozi\u021bie<\/h2>\n<p>Aqua lauret sulfat de sodiu, triisostearat de sorbitan peg-160, ulei din frunze de eucaliptus globulus, clorur\u0103 de benzalconiu.<\/p>\n<h2>Coduri EAN<\/h2>\n<ul>\n<li>1 litru : 54 250 1685 037 4<\/li>\n<li>5 litri: 54 250 1685 208 8<\/li>\n<li>25 litri: 54 250 1685 322 1<\/li>\n<\/ul>\n<h2>Referin\u021be<\/h2>\n<ul>\n<li>1 litru : 020150<\/li>\n<li>5 litri : 020151<\/li>\n<li>25 litri : 020152<\/li>\n<\/ul>\n","protected":false},"excerpt":{"rendered":"<p>Produs de cur\u0103\u021bare pentru pardoseli \u0219i suprafe\u021be lavabile, \u00eemprosp\u0103teaz\u0103, deodorizeaz\u0103 \u0219i las\u0103 un parfum pl\u0103cut de eucalipt timp de c\u00e2teva ore \u00een spa\u021biile dumneavoastr\u0103.<\/p>\n","protected":false},"featured_media":10414,"template":"","meta":{"site-sidebar-layout":"default","site-content-layout":"default","ast-site-content-layout":"default","site-content-style":"default","site-sidebar-style":"default","ast-global-header-display":"","ast-banner-title-visibility":"","ast-main-header-display":"","ast-hfb-above-header-display":"","ast-hfb-below-header-display":"","ast-hfb-mobile-header-display":"","site-post-title":"","ast-breadcrumbs-content":"","ast-featured-img":"","footer-sml-layout":"","ast-disable-related-posts":"","theme-transparent-header-meta":"default","adv-header-id-meta":"","stick-header-meta":"default","header-above-stick-meta":"","header-main-stick-meta":"","header-below-stick-meta":"","astra-migrate-meta-layouts":"default","ast-page-background-enabled":"default","ast-page-background-meta":{"desktop":{"background-color":"var(--ast-global-color-4)","background-image":"","background-repeat":"repeat","background-position":"center center","background-size":"auto","background-attachment":"scroll","background-type":"","background-media":"","overlay-type":"","overlay-color":"","overlay-opacity":"","overlay-gradient":""},"tablet":{"background-color":"","background-image":"","background-repeat":"repeat","background-position":"center center","background-size":"auto","background-attachment":"scroll","background-type":"","background-media":"","overlay-type":"","overlay-color":"","overlay-opacity":"","overlay-gradient":""},"mobile":{"background-color":"","background-image":"","background-repeat":"repeat","background-position":"center center","background-size":"auto","background-attachment":"scroll","background-type":"","background-media":"","overlay-type":"","overlay-color":"","overlay-opacity":"","overlay-gradient":""}},"ast-content-background-meta":{"desktop":{"background-color":"var(--ast-global-color-5)","background-image":"","background-repeat":"repeat","background-position":"center center","background-size":"auto","background-attachment":"scroll","background-type":"","background-media":"","overlay-type":"","overlay-color":"","overlay-opacity":"","overlay-gradient":""},"tablet":{"background-color":"var(--ast-global-color-5)","background-image":"","background-repeat":"repeat","background-position":"center center","background-size":"auto","background-attachment":"scroll","background-type":"","background-media":"","overlay-type":"","overlay-color":"","overlay-opacity":"","overlay-gradient":""},"mobile":{"background-color":"var(--ast-global-color-5)","background-image":"","background-repeat":"repeat","background-position":"center center","background-size":"auto","background-attachment":"scroll","background-type":"","background-media":"","overlay-type":"","overlay-color":"","overlay-opacity":"","overlay-gradient":""}}},"product_brand":[],"product_cat":[804],"product_tag":[],"class_list":{"0":"post-10402","1":"product","2":"type-product","3":"status-publish","4":"has-post-thumbnail","6":"product_cat-hygine-et-entretien-ro","7":"desktop-align-left","8":"tablet-align-left","9":"mobile-align-left","10":"ast-product-gallery-layout-horizontal-slider","11":"ast-product-gallery-with-no-image","12":"ast-product-tabs-layout-horizontal","14":"first","15":"instock","16":"shipping-taxable","17":"product-type-simple"},"_links":{"self":[{"href":"https:\/\/www.laboratoire-diamex.com\/ro\/wp-json\/wp\/v2\/product\/10402","targetHints":{"allow":["GET"]}}],"collection":[{"href":"https:\/\/www.laboratoire-diamex.com\/ro\/wp-json\/wp\/v2\/product"}],"about":[{"href":"https:\/\/www.laboratoire-diamex.com\/ro\/wp-json\/wp\/v2\/types\/product"}],"version-history":[{"count":0,"href":"https:\/\/www.laboratoire-diamex.com\/ro\/wp-json\/wp\/v2\/product\/10402\/revisions"}],"wp:featuredmedia":[{"embeddable":true,"href":"https:\/\/www.laboratoire-diamex.com\/ro\/wp-json\/wp\/v2\/media\/10414"}],"wp:attachment":[{"href":"https:\/\/www.laboratoire-diamex.com\/ro\/wp-json\/wp\/v2\/media?parent=10402"}],"wp:term":[{"taxonomy":"product_brand","embeddable":true,"href":"https:\/\/www.laboratoire-diamex.com\/ro\/wp-json\/wp\/v2\/product_brand?post=10402"},{"taxonomy":"product_cat","embeddable":true,"href":"https:\/\/www.laboratoire-diamex.com\/ro\/wp-json\/wp\/v2\/product_cat?post=10402"},{"taxonomy":"product_tag","embeddable":true,"href":"https:\/\/www.laboratoire-diamex.com\/ro\/wp-json\/wp\/v2\/product_tag?post=10402"}],"curies":[{"name":"wp","href":"https:\/\/api.w.org\/{rel}","templated":true}]}}