{"id":10443,"date":"2023-07-11T13:00:54","date_gmt":"2023-07-11T11:00:54","guid":{"rendered":"https:\/\/www.laboratoire-diamex.com\/catalogue\/diamex-pure-volumising-treatment-balm\/"},"modified":"2024-07-04T12:47:22","modified_gmt":"2024-07-04T10:47:22","slug":"diamex-pure-volumising-treatment-balm","status":"publish","type":"product","link":"https:\/\/www.laboratoire-diamex.com\/ro\/catalog\/diamex-pure-volumising-treatment-balm\/","title":{"rendered":"Masc\u0103 Diamex PURE Tratament de Volumizare"},"content":{"rendered":"<h2>Descriere<\/h2>\n<p>Masca <strong>TRATAMENT DE VOLUMIZARE<\/strong> este \u00eembog\u0103\u021bit\u0103 cu keratin\u0103 vegetal\u0103 (fitokeratin\u0103) \u0219i protein\u0103 B5 (pantenol) pentru a \u00eent\u0103ri, repara \u0219i ad\u0103uga volum p\u0103rului.<\/p>\n<p><strong>Keratina vegetal\u0103<\/strong>, bogat\u0103 \u00een aminoacizi, \u00eent\u0103re\u0219te fibra capilar\u0103, reduc\u00e2nd v\u00e2rfurile despicate. \u00cembun\u0103t\u0103\u021be\u0219te textura p\u0103rului, adaug\u0103 volum \u0219i str\u0103lucire \u0219i face perierea mai u\u0219oar\u0103. Keratina men\u021bine, de asemenea, hidratarea, elasticitatea \u0219i fermitatea pielii, f\u0103c\u00e2nd-o mai rezistent\u0103 la agresiunile externe.<\/p>\n<p><strong>Proteina B5 <\/strong> \u00eent\u0103re\u0219te fibra capilar\u0103, reduce ruperea, promoveaz\u0103 cre\u0219terea \u0219i \u00eenfrumuse\u021beaz\u0103 p\u0103rul de la r\u0103d\u0103cin\u0103 la v\u00e2rfuri. Hidrateaz\u0103 profund p\u0103rul, l\u0103s\u00e2ndu-l str\u0103lucitor \u0219i moale.<\/p>\n<p><strong>Formulat f\u0103r\u0103 alcool, silicon sau coloran\u021bi.<\/strong><\/p>\n<h2>Ambalare<\/h2>\n<p>500 mililitri.<\/p>\n<h2>Instruc\u021biuni de utilizare<\/h2>\n<p>Pe o hain\u0103 uscat\u0103: aplica\u021bi masca cu generozitate pe tot corpul, l\u0103sa\u021bi s\u0103 ac\u021bioneze timp de 20 de minute, cl\u0103ti\u021bi \u0219i apoi face\u021bi baie. Pe p\u0103rul umed: pe p\u0103rul sp\u0103lat \u0219i uscat cu prosopul, aplica\u021bi masca pe lungimi, \u00eentinz\u00e2nd produsul de la r\u0103d\u0103cini p\u00e2n\u0103 la v\u00e2rfuri, l\u0103sa\u021bi s\u0103 ac\u021bioneze c\u00e2teva minute, apoi cl\u0103ti\u021bi bine.<\/p>\n<h2>Dilu\u021bie<\/h2>\n<p>Poate fi folosit pur sau diluat.<\/p>\n<h2>Propriet\u0103\u021bi<\/h2>\n<p>Adaug\u0103 <strong>volum<\/strong>: umfl\u0103 fibra capilar\u0103 \u0219i \u00eembun\u0103t\u0103\u021be\u0219te textura p\u0103rului, conferindu-i un volum instantaneu.<br \/>\n<strong>Hidrateaz\u0103: <\/strong> hidrateaz\u0103 \u00een profunzime p\u0103rul f\u0103r\u0103 a-l \u00eenc\u0103rca, ceea ce este esen\u021bial pentru p\u0103strarea volumului.<br \/>\n<strong>\u00cent\u0103re\u0219te: <\/strong> umple golurile din fibra capilar\u0103, sporindu-i rezisten\u021ba \u0219i elasticitatea.<br \/>\n<strong>Adaug\u0103 str\u0103lucire:<\/strong> adaug\u0103 str\u0103lucire hainei.<\/p>\n<h2>Instruc\u021biuni de utilizare<\/h2>\n<p>Masca TRATAMENT DE VOLUMIZARE<strong><\/strong><strong> <\/strong>din gama PURE este un produs premium special conceput pentru c\u00e2inii de expozi\u021bie a c\u0103ror blan\u0103 necesit\u0103 o aten\u021bie deosebit\u0103. Adaug\u0103 volum bl\u0103nii \u0219i confer\u0103 o textur\u0103 u\u0219oar\u0103 care dureaz\u0103.<\/p>\n<h2>Compozi\u021bie<\/h2>\n<p>&#8211;<\/p>\n<h2>Cod EAN<\/h2>\n<p>500 mililitri: 54 250 1685 655 0<\/p>\n<h2>Referin\u021b\u0103<\/h2>\n<p>500 mililitri: 5301350<\/p>\n","protected":false},"excerpt":{"rendered":"<p>Masca <strong>TRATAMENT DE VOLUMIZARE<\/strong> este \u00eembog\u0103\u021bit\u0103 cu keratin\u0103 vegetal\u0103 (fitokeratin\u0103) \u0219i protein\u0103 B5 (pantenol) pentru a \u00eent\u0103ri, repara \u0219i ad\u0103uga volum p\u0103rului.<\/p>\n<p><strong>Formulat f\u0103r\u0103 alcool, silicon sau coloran\u021bi.<\/strong><\/p>\n","protected":false},"featured_media":13409,"template":"","meta":{"site-sidebar-layout":"default","site-content-layout":"default","ast-site-content-layout":"default","site-content-style":"default","site-sidebar-style":"default","ast-global-header-display":"","ast-banner-title-visibility":"","ast-main-header-display":"","ast-hfb-above-header-display":"","ast-hfb-below-header-display":"","ast-hfb-mobile-header-display":"","site-post-title":"","ast-breadcrumbs-content":"","ast-featured-img":"","footer-sml-layout":"","ast-disable-related-posts":"","theme-transparent-header-meta":"default","adv-header-id-meta":"","stick-header-meta":"default","header-above-stick-meta":"","header-main-stick-meta":"","header-below-stick-meta":"","astra-migrate-meta-layouts":"default","ast-page-background-enabled":"default","ast-page-background-meta":{"desktop":{"background-color":"var(--ast-global-color-4)","background-image":"","background-repeat":"repeat","background-position":"center center","background-size":"auto","background-attachment":"scroll","background-type":"","background-media":"","overlay-type":"","overlay-color":"","overlay-opacity":"","overlay-gradient":""},"tablet":{"background-color":"","background-image":"","background-repeat":"repeat","background-position":"center center","background-size":"auto","background-attachment":"scroll","background-type":"","background-media":"","overlay-type":"","overlay-color":"","overlay-opacity":"","overlay-gradient":""},"mobile":{"background-color":"","background-image":"","background-repeat":"repeat","background-position":"center center","background-size":"auto","background-attachment":"scroll","background-type":"","background-media":"","overlay-type":"","overlay-color":"","overlay-opacity":"","overlay-gradient":""}},"ast-content-background-meta":{"desktop":{"background-color":"var(--ast-global-color-5)","background-image":"","background-repeat":"repeat","background-position":"center center","background-size":"auto","background-attachment":"scroll","background-type":"","background-media":"","overlay-type":"","overlay-color":"","overlay-opacity":"","overlay-gradient":""},"tablet":{"background-color":"var(--ast-global-color-5)","background-image":"","background-repeat":"repeat","background-position":"center center","background-size":"auto","background-attachment":"scroll","background-type":"","background-media":"","overlay-type":"","overlay-color":"","overlay-opacity":"","overlay-gradient":""},"mobile":{"background-color":"var(--ast-global-color-5)","background-image":"","background-repeat":"repeat","background-position":"center center","background-size":"auto","background-attachment":"scroll","background-type":"","background-media":"","overlay-type":"","overlay-color":"","overlay-opacity":"","overlay-gradient":""}}},"product_brand":[],"product_cat":[790],"product_tag":[],"class_list":{"0":"post-10443","1":"product","2":"type-product","3":"status-publish","4":"has-post-thumbnail","6":"product_cat-pure-ro","7":"pa_animal-caine","8":"pa_proprietes-fortificarea","9":"pa_proprietes-regenerare","10":"pa_proprietes-reparator","11":"pa_proprietes-volumizarea","12":"pa_type-de-poils-par-lung","13":"desktop-align-left","14":"tablet-align-left","15":"mobile-align-left","16":"ast-product-gallery-layout-horizontal-slider","17":"ast-product-gallery-with-no-image","18":"ast-product-tabs-layout-horizontal","20":"first","21":"instock","22":"shipping-taxable","23":"product-type-simple"},"_links":{"self":[{"href":"https:\/\/www.laboratoire-diamex.com\/ro\/wp-json\/wp\/v2\/product\/10443","targetHints":{"allow":["GET"]}}],"collection":[{"href":"https:\/\/www.laboratoire-diamex.com\/ro\/wp-json\/wp\/v2\/product"}],"about":[{"href":"https:\/\/www.laboratoire-diamex.com\/ro\/wp-json\/wp\/v2\/types\/product"}],"version-history":[{"count":0,"href":"https:\/\/www.laboratoire-diamex.com\/ro\/wp-json\/wp\/v2\/product\/10443\/revisions"}],"wp:featuredmedia":[{"embeddable":true,"href":"https:\/\/www.laboratoire-diamex.com\/ro\/wp-json\/wp\/v2\/media\/13409"}],"wp:attachment":[{"href":"https:\/\/www.laboratoire-diamex.com\/ro\/wp-json\/wp\/v2\/media?parent=10443"}],"wp:term":[{"taxonomy":"product_brand","embeddable":true,"href":"https:\/\/www.laboratoire-diamex.com\/ro\/wp-json\/wp\/v2\/product_brand?post=10443"},{"taxonomy":"product_cat","embeddable":true,"href":"https:\/\/www.laboratoire-diamex.com\/ro\/wp-json\/wp\/v2\/product_cat?post=10443"},{"taxonomy":"product_tag","embeddable":true,"href":"https:\/\/www.laboratoire-diamex.com\/ro\/wp-json\/wp\/v2\/product_tag?post=10443"}],"curies":[{"name":"wp","href":"https:\/\/api.w.org\/{rel}","templated":true}]}}