{"id":10512,"date":"2023-07-11T13:00:53","date_gmt":"2023-07-11T11:00:53","guid":{"rendered":"https:\/\/www.laboratoire-diamex.com\/catalogue\/sampon-diamex-clean-pentru-fata-si-corp\/"},"modified":"2024-07-04T12:49:33","modified_gmt":"2024-07-04T10:49:33","slug":"sampon-diamex-clean-pentru-fata-si-corp","status":"publish","type":"product","link":"https:\/\/www.laboratoire-diamex.com\/ro\/catalog\/sampon-diamex-clean-pentru-fata-si-corp\/","title":{"rendered":"\u0218ampon vegetal Diamex Clean Face &amp; Body"},"content":{"rendered":"<h2>Descriere<\/h2>\n<p>\u0218amponul Clean Face &amp; Body este un \u0219ampon pe baz\u0103 de plante 100% conceput special pentru cur\u0103\u021barea temeinic\u0103 a fe\u021bei. Nu \u00een\u021beap\u0103 ochii \u0219i nu irit\u0103 pielea.<\/p>\n<p>Garantat f\u0103r\u0103 parabeni, f\u0103r\u0103 coloran\u021bi, f\u0103r\u0103 parfum \u0219i f\u0103r\u0103 sulfa\u021bi.<\/p>\n<p>Acest produs a fost dezvoltat pe baza unei certific\u0103ri ecologice recunoscute de urm\u0103toarele organiza\u021bii: Cosmos, Ecocent, Natural Product Association \u0219i aprobat de TSCA (Toxic Substances Control Act).<\/p>\n<h2>Ambalare<\/h2>\n<p>500 mililitri, 5 litri \u0219i 10 litri.<\/p>\n<h2>Instruc\u021biuni de utilizare<\/h2>\n<p>Se ud\u0103 bine \u0219i se maseaz\u0103 \u0219amponul pe toat\u0103 blana, apoi se cl\u0103te\u0219te bine. Nu \u00een\u021beap\u0103 \u0219i nu irit\u0103 ochii.<\/p>\n<h2>Dilu\u021bie<\/h2>\n<p>&#8211;<\/p>\n<h2>Propriet\u0103\u021bi<\/h2>\n<p>&#8211;<\/p>\n<h2>Instruc\u021biuni de utilizare<\/h2>\n<p>&#8211;<\/p>\n<h2>Compozi\u021bie<\/h2>\n<p>Aqua, lauril glucoza carboxilat de sodiu (\u0219i) lauril glucozid\u0103, glicerin\u0103, peg-4 rapeseedamid\u0103, acid citric, benzoat de sodiu.<\/p>\n<h2>Coduri EAN<\/h2>\n<ul>\n<li>500 mililitri: 54 250 1685 471 6<\/li>\n<li>5 litri: 54 250 1685 461 7<\/li>\n<li>10 litri: 54 250 1685 462 4<\/li>\n<\/ul>\n<h2>Referin\u021be<\/h2>\n<ul>\n<li>500 mililitri: 020282<\/li>\n<li>5 litri : 020277<\/li>\n<li>10 litri : 020278<\/li>\n<\/ul>\n","protected":false},"excerpt":{"rendered":"<p>\u0218amponul Clean Face &amp; Body este un \u0219ampon pe baz\u0103 de plante 100% conceput special pentru cur\u0103\u021barea temeinic\u0103 a fe\u021bei.<\/p>\n","protected":false},"featured_media":10526,"template":"","meta":{"site-sidebar-layout":"default","site-content-layout":"default","ast-site-content-layout":"default","site-content-style":"default","site-sidebar-style":"default","ast-global-header-display":"","ast-banner-title-visibility":"","ast-main-header-display":"","ast-hfb-above-header-display":"","ast-hfb-below-header-display":"","ast-hfb-mobile-header-display":"","site-post-title":"","ast-breadcrumbs-content":"","ast-featured-img":"","footer-sml-layout":"","ast-disable-related-posts":"","theme-transparent-header-meta":"default","adv-header-id-meta":"","stick-header-meta":"default","header-above-stick-meta":"","header-main-stick-meta":"","header-below-stick-meta":"","astra-migrate-meta-layouts":"default","ast-page-background-enabled":"default","ast-page-background-meta":{"desktop":{"background-color":"var(--ast-global-color-4)","background-image":"","background-repeat":"repeat","background-position":"center center","background-size":"auto","background-attachment":"scroll","background-type":"","background-media":"","overlay-type":"","overlay-color":"","overlay-opacity":"","overlay-gradient":""},"tablet":{"background-color":"","background-image":"","background-repeat":"repeat","background-position":"center center","background-size":"auto","background-attachment":"scroll","background-type":"","background-media":"","overlay-type":"","overlay-color":"","overlay-opacity":"","overlay-gradient":""},"mobile":{"background-color":"","background-image":"","background-repeat":"repeat","background-position":"center center","background-size":"auto","background-attachment":"scroll","background-type":"","background-media":"","overlay-type":"","overlay-color":"","overlay-opacity":"","overlay-gradient":""}},"ast-content-background-meta":{"desktop":{"background-color":"var(--ast-global-color-5)","background-image":"","background-repeat":"repeat","background-position":"center center","background-size":"auto","background-attachment":"scroll","background-type":"","background-media":"","overlay-type":"","overlay-color":"","overlay-opacity":"","overlay-gradient":""},"tablet":{"background-color":"var(--ast-global-color-5)","background-image":"","background-repeat":"repeat","background-position":"center center","background-size":"auto","background-attachment":"scroll","background-type":"","background-media":"","overlay-type":"","overlay-color":"","overlay-opacity":"","overlay-gradient":""},"mobile":{"background-color":"var(--ast-global-color-5)","background-image":"","background-repeat":"repeat","background-position":"center center","background-size":"auto","background-attachment":"scroll","background-type":"","background-media":"","overlay-type":"","overlay-color":"","overlay-opacity":"","overlay-gradient":""}}},"product_brand":[],"product_cat":[827],"product_tag":[],"class_list":{"0":"post-10512","1":"product","2":"type-product","3":"status-publish","4":"has-post-thumbnail","6":"product_cat-vegetale-ro","7":"pa_animal-caine","8":"pa_proprietes-curatator","9":"pa_specificites-plante","10":"pa_type-de-poils-par-lung","11":"pa_type-de-poils-par-scurt","12":"pa_type-de-poils-toate-tipurile","13":"desktop-align-left","14":"tablet-align-left","15":"mobile-align-left","16":"ast-product-gallery-layout-horizontal-slider","17":"ast-product-tabs-layout-horizontal","19":"first","20":"instock","21":"shipping-taxable","22":"product-type-simple"},"_links":{"self":[{"href":"https:\/\/www.laboratoire-diamex.com\/ro\/wp-json\/wp\/v2\/product\/10512","targetHints":{"allow":["GET"]}}],"collection":[{"href":"https:\/\/www.laboratoire-diamex.com\/ro\/wp-json\/wp\/v2\/product"}],"about":[{"href":"https:\/\/www.laboratoire-diamex.com\/ro\/wp-json\/wp\/v2\/types\/product"}],"version-history":[{"count":0,"href":"https:\/\/www.laboratoire-diamex.com\/ro\/wp-json\/wp\/v2\/product\/10512\/revisions"}],"wp:featuredmedia":[{"embeddable":true,"href":"https:\/\/www.laboratoire-diamex.com\/ro\/wp-json\/wp\/v2\/media\/10526"}],"wp:attachment":[{"href":"https:\/\/www.laboratoire-diamex.com\/ro\/wp-json\/wp\/v2\/media?parent=10512"}],"wp:term":[{"taxonomy":"product_brand","embeddable":true,"href":"https:\/\/www.laboratoire-diamex.com\/ro\/wp-json\/wp\/v2\/product_brand?post=10512"},{"taxonomy":"product_cat","embeddable":true,"href":"https:\/\/www.laboratoire-diamex.com\/ro\/wp-json\/wp\/v2\/product_cat?post=10512"},{"taxonomy":"product_tag","embeddable":true,"href":"https:\/\/www.laboratoire-diamex.com\/ro\/wp-json\/wp\/v2\/product_tag?post=10512"}],"curies":[{"name":"wp","href":"https:\/\/api.w.org\/{rel}","templated":true}]}}