{"id":10636,"date":"2023-07-11T13:00:34","date_gmt":"2023-07-11T11:00:34","guid":{"rendered":"https:\/\/www.laboratoire-diamex.com\/catalogue\/sampon-diamex-cuberdon\/"},"modified":"2024-07-04T13:03:06","modified_gmt":"2024-07-04T11:03:06","slug":"sampon-diamex-cuberdon","status":"publish","type":"product","link":"https:\/\/www.laboratoire-diamex.com\/ro\/catalog\/sampon-diamex-cuberdon\/","title":{"rendered":"\u0218ampon Diamex Cuberdon"},"content":{"rendered":"<h2>Descriere<\/h2>\n<p>\u0218ampon delicat cu un parfum delicios de cofet\u0103rie. Pentru toate tipurile de p\u0103r.<\/p>\n<h2>Ambalare<\/h2>\n<p>200 de mililitri, 1 litru, 5 litri \u0219i 25 de litri.<\/p>\n<h2>Instruc\u021biuni de utilizare<\/h2>\n<p>Se ud\u0103 bine \u0219i se maseaz\u0103 \u0219amponul pe toat\u0103 blana, apoi se cl\u0103te\u0219te bine. Evita\u021bi contactul cu ochii.<\/p>\n<h2>Dilu\u021bie<\/h2>\n<p>125 mililitri de \u0219ampon pentru 1 litru de ap\u0103.<\/p>\n<h2>Propriet\u0103\u021bi<\/h2>\n<p>&#8211;<\/p>\n<h2>Instruc\u021biuni de utilizare<\/h2>\n<p>&#8211;<\/p>\n<h2>Compozi\u021bie<\/h2>\n<p>Aqua, lauret sulfat de sodiu, clorur\u0103 de sodiu, sulfat de lauril ceai, glicerin\u0103, cocamid\u0103 dea \u0219i glicerol, parfum, acid citric, benzoat de sodiu, sorbat de potasiu, colorant.<\/p>\n<h2>Coduri EAN<\/h2>\n<ul>\n<li>200 mililitri: 54 250 1685 191 191 3<\/li>\n<li>1 litru: 54 250 1685 220 220 0<\/li>\n<li>5 litri: 54 250 1685 221 221 7<\/li>\n<li>25 litri :<\/li>\n<\/ul>\n<h2>Referin\u021be<\/h2>\n<ul>\n<li>200 mililitri : 020189<\/li>\n<li>1 litru : 020190<\/li>\n<li>5 litri : 020191<\/li>\n<li>25 litri : 020192<\/li>\n<\/ul>\n","protected":false},"excerpt":{"rendered":"<p>\u0218ampon delicat cu un parfum delicios de cofet\u0103rie. Pentru toate tipurile de p\u0103r.<\/p>\n","protected":false},"featured_media":10647,"template":"","meta":{"site-sidebar-layout":"default","site-content-layout":"default","ast-site-content-layout":"default","site-content-style":"default","site-sidebar-style":"default","ast-global-header-display":"","ast-banner-title-visibility":"","ast-main-header-display":"","ast-hfb-above-header-display":"","ast-hfb-below-header-display":"","ast-hfb-mobile-header-display":"","site-post-title":"","ast-breadcrumbs-content":"","ast-featured-img":"","footer-sml-layout":"","ast-disable-related-posts":"","theme-transparent-header-meta":"default","adv-header-id-meta":"","stick-header-meta":"default","header-above-stick-meta":"","header-main-stick-meta":"","header-below-stick-meta":"","astra-migrate-meta-layouts":"default","ast-page-background-enabled":"default","ast-page-background-meta":{"desktop":{"background-color":"var(--ast-global-color-4)","background-image":"","background-repeat":"repeat","background-position":"center center","background-size":"auto","background-attachment":"scroll","background-type":"","background-media":"","overlay-type":"","overlay-color":"","overlay-opacity":"","overlay-gradient":""},"tablet":{"background-color":"","background-image":"","background-repeat":"repeat","background-position":"center center","background-size":"auto","background-attachment":"scroll","background-type":"","background-media":"","overlay-type":"","overlay-color":"","overlay-opacity":"","overlay-gradient":""},"mobile":{"background-color":"","background-image":"","background-repeat":"repeat","background-position":"center center","background-size":"auto","background-attachment":"scroll","background-type":"","background-media":"","overlay-type":"","overlay-color":"","overlay-opacity":"","overlay-gradient":""}},"ast-content-background-meta":{"desktop":{"background-color":"var(--ast-global-color-5)","background-image":"","background-repeat":"repeat","background-position":"center center","background-size":"auto","background-attachment":"scroll","background-type":"","background-media":"","overlay-type":"","overlay-color":"","overlay-opacity":"","overlay-gradient":""},"tablet":{"background-color":"var(--ast-global-color-5)","background-image":"","background-repeat":"repeat","background-position":"center center","background-size":"auto","background-attachment":"scroll","background-type":"","background-media":"","overlay-type":"","overlay-color":"","overlay-opacity":"","overlay-gradient":""},"mobile":{"background-color":"var(--ast-global-color-5)","background-image":"","background-repeat":"repeat","background-position":"center center","background-size":"auto","background-attachment":"scroll","background-type":"","background-media":"","overlay-type":"","overlay-color":"","overlay-opacity":"","overlay-gradient":""}}},"product_brand":[],"product_cat":[757],"product_tag":[],"class_list":{"0":"post-10636","1":"product","2":"type-product","3":"status-publish","4":"has-post-thumbnail","6":"product_cat-gourmande-ro","7":"pa_animal-caine","8":"pa_proprietes-curatator","9":"pa_type-de-poils-par-lung","10":"pa_type-de-poils-par-scurt","11":"pa_type-de-poils-toate-tipurile","12":"desktop-align-left","13":"tablet-align-left","14":"mobile-align-left","15":"ast-product-gallery-layout-horizontal-slider","16":"ast-product-gallery-with-no-image","17":"ast-product-tabs-layout-horizontal","19":"first","20":"instock","21":"shipping-taxable","22":"product-type-simple"},"_links":{"self":[{"href":"https:\/\/www.laboratoire-diamex.com\/ro\/wp-json\/wp\/v2\/product\/10636","targetHints":{"allow":["GET"]}}],"collection":[{"href":"https:\/\/www.laboratoire-diamex.com\/ro\/wp-json\/wp\/v2\/product"}],"about":[{"href":"https:\/\/www.laboratoire-diamex.com\/ro\/wp-json\/wp\/v2\/types\/product"}],"version-history":[{"count":0,"href":"https:\/\/www.laboratoire-diamex.com\/ro\/wp-json\/wp\/v2\/product\/10636\/revisions"}],"wp:featuredmedia":[{"embeddable":true,"href":"https:\/\/www.laboratoire-diamex.com\/ro\/wp-json\/wp\/v2\/media\/10647"}],"wp:attachment":[{"href":"https:\/\/www.laboratoire-diamex.com\/ro\/wp-json\/wp\/v2\/media?parent=10636"}],"wp:term":[{"taxonomy":"product_brand","embeddable":true,"href":"https:\/\/www.laboratoire-diamex.com\/ro\/wp-json\/wp\/v2\/product_brand?post=10636"},{"taxonomy":"product_cat","embeddable":true,"href":"https:\/\/www.laboratoire-diamex.com\/ro\/wp-json\/wp\/v2\/product_cat?post=10636"},{"taxonomy":"product_tag","embeddable":true,"href":"https:\/\/www.laboratoire-diamex.com\/ro\/wp-json\/wp\/v2\/product_tag?post=10636"}],"curies":[{"name":"wp","href":"https:\/\/api.w.org\/{rel}","templated":true}]}}