{"id":10638,"date":"2023-07-11T13:00:26","date_gmt":"2023-07-11T11:00:26","guid":{"rendered":"https:\/\/www.laboratoire-diamex.com\/catalogue\/sampon-de-gudron-diamex\/"},"modified":"2024-07-04T13:50:18","modified_gmt":"2024-07-04T11:50:18","slug":"sampon-de-gudron-diamex","status":"publish","type":"product","link":"https:\/\/www.laboratoire-diamex.com\/ro\/catalog\/sampon-de-gudron-diamex\/","title":{"rendered":"\u0218ampon Diamex Gudron"},"content":{"rendered":"<h2>Descriere<\/h2>\n<p>\u0218ampon anti-m\u0103trea\u021b\u0103 cu gudron de Norvegia. Poate fi folosit \u0219i la bl\u0103nurile cu parazi\u021bi.<\/p>\n<h2>Ambalare<\/h2>\n<p>250 de mililitri, 1 litru, 5 litri \u0219i 25 de litri.<\/p>\n<h2>Instruc\u021biuni de utilizare<\/h2>\n<p>Umezi\u021bi bine \u0219i aplica\u021bi \u0219amponul pe toat\u0103 blana, mas\u00e2nd u\u0219or. L\u0103sa\u021bi s\u0103 ac\u021bioneze timp de 2-3 minute, apoi cl\u0103ti\u021bi bine. Evita\u021bi contactul cu ochii.<\/p>\n<h2>Dilu\u021bie<\/h2>\n<p>125 mililitri de \u0219ampon pentru 1 litru de ap\u0103.<\/p>\n<h2>Propriet\u0103\u021bi<\/h2>\n<p>&#8211;<\/p>\n<h2>Instruc\u021biuni de utilizare<\/h2>\n<p>&#8211;<\/p>\n<h2>Compozi\u021bie<\/h2>\n<p>Aqua, lauret sulfat de sodiu, cocamid\u0103 dea \u0219i glicerol, clorur\u0103 de sodiu, sulfat de ceai-lauril, cocamidopropil betain\u0103, glicerin\u0103, acid salicilic, extract de lemn de juniperus oxycedrus.<\/p>\n<h2>Coduri EAN<\/h2>\n<ul>\n<li>250 mililitri: 54 250 1685 014 5<\/li>\n<li>1 litru: 54 250 1685 228 228 6<\/li>\n<li>5 litri: 54 250 1685 229 229 3<\/li>\n<li>25 litri: 54 250 1685 333 333 7<\/li>\n<\/ul>\n<h2>Referin\u021be<\/h2>\n<ul>\n<li>250 mililitri : 020112<\/li>\n<li>1 litru : 020113<\/li>\n<li>5 litri : 020114<\/li>\n<li>25 litri : 020115<\/li>\n<\/ul>\n","protected":false},"excerpt":{"rendered":"<p>\u0218ampon anti-m\u0103trea\u021b\u0103 cu gudron de Norvegia.<\/p>\n","protected":false},"featured_media":10648,"template":"","meta":{"site-sidebar-layout":"default","site-content-layout":"default","ast-site-content-layout":"default","site-content-style":"default","site-sidebar-style":"default","ast-global-header-display":"","ast-banner-title-visibility":"","ast-main-header-display":"","ast-hfb-above-header-display":"","ast-hfb-below-header-display":"","ast-hfb-mobile-header-display":"","site-post-title":"","ast-breadcrumbs-content":"","ast-featured-img":"","footer-sml-layout":"","ast-disable-related-posts":"","theme-transparent-header-meta":"default","adv-header-id-meta":"","stick-header-meta":"default","header-above-stick-meta":"","header-main-stick-meta":"","header-below-stick-meta":"","astra-migrate-meta-layouts":"default","ast-page-background-enabled":"default","ast-page-background-meta":{"desktop":{"background-color":"var(--ast-global-color-4)","background-image":"","background-repeat":"repeat","background-position":"center center","background-size":"auto","background-attachment":"scroll","background-type":"","background-media":"","overlay-type":"","overlay-color":"","overlay-opacity":"","overlay-gradient":""},"tablet":{"background-color":"","background-image":"","background-repeat":"repeat","background-position":"center center","background-size":"auto","background-attachment":"scroll","background-type":"","background-media":"","overlay-type":"","overlay-color":"","overlay-opacity":"","overlay-gradient":""},"mobile":{"background-color":"","background-image":"","background-repeat":"repeat","background-position":"center center","background-size":"auto","background-attachment":"scroll","background-type":"","background-media":"","overlay-type":"","overlay-color":"","overlay-opacity":"","overlay-gradient":""}},"ast-content-background-meta":{"desktop":{"background-color":"var(--ast-global-color-5)","background-image":"","background-repeat":"repeat","background-position":"center center","background-size":"auto","background-attachment":"scroll","background-type":"","background-media":"","overlay-type":"","overlay-color":"","overlay-opacity":"","overlay-gradient":""},"tablet":{"background-color":"var(--ast-global-color-5)","background-image":"","background-repeat":"repeat","background-position":"center center","background-size":"auto","background-attachment":"scroll","background-type":"","background-media":"","overlay-type":"","overlay-color":"","overlay-opacity":"","overlay-gradient":""},"mobile":{"background-color":"var(--ast-global-color-5)","background-image":"","background-repeat":"repeat","background-position":"center center","background-size":"auto","background-attachment":"scroll","background-type":"","background-media":"","overlay-type":"","overlay-color":"","overlay-opacity":"","overlay-gradient":""}}},"product_brand":[],"product_cat":[749],"product_tag":[],"class_list":{"0":"post-10638","1":"product","2":"type-product","3":"status-publish","4":"has-post-thumbnail","6":"product_cat-classique-ro","7":"pa_animal-caine","8":"pa_proprietes-contra-matretii","9":"pa_proprietes-degresant","10":"pa_type-de-poils-par-lung","11":"pa_type-de-poils-par-scurt","12":"pa_type-de-poils-toate-tipurile","13":"desktop-align-left","14":"tablet-align-left","15":"mobile-align-left","16":"ast-product-gallery-layout-horizontal-slider","17":"ast-product-gallery-with-no-image","18":"ast-product-tabs-layout-horizontal","20":"first","21":"instock","22":"shipping-taxable","23":"product-type-simple"},"_links":{"self":[{"href":"https:\/\/www.laboratoire-diamex.com\/ro\/wp-json\/wp\/v2\/product\/10638","targetHints":{"allow":["GET"]}}],"collection":[{"href":"https:\/\/www.laboratoire-diamex.com\/ro\/wp-json\/wp\/v2\/product"}],"about":[{"href":"https:\/\/www.laboratoire-diamex.com\/ro\/wp-json\/wp\/v2\/types\/product"}],"version-history":[{"count":0,"href":"https:\/\/www.laboratoire-diamex.com\/ro\/wp-json\/wp\/v2\/product\/10638\/revisions"}],"wp:featuredmedia":[{"embeddable":true,"href":"https:\/\/www.laboratoire-diamex.com\/ro\/wp-json\/wp\/v2\/media\/10648"}],"wp:attachment":[{"href":"https:\/\/www.laboratoire-diamex.com\/ro\/wp-json\/wp\/v2\/media?parent=10638"}],"wp:term":[{"taxonomy":"product_brand","embeddable":true,"href":"https:\/\/www.laboratoire-diamex.com\/ro\/wp-json\/wp\/v2\/product_brand?post=10638"},{"taxonomy":"product_cat","embeddable":true,"href":"https:\/\/www.laboratoire-diamex.com\/ro\/wp-json\/wp\/v2\/product_cat?post=10638"},{"taxonomy":"product_tag","embeddable":true,"href":"https:\/\/www.laboratoire-diamex.com\/ro\/wp-json\/wp\/v2\/product_tag?post=10638"}],"curies":[{"name":"wp","href":"https:\/\/api.w.org\/{rel}","templated":true}]}}